{"id":1000,"date":"2012-04-11T16:39:07","date_gmt":"2012-04-11T16:39:07","guid":{"rendered":"http:\/\/www.decomat.com\/?page_id=1000"},"modified":"2014-07-01T20:36:31","modified_gmt":"2014-07-01T18:36:31","slug":"cortina-toldo","status":"publish","type":"page","link":"https:\/\/decomat.com\/ca\/materiales\/cortina-toldo\/","title":{"rendered":"Cortina \/ tendal"},"content":{"rendered":"<p><\/p>\n<h1>Cortina \/ tendal<\/h1>\n<p>Tant la\u00a0<strong>cortina<\/strong>\u00a0com el <strong>tendal<\/strong>\u00a0son unes peces m\u00f2vils, normalment de tela (poliester, lli, cot\u00f2, screen,&#8230;) i d&#8217;altres materials en el cas de les cortines (fusta, fibres naturals, pvc, al.lumini, etc). Cortina Tendal.<\/p>\n<p>Aquests <strong>tendals<\/strong> i<strong> cortines<\/strong> s&#8217;utilitzen per cobrir tancaments (portes i finestres) o en el cas dels tendals tamb\u00e9 per cobrir superf\u00edcies que no s\u00f3n tancaments i protegir-les dels rajos solars com tamb\u00e9 ho fan les cortines.<\/p>\n<p>Les cortines es poden classificar per diferents criteris (mecanisme de la cortina, situaci\u00f3 de la cortina, funci\u00f3 de la cortina, marca del fabricant).<\/p>\n<p>Les cortines <strong>Velux<\/strong>, cortines <strong>Bandalux<\/strong>, cortines <strong>Mottura<\/strong>, cortines <strong>Louverdrape<\/strong>, cortines <strong>Hunter Douglas, <\/strong>cortines<strong> Gradulux<\/strong>, cortines<strong> Cortinova<\/strong>, cortines <strong>Krismar<\/strong>, <strong>Acudam, Dyrco, Flexol, Vislumbra<\/strong>\u00a0fan refer\u00e8ncia a diversos fabricants de cortina t\u00e8cnica.<\/p>\n<h2><\/h2>\n<h2>Tipus de cortines:<\/h2>\n<p>Les cortines les podem classificar en funci\u00f3 de diferents criteris:<\/p>\n<h3 style=\"padding-left: 30px;\">Cortines segons el seu mecanisme fagi moure la tela de la cortina:<\/h3>\n<p style=\"padding-left: 60px;\"><a href=\"https:\/\/www.decomat.com\/materiales\/cortina-toldo\/tipos-de-cortinas\/cortinas-segun-mecanismo\/cortina-enrrotllable\/\">Cortina enrrotllable<\/a><br \/>\n<a href=\"https:\/\/www.decomat.com\/materiales\/cortina-toldo\/tipos-de-cortinas\/cortinas-segun-mecanismo\/cortina-plisada\/\">Cortina plisada<\/a><br \/>\n<a href=\"https:\/\/www.decomat.com\/materiales\/cortina-toldo\/tipos-de-cortinas\/cortinas-segun-mecanismo\/cortina-estor\/\">Cortina estor<\/a><br \/>\n<a href=\"https:\/\/www.decomat.com\/materiales\/cortina-toldo\/tipos-de-cortinas\/cortinas-segun-mecanismo\/cortinas-de-lamas-verticales\/\">Cortina de lames verticals<\/a><br \/>\n<a href=\"https:\/\/www.decomat.com\/materiales\/cortina-toldo\/tipos-de-cortinas\/cortinas-segun-mecanismo\/cortina-panel-japones\/\">Cortina panell japon\u00e8s<\/a><br \/>\n<a href=\"https:\/\/www.decomat.com\/materiales\/cortina-toldo\/tipos-de-cortinas\/cortinas-segun-mecanismo\/cortina-veneciana\/\">Cortina veneciana<\/a><\/p>\n<h3 style=\"padding-left: 30px;\">Cortines segons la situaci\u00f3 de la cortina:<\/h3>\n<p style=\"padding-left: 60px;\"><a href=\"https:\/\/www.decomat.com\/materiales\/cortina-toldo\/tipos-de-cortinas\/segun-situacion\/cortinas-de-interior\/\">Cortina d&#8217;interior<\/a><br \/>\n<a href=\"https:\/\/www.decomat.com\/materiales\/cortina-toldo\/tipos-de-cortinas\/segun-situacion\/cortinas-de-exterior\/\">Cortina d&#8217;exterior<\/a><\/p>\n<h3 style=\"padding-left: 30px;\">Cortines segons la funci\u00f3 de la cortina:<\/h3>\n<p style=\"padding-left: 60px;\"><a href=\"https:\/\/www.decomat.com\/materiales\/cortina-toldo\/tipos-de-cortinas\/cortinas-segun-mecanismo\/mosquitera\/\">Mosquitera<\/a><br \/>\n<a href=\"https:\/\/www.decomat.com\/materiales\/cortina-toldo\/tipos-de-cortinas\/cortinas-segun-funcion\/controlar-la-luz\/\">Contolar la llum<\/a><br \/>\nDecorar<\/p>\n<p style=\"padding-left: 30px;\">\n<p><\/p>","protected":false},"excerpt":{"rendered":"<p>Cortina \/ tendal Tant la\u00a0cortina\u00a0com el tendal\u00a0son unes peces m\u00f2vils, normalment de tela (poliester, lli, cot\u00f2, screen,&#8230;) i d&#8217;altres materials en el cas de les cortines (fusta, fibres naturals, pvc, al.lumini, etc). Cortina Tendal. Aquests tendals i cortines s&#8217;utilitzen per cobrir tancaments (portes i finestres) o en el cas dels tendals tamb\u00e9 per cobrir superf\u00edcies [&hellip;]<\/p>\n","protected":false},"author":8979,"featured_media":0,"parent":709,"menu_order":19,"comment_status":"open","ping_status":"closed","template":"","meta":{"_monsterinsights_skip_tracking":false,"_monsterinsights_sitenote_active":false,"_monsterinsights_sitenote_note":"","_monsterinsights_sitenote_category":0,"ngg_post_thumbnail":0,"footnotes":""},"class_list":["post-1000","page","type-page","status-publish","hentry"],"yoast_head":"<!-- This site is optimized with the Yoast SEO plugin v27.3 - https:\/\/yoast.com\/product\/yoast-seo-wordpress\/ -->\n<title>Cortina \/ tendal - decomat<\/title>\n<meta name=\"robots\" content=\"index, follow, max-snippet:-1, max-image-preview:large, max-video-preview:-1\" \/>\n<link rel=\"canonical\" href=\"https:\/\/decomat.com\/es\/materiales\/cortina-toldo\/\" \/>\n<meta property=\"og:locale\" content=\"ca_ES\" \/>\n<meta property=\"og:type\" content=\"article\" \/>\n<meta property=\"og:title\" content=\"Cortina \/ tendal - decomat\" \/>\n<meta property=\"og:description\" content=\"Cortina \/ tendal Tant la\u00a0cortina\u00a0com el tendal\u00a0son unes peces m\u00f2vils, normalment de tela (poliester, lli, cot\u00f2, screen,&#8230;) i d&#8217;altres materials en el cas de les cortines (fusta, fibres naturals, pvc, al.lumini, etc). Cortina Tendal. Aquests tendals i cortines s&#8217;utilitzen per cobrir tancaments (portes i finestres) o en el cas dels tendals tamb\u00e9 per cobrir superf\u00edcies [&hellip;]\" \/>\n<meta property=\"og:url\" content=\"https:\/\/decomat.com\/es\/materiales\/cortina-toldo\/\" \/>\n<meta property=\"og:site_name\" content=\"decomat\" \/>\n<meta property=\"article:modified_time\" content=\"2014-07-01T18:36:31+00:00\" \/>\n<meta name=\"twitter:card\" content=\"summary_large_image\" \/>\n<meta name=\"twitter:label1\" content=\"Est. reading time\" \/>\n\t<meta name=\"twitter:data1\" content=\"2 minutes\" \/>\n<script type=\"application\/ld+json\" class=\"yoast-schema-graph\">{\"@context\":\"https:\\\/\\\/schema.org\",\"@graph\":[{\"@type\":\"WebPage\",\"@id\":\"https:\\\/\\\/decomat.com\\\/es\\\/materiales\\\/cortina-toldo\\\/\",\"url\":\"https:\\\/\\\/decomat.com\\\/es\\\/materiales\\\/cortina-toldo\\\/\",\"name\":\"Cortina \\\/ tendal - decomat\",\"isPartOf\":{\"@id\":\"https:\\\/\\\/decomat.com\\\/ca\\\/#website\"},\"datePublished\":\"2012-04-11T16:39:07+00:00\",\"dateModified\":\"2014-07-01T18:36:31+00:00\",\"breadcrumb\":{\"@id\":\"https:\\\/\\\/decomat.com\\\/es\\\/materiales\\\/cortina-toldo\\\/#breadcrumb\"},\"inLanguage\":\"ca-ES\",\"potentialAction\":[{\"@type\":\"ReadAction\",\"target\":[\"https:\\\/\\\/decomat.com\\\/es\\\/materiales\\\/cortina-toldo\\\/\"]}]},{\"@type\":\"BreadcrumbList\",\"@id\":\"https:\\\/\\\/decomat.com\\\/es\\\/materiales\\\/cortina-toldo\\\/#breadcrumb\",\"itemListElement\":[{\"@type\":\"ListItem\",\"position\":1,\"name\":\"Portada\",\"item\":\"https:\\\/\\\/decomat.com\\\/ca\\\/\"},{\"@type\":\"ListItem\",\"position\":2,\"name\":\"Materials\",\"item\":\"https:\\\/\\\/decomat.com\\\/ca\\\/materiales\\\/\"},{\"@type\":\"ListItem\",\"position\":3,\"name\":\"Cortina \\\/ toldo\"}]},{\"@type\":\"WebSite\",\"@id\":\"https:\\\/\\\/decomat.com\\\/ca\\\/#website\",\"url\":\"https:\\\/\\\/decomat.com\\\/ca\\\/\",\"name\":\"decomat\",\"description\":\"Material decoraci\u00f3\",\"potentialAction\":[{\"@type\":\"SearchAction\",\"target\":{\"@type\":\"EntryPoint\",\"urlTemplate\":\"https:\\\/\\\/decomat.com\\\/ca\\\/?s={search_term_string}\"},\"query-input\":{\"@type\":\"PropertyValueSpecification\",\"valueRequired\":true,\"valueName\":\"search_term_string\"}}],\"inLanguage\":\"ca-ES\"}]}<\/script>\n<!-- \/ Yoast SEO plugin. -->","yoast_head_json":{"title":"Cortina \/ tendal - decomat","robots":{"index":"index","follow":"follow","max-snippet":"max-snippet:-1","max-image-preview":"max-image-preview:large","max-video-preview":"max-video-preview:-1"},"canonical":"https:\/\/decomat.com\/es\/materiales\/cortina-toldo\/","og_locale":"ca_ES","og_type":"article","og_title":"Cortina \/ tendal - decomat","og_description":"Cortina \/ tendal Tant la\u00a0cortina\u00a0com el tendal\u00a0son unes peces m\u00f2vils, normalment de tela (poliester, lli, cot\u00f2, screen,&#8230;) i d&#8217;altres materials en el cas de les cortines (fusta, fibres naturals, pvc, al.lumini, etc). Cortina Tendal. Aquests tendals i cortines s&#8217;utilitzen per cobrir tancaments (portes i finestres) o en el cas dels tendals tamb\u00e9 per cobrir superf\u00edcies [&hellip;]","og_url":"https:\/\/decomat.com\/es\/materiales\/cortina-toldo\/","og_site_name":"decomat","article_modified_time":"2014-07-01T18:36:31+00:00","twitter_card":"summary_large_image","twitter_misc":{"Est. reading time":"2 minutes"},"schema":{"@context":"https:\/\/schema.org","@graph":[{"@type":"WebPage","@id":"https:\/\/decomat.com\/es\/materiales\/cortina-toldo\/","url":"https:\/\/decomat.com\/es\/materiales\/cortina-toldo\/","name":"Cortina \/ tendal - decomat","isPartOf":{"@id":"https:\/\/decomat.com\/ca\/#website"},"datePublished":"2012-04-11T16:39:07+00:00","dateModified":"2014-07-01T18:36:31+00:00","breadcrumb":{"@id":"https:\/\/decomat.com\/es\/materiales\/cortina-toldo\/#breadcrumb"},"inLanguage":"ca-ES","potentialAction":[{"@type":"ReadAction","target":["https:\/\/decomat.com\/es\/materiales\/cortina-toldo\/"]}]},{"@type":"BreadcrumbList","@id":"https:\/\/decomat.com\/es\/materiales\/cortina-toldo\/#breadcrumb","itemListElement":[{"@type":"ListItem","position":1,"name":"Portada","item":"https:\/\/decomat.com\/ca\/"},{"@type":"ListItem","position":2,"name":"Materials","item":"https:\/\/decomat.com\/ca\/materiales\/"},{"@type":"ListItem","position":3,"name":"Cortina \/ toldo"}]},{"@type":"WebSite","@id":"https:\/\/decomat.com\/ca\/#website","url":"https:\/\/decomat.com\/ca\/","name":"decomat","description":"Material decoraci\u00f3","potentialAction":[{"@type":"SearchAction","target":{"@type":"EntryPoint","urlTemplate":"https:\/\/decomat.com\/ca\/?s={search_term_string}"},"query-input":{"@type":"PropertyValueSpecification","valueRequired":true,"valueName":"search_term_string"}}],"inLanguage":"ca-ES"}]}},"_links":{"self":[{"href":"https:\/\/decomat.com\/ca\/wp-json\/wp\/v2\/pages\/1000","targetHints":{"allow":["GET"]}}],"collection":[{"href":"https:\/\/decomat.com\/ca\/wp-json\/wp\/v2\/pages"}],"about":[{"href":"https:\/\/decomat.com\/ca\/wp-json\/wp\/v2\/types\/page"}],"author":[{"embeddable":true,"href":"https:\/\/decomat.com\/ca\/wp-json\/wp\/v2\/users\/8979"}],"replies":[{"embeddable":true,"href":"https:\/\/decomat.com\/ca\/wp-json\/wp\/v2\/comments?post=1000"}],"version-history":[{"count":32,"href":"https:\/\/decomat.com\/ca\/wp-json\/wp\/v2\/pages\/1000\/revisions"}],"predecessor-version":[{"id":1349,"href":"https:\/\/decomat.com\/ca\/wp-json\/wp\/v2\/pages\/1000\/revisions\/1349"}],"up":[{"embeddable":true,"href":"https:\/\/decomat.com\/ca\/wp-json\/wp\/v2\/pages\/709"}],"wp:attachment":[{"href":"https:\/\/decomat.com\/ca\/wp-json\/wp\/v2\/media?parent=1000"}],"curies":[{"name":"wp","href":"https:\/\/api.w.org\/{rel}","templated":true}]}}