{"id":1007,"date":"2012-04-11T16:44:29","date_gmt":"2012-04-11T16:44:29","guid":{"rendered":"http:\/\/www.decomat.com\/?page_id=1007"},"modified":"2014-04-01T17:25:22","modified_gmt":"2014-04-01T15:25:22","slug":"mueble","status":"publish","type":"page","link":"https:\/\/decomat.com\/ca\/materiales\/mueble\/","title":{"rendered":"Moble"},"content":{"rendered":"<p><\/p>\n<h1>Moble<\/h1>\n<p><strong>Moble<\/strong> per a la llar (menjadors, taules, cadires, sof\u00e0s, dormitoris matrimoni, dormitoris juvenils, dormitoris infantils i armaris). Mobiliari amb varietat d&#8217;estils ( contemporani, colonial, r\u00fastic, cl\u00e0ssic, &#8230;)<\/p>\n<ul>\n<li>Mobles d&#8217;oficina<\/li>\n<li>Mobles per botigues<\/li>\n<li>Mobles infantils i juvenils<\/li>\n<li>Mobles d&#8217;exteriors, jard\u00ed<\/li>\n<li>Mobles de bany<\/li>\n<li>Mobles de cuina<\/li>\n<li>Mobles col\u00b7lectivitats (hosteleria, centres educatius, )<\/li>\n<li>Mobles per a comunitats de ve\u00efns<\/li>\n<li>Mobles fets a mida<\/li>\n<\/ul>\n<p>mobiliari oficina, mobiliari per botigues, mobiliari infantil i juvenil, mobiliari exteriors i jard\u00ed, mobiliari de bany, mobiliari de cuina,mobiliari col\u00b7lectivitats, mobiliari per a comunitats de ve\u00efns, mobiliari fet a mida,<\/p>","protected":false},"excerpt":{"rendered":"<p>Moble Moble per a la llar (menjadors, taules, cadires, sof\u00e0s, dormitoris matrimoni, dormitoris juvenils, dormitoris infantils i armaris). Mobiliari amb varietat d&#8217;estils ( contemporani, colonial, r\u00fastic, cl\u00e0ssic, &#8230;) Mobles d&#8217;oficina Mobles per botigues Mobles infantils i juvenils Mobles d&#8217;exteriors, jard\u00ed Mobles de bany Mobles de cuina Mobles col\u00b7lectivitats (hosteleria, centres educatius, ) Mobles per a [&hellip;]<\/p>\n","protected":false},"author":8979,"featured_media":0,"parent":709,"menu_order":23,"comment_status":"open","ping_status":"closed","template":"","meta":{"_monsterinsights_skip_tracking":false,"_monsterinsights_sitenote_active":false,"_monsterinsights_sitenote_note":"","_monsterinsights_sitenote_category":0,"ngg_post_thumbnail":0,"footnotes":""},"class_list":["post-1007","page","type-page","status-publish","hentry"],"yoast_head":"<!-- This site is optimized with the Yoast SEO plugin v27.3 - https:\/\/yoast.com\/product\/yoast-seo-wordpress\/ -->\n<title>Moble - decomat<\/title>\n<meta name=\"robots\" content=\"index, follow, max-snippet:-1, max-image-preview:large, max-video-preview:-1\" \/>\n<link rel=\"canonical\" href=\"https:\/\/decomat.com\/ca\/materiales\/mueble\/\" \/>\n<meta property=\"og:locale\" content=\"ca_ES\" \/>\n<meta property=\"og:type\" content=\"article\" \/>\n<meta property=\"og:title\" content=\"Moble - decomat\" \/>\n<meta property=\"og:description\" content=\"Moble Moble per a la llar (menjadors, taules, cadires, sof\u00e0s, dormitoris matrimoni, dormitoris juvenils, dormitoris infantils i armaris). Mobiliari amb varietat d&#8217;estils ( contemporani, colonial, r\u00fastic, cl\u00e0ssic, &#8230;) Mobles d&#8217;oficina Mobles per botigues Mobles infantils i juvenils Mobles d&#8217;exteriors, jard\u00ed Mobles de bany Mobles de cuina Mobles col\u00b7lectivitats (hosteleria, centres educatius, ) Mobles per a [&hellip;]\" \/>\n<meta property=\"og:url\" content=\"https:\/\/decomat.com\/ca\/materiales\/mueble\/\" \/>\n<meta property=\"og:site_name\" content=\"decomat\" \/>\n<meta property=\"article:modified_time\" content=\"2014-04-01T15:25:22+00:00\" \/>\n<meta name=\"twitter:card\" content=\"summary_large_image\" \/>\n<script type=\"application\/ld+json\" class=\"yoast-schema-graph\">{\"@context\":\"https:\\\/\\\/schema.org\",\"@graph\":[{\"@type\":\"WebPage\",\"@id\":\"https:\\\/\\\/decomat.com\\\/ca\\\/materiales\\\/mueble\\\/\",\"url\":\"https:\\\/\\\/decomat.com\\\/ca\\\/materiales\\\/mueble\\\/\",\"name\":\"Moble - decomat\",\"isPartOf\":{\"@id\":\"https:\\\/\\\/decomat.com\\\/ca\\\/#website\"},\"datePublished\":\"2012-04-11T16:44:29+00:00\",\"dateModified\":\"2014-04-01T15:25:22+00:00\",\"breadcrumb\":{\"@id\":\"https:\\\/\\\/decomat.com\\\/ca\\\/materiales\\\/mueble\\\/#breadcrumb\"},\"inLanguage\":\"ca-ES\",\"potentialAction\":[{\"@type\":\"ReadAction\",\"target\":[\"https:\\\/\\\/decomat.com\\\/ca\\\/materiales\\\/mueble\\\/\"]}]},{\"@type\":\"BreadcrumbList\",\"@id\":\"https:\\\/\\\/decomat.com\\\/ca\\\/materiales\\\/mueble\\\/#breadcrumb\",\"itemListElement\":[{\"@type\":\"ListItem\",\"position\":1,\"name\":\"Portada\",\"item\":\"https:\\\/\\\/decomat.com\\\/ca\\\/\"},{\"@type\":\"ListItem\",\"position\":2,\"name\":\"Materials\",\"item\":\"https:\\\/\\\/decomat.com\\\/ca\\\/materiales\\\/\"},{\"@type\":\"ListItem\",\"position\":3,\"name\":\"Moble\"}]},{\"@type\":\"WebSite\",\"@id\":\"https:\\\/\\\/decomat.com\\\/ca\\\/#website\",\"url\":\"https:\\\/\\\/decomat.com\\\/ca\\\/\",\"name\":\"decomat\",\"description\":\"Material decoraci\u00f3\",\"potentialAction\":[{\"@type\":\"SearchAction\",\"target\":{\"@type\":\"EntryPoint\",\"urlTemplate\":\"https:\\\/\\\/decomat.com\\\/ca\\\/?s={search_term_string}\"},\"query-input\":{\"@type\":\"PropertyValueSpecification\",\"valueRequired\":true,\"valueName\":\"search_term_string\"}}],\"inLanguage\":\"ca-ES\"}]}<\/script>\n<!-- \/ Yoast SEO plugin. -->","yoast_head_json":{"title":"Moble - decomat","robots":{"index":"index","follow":"follow","max-snippet":"max-snippet:-1","max-image-preview":"max-image-preview:large","max-video-preview":"max-video-preview:-1"},"canonical":"https:\/\/decomat.com\/ca\/materiales\/mueble\/","og_locale":"ca_ES","og_type":"article","og_title":"Moble - decomat","og_description":"Moble Moble per a la llar (menjadors, taules, cadires, sof\u00e0s, dormitoris matrimoni, dormitoris juvenils, dormitoris infantils i armaris). Mobiliari amb varietat d&#8217;estils ( contemporani, colonial, r\u00fastic, cl\u00e0ssic, &#8230;) Mobles d&#8217;oficina Mobles per botigues Mobles infantils i juvenils Mobles d&#8217;exteriors, jard\u00ed Mobles de bany Mobles de cuina Mobles col\u00b7lectivitats (hosteleria, centres educatius, ) Mobles per a [&hellip;]","og_url":"https:\/\/decomat.com\/ca\/materiales\/mueble\/","og_site_name":"decomat","article_modified_time":"2014-04-01T15:25:22+00:00","twitter_card":"summary_large_image","schema":{"@context":"https:\/\/schema.org","@graph":[{"@type":"WebPage","@id":"https:\/\/decomat.com\/ca\/materiales\/mueble\/","url":"https:\/\/decomat.com\/ca\/materiales\/mueble\/","name":"Moble - decomat","isPartOf":{"@id":"https:\/\/decomat.com\/ca\/#website"},"datePublished":"2012-04-11T16:44:29+00:00","dateModified":"2014-04-01T15:25:22+00:00","breadcrumb":{"@id":"https:\/\/decomat.com\/ca\/materiales\/mueble\/#breadcrumb"},"inLanguage":"ca-ES","potentialAction":[{"@type":"ReadAction","target":["https:\/\/decomat.com\/ca\/materiales\/mueble\/"]}]},{"@type":"BreadcrumbList","@id":"https:\/\/decomat.com\/ca\/materiales\/mueble\/#breadcrumb","itemListElement":[{"@type":"ListItem","position":1,"name":"Portada","item":"https:\/\/decomat.com\/ca\/"},{"@type":"ListItem","position":2,"name":"Materials","item":"https:\/\/decomat.com\/ca\/materiales\/"},{"@type":"ListItem","position":3,"name":"Moble"}]},{"@type":"WebSite","@id":"https:\/\/decomat.com\/ca\/#website","url":"https:\/\/decomat.com\/ca\/","name":"decomat","description":"Material decoraci\u00f3","potentialAction":[{"@type":"SearchAction","target":{"@type":"EntryPoint","urlTemplate":"https:\/\/decomat.com\/ca\/?s={search_term_string}"},"query-input":{"@type":"PropertyValueSpecification","valueRequired":true,"valueName":"search_term_string"}}],"inLanguage":"ca-ES"}]}},"_links":{"self":[{"href":"https:\/\/decomat.com\/ca\/wp-json\/wp\/v2\/pages\/1007","targetHints":{"allow":["GET"]}}],"collection":[{"href":"https:\/\/decomat.com\/ca\/wp-json\/wp\/v2\/pages"}],"about":[{"href":"https:\/\/decomat.com\/ca\/wp-json\/wp\/v2\/types\/page"}],"author":[{"embeddable":true,"href":"https:\/\/decomat.com\/ca\/wp-json\/wp\/v2\/users\/8979"}],"replies":[{"embeddable":true,"href":"https:\/\/decomat.com\/ca\/wp-json\/wp\/v2\/comments?post=1007"}],"version-history":[{"count":12,"href":"https:\/\/decomat.com\/ca\/wp-json\/wp\/v2\/pages\/1007\/revisions"}],"predecessor-version":[{"id":5529,"href":"https:\/\/decomat.com\/ca\/wp-json\/wp\/v2\/pages\/1007\/revisions\/5529"}],"up":[{"embeddable":true,"href":"https:\/\/decomat.com\/ca\/wp-json\/wp\/v2\/pages\/709"}],"wp:attachment":[{"href":"https:\/\/decomat.com\/ca\/wp-json\/wp\/v2\/media?parent=1007"}],"curies":[{"name":"wp","href":"https:\/\/api.w.org\/{rel}","templated":true}]}}