{"id":1023,"date":"2012-04-11T16:59:14","date_gmt":"2012-04-11T16:59:14","guid":{"rendered":"http:\/\/www.decomat.com\/?page_id=1023"},"modified":"2014-06-11T18:08:28","modified_gmt":"2014-06-11T16:08:28","slug":"aislante-acustico","status":"publish","type":"page","link":"https:\/\/decomat.com\/ca\/materiales\/aislante\/aislante-acustico\/","title":{"rendered":"A\u00efllant ac\u00fastic"},"content":{"rendered":"<p><\/p>\n<h1>A\u00efllant ac\u00fastic<\/h1>\n<div align=\"left\">\n<p><strong>Les ones sonores<\/strong> espropaguen en l\u00ednea recta, i <strong>al trobar en la seva<br \/>\ntraject\u00f2ria un cos compacte es desvien, formant amb <\/strong><strong><\/strong><strong>el material el mateix angle d&#8217;incid\u00e8ncia.<\/strong> Aquesta propietat del so resulta en m\u00faltiples ocasions un serios inconvenient. En efecte, en els teatres i en els cinemes les ones sonores que parteixen de l&#8217;escenari es transmeten per\u00a0tota la sala, on troben superf\u00edcies compactes en las parets, falsos sostres,\u00a0 pisos o en els empits dels balcons i en les columnes, que es comporten, respecte al so, com una membrana el\u00e0stica.<\/p>\n<p><strong>Com m\u00e9s compacte \u00e9s un material, major ser\u00e0 la conductibilitat<\/strong><\/p>\n<p>(<em>Permeabilitat al so<\/em>, o m\u00e9s correctament <em>conductibilitat del so<\/em>. La conductabilitat en els materials es basa primordialment en la seva ompacitat.)<strong> ; aleshores, els materials porosos s\u00f3n bons a\u00efllants del so <\/strong><strong><\/strong><strong>i de tot soroll en general.<\/strong> Aquesta propietat ha de tenir-se molt present al seleccionar els materials per a les obres corrents, per\u00f2 m\u00e9s encara si es tracta de locals d&#8217;oficines i tallers, on el soroll de las m\u00e0quines \u00e9s inel.ludible.<\/p>\n<p>No tots els materials reflexen les ones sonores amb la mateixa intensitat; alguns tenen la propietat d&#8217;absorbir els sons, propietat anomenada <em>poder <\/em><em><\/em><em>d&#8217;absorci\u00f3<\/em>.<br \/>\nSi en una sala hi ha una finestra oberta, aquesta absorbeix la totalitat del so que incideix en ella. Aleshores, <strong>un material poros que <\/strong><strong><\/strong><strong>contingui moltes<br \/>\nmol\u00e8cules d&#8217;aire absorbir\u00e0 els sons que incideixen en ell amb <\/strong><strong>molta major proporci\u00f3 que un altre m\u00e9s compacte. <\/strong><\/p>\n<p>En els tallers i oficines on els sorolls s\u00f3n continus, s&#8217;utilitzen revestiments de materials porosos, coneguts com <em>antis\u00f2nics, <\/em>amb els quals es tornen silenciosos. S&#8217;ha comprobat que el rendiment de treballadors i obrers ha augmentat en les sales on es va colocar un revestiment <em>antis\u00f2nic<\/em>, per\u00f2 tamb\u00e9 s&#8217;ha arribat a establir la conveni\u00e8ncia de permetre una petita reflexi\u00f3 de so, coneguda com <em>reverberaci\u00f3<\/em>, perque refor\u00e7a els sons produ\u00efnt una audici\u00f3 correcta i agradable.<\/p>\n<p>La ind\u00fastria proveeix materials porosos de diversos graus, dels quals han de seleccionar-se els m\u00e9s convenients per a cada cas.<\/p>\n<\/div>\n<p><\/p>","protected":false},"excerpt":{"rendered":"<p>A\u00efllant ac\u00fastic Les ones sonores espropaguen en l\u00ednea recta, i al trobar en la seva traject\u00f2ria un cos compacte es desvien, formant amb el material el mateix angle d&#8217;incid\u00e8ncia. Aquesta propietat del so resulta en m\u00faltiples ocasions un serios inconvenient. En efecte, en els teatres i en els cinemes les ones sonores que parteixen de [&hellip;]<\/p>\n","protected":false},"author":8979,"featured_media":0,"parent":654,"menu_order":0,"comment_status":"open","ping_status":"closed","template":"","meta":{"_monsterinsights_skip_tracking":false,"_monsterinsights_sitenote_active":false,"_monsterinsights_sitenote_note":"","_monsterinsights_sitenote_category":0,"ngg_post_thumbnail":0,"footnotes":""},"class_list":["post-1023","page","type-page","status-publish","hentry"],"yoast_head":"<!-- This site is optimized with the Yoast SEO plugin v27.3 - https:\/\/yoast.com\/product\/yoast-seo-wordpress\/ -->\n<title>A\u00efllant ac\u00fastic - decomat<\/title>\n<meta name=\"robots\" content=\"index, follow, max-snippet:-1, max-image-preview:large, max-video-preview:-1\" \/>\n<link rel=\"canonical\" href=\"https:\/\/decomat.com\/en\/materiales\/aislante\/aislante-acustico\/\" \/>\n<meta property=\"og:locale\" content=\"ca_ES\" \/>\n<meta property=\"og:type\" content=\"article\" \/>\n<meta property=\"og:title\" content=\"A\u00efllant ac\u00fastic - decomat\" \/>\n<meta property=\"og:description\" content=\"A\u00efllant ac\u00fastic Les ones sonores espropaguen en l\u00ednea recta, i al trobar en la seva traject\u00f2ria un cos compacte es desvien, formant amb el material el mateix angle d&#8217;incid\u00e8ncia. Aquesta propietat del so resulta en m\u00faltiples ocasions un serios inconvenient. En efecte, en els teatres i en els cinemes les ones sonores que parteixen de [&hellip;]\" \/>\n<meta property=\"og:url\" content=\"https:\/\/decomat.com\/en\/materiales\/aislante\/aislante-acustico\/\" \/>\n<meta property=\"og:site_name\" content=\"decomat\" \/>\n<meta property=\"article:modified_time\" content=\"2014-06-11T16:08:28+00:00\" \/>\n<meta name=\"twitter:card\" content=\"summary_large_image\" \/>\n<meta name=\"twitter:label1\" content=\"Est. reading time\" \/>\n\t<meta name=\"twitter:data1\" content=\"10 minutes\" \/>\n<script type=\"application\/ld+json\" class=\"yoast-schema-graph\">{\"@context\":\"https:\\\/\\\/schema.org\",\"@graph\":[{\"@type\":\"WebPage\",\"@id\":\"https:\\\/\\\/decomat.com\\\/en\\\/materiales\\\/aislante\\\/aislante-acustico\\\/\",\"url\":\"https:\\\/\\\/decomat.com\\\/en\\\/materiales\\\/aislante\\\/aislante-acustico\\\/\",\"name\":\"A\u00efllant ac\u00fastic - decomat\",\"isPartOf\":{\"@id\":\"https:\\\/\\\/decomat.com\\\/ca\\\/#website\"},\"datePublished\":\"2012-04-11T16:59:14+00:00\",\"dateModified\":\"2014-06-11T16:08:28+00:00\",\"breadcrumb\":{\"@id\":\"https:\\\/\\\/decomat.com\\\/en\\\/materiales\\\/aislante\\\/aislante-acustico\\\/#breadcrumb\"},\"inLanguage\":\"ca-ES\",\"potentialAction\":[{\"@type\":\"ReadAction\",\"target\":[\"https:\\\/\\\/decomat.com\\\/en\\\/materiales\\\/aislante\\\/aislante-acustico\\\/\"]}]},{\"@type\":\"BreadcrumbList\",\"@id\":\"https:\\\/\\\/decomat.com\\\/en\\\/materiales\\\/aislante\\\/aislante-acustico\\\/#breadcrumb\",\"itemListElement\":[{\"@type\":\"ListItem\",\"position\":1,\"name\":\"Portada\",\"item\":\"https:\\\/\\\/decomat.com\\\/ca\\\/\"},{\"@type\":\"ListItem\",\"position\":2,\"name\":\"Materials\",\"item\":\"https:\\\/\\\/decomat.com\\\/ca\\\/materiales\\\/\"},{\"@type\":\"ListItem\",\"position\":3,\"name\":\"Isolator\",\"item\":\"https:\\\/\\\/decomat.com\\\/en\\\/materiales\\\/aislante\\\/\"},{\"@type\":\"ListItem\",\"position\":4,\"name\":\"Acoustic isolation\"}]},{\"@type\":\"WebSite\",\"@id\":\"https:\\\/\\\/decomat.com\\\/ca\\\/#website\",\"url\":\"https:\\\/\\\/decomat.com\\\/ca\\\/\",\"name\":\"decomat\",\"description\":\"Material decoraci\u00f3\",\"potentialAction\":[{\"@type\":\"SearchAction\",\"target\":{\"@type\":\"EntryPoint\",\"urlTemplate\":\"https:\\\/\\\/decomat.com\\\/ca\\\/?s={search_term_string}\"},\"query-input\":{\"@type\":\"PropertyValueSpecification\",\"valueRequired\":true,\"valueName\":\"search_term_string\"}}],\"inLanguage\":\"ca-ES\"}]}<\/script>\n<!-- \/ Yoast SEO plugin. -->","yoast_head_json":{"title":"A\u00efllant ac\u00fastic - decomat","robots":{"index":"index","follow":"follow","max-snippet":"max-snippet:-1","max-image-preview":"max-image-preview:large","max-video-preview":"max-video-preview:-1"},"canonical":"https:\/\/decomat.com\/en\/materiales\/aislante\/aislante-acustico\/","og_locale":"ca_ES","og_type":"article","og_title":"A\u00efllant ac\u00fastic - decomat","og_description":"A\u00efllant ac\u00fastic Les ones sonores espropaguen en l\u00ednea recta, i al trobar en la seva traject\u00f2ria un cos compacte es desvien, formant amb el material el mateix angle d&#8217;incid\u00e8ncia. Aquesta propietat del so resulta en m\u00faltiples ocasions un serios inconvenient. En efecte, en els teatres i en els cinemes les ones sonores que parteixen de [&hellip;]","og_url":"https:\/\/decomat.com\/en\/materiales\/aislante\/aislante-acustico\/","og_site_name":"decomat","article_modified_time":"2014-06-11T16:08:28+00:00","twitter_card":"summary_large_image","twitter_misc":{"Est. reading time":"10 minutes"},"schema":{"@context":"https:\/\/schema.org","@graph":[{"@type":"WebPage","@id":"https:\/\/decomat.com\/en\/materiales\/aislante\/aislante-acustico\/","url":"https:\/\/decomat.com\/en\/materiales\/aislante\/aislante-acustico\/","name":"A\u00efllant ac\u00fastic - decomat","isPartOf":{"@id":"https:\/\/decomat.com\/ca\/#website"},"datePublished":"2012-04-11T16:59:14+00:00","dateModified":"2014-06-11T16:08:28+00:00","breadcrumb":{"@id":"https:\/\/decomat.com\/en\/materiales\/aislante\/aislante-acustico\/#breadcrumb"},"inLanguage":"ca-ES","potentialAction":[{"@type":"ReadAction","target":["https:\/\/decomat.com\/en\/materiales\/aislante\/aislante-acustico\/"]}]},{"@type":"BreadcrumbList","@id":"https:\/\/decomat.com\/en\/materiales\/aislante\/aislante-acustico\/#breadcrumb","itemListElement":[{"@type":"ListItem","position":1,"name":"Portada","item":"https:\/\/decomat.com\/ca\/"},{"@type":"ListItem","position":2,"name":"Materials","item":"https:\/\/decomat.com\/ca\/materiales\/"},{"@type":"ListItem","position":3,"name":"Isolator","item":"https:\/\/decomat.com\/en\/materiales\/aislante\/"},{"@type":"ListItem","position":4,"name":"Acoustic isolation"}]},{"@type":"WebSite","@id":"https:\/\/decomat.com\/ca\/#website","url":"https:\/\/decomat.com\/ca\/","name":"decomat","description":"Material decoraci\u00f3","potentialAction":[{"@type":"SearchAction","target":{"@type":"EntryPoint","urlTemplate":"https:\/\/decomat.com\/ca\/?s={search_term_string}"},"query-input":{"@type":"PropertyValueSpecification","valueRequired":true,"valueName":"search_term_string"}}],"inLanguage":"ca-ES"}]}},"_links":{"self":[{"href":"https:\/\/decomat.com\/ca\/wp-json\/wp\/v2\/pages\/1023","targetHints":{"allow":["GET"]}}],"collection":[{"href":"https:\/\/decomat.com\/ca\/wp-json\/wp\/v2\/pages"}],"about":[{"href":"https:\/\/decomat.com\/ca\/wp-json\/wp\/v2\/types\/page"}],"author":[{"embeddable":true,"href":"https:\/\/decomat.com\/ca\/wp-json\/wp\/v2\/users\/8979"}],"replies":[{"embeddable":true,"href":"https:\/\/decomat.com\/ca\/wp-json\/wp\/v2\/comments?post=1023"}],"version-history":[{"count":9,"href":"https:\/\/decomat.com\/ca\/wp-json\/wp\/v2\/pages\/1023\/revisions"}],"predecessor-version":[{"id":5572,"href":"https:\/\/decomat.com\/ca\/wp-json\/wp\/v2\/pages\/1023\/revisions\/5572"}],"up":[{"embeddable":true,"href":"https:\/\/decomat.com\/ca\/wp-json\/wp\/v2\/pages\/654"}],"wp:attachment":[{"href":"https:\/\/decomat.com\/ca\/wp-json\/wp\/v2\/media?parent=1023"}],"curies":[{"name":"wp","href":"https:\/\/api.w.org\/{rel}","templated":true}]}}