{"id":1087,"date":"2012-04-14T10:16:30","date_gmt":"2012-04-14T10:16:30","guid":{"rendered":"http:\/\/www.decomat.com\/?page_id=1087"},"modified":"2017-02-05T17:41:07","modified_gmt":"2017-02-05T15:41:07","slug":"cortinas-velux","status":"publish","type":"page","link":"https:\/\/decomat.com\/ca\/materiales\/cortina-toldo\/cortinas-velux\/","title":{"rendered":"Cortines Velux"},"content":{"rendered":"<h1>Cortines Velux<\/h1>\n<p><a class=\"custom-frame alignleft frame-shadow\" style=\"display: inline !important;\" href=\"https:\/\/www.decomat.com\/imatges\/decomat\/materials\/cortina\/cortina\/velux\/comescollir\/cat\/cortinavelux.gif\"><img loading=\"lazy\" decoding=\"async\" class=\"alignnone size-full wp-image-839\" title=\"Pabellon_MiesVanDerRohe\" src=\"https:\/\/www.decomat.com\/imatges\/decomat\/materials\/cortina\/cortina\/velux\/comescollir\/cat\/cortinavelux.gif\" alt=\"\" width=\"251\" height=\"169\"\/><\/a><\/p>\n<p>Tot el que necessita per a les seves finestres VELUX. Una complerta col.lecci\u00f3 amb 146 nous i decoratius dissenys, fabricats amb materials de primera qualitat.Amb la novacol.lecci\u00f3 de cortines, aconseguir\u00e0 solucions atractives amb un funcionament perfecte, creant aix\u00ed ambients acollidors durant tot l&#8217;any.<br \/>\nEscollint cortines originals VELUX, s&#8217;assegura que el producte s&#8217;adapti amb precissi\u00f3 a les seves finestres per a teulades, ja que estan fetes a mida per a les finestres VELUX.<\/p>\n<p><meta http-equiv=\"Refresh\" content=\"10;url=https:\/\/www.naturlux.com\/ca\/cortina-velux\"\/>  <body> <\/p>\n<p>Aqu\u00ed hi trobar\u00e0 m\u00e9s informaci\u00f3 sobre cortines Velux. En 10 segons enlla\u00e7ar\u00e0 a NATURLUX. En cas contrari, pulsi en el seg\u00fcent enlla\u00e7 <a href=\"https:\/\/www.naturlux.com\/ca\/cortina-velux\"> www.naturlux.com<\/a>\n<\/p>\n<p><\/body>","protected":false},"excerpt":{"rendered":"<p>Cortines Velux Tot el que necessita per a les seves finestres VELUX. Una complerta col.lecci\u00f3 amb 146 nous i decoratius dissenys, fabricats amb materials de primera qualitat.Amb la novacol.lecci\u00f3 de cortines, aconseguir\u00e0 solucions atractives amb un funcionament perfecte, creant aix\u00ed ambients acollidors durant tot l&#8217;any. Escollint cortines originals VELUX, s&#8217;assegura que el producte s&#8217;adapti amb [&hellip;]<\/p>\n","protected":false},"author":8979,"featured_media":0,"parent":1000,"menu_order":0,"comment_status":"open","ping_status":"closed","template":"","meta":{"_monsterinsights_skip_tracking":false,"_monsterinsights_sitenote_active":false,"_monsterinsights_sitenote_note":"","_monsterinsights_sitenote_category":0,"ngg_post_thumbnail":0,"footnotes":""},"class_list":["post-1087","page","type-page","status-publish","hentry"],"yoast_head":"<!-- This site is optimized with the Yoast SEO plugin v27.3 - https:\/\/yoast.com\/product\/yoast-seo-wordpress\/ -->\n<title>Cortines Velux - decomat<\/title>\n<meta name=\"robots\" content=\"index, follow, max-snippet:-1, max-image-preview:large, max-video-preview:-1\" \/>\n<link rel=\"canonical\" href=\"https:\/\/decomat.com\/ca\/materiales\/cortina-toldo\/cortinas-velux\/\" \/>\n<meta property=\"og:locale\" content=\"ca_ES\" \/>\n<meta property=\"og:type\" content=\"article\" \/>\n<meta property=\"og:title\" content=\"Cortines Velux - decomat\" \/>\n<meta property=\"og:description\" content=\"Cortines Velux Tot el que necessita per a les seves finestres VELUX. Una complerta col.lecci\u00f3 amb 146 nous i decoratius dissenys, fabricats amb materials de primera qualitat.Amb la novacol.lecci\u00f3 de cortines, aconseguir\u00e0 solucions atractives amb un funcionament perfecte, creant aix\u00ed ambients acollidors durant tot l&#8217;any. Escollint cortines originals VELUX, s&#8217;assegura que el producte s&#8217;adapti amb [&hellip;]\" \/>\n<meta property=\"og:url\" content=\"https:\/\/decomat.com\/ca\/materiales\/cortina-toldo\/cortinas-velux\/\" \/>\n<meta property=\"og:site_name\" content=\"decomat\" \/>\n<meta property=\"article:modified_time\" content=\"2017-02-05T15:41:07+00:00\" \/>\n<meta property=\"og:image\" content=\"https:\/\/decomat.com\/wp-content\/uploads\/2012\/04\/Pabellon_MiesVanDerRohe.jpg\" \/>\n\t<meta property=\"og:image:width\" content=\"250\" \/>\n\t<meta property=\"og:image:height\" content=\"147\" \/>\n\t<meta property=\"og:image:type\" content=\"image\/jpeg\" \/>\n<meta name=\"twitter:card\" content=\"summary_large_image\" \/>\n<meta name=\"twitter:label1\" content=\"Est. reading time\" \/>\n\t<meta name=\"twitter:data1\" content=\"2 minutes\" \/>\n<script type=\"application\/ld+json\" class=\"yoast-schema-graph\">{\"@context\":\"https:\\\/\\\/schema.org\",\"@graph\":[{\"@type\":\"WebPage\",\"@id\":\"https:\\\/\\\/decomat.com\\\/ca\\\/materiales\\\/cortina-toldo\\\/cortinas-velux\\\/\",\"url\":\"https:\\\/\\\/decomat.com\\\/ca\\\/materiales\\\/cortina-toldo\\\/cortinas-velux\\\/\",\"name\":\"Cortines Velux - decomat\",\"isPartOf\":{\"@id\":\"https:\\\/\\\/decomat.com\\\/ca\\\/#website\"},\"primaryImageOfPage\":{\"@id\":\"https:\\\/\\\/decomat.com\\\/ca\\\/materiales\\\/cortina-toldo\\\/cortinas-velux\\\/#primaryimage\"},\"image\":{\"@id\":\"https:\\\/\\\/decomat.com\\\/ca\\\/materiales\\\/cortina-toldo\\\/cortinas-velux\\\/#primaryimage\"},\"thumbnailUrl\":\"https:\\\/\\\/www.decomat.com\\\/imatges\\\/decomat\\\/materials\\\/cortina\\\/cortina\\\/velux\\\/comescollir\\\/cat\\\/cortinavelux.gif\",\"datePublished\":\"2012-04-14T10:16:30+00:00\",\"dateModified\":\"2017-02-05T15:41:07+00:00\",\"breadcrumb\":{\"@id\":\"https:\\\/\\\/decomat.com\\\/ca\\\/materiales\\\/cortina-toldo\\\/cortinas-velux\\\/#breadcrumb\"},\"inLanguage\":\"ca-ES\",\"potentialAction\":[{\"@type\":\"ReadAction\",\"target\":[\"https:\\\/\\\/decomat.com\\\/ca\\\/materiales\\\/cortina-toldo\\\/cortinas-velux\\\/\"]}]},{\"@type\":\"ImageObject\",\"inLanguage\":\"ca-ES\",\"@id\":\"https:\\\/\\\/decomat.com\\\/ca\\\/materiales\\\/cortina-toldo\\\/cortinas-velux\\\/#primaryimage\",\"url\":\"https:\\\/\\\/www.decomat.com\\\/imatges\\\/decomat\\\/materials\\\/cortina\\\/cortina\\\/velux\\\/comescollir\\\/cat\\\/cortinavelux.gif\",\"contentUrl\":\"https:\\\/\\\/www.decomat.com\\\/imatges\\\/decomat\\\/materials\\\/cortina\\\/cortina\\\/velux\\\/comescollir\\\/cat\\\/cortinavelux.gif\"},{\"@type\":\"BreadcrumbList\",\"@id\":\"https:\\\/\\\/decomat.com\\\/ca\\\/materiales\\\/cortina-toldo\\\/cortinas-velux\\\/#breadcrumb\",\"itemListElement\":[{\"@type\":\"ListItem\",\"position\":1,\"name\":\"Portada\",\"item\":\"https:\\\/\\\/decomat.com\\\/ca\\\/\"},{\"@type\":\"ListItem\",\"position\":2,\"name\":\"Materials\",\"item\":\"https:\\\/\\\/decomat.com\\\/ca\\\/materiales\\\/\"},{\"@type\":\"ListItem\",\"position\":3,\"name\":\"Cortina \\\/ toldo\",\"item\":\"https:\\\/\\\/decomat.com\\\/es\\\/materiales\\\/cortina-toldo\\\/\"},{\"@type\":\"ListItem\",\"position\":4,\"name\":\"Cortines Velux\"}]},{\"@type\":\"WebSite\",\"@id\":\"https:\\\/\\\/decomat.com\\\/ca\\\/#website\",\"url\":\"https:\\\/\\\/decomat.com\\\/ca\\\/\",\"name\":\"decomat\",\"description\":\"Material decoraci\u00f3\",\"potentialAction\":[{\"@type\":\"SearchAction\",\"target\":{\"@type\":\"EntryPoint\",\"urlTemplate\":\"https:\\\/\\\/decomat.com\\\/ca\\\/?s={search_term_string}\"},\"query-input\":{\"@type\":\"PropertyValueSpecification\",\"valueRequired\":true,\"valueName\":\"search_term_string\"}}],\"inLanguage\":\"ca-ES\"}]}<\/script>\n<!-- \/ Yoast SEO plugin. -->","yoast_head_json":{"title":"Cortines Velux - decomat","robots":{"index":"index","follow":"follow","max-snippet":"max-snippet:-1","max-image-preview":"max-image-preview:large","max-video-preview":"max-video-preview:-1"},"canonical":"https:\/\/decomat.com\/ca\/materiales\/cortina-toldo\/cortinas-velux\/","og_locale":"ca_ES","og_type":"article","og_title":"Cortines Velux - decomat","og_description":"Cortines Velux Tot el que necessita per a les seves finestres VELUX. Una complerta col.lecci\u00f3 amb 146 nous i decoratius dissenys, fabricats amb materials de primera qualitat.Amb la novacol.lecci\u00f3 de cortines, aconseguir\u00e0 solucions atractives amb un funcionament perfecte, creant aix\u00ed ambients acollidors durant tot l&#8217;any. Escollint cortines originals VELUX, s&#8217;assegura que el producte s&#8217;adapti amb [&hellip;]","og_url":"https:\/\/decomat.com\/ca\/materiales\/cortina-toldo\/cortinas-velux\/","og_site_name":"decomat","article_modified_time":"2017-02-05T15:41:07+00:00","og_image":[{"width":250,"height":147,"url":"https:\/\/decomat.com\/wp-content\/uploads\/2012\/04\/Pabellon_MiesVanDerRohe.jpg","type":"image\/jpeg"}],"twitter_card":"summary_large_image","twitter_misc":{"Est. reading time":"2 minutes"},"schema":{"@context":"https:\/\/schema.org","@graph":[{"@type":"WebPage","@id":"https:\/\/decomat.com\/ca\/materiales\/cortina-toldo\/cortinas-velux\/","url":"https:\/\/decomat.com\/ca\/materiales\/cortina-toldo\/cortinas-velux\/","name":"Cortines Velux - decomat","isPartOf":{"@id":"https:\/\/decomat.com\/ca\/#website"},"primaryImageOfPage":{"@id":"https:\/\/decomat.com\/ca\/materiales\/cortina-toldo\/cortinas-velux\/#primaryimage"},"image":{"@id":"https:\/\/decomat.com\/ca\/materiales\/cortina-toldo\/cortinas-velux\/#primaryimage"},"thumbnailUrl":"https:\/\/www.decomat.com\/imatges\/decomat\/materials\/cortina\/cortina\/velux\/comescollir\/cat\/cortinavelux.gif","datePublished":"2012-04-14T10:16:30+00:00","dateModified":"2017-02-05T15:41:07+00:00","breadcrumb":{"@id":"https:\/\/decomat.com\/ca\/materiales\/cortina-toldo\/cortinas-velux\/#breadcrumb"},"inLanguage":"ca-ES","potentialAction":[{"@type":"ReadAction","target":["https:\/\/decomat.com\/ca\/materiales\/cortina-toldo\/cortinas-velux\/"]}]},{"@type":"ImageObject","inLanguage":"ca-ES","@id":"https:\/\/decomat.com\/ca\/materiales\/cortina-toldo\/cortinas-velux\/#primaryimage","url":"https:\/\/www.decomat.com\/imatges\/decomat\/materials\/cortina\/cortina\/velux\/comescollir\/cat\/cortinavelux.gif","contentUrl":"https:\/\/www.decomat.com\/imatges\/decomat\/materials\/cortina\/cortina\/velux\/comescollir\/cat\/cortinavelux.gif"},{"@type":"BreadcrumbList","@id":"https:\/\/decomat.com\/ca\/materiales\/cortina-toldo\/cortinas-velux\/#breadcrumb","itemListElement":[{"@type":"ListItem","position":1,"name":"Portada","item":"https:\/\/decomat.com\/ca\/"},{"@type":"ListItem","position":2,"name":"Materials","item":"https:\/\/decomat.com\/ca\/materiales\/"},{"@type":"ListItem","position":3,"name":"Cortina \/ toldo","item":"https:\/\/decomat.com\/es\/materiales\/cortina-toldo\/"},{"@type":"ListItem","position":4,"name":"Cortines Velux"}]},{"@type":"WebSite","@id":"https:\/\/decomat.com\/ca\/#website","url":"https:\/\/decomat.com\/ca\/","name":"decomat","description":"Material decoraci\u00f3","potentialAction":[{"@type":"SearchAction","target":{"@type":"EntryPoint","urlTemplate":"https:\/\/decomat.com\/ca\/?s={search_term_string}"},"query-input":{"@type":"PropertyValueSpecification","valueRequired":true,"valueName":"search_term_string"}}],"inLanguage":"ca-ES"}]}},"_links":{"self":[{"href":"https:\/\/decomat.com\/ca\/wp-json\/wp\/v2\/pages\/1087","targetHints":{"allow":["GET"]}}],"collection":[{"href":"https:\/\/decomat.com\/ca\/wp-json\/wp\/v2\/pages"}],"about":[{"href":"https:\/\/decomat.com\/ca\/wp-json\/wp\/v2\/types\/page"}],"author":[{"embeddable":true,"href":"https:\/\/decomat.com\/ca\/wp-json\/wp\/v2\/users\/8979"}],"replies":[{"embeddable":true,"href":"https:\/\/decomat.com\/ca\/wp-json\/wp\/v2\/comments?post=1087"}],"version-history":[{"count":48,"href":"https:\/\/decomat.com\/ca\/wp-json\/wp\/v2\/pages\/1087\/revisions"}],"predecessor-version":[{"id":6239,"href":"https:\/\/decomat.com\/ca\/wp-json\/wp\/v2\/pages\/1087\/revisions\/6239"}],"up":[{"embeddable":true,"href":"https:\/\/decomat.com\/ca\/wp-json\/wp\/v2\/pages\/1000"}],"wp:attachment":[{"href":"https:\/\/decomat.com\/ca\/wp-json\/wp\/v2\/media?parent=1087"}],"curies":[{"name":"wp","href":"https:\/\/api.w.org\/{rel}","templated":true}]}}