{"id":1099,"date":"2012-04-14T10:36:15","date_gmt":"2012-04-14T10:36:15","guid":{"rendered":"http:\/\/www.decomat.com\/?page_id=1099"},"modified":"2012-11-08T19:38:28","modified_gmt":"2012-11-08T17:38:28","slug":"ventana","status":"publish","type":"page","link":"https:\/\/decomat.com\/ca\/materiales\/cerramiento\/ventana\/","title":{"rendered":"Finestra"},"content":{"rendered":"<p><\/p>\n<h1>Finestra<\/h1>\n<p>&nbsp;<\/p>\n<p>La idea d&#8217;un espai que respira es realitza principalment a trav\u00e8s de les finestres.<\/p>\n<p>La <a href=\"https:\/\/www.decomat.com\/profesionales\/herramientas\/perfiles\/aluminio\/\">finestra d&#8217;alumini<\/a>, finestra alumini-fusta, finestra fusta, <a href=\"https:\/\/www.decomat.com\/materiales\/cerramiento\/ventana\/velux\/\">finestres velux<\/a>, els <a href=\"https:\/\/www.decomat.com\/materiales\/luz\/lucernarios\/\">lluernaris<\/a>,\u00a0 les <a href=\"https:\/\/www.decomat.com\/materiales\/cerramiento\/ventana\/claraboyas\/\">claraboies<\/a> i els sostres m\u00f2bils tamb\u00e9 s\u00f3n les principals entrades de llum natural als espais dels edificis.<\/p>\n<h2><\/h2>\n<h2>Finestres Velux:<\/h2>\n<p><a class=\"custom-frame  frame-shadow\" style=\"display: inline !important;\" href=\"https:\/\/www.decomat.com\/materiales\/cerramiento\/ventana\/velux\/\"><img loading=\"lazy\" decoding=\"async\" class=\"alignnone size-full wp-image-839\" title=\"Finestra Velux interior exterior\" src=\"https:\/\/www.decomat.com\/imatges\/decomat\/materials\/tancament\/finestra\/cat\/finestraveluxinteriorexterior.jpg\" alt=\"\" width=\"144\" height=\"144\" \/><\/a><\/p>\n<h2><\/h2>\n<h2>Lluernaris Velux:<\/h2>\n<h2><a class=\"custom-frame  frame-shadow\" style=\"display: inline !important;\" href=\"https:\/\/www.decomat.com\/materiales\/luz\/lucernarios\/\"><img loading=\"lazy\" decoding=\"async\" class=\"alignnone size-full wp-image-839\" title=\"Lluernari velux\" src=\"https:\/\/www.decomat.com\/imatges\/decomat\/materials\/tancament\/finestra\/cat\/veluxlluernari8.gif\" alt=\"\" width=\"144\" height=\"144\" \/><\/a> <a class=\"custom-frame  frame-shadow\" style=\"display: inline !important;\" href=\"https:\/\/www.decomat.com\/materiales\/luz\/lucernarios\/\"><img loading=\"lazy\" decoding=\"async\" class=\"alignnone size-full wp-image-839\" title=\"Lluernari velux seccio\" src=\"https:\/\/www.decomat.com\/imatges\/decomat\/materials\/tancament\/finestra\/cat\/veluxlluernari1.gif\" alt=\"\" width=\"144\" height=\"144\" \/><\/a><\/h2>\n<h2><\/h2>\n<h2>Lluernaris solatube:<\/h2>\n<p><a class=\"custom-frame  frame-shadow\" style=\"display: inline !important;\" href=\"https:\/\/www.decomat.com\/materiales\/luz\/lucernarios\/\"><img loading=\"lazy\" decoding=\"async\" class=\"alignnone size-full wp-image-839\" title=\"Lluernari solatube seccio\" src=\"https:\/\/www.decomat.com\/imatges\/decomat\/materials\/tancament\/finestra\/cat\/solatubelluernari5.gif\" alt=\"\" width=\"96\" height=\"144\" \/><\/a> <a class=\"custom-frame  frame-shadow\" style=\"display: inline !important;\" href=\"https:\/\/www.decomat.com\/materiales\/luz\/lucernarios\/\"><img loading=\"lazy\" decoding=\"async\" class=\"alignnone size-full wp-image-839\" title=\"Lluernari solatube reflexi\u00f3 rajos solars\" src=\"https:\/\/www.decomat.com\/imatges\/decomat\/materials\/tancament\/finestra\/cat\/solatubelluernarirajossolars2.gif\" alt=\"\" width=\"144\" height=\"144\" \/><\/a><\/p>\n<h2><\/h2>\n<h2>Claraboies Velux:<\/h2>\n<p><a class=\"custom-frame  frame-shadow\" style=\"display: inline !important;\" href=\"https:\/\/www.decomat.com\/materiales\/cerramiento\/ventana\/claraboyas\/\"><img loading=\"lazy\" decoding=\"async\" class=\"alignnone size-full wp-image-839\" title=\"claraboia velux quadrada\" src=\"https:\/\/www.decomat.com\/imatges\/decomat\/materials\/tancament\/finestra\/cat\/claraboiaveluxquadrada.gif\" alt=\"\" width=\"91\" height=\"143\" \/><\/a><\/p>\n<h2><\/h2>\n<h2>Claraboies Circulars, piramidals, rectangulars:<\/h2>\n<p><a class=\"custom-frame  frame-shadow\" style=\"display: inline !important;\" href=\"https:\/\/www.decomat.com\/materiales\/cerramiento\/ventana\/claraboyas\/\"><img loading=\"lazy\" decoding=\"async\" class=\"alignnone size-full wp-image-839\" title=\"claraboia mantilla circular\" src=\"https:\/\/www.decomat.com\/imatges\/decomat\/materials\/tancament\/finestra\/cat\/claraboiamantillacircular1.gif\" alt=\"\" width=\"117\" height=\"143\" \/> <\/a> <a class=\"custom-frame  frame-shadow\" style=\"display: inline !important;\" href=\"https:\/\/www.decomat.com\/materiales\/cerramiento\/ventana\/claraboyas\/\"><img loading=\"lazy\" decoding=\"async\" class=\"alignnone size-full wp-image-839\" title=\"claraboia mantilla quadrada\" src=\"https:\/\/www.decomat.com\/imatges\/decomat\/materials\/tancament\/finestra\/cat\/claraboiamantillaquadrada2.gif\" alt=\"\" width=\"130\" height=\"143\" \/> <\/a> <a class=\"custom-frame  frame-shadow\" style=\"display: inline !important;\" href=\"https:\/\/www.decomat.com\/materiales\/cerramiento\/ventana\/claraboyas\/\"><img loading=\"lazy\" decoding=\"async\" class=\"alignnone size-full wp-image-839\" title=\"claraboia mantilla piramidal\" src=\"https:\/\/www.decomat.com\/imatges\/decomat\/materials\/tancament\/finestra\/cat\/claraboiamantillapiramidal3.gif\" alt=\"\" width=\"131\" height=\"143\" \/> <\/a> <a class=\"custom-frame  frame-shadow\" style=\"display: inline !important;\" href=\"https:\/\/www.decomat.com\/materiales\/cerramiento\/ventana\/claraboyas\/\"><img loading=\"lazy\" decoding=\"async\" class=\"alignnone size-full wp-image-839\" title=\"claraboia mantilla rectangular\" src=\"https:\/\/www.decomat.com\/imatges\/decomat\/materials\/tancament\/finestra\/cat\/claraboiamantillarectangular4.gif\" alt=\"\" width=\"113\" height=\"143\" \/> <\/a><\/p>\n<p>De la forma, materials i de la posici\u00f3 de la finestra en depenen la qualitat de la llum, de l&#8217;aire i del so que entren a l&#8217;espai, provinents del voltant d&#8217;aquest espai. Aix\u00ed doncs la finestra pot afavorir l&#8217;eliminaci\u00f3 de contaminaci\u00f3 interna de l&#8217;espai.<\/p>\n<p>Hi han una s\u00e8rie d&#8217;elements <a href=\"https:\/\/www.decomat.com\/materiales\/cerramiento\/persiana\/\">persiana<\/a>, <a href=\"https:\/\/www.decomat.com\/materiales\/cortina-toldo\/\">cortina<\/a>, <a href=\"https:\/\/www.decomat.com\/conocenos\/localizacion\/sabadell\/laminas-solares-sabadell\/\">l\u00e0mines<\/a>, <a href=\"https:\/\/www.decomat.com\/materiales\/cortina-toldo\/cortinas-velux\/accesorios\/\">accesoris<\/a>, ferratges, reixes, <a href=\"https:\/\/www.decomat.com\/materiales\/cortina-toldo\/toldo\/\">tendal<\/a>, <a href=\"https:\/\/www.decomat.com\/materiales\/cortina-toldo\/tipos-de-cortinas\/cortinas-segun-mecanismo\/mosquitera\/\">mosquitera<\/a>, que completen la funcionalitat i l&#8217;estil que se li vulgui donar a la finestra.<\/p>\n<p>&nbsp;<\/p>","protected":false},"excerpt":{"rendered":"<p>Finestra &nbsp; La idea d&#8217;un espai que respira es realitza principalment a trav\u00e8s de les finestres. La finestra d&#8217;alumini, finestra alumini-fusta, finestra fusta, finestres velux, els lluernaris,\u00a0 les claraboies i els sostres m\u00f2bils tamb\u00e9 s\u00f3n les principals entrades de llum natural als espais dels edificis. Finestres Velux: Lluernaris Velux: Lluernaris solatube: Claraboies Velux: Claraboies Circulars, [&hellip;]<\/p>\n","protected":false},"author":8979,"featured_media":0,"parent":664,"menu_order":0,"comment_status":"open","ping_status":"closed","template":"","meta":{"_monsterinsights_skip_tracking":false,"_monsterinsights_sitenote_active":false,"_monsterinsights_sitenote_note":"","_monsterinsights_sitenote_category":0,"ngg_post_thumbnail":0,"footnotes":""},"class_list":["post-1099","page","type-page","status-publish","hentry"],"yoast_head":"<!-- This site is optimized with the Yoast SEO plugin v27.3 - https:\/\/yoast.com\/product\/yoast-seo-wordpress\/ -->\n<title>Finestra - decomat<\/title>\n<meta name=\"robots\" content=\"index, follow, max-snippet:-1, max-image-preview:large, max-video-preview:-1\" \/>\n<link rel=\"canonical\" href=\"https:\/\/decomat.com\/fr\/materiales\/cerramiento\/ventana\/\" \/>\n<meta property=\"og:locale\" content=\"ca_ES\" \/>\n<meta property=\"og:type\" content=\"article\" \/>\n<meta property=\"og:title\" content=\"Finestra - decomat\" \/>\n<meta property=\"og:description\" content=\"Finestra &nbsp; La idea d&#8217;un espai que respira es realitza principalment a trav\u00e8s de les finestres. La finestra d&#8217;alumini, finestra alumini-fusta, finestra fusta, finestres velux, els lluernaris,\u00a0 les claraboies i els sostres m\u00f2bils tamb\u00e9 s\u00f3n les principals entrades de llum natural als espais dels edificis. Finestres Velux: Lluernaris Velux: Lluernaris solatube: Claraboies Velux: Claraboies Circulars, [&hellip;]\" \/>\n<meta property=\"og:url\" content=\"https:\/\/decomat.com\/fr\/materiales\/cerramiento\/ventana\/\" \/>\n<meta property=\"og:site_name\" content=\"decomat\" \/>\n<meta property=\"article:modified_time\" content=\"2012-11-08T17:38:28+00:00\" \/>\n<meta property=\"og:image\" content=\"https:\/\/decomat.com\/wp-content\/uploads\/2012\/04\/Pabellon_MiesVanDerRohe.jpg\" \/>\n\t<meta property=\"og:image:width\" content=\"250\" \/>\n\t<meta property=\"og:image:height\" content=\"147\" \/>\n\t<meta property=\"og:image:type\" content=\"image\/jpeg\" \/>\n<meta name=\"twitter:card\" content=\"summary_large_image\" \/>\n<meta name=\"twitter:label1\" content=\"Est. reading time\" \/>\n\t<meta name=\"twitter:data1\" content=\"2 minutes\" \/>\n<script type=\"application\/ld+json\" class=\"yoast-schema-graph\">{\"@context\":\"https:\\\/\\\/schema.org\",\"@graph\":[{\"@type\":\"WebPage\",\"@id\":\"https:\\\/\\\/decomat.com\\\/fr\\\/materiales\\\/cerramiento\\\/ventana\\\/\",\"url\":\"https:\\\/\\\/decomat.com\\\/fr\\\/materiales\\\/cerramiento\\\/ventana\\\/\",\"name\":\"Finestra - decomat\",\"isPartOf\":{\"@id\":\"https:\\\/\\\/decomat.com\\\/ca\\\/#website\"},\"primaryImageOfPage\":{\"@id\":\"https:\\\/\\\/decomat.com\\\/fr\\\/materiales\\\/cerramiento\\\/ventana\\\/#primaryimage\"},\"image\":{\"@id\":\"https:\\\/\\\/decomat.com\\\/fr\\\/materiales\\\/cerramiento\\\/ventana\\\/#primaryimage\"},\"thumbnailUrl\":\"https:\\\/\\\/www.decomat.com\\\/imatges\\\/decomat\\\/materials\\\/tancament\\\/finestra\\\/cat\\\/finestraveluxinteriorexterior.jpg\",\"datePublished\":\"2012-04-14T10:36:15+00:00\",\"dateModified\":\"2012-11-08T17:38:28+00:00\",\"breadcrumb\":{\"@id\":\"https:\\\/\\\/decomat.com\\\/fr\\\/materiales\\\/cerramiento\\\/ventana\\\/#breadcrumb\"},\"inLanguage\":\"ca-ES\",\"potentialAction\":[{\"@type\":\"ReadAction\",\"target\":[\"https:\\\/\\\/decomat.com\\\/fr\\\/materiales\\\/cerramiento\\\/ventana\\\/\"]}]},{\"@type\":\"ImageObject\",\"inLanguage\":\"ca-ES\",\"@id\":\"https:\\\/\\\/decomat.com\\\/fr\\\/materiales\\\/cerramiento\\\/ventana\\\/#primaryimage\",\"url\":\"https:\\\/\\\/www.decomat.com\\\/imatges\\\/decomat\\\/materials\\\/tancament\\\/finestra\\\/cat\\\/finestraveluxinteriorexterior.jpg\",\"contentUrl\":\"https:\\\/\\\/www.decomat.com\\\/imatges\\\/decomat\\\/materials\\\/tancament\\\/finestra\\\/cat\\\/finestraveluxinteriorexterior.jpg\"},{\"@type\":\"BreadcrumbList\",\"@id\":\"https:\\\/\\\/decomat.com\\\/fr\\\/materiales\\\/cerramiento\\\/ventana\\\/#breadcrumb\",\"itemListElement\":[{\"@type\":\"ListItem\",\"position\":1,\"name\":\"Portada\",\"item\":\"https:\\\/\\\/decomat.com\\\/ca\\\/\"},{\"@type\":\"ListItem\",\"position\":2,\"name\":\"Materials\",\"item\":\"https:\\\/\\\/decomat.com\\\/ca\\\/materiales\\\/\"},{\"@type\":\"ListItem\",\"position\":3,\"name\":\"Fermeture Cloison\",\"item\":\"https:\\\/\\\/decomat.com\\\/fr\\\/materiales\\\/cerramiento\\\/\"},{\"@type\":\"ListItem\",\"position\":4,\"name\":\"Fen\u00eatre\"}]},{\"@type\":\"WebSite\",\"@id\":\"https:\\\/\\\/decomat.com\\\/ca\\\/#website\",\"url\":\"https:\\\/\\\/decomat.com\\\/ca\\\/\",\"name\":\"decomat\",\"description\":\"Material decoraci\u00f3\",\"potentialAction\":[{\"@type\":\"SearchAction\",\"target\":{\"@type\":\"EntryPoint\",\"urlTemplate\":\"https:\\\/\\\/decomat.com\\\/ca\\\/?s={search_term_string}\"},\"query-input\":{\"@type\":\"PropertyValueSpecification\",\"valueRequired\":true,\"valueName\":\"search_term_string\"}}],\"inLanguage\":\"ca-ES\"}]}<\/script>\n<!-- \/ Yoast SEO plugin. -->","yoast_head_json":{"title":"Finestra - decomat","robots":{"index":"index","follow":"follow","max-snippet":"max-snippet:-1","max-image-preview":"max-image-preview:large","max-video-preview":"max-video-preview:-1"},"canonical":"https:\/\/decomat.com\/fr\/materiales\/cerramiento\/ventana\/","og_locale":"ca_ES","og_type":"article","og_title":"Finestra - decomat","og_description":"Finestra &nbsp; La idea d&#8217;un espai que respira es realitza principalment a trav\u00e8s de les finestres. La finestra d&#8217;alumini, finestra alumini-fusta, finestra fusta, finestres velux, els lluernaris,\u00a0 les claraboies i els sostres m\u00f2bils tamb\u00e9 s\u00f3n les principals entrades de llum natural als espais dels edificis. Finestres Velux: Lluernaris Velux: Lluernaris solatube: Claraboies Velux: Claraboies Circulars, [&hellip;]","og_url":"https:\/\/decomat.com\/fr\/materiales\/cerramiento\/ventana\/","og_site_name":"decomat","article_modified_time":"2012-11-08T17:38:28+00:00","og_image":[{"width":250,"height":147,"url":"https:\/\/decomat.com\/wp-content\/uploads\/2012\/04\/Pabellon_MiesVanDerRohe.jpg","type":"image\/jpeg"}],"twitter_card":"summary_large_image","twitter_misc":{"Est. reading time":"2 minutes"},"schema":{"@context":"https:\/\/schema.org","@graph":[{"@type":"WebPage","@id":"https:\/\/decomat.com\/fr\/materiales\/cerramiento\/ventana\/","url":"https:\/\/decomat.com\/fr\/materiales\/cerramiento\/ventana\/","name":"Finestra - decomat","isPartOf":{"@id":"https:\/\/decomat.com\/ca\/#website"},"primaryImageOfPage":{"@id":"https:\/\/decomat.com\/fr\/materiales\/cerramiento\/ventana\/#primaryimage"},"image":{"@id":"https:\/\/decomat.com\/fr\/materiales\/cerramiento\/ventana\/#primaryimage"},"thumbnailUrl":"https:\/\/www.decomat.com\/imatges\/decomat\/materials\/tancament\/finestra\/cat\/finestraveluxinteriorexterior.jpg","datePublished":"2012-04-14T10:36:15+00:00","dateModified":"2012-11-08T17:38:28+00:00","breadcrumb":{"@id":"https:\/\/decomat.com\/fr\/materiales\/cerramiento\/ventana\/#breadcrumb"},"inLanguage":"ca-ES","potentialAction":[{"@type":"ReadAction","target":["https:\/\/decomat.com\/fr\/materiales\/cerramiento\/ventana\/"]}]},{"@type":"ImageObject","inLanguage":"ca-ES","@id":"https:\/\/decomat.com\/fr\/materiales\/cerramiento\/ventana\/#primaryimage","url":"https:\/\/www.decomat.com\/imatges\/decomat\/materials\/tancament\/finestra\/cat\/finestraveluxinteriorexterior.jpg","contentUrl":"https:\/\/www.decomat.com\/imatges\/decomat\/materials\/tancament\/finestra\/cat\/finestraveluxinteriorexterior.jpg"},{"@type":"BreadcrumbList","@id":"https:\/\/decomat.com\/fr\/materiales\/cerramiento\/ventana\/#breadcrumb","itemListElement":[{"@type":"ListItem","position":1,"name":"Portada","item":"https:\/\/decomat.com\/ca\/"},{"@type":"ListItem","position":2,"name":"Materials","item":"https:\/\/decomat.com\/ca\/materiales\/"},{"@type":"ListItem","position":3,"name":"Fermeture Cloison","item":"https:\/\/decomat.com\/fr\/materiales\/cerramiento\/"},{"@type":"ListItem","position":4,"name":"Fen\u00eatre"}]},{"@type":"WebSite","@id":"https:\/\/decomat.com\/ca\/#website","url":"https:\/\/decomat.com\/ca\/","name":"decomat","description":"Material decoraci\u00f3","potentialAction":[{"@type":"SearchAction","target":{"@type":"EntryPoint","urlTemplate":"https:\/\/decomat.com\/ca\/?s={search_term_string}"},"query-input":{"@type":"PropertyValueSpecification","valueRequired":true,"valueName":"search_term_string"}}],"inLanguage":"ca-ES"}]}},"_links":{"self":[{"href":"https:\/\/decomat.com\/ca\/wp-json\/wp\/v2\/pages\/1099","targetHints":{"allow":["GET"]}}],"collection":[{"href":"https:\/\/decomat.com\/ca\/wp-json\/wp\/v2\/pages"}],"about":[{"href":"https:\/\/decomat.com\/ca\/wp-json\/wp\/v2\/types\/page"}],"author":[{"embeddable":true,"href":"https:\/\/decomat.com\/ca\/wp-json\/wp\/v2\/users\/8979"}],"replies":[{"embeddable":true,"href":"https:\/\/decomat.com\/ca\/wp-json\/wp\/v2\/comments?post=1099"}],"version-history":[{"count":64,"href":"https:\/\/decomat.com\/ca\/wp-json\/wp\/v2\/pages\/1099\/revisions"}],"predecessor-version":[{"id":4885,"href":"https:\/\/decomat.com\/ca\/wp-json\/wp\/v2\/pages\/1099\/revisions\/4885"}],"up":[{"embeddable":true,"href":"https:\/\/decomat.com\/ca\/wp-json\/wp\/v2\/pages\/664"}],"wp:attachment":[{"href":"https:\/\/decomat.com\/ca\/wp-json\/wp\/v2\/media?parent=1099"}],"curies":[{"name":"wp","href":"https:\/\/api.w.org\/{rel}","templated":true}]}}