{"id":1101,"date":"2012-04-14T10:37:06","date_gmt":"2012-04-14T10:37:06","guid":{"rendered":"http:\/\/www.decomat.com\/?page_id=1101"},"modified":"2012-11-12T00:03:06","modified_gmt":"2012-11-11T22:03:06","slug":"persiana","status":"publish","type":"page","link":"https:\/\/decomat.com\/ca\/materiales\/cerramiento\/persiana\/","title":{"rendered":"Persiana"},"content":{"rendered":"<p><\/p>\n<h1>Persiana<\/h1>\n<h2>Persianes segons tipus de caix\u00f3:<\/h2>\n<h3>Persianes amb caix\u00f3 d&#8217;obra:<\/h3>\n<h3>Persianes sense caix\u00f3 d&#8217;obra:<\/h3>\n<h2>Persianes segons moviment de la lama:<\/h2>\n<h3>Persianes de lames fixes<\/h3>\n<h3>Persianes de lames orientables<\/h3>\n<p>La lama pot realitzar els moviments de pujar, baixar i orientar-se o graduar-se regulant l\u2019entrada de llum . Tanca herm\u00e8ticament.<br \/>\nPersiana enrotllable d\u2019alumini lacada en una \u00e0mplia gamma de colors que es pot fabricar fins a 2,75 mts d\u2019ample.<br \/>\nPer altra banda aconseguim un bon a\u00efllament t\u00e8rmic i ac\u00fastic gr\u00e0cies a un s\u00f2lid perfil de doble paret que garanteix alhora un estalvi d\u2019energia.<br \/>\nS\u2019aconsella i s\u2019adapta a tot tipus de construccions gr\u00e0cies als models Super-Gradhermetic per integraci\u00f3 en caix\u00f3 d\u2019obra, Super-Bloc per al mercat de la renovaci\u00f3 a on no tenim caix\u00f3 de registre i Super-Complet per a \u00e9sser integrada amb un caix\u00f3 a sobre de la finestra.<\/p>\n<p>&nbsp;<\/p>\n<h2>Persianes segons material de la lama:<\/h2>\n<h3>Persianes amb lames d&#8217;alumini amb a\u00efllant (poliuret\u00e0 d&#8217;alta densitat) interior, lama t\u00e8rmica:<\/h3>\n<p>Son persianes molt lleugeres, no pesen, f\u00e0cils de pujar i baixar. Comodes i de qualitat.<br \/>\nPoden incorporar tot tipus d\u2019accionament; motor, cinta, cardan, molla i es poden realitzar en tot tipus de colors de la carta Ral i tamb\u00e9 imitaci\u00f3 fusta.<br \/>\nAl seu interior hi ha escuma de poliuret\u00e0 (resina sint\u00e8tica que s&#8217;obt\u00e9 mitjan\u00e7ant condensaci\u00f3 de poli\u00e8sters) com a a\u00efllant, que realitza la funci\u00f3 de protecci\u00f3 del fred a l&#8217;hivern i de les altres temperatures a l\u2019estiu.<\/p>\n<h3>Persianes amb lames d&#8217;alumini extursionat (de seguretat):<\/h3>\n<p>La lama d\u2019alumini C-40 i R-45, s\u00f3n\u00a0robustes i duresl i li donen a la persiana un tancament molt segur. Es poden acabar, tant amb lacat com amb anoditzat.<\/p>\n<h3>Persianes amb lames de pvc:<\/h3>\n<p>&nbsp;<\/p>","protected":false},"excerpt":{"rendered":"<p>Persiana Persianes segons tipus de caix\u00f3: Persianes amb caix\u00f3 d&#8217;obra: Persianes sense caix\u00f3 d&#8217;obra: Persianes segons moviment de la lama: Persianes de lames fixes Persianes de lames orientables La lama pot realitzar els moviments de pujar, baixar i orientar-se o graduar-se regulant l\u2019entrada de llum . Tanca herm\u00e8ticament. Persiana enrotllable d\u2019alumini lacada en una \u00e0mplia [&hellip;]<\/p>\n","protected":false},"author":8979,"featured_media":0,"parent":664,"menu_order":0,"comment_status":"open","ping_status":"closed","template":"","meta":{"_monsterinsights_skip_tracking":false,"_monsterinsights_sitenote_active":false,"_monsterinsights_sitenote_note":"","_monsterinsights_sitenote_category":0,"ngg_post_thumbnail":0,"footnotes":""},"class_list":["post-1101","page","type-page","status-publish","hentry"],"yoast_head":"<!-- This site is optimized with the Yoast SEO plugin v27.3 - https:\/\/yoast.com\/product\/yoast-seo-wordpress\/ -->\n<title>Persiana - decomat<\/title>\n<meta name=\"robots\" content=\"index, follow, max-snippet:-1, max-image-preview:large, max-video-preview:-1\" \/>\n<link rel=\"canonical\" href=\"https:\/\/decomat.com\/fr\/materiales\/cerramiento\/persiana\/\" \/>\n<meta property=\"og:locale\" content=\"ca_ES\" \/>\n<meta property=\"og:type\" content=\"article\" \/>\n<meta property=\"og:title\" content=\"Persiana - decomat\" \/>\n<meta property=\"og:description\" content=\"Persiana Persianes segons tipus de caix\u00f3: Persianes amb caix\u00f3 d&#8217;obra: Persianes sense caix\u00f3 d&#8217;obra: Persianes segons moviment de la lama: Persianes de lames fixes Persianes de lames orientables La lama pot realitzar els moviments de pujar, baixar i orientar-se o graduar-se regulant l\u2019entrada de llum . Tanca herm\u00e8ticament. Persiana enrotllable d\u2019alumini lacada en una \u00e0mplia [&hellip;]\" \/>\n<meta property=\"og:url\" content=\"https:\/\/decomat.com\/fr\/materiales\/cerramiento\/persiana\/\" \/>\n<meta property=\"og:site_name\" content=\"decomat\" \/>\n<meta property=\"article:modified_time\" content=\"2012-11-11T22:03:06+00:00\" \/>\n<meta name=\"twitter:card\" content=\"summary_large_image\" \/>\n<meta name=\"twitter:label1\" content=\"Est. reading time\" \/>\n\t<meta name=\"twitter:data1\" content=\"1 minute\" \/>\n<script type=\"application\/ld+json\" class=\"yoast-schema-graph\">{\"@context\":\"https:\\\/\\\/schema.org\",\"@graph\":[{\"@type\":\"WebPage\",\"@id\":\"https:\\\/\\\/decomat.com\\\/fr\\\/materiales\\\/cerramiento\\\/persiana\\\/\",\"url\":\"https:\\\/\\\/decomat.com\\\/fr\\\/materiales\\\/cerramiento\\\/persiana\\\/\",\"name\":\"Persiana - decomat\",\"isPartOf\":{\"@id\":\"https:\\\/\\\/decomat.com\\\/ca\\\/#website\"},\"datePublished\":\"2012-04-14T10:37:06+00:00\",\"dateModified\":\"2012-11-11T22:03:06+00:00\",\"breadcrumb\":{\"@id\":\"https:\\\/\\\/decomat.com\\\/fr\\\/materiales\\\/cerramiento\\\/persiana\\\/#breadcrumb\"},\"inLanguage\":\"ca-ES\",\"potentialAction\":[{\"@type\":\"ReadAction\",\"target\":[\"https:\\\/\\\/decomat.com\\\/fr\\\/materiales\\\/cerramiento\\\/persiana\\\/\"]}]},{\"@type\":\"BreadcrumbList\",\"@id\":\"https:\\\/\\\/decomat.com\\\/fr\\\/materiales\\\/cerramiento\\\/persiana\\\/#breadcrumb\",\"itemListElement\":[{\"@type\":\"ListItem\",\"position\":1,\"name\":\"Portada\",\"item\":\"https:\\\/\\\/decomat.com\\\/ca\\\/\"},{\"@type\":\"ListItem\",\"position\":2,\"name\":\"Materials\",\"item\":\"https:\\\/\\\/decomat.com\\\/ca\\\/materiales\\\/\"},{\"@type\":\"ListItem\",\"position\":3,\"name\":\"Fermeture Cloison\",\"item\":\"https:\\\/\\\/decomat.com\\\/fr\\\/materiales\\\/cerramiento\\\/\"},{\"@type\":\"ListItem\",\"position\":4,\"name\":\"Persienne\"}]},{\"@type\":\"WebSite\",\"@id\":\"https:\\\/\\\/decomat.com\\\/ca\\\/#website\",\"url\":\"https:\\\/\\\/decomat.com\\\/ca\\\/\",\"name\":\"decomat\",\"description\":\"Material decoraci\u00f3\",\"potentialAction\":[{\"@type\":\"SearchAction\",\"target\":{\"@type\":\"EntryPoint\",\"urlTemplate\":\"https:\\\/\\\/decomat.com\\\/ca\\\/?s={search_term_string}\"},\"query-input\":{\"@type\":\"PropertyValueSpecification\",\"valueRequired\":true,\"valueName\":\"search_term_string\"}}],\"inLanguage\":\"ca-ES\"}]}<\/script>\n<!-- \/ Yoast SEO plugin. -->","yoast_head_json":{"title":"Persiana - decomat","robots":{"index":"index","follow":"follow","max-snippet":"max-snippet:-1","max-image-preview":"max-image-preview:large","max-video-preview":"max-video-preview:-1"},"canonical":"https:\/\/decomat.com\/fr\/materiales\/cerramiento\/persiana\/","og_locale":"ca_ES","og_type":"article","og_title":"Persiana - decomat","og_description":"Persiana Persianes segons tipus de caix\u00f3: Persianes amb caix\u00f3 d&#8217;obra: Persianes sense caix\u00f3 d&#8217;obra: Persianes segons moviment de la lama: Persianes de lames fixes Persianes de lames orientables La lama pot realitzar els moviments de pujar, baixar i orientar-se o graduar-se regulant l\u2019entrada de llum . Tanca herm\u00e8ticament. Persiana enrotllable d\u2019alumini lacada en una \u00e0mplia [&hellip;]","og_url":"https:\/\/decomat.com\/fr\/materiales\/cerramiento\/persiana\/","og_site_name":"decomat","article_modified_time":"2012-11-11T22:03:06+00:00","twitter_card":"summary_large_image","twitter_misc":{"Est. reading time":"1 minute"},"schema":{"@context":"https:\/\/schema.org","@graph":[{"@type":"WebPage","@id":"https:\/\/decomat.com\/fr\/materiales\/cerramiento\/persiana\/","url":"https:\/\/decomat.com\/fr\/materiales\/cerramiento\/persiana\/","name":"Persiana - decomat","isPartOf":{"@id":"https:\/\/decomat.com\/ca\/#website"},"datePublished":"2012-04-14T10:37:06+00:00","dateModified":"2012-11-11T22:03:06+00:00","breadcrumb":{"@id":"https:\/\/decomat.com\/fr\/materiales\/cerramiento\/persiana\/#breadcrumb"},"inLanguage":"ca-ES","potentialAction":[{"@type":"ReadAction","target":["https:\/\/decomat.com\/fr\/materiales\/cerramiento\/persiana\/"]}]},{"@type":"BreadcrumbList","@id":"https:\/\/decomat.com\/fr\/materiales\/cerramiento\/persiana\/#breadcrumb","itemListElement":[{"@type":"ListItem","position":1,"name":"Portada","item":"https:\/\/decomat.com\/ca\/"},{"@type":"ListItem","position":2,"name":"Materials","item":"https:\/\/decomat.com\/ca\/materiales\/"},{"@type":"ListItem","position":3,"name":"Fermeture Cloison","item":"https:\/\/decomat.com\/fr\/materiales\/cerramiento\/"},{"@type":"ListItem","position":4,"name":"Persienne"}]},{"@type":"WebSite","@id":"https:\/\/decomat.com\/ca\/#website","url":"https:\/\/decomat.com\/ca\/","name":"decomat","description":"Material decoraci\u00f3","potentialAction":[{"@type":"SearchAction","target":{"@type":"EntryPoint","urlTemplate":"https:\/\/decomat.com\/ca\/?s={search_term_string}"},"query-input":{"@type":"PropertyValueSpecification","valueRequired":true,"valueName":"search_term_string"}}],"inLanguage":"ca-ES"}]}},"_links":{"self":[{"href":"https:\/\/decomat.com\/ca\/wp-json\/wp\/v2\/pages\/1101","targetHints":{"allow":["GET"]}}],"collection":[{"href":"https:\/\/decomat.com\/ca\/wp-json\/wp\/v2\/pages"}],"about":[{"href":"https:\/\/decomat.com\/ca\/wp-json\/wp\/v2\/types\/page"}],"author":[{"embeddable":true,"href":"https:\/\/decomat.com\/ca\/wp-json\/wp\/v2\/users\/8979"}],"replies":[{"embeddable":true,"href":"https:\/\/decomat.com\/ca\/wp-json\/wp\/v2\/comments?post=1101"}],"version-history":[{"count":7,"href":"https:\/\/decomat.com\/ca\/wp-json\/wp\/v2\/pages\/1101\/revisions"}],"predecessor-version":[{"id":1519,"href":"https:\/\/decomat.com\/ca\/wp-json\/wp\/v2\/pages\/1101\/revisions\/1519"}],"up":[{"embeddable":true,"href":"https:\/\/decomat.com\/ca\/wp-json\/wp\/v2\/pages\/664"}],"wp:attachment":[{"href":"https:\/\/decomat.com\/ca\/wp-json\/wp\/v2\/media?parent=1101"}],"curies":[{"name":"wp","href":"https:\/\/api.w.org\/{rel}","templated":true}]}}