{"id":1107,"date":"2012-04-14T10:39:20","date_gmt":"2012-04-14T10:39:20","guid":{"rendered":"http:\/\/www.decomat.com\/?page_id=1107"},"modified":"2012-11-17T14:47:30","modified_gmt":"2012-11-17T12:47:30","slug":"celosia","status":"publish","type":"page","link":"https:\/\/decomat.com\/ca\/materiales\/cerramiento\/celosia\/","title":{"rendered":"Gelosia"},"content":{"rendered":"<p><\/p>\n<h1>Gelosia<\/h1>\n<p>La Gelosia \u00e9s\u00a0un enreixat de llistons que es posa a una finestra, balc\u00f3\u00a0o altra tipus d&#8217;obertura,\u00a0darrera la qual\u00a0hom impedeix ser vist per\u00f2 permet veure i deixa penetrar la llum i l&#8217;aire.<\/p>\n<p>Normalment \u00e9s de\u00a0 fusta, per\u00f2 pot ser d&#8217;altres materials com fusta sint\u00e8tica, pl\u00e0stic pvc r\u00edgid, vidre, alumini, metall\u00a0o incl\u00fas de pedra o altres materials d&#8217;obra.<\/p>\n<h2>HERVENT:<\/h2>\n<p>Hervent \u00e9s una finestra\u00a0formada per lames horizontals de vidre. Hervent una finestra de m\u00f2duls basculants de tancament herm\u00e8tic; la totalitat dels m\u00f2duls s&#8217;obren cap al exterior per no envair l&#8217;espei interior, despla\u00e7ant constantment el seu eix de gir. El despla\u00e7ament dels punts de gir permet que quedi un espai per facilitar la neteja dels vidres.<br \/>\nEns aplicacions dom\u00e8stiques s&#8217;acostuma a posar en cuines i banys. En aplicacions industrials, empresarials i edificis p\u00fablics s&#8217;utilitza en lluernaris, murs cortina i ventilaci\u00f3 de locals.<br \/>\nPer tal de obtindre unes millors condicions d&#8217;a\u00efllament tant ac\u00fastic com t\u00e8rmic tamb\u00e9 es pot subministrar amb vidre de cambra.<br \/>\nPermet ventilar amb facilitat ja que s&#8217;obt\u00e8 una superficie de ventilaci\u00f3 gran sense envair l&#8217;espai interior.<\/p>\n<p>Tamb\u00e9 cada lama pot articular-se de forma que la part superior abati cap a dins, mentre que la part inferior ho fagi cap a fora. . Les lames encaixen amb un ribet de vinil extru\u00eft per tal que les lames ajustin herm\u00e8ticament.<\/p>\n<p>Les seves excel\u00b7lents condicions de hermeticitat, facilitat d&#8217;instal\u00b7laci\u00f3, adaptabilitat a qualsevol tipus d&#8217;obra, converteixen la Gelosia en un element important a tenir en compte a l&#8217;hora d&#8217;escollir materials i tancaments<\/p>\n<p>L&#8217;obertura de la finestra pot ser:<br \/>\nPivotant: que pivoten en un marc com\u00fa de forma simult\u00e0nia.<br \/>\nPracticable:<br \/>\nLliscant o cerredissa:<br \/>\nPivotant en L:<br \/>\nPivotant en V:<\/p>\n<p>L&#8217;accionament es pot realitzar amb comanament a dist\u00e0nica el\u00e8ctric o manual<\/p>\n<p>&nbsp;<\/p>\n<h2>ALUCELEX:<\/h2>\n<p>La gelosia Alucelex ha estat estudiada i concebuda per assolir els objectius d&#8217;ombra, llum i visibilitat. L&#8217;ample de les lames \u00e9s de 140 mm.<\/p>\n<p>Les lames es poden colocar en sentit horitzontal o vertical, amb els corresponents dispositius d&#8217;accionament, b\u00e9 siguin manuals sobre l&#8217;element o a dist\u00e0ncia per poder ser accionat des de l&#8217;interior, de forma manual o a motor el\u00e8ctric.<\/p>\n<p>Les ventatges de la gelosia Alucelex:<br \/>\n&#8211;\u00a0 evita la colocaci\u00f3 de refor\u00e7aments an amples que ho precisen.<br \/>\n&#8211;  registent.<br \/>\n&#8211;  duradera davant inclem\u00e8ncies temps.<br \/>\n&#8211;  possibilitat ilimitada de colors<\/p>\n<p>Es subministra en 4 colors RAL (blanc, gris anoditzat, RAL 7031 i 1015)<\/p>","protected":false},"excerpt":{"rendered":"<p>Gelosia La Gelosia \u00e9s\u00a0un enreixat de llistons que es posa a una finestra, balc\u00f3\u00a0o altra tipus d&#8217;obertura,\u00a0darrera la qual\u00a0hom impedeix ser vist per\u00f2 permet veure i deixa penetrar la llum i l&#8217;aire. Normalment \u00e9s de\u00a0 fusta, per\u00f2 pot ser d&#8217;altres materials com fusta sint\u00e8tica, pl\u00e0stic pvc r\u00edgid, vidre, alumini, metall\u00a0o incl\u00fas de pedra o altres [&hellip;]<\/p>\n","protected":false},"author":8979,"featured_media":0,"parent":664,"menu_order":0,"comment_status":"open","ping_status":"closed","template":"","meta":{"_monsterinsights_skip_tracking":false,"_monsterinsights_sitenote_active":false,"_monsterinsights_sitenote_note":"","_monsterinsights_sitenote_category":0,"ngg_post_thumbnail":0,"footnotes":""},"class_list":["post-1107","page","type-page","status-publish","hentry"],"yoast_head":"<!-- This site is optimized with the Yoast SEO plugin v27.3 - https:\/\/yoast.com\/product\/yoast-seo-wordpress\/ -->\n<title>Gelosia - decomat<\/title>\n<meta name=\"robots\" content=\"index, follow, max-snippet:-1, max-image-preview:large, max-video-preview:-1\" \/>\n<link rel=\"canonical\" href=\"https:\/\/decomat.com\/fr\/materiales\/cerramiento\/celosia\/\" \/>\n<meta property=\"og:locale\" content=\"ca_ES\" \/>\n<meta property=\"og:type\" content=\"article\" \/>\n<meta property=\"og:title\" content=\"Gelosia - decomat\" \/>\n<meta property=\"og:description\" content=\"Gelosia La Gelosia \u00e9s\u00a0un enreixat de llistons que es posa a una finestra, balc\u00f3\u00a0o altra tipus d&#8217;obertura,\u00a0darrera la qual\u00a0hom impedeix ser vist per\u00f2 permet veure i deixa penetrar la llum i l&#8217;aire. Normalment \u00e9s de\u00a0 fusta, per\u00f2 pot ser d&#8217;altres materials com fusta sint\u00e8tica, pl\u00e0stic pvc r\u00edgid, vidre, alumini, metall\u00a0o incl\u00fas de pedra o altres [&hellip;]\" \/>\n<meta property=\"og:url\" content=\"https:\/\/decomat.com\/fr\/materiales\/cerramiento\/celosia\/\" \/>\n<meta property=\"og:site_name\" content=\"decomat\" \/>\n<meta property=\"article:modified_time\" content=\"2012-11-17T12:47:30+00:00\" \/>\n<meta name=\"twitter:card\" content=\"summary_large_image\" \/>\n<meta name=\"twitter:label1\" content=\"Est. reading time\" \/>\n\t<meta name=\"twitter:data1\" content=\"2 minutes\" \/>\n<script type=\"application\/ld+json\" class=\"yoast-schema-graph\">{\"@context\":\"https:\\\/\\\/schema.org\",\"@graph\":[{\"@type\":\"WebPage\",\"@id\":\"https:\\\/\\\/decomat.com\\\/fr\\\/materiales\\\/cerramiento\\\/celosia\\\/\",\"url\":\"https:\\\/\\\/decomat.com\\\/fr\\\/materiales\\\/cerramiento\\\/celosia\\\/\",\"name\":\"Gelosia - decomat\",\"isPartOf\":{\"@id\":\"https:\\\/\\\/decomat.com\\\/ca\\\/#website\"},\"datePublished\":\"2012-04-14T10:39:20+00:00\",\"dateModified\":\"2012-11-17T12:47:30+00:00\",\"breadcrumb\":{\"@id\":\"https:\\\/\\\/decomat.com\\\/fr\\\/materiales\\\/cerramiento\\\/celosia\\\/#breadcrumb\"},\"inLanguage\":\"ca-ES\",\"potentialAction\":[{\"@type\":\"ReadAction\",\"target\":[\"https:\\\/\\\/decomat.com\\\/fr\\\/materiales\\\/cerramiento\\\/celosia\\\/\"]}]},{\"@type\":\"BreadcrumbList\",\"@id\":\"https:\\\/\\\/decomat.com\\\/fr\\\/materiales\\\/cerramiento\\\/celosia\\\/#breadcrumb\",\"itemListElement\":[{\"@type\":\"ListItem\",\"position\":1,\"name\":\"Portada\",\"item\":\"https:\\\/\\\/decomat.com\\\/ca\\\/\"},{\"@type\":\"ListItem\",\"position\":2,\"name\":\"Materials\",\"item\":\"https:\\\/\\\/decomat.com\\\/ca\\\/materiales\\\/\"},{\"@type\":\"ListItem\",\"position\":3,\"name\":\"Fermeture Cloison\",\"item\":\"https:\\\/\\\/decomat.com\\\/fr\\\/materiales\\\/cerramiento\\\/\"},{\"@type\":\"ListItem\",\"position\":4,\"name\":\"Jalouise\"}]},{\"@type\":\"WebSite\",\"@id\":\"https:\\\/\\\/decomat.com\\\/ca\\\/#website\",\"url\":\"https:\\\/\\\/decomat.com\\\/ca\\\/\",\"name\":\"decomat\",\"description\":\"Material decoraci\u00f3\",\"potentialAction\":[{\"@type\":\"SearchAction\",\"target\":{\"@type\":\"EntryPoint\",\"urlTemplate\":\"https:\\\/\\\/decomat.com\\\/ca\\\/?s={search_term_string}\"},\"query-input\":{\"@type\":\"PropertyValueSpecification\",\"valueRequired\":true,\"valueName\":\"search_term_string\"}}],\"inLanguage\":\"ca-ES\"}]}<\/script>\n<!-- \/ Yoast SEO plugin. -->","yoast_head_json":{"title":"Gelosia - decomat","robots":{"index":"index","follow":"follow","max-snippet":"max-snippet:-1","max-image-preview":"max-image-preview:large","max-video-preview":"max-video-preview:-1"},"canonical":"https:\/\/decomat.com\/fr\/materiales\/cerramiento\/celosia\/","og_locale":"ca_ES","og_type":"article","og_title":"Gelosia - decomat","og_description":"Gelosia La Gelosia \u00e9s\u00a0un enreixat de llistons que es posa a una finestra, balc\u00f3\u00a0o altra tipus d&#8217;obertura,\u00a0darrera la qual\u00a0hom impedeix ser vist per\u00f2 permet veure i deixa penetrar la llum i l&#8217;aire. Normalment \u00e9s de\u00a0 fusta, per\u00f2 pot ser d&#8217;altres materials com fusta sint\u00e8tica, pl\u00e0stic pvc r\u00edgid, vidre, alumini, metall\u00a0o incl\u00fas de pedra o altres [&hellip;]","og_url":"https:\/\/decomat.com\/fr\/materiales\/cerramiento\/celosia\/","og_site_name":"decomat","article_modified_time":"2012-11-17T12:47:30+00:00","twitter_card":"summary_large_image","twitter_misc":{"Est. reading time":"2 minutes"},"schema":{"@context":"https:\/\/schema.org","@graph":[{"@type":"WebPage","@id":"https:\/\/decomat.com\/fr\/materiales\/cerramiento\/celosia\/","url":"https:\/\/decomat.com\/fr\/materiales\/cerramiento\/celosia\/","name":"Gelosia - decomat","isPartOf":{"@id":"https:\/\/decomat.com\/ca\/#website"},"datePublished":"2012-04-14T10:39:20+00:00","dateModified":"2012-11-17T12:47:30+00:00","breadcrumb":{"@id":"https:\/\/decomat.com\/fr\/materiales\/cerramiento\/celosia\/#breadcrumb"},"inLanguage":"ca-ES","potentialAction":[{"@type":"ReadAction","target":["https:\/\/decomat.com\/fr\/materiales\/cerramiento\/celosia\/"]}]},{"@type":"BreadcrumbList","@id":"https:\/\/decomat.com\/fr\/materiales\/cerramiento\/celosia\/#breadcrumb","itemListElement":[{"@type":"ListItem","position":1,"name":"Portada","item":"https:\/\/decomat.com\/ca\/"},{"@type":"ListItem","position":2,"name":"Materials","item":"https:\/\/decomat.com\/ca\/materiales\/"},{"@type":"ListItem","position":3,"name":"Fermeture Cloison","item":"https:\/\/decomat.com\/fr\/materiales\/cerramiento\/"},{"@type":"ListItem","position":4,"name":"Jalouise"}]},{"@type":"WebSite","@id":"https:\/\/decomat.com\/ca\/#website","url":"https:\/\/decomat.com\/ca\/","name":"decomat","description":"Material decoraci\u00f3","potentialAction":[{"@type":"SearchAction","target":{"@type":"EntryPoint","urlTemplate":"https:\/\/decomat.com\/ca\/?s={search_term_string}"},"query-input":{"@type":"PropertyValueSpecification","valueRequired":true,"valueName":"search_term_string"}}],"inLanguage":"ca-ES"}]}},"_links":{"self":[{"href":"https:\/\/decomat.com\/ca\/wp-json\/wp\/v2\/pages\/1107","targetHints":{"allow":["GET"]}}],"collection":[{"href":"https:\/\/decomat.com\/ca\/wp-json\/wp\/v2\/pages"}],"about":[{"href":"https:\/\/decomat.com\/ca\/wp-json\/wp\/v2\/types\/page"}],"author":[{"embeddable":true,"href":"https:\/\/decomat.com\/ca\/wp-json\/wp\/v2\/users\/8979"}],"replies":[{"embeddable":true,"href":"https:\/\/decomat.com\/ca\/wp-json\/wp\/v2\/comments?post=1107"}],"version-history":[{"count":15,"href":"https:\/\/decomat.com\/ca\/wp-json\/wp\/v2\/pages\/1107\/revisions"}],"predecessor-version":[{"id":4902,"href":"https:\/\/decomat.com\/ca\/wp-json\/wp\/v2\/pages\/1107\/revisions\/4902"}],"up":[{"embeddable":true,"href":"https:\/\/decomat.com\/ca\/wp-json\/wp\/v2\/pages\/664"}],"wp:attachment":[{"href":"https:\/\/decomat.com\/ca\/wp-json\/wp\/v2\/media?parent=1107"}],"curies":[{"name":"wp","href":"https:\/\/api.w.org\/{rel}","templated":true}]}}