{"id":1109,"date":"2012-04-14T10:43:14","date_gmt":"2012-04-14T10:43:14","guid":{"rendered":"http:\/\/www.decomat.com\/?page_id=1109"},"modified":"2012-11-02T21:50:52","modified_gmt":"2012-11-02T19:50:52","slug":"tipos-de-cortinas","status":"publish","type":"page","link":"https:\/\/decomat.com\/ca\/materiales\/cortina-toldo\/tipos-de-cortinas\/","title":{"rendered":"Tipus de Cortines"},"content":{"rendered":"<p><\/p>\n<h1>Tipus de cortines<\/h1>\n<p>En funci\u00f3 de:<\/p>\n<ul>\n<li>la situaci\u00f3 en l&#8217;habitatge de la cortina ( cortines d&#8217;interior o cortines d&#8217;exterior)<\/li>\n<li>tipus de mecanisme de la cortina (cortina enrrotllable, cortina plisada, cortina stor plegable, cortina de lames verticals, cortina panell japon\u00e8s, cortines tradicionals de confecci\u00f3, cortinatges, cortina veneciana)<\/li>\n<li>tipus de teixit de la cortina (cortines teixit ign\u00edfug, cortines teixit screen)\n<\/li>\n<li>la funci\u00f3 de la cortina (cortines per privar pas de mosquits (mosquitera), cortines per controlar la llum, cortines per controlar l&#8217;escalfor control solar)\n<\/li>\n<\/ul>\n<p><\/p>","protected":false},"excerpt":{"rendered":"<p>Tipus de cortines En funci\u00f3 de: la situaci\u00f3 en l&#8217;habitatge de la cortina ( cortines d&#8217;interior o cortines d&#8217;exterior) tipus de mecanisme de la cortina (cortina enrrotllable, cortina plisada, cortina stor plegable, cortina de lames verticals, cortina panell japon\u00e8s, cortines tradicionals de confecci\u00f3, cortinatges, cortina veneciana) tipus de teixit de la cortina (cortines teixit ign\u00edfug, [&hellip;]<\/p>\n","protected":false},"author":8979,"featured_media":0,"parent":1000,"menu_order":0,"comment_status":"open","ping_status":"closed","template":"page-PageTemplate9.php","meta":{"_monsterinsights_skip_tracking":false,"_monsterinsights_sitenote_active":false,"_monsterinsights_sitenote_note":"","_monsterinsights_sitenote_category":0,"ngg_post_thumbnail":0,"footnotes":""},"class_list":["post-1109","page","type-page","status-publish","hentry"],"yoast_head":"<!-- This site is optimized with the Yoast SEO plugin v27.3 - https:\/\/yoast.com\/product\/yoast-seo-wordpress\/ -->\n<title>Tipus de Cortines - decomat<\/title>\n<meta name=\"robots\" content=\"index, follow, max-snippet:-1, max-image-preview:large, max-video-preview:-1\" \/>\n<link rel=\"canonical\" href=\"https:\/\/decomat.com\/es\/materiales\/cortina-toldo\/tipos-de-cortinas\/\" \/>\n<meta property=\"og:locale\" content=\"ca_ES\" \/>\n<meta property=\"og:type\" content=\"article\" \/>\n<meta property=\"og:title\" content=\"Tipus de Cortines - decomat\" \/>\n<meta property=\"og:description\" content=\"Tipus de cortines En funci\u00f3 de: la situaci\u00f3 en l&#8217;habitatge de la cortina ( cortines d&#8217;interior o cortines d&#8217;exterior) tipus de mecanisme de la cortina (cortina enrrotllable, cortina plisada, cortina stor plegable, cortina de lames verticals, cortina panell japon\u00e8s, cortines tradicionals de confecci\u00f3, cortinatges, cortina veneciana) tipus de teixit de la cortina (cortines teixit ign\u00edfug, [&hellip;]\" \/>\n<meta property=\"og:url\" content=\"https:\/\/decomat.com\/es\/materiales\/cortina-toldo\/tipos-de-cortinas\/\" \/>\n<meta property=\"og:site_name\" content=\"decomat\" \/>\n<meta property=\"article:modified_time\" content=\"2012-11-02T19:50:52+00:00\" \/>\n<meta name=\"twitter:card\" content=\"summary_large_image\" \/>\n<script type=\"application\/ld+json\" class=\"yoast-schema-graph\">{\"@context\":\"https:\\\/\\\/schema.org\",\"@graph\":[{\"@type\":\"WebPage\",\"@id\":\"https:\\\/\\\/decomat.com\\\/es\\\/materiales\\\/cortina-toldo\\\/tipos-de-cortinas\\\/\",\"url\":\"https:\\\/\\\/decomat.com\\\/es\\\/materiales\\\/cortina-toldo\\\/tipos-de-cortinas\\\/\",\"name\":\"Tipus de Cortines - decomat\",\"isPartOf\":{\"@id\":\"https:\\\/\\\/decomat.com\\\/ca\\\/#website\"},\"datePublished\":\"2012-04-14T10:43:14+00:00\",\"dateModified\":\"2012-11-02T19:50:52+00:00\",\"breadcrumb\":{\"@id\":\"https:\\\/\\\/decomat.com\\\/es\\\/materiales\\\/cortina-toldo\\\/tipos-de-cortinas\\\/#breadcrumb\"},\"inLanguage\":\"ca-ES\",\"potentialAction\":[{\"@type\":\"ReadAction\",\"target\":[\"https:\\\/\\\/decomat.com\\\/es\\\/materiales\\\/cortina-toldo\\\/tipos-de-cortinas\\\/\"]}]},{\"@type\":\"BreadcrumbList\",\"@id\":\"https:\\\/\\\/decomat.com\\\/es\\\/materiales\\\/cortina-toldo\\\/tipos-de-cortinas\\\/#breadcrumb\",\"itemListElement\":[{\"@type\":\"ListItem\",\"position\":1,\"name\":\"Portada\",\"item\":\"https:\\\/\\\/decomat.com\\\/ca\\\/\"},{\"@type\":\"ListItem\",\"position\":2,\"name\":\"Materials\",\"item\":\"https:\\\/\\\/decomat.com\\\/ca\\\/materiales\\\/\"},{\"@type\":\"ListItem\",\"position\":3,\"name\":\"Cortina \\\/ toldo\",\"item\":\"https:\\\/\\\/decomat.com\\\/es\\\/materiales\\\/cortina-toldo\\\/\"},{\"@type\":\"ListItem\",\"position\":4,\"name\":\"Tipos de Cortinas\"}]},{\"@type\":\"WebSite\",\"@id\":\"https:\\\/\\\/decomat.com\\\/ca\\\/#website\",\"url\":\"https:\\\/\\\/decomat.com\\\/ca\\\/\",\"name\":\"decomat\",\"description\":\"Material decoraci\u00f3\",\"potentialAction\":[{\"@type\":\"SearchAction\",\"target\":{\"@type\":\"EntryPoint\",\"urlTemplate\":\"https:\\\/\\\/decomat.com\\\/ca\\\/?s={search_term_string}\"},\"query-input\":{\"@type\":\"PropertyValueSpecification\",\"valueRequired\":true,\"valueName\":\"search_term_string\"}}],\"inLanguage\":\"ca-ES\"}]}<\/script>\n<!-- \/ Yoast SEO plugin. -->","yoast_head_json":{"title":"Tipus de Cortines - decomat","robots":{"index":"index","follow":"follow","max-snippet":"max-snippet:-1","max-image-preview":"max-image-preview:large","max-video-preview":"max-video-preview:-1"},"canonical":"https:\/\/decomat.com\/es\/materiales\/cortina-toldo\/tipos-de-cortinas\/","og_locale":"ca_ES","og_type":"article","og_title":"Tipus de Cortines - decomat","og_description":"Tipus de cortines En funci\u00f3 de: la situaci\u00f3 en l&#8217;habitatge de la cortina ( cortines d&#8217;interior o cortines d&#8217;exterior) tipus de mecanisme de la cortina (cortina enrrotllable, cortina plisada, cortina stor plegable, cortina de lames verticals, cortina panell japon\u00e8s, cortines tradicionals de confecci\u00f3, cortinatges, cortina veneciana) tipus de teixit de la cortina (cortines teixit ign\u00edfug, [&hellip;]","og_url":"https:\/\/decomat.com\/es\/materiales\/cortina-toldo\/tipos-de-cortinas\/","og_site_name":"decomat","article_modified_time":"2012-11-02T19:50:52+00:00","twitter_card":"summary_large_image","schema":{"@context":"https:\/\/schema.org","@graph":[{"@type":"WebPage","@id":"https:\/\/decomat.com\/es\/materiales\/cortina-toldo\/tipos-de-cortinas\/","url":"https:\/\/decomat.com\/es\/materiales\/cortina-toldo\/tipos-de-cortinas\/","name":"Tipus de Cortines - decomat","isPartOf":{"@id":"https:\/\/decomat.com\/ca\/#website"},"datePublished":"2012-04-14T10:43:14+00:00","dateModified":"2012-11-02T19:50:52+00:00","breadcrumb":{"@id":"https:\/\/decomat.com\/es\/materiales\/cortina-toldo\/tipos-de-cortinas\/#breadcrumb"},"inLanguage":"ca-ES","potentialAction":[{"@type":"ReadAction","target":["https:\/\/decomat.com\/es\/materiales\/cortina-toldo\/tipos-de-cortinas\/"]}]},{"@type":"BreadcrumbList","@id":"https:\/\/decomat.com\/es\/materiales\/cortina-toldo\/tipos-de-cortinas\/#breadcrumb","itemListElement":[{"@type":"ListItem","position":1,"name":"Portada","item":"https:\/\/decomat.com\/ca\/"},{"@type":"ListItem","position":2,"name":"Materials","item":"https:\/\/decomat.com\/ca\/materiales\/"},{"@type":"ListItem","position":3,"name":"Cortina \/ toldo","item":"https:\/\/decomat.com\/es\/materiales\/cortina-toldo\/"},{"@type":"ListItem","position":4,"name":"Tipos de Cortinas"}]},{"@type":"WebSite","@id":"https:\/\/decomat.com\/ca\/#website","url":"https:\/\/decomat.com\/ca\/","name":"decomat","description":"Material decoraci\u00f3","potentialAction":[{"@type":"SearchAction","target":{"@type":"EntryPoint","urlTemplate":"https:\/\/decomat.com\/ca\/?s={search_term_string}"},"query-input":{"@type":"PropertyValueSpecification","valueRequired":true,"valueName":"search_term_string"}}],"inLanguage":"ca-ES"}]}},"_links":{"self":[{"href":"https:\/\/decomat.com\/ca\/wp-json\/wp\/v2\/pages\/1109","targetHints":{"allow":["GET"]}}],"collection":[{"href":"https:\/\/decomat.com\/ca\/wp-json\/wp\/v2\/pages"}],"about":[{"href":"https:\/\/decomat.com\/ca\/wp-json\/wp\/v2\/types\/page"}],"author":[{"embeddable":true,"href":"https:\/\/decomat.com\/ca\/wp-json\/wp\/v2\/users\/8979"}],"replies":[{"embeddable":true,"href":"https:\/\/decomat.com\/ca\/wp-json\/wp\/v2\/comments?post=1109"}],"version-history":[{"count":9,"href":"https:\/\/decomat.com\/ca\/wp-json\/wp\/v2\/pages\/1109\/revisions"}],"predecessor-version":[{"id":4469,"href":"https:\/\/decomat.com\/ca\/wp-json\/wp\/v2\/pages\/1109\/revisions\/4469"}],"up":[{"embeddable":true,"href":"https:\/\/decomat.com\/ca\/wp-json\/wp\/v2\/pages\/1000"}],"wp:attachment":[{"href":"https:\/\/decomat.com\/ca\/wp-json\/wp\/v2\/media?parent=1109"}],"curies":[{"name":"wp","href":"https:\/\/api.w.org\/{rel}","templated":true}]}}