{"id":1150,"date":"2012-04-14T11:29:37","date_gmt":"2012-04-14T11:29:37","guid":{"rendered":"http:\/\/www.decomat.com\/?page_id=1150"},"modified":"2012-11-08T13:21:58","modified_gmt":"2012-11-08T11:21:58","slug":"toldo","status":"publish","type":"page","link":"https:\/\/decomat.com\/ca\/materiales\/cortina-toldo\/toldo\/","title":{"rendered":"Tendal"},"content":{"rendered":"<p><\/p>\n<h1>Tendal<\/h1>\n<p>Qualsevol soluci\u00f3 en protecci\u00f3 solar amb <strong>tendal<\/strong>.<\/p>\n<p>La protecci\u00f3 solar \u00e9s una de les principals funcions dels tendals, ja que garanteixen un estalvi enereg\u00e8tic i econ\u00f2mic. Tamb\u00e9 donen privacitat, comoditat i decoren ambients on s&#8217;ubiquen.<\/p>\n<p>Estudiem i assesorem per tal que el seu tendal s&#8217;ajusti a les necessitats i funcionalitats desitjades. Segons mecanisme dels <strong>tendals<\/strong> i segons situaci\u00f3 en l&#8217;edifici\u00a0 del tendal<\/p>\n<p>&nbsp;<\/p>\n<h2>Segons situaci\u00f3 en l&#8217;edifici del tendal:<\/h2>\n<p>Ja sigui un espai l\u00fadic, zones de fumadors, instal\u00b7lacions esportives, oci, patis, terrasses, balcons, finestres .. que s\u00f3n alguns dels exemples en que pot ser necessaria una protecci\u00f3 solar amb tendals.<\/p>\n<p>&nbsp;<\/p>\n<h2>Segons el mecanisme del tendal:<\/h2>\n<ul>\n<li>Tendal bra\u00e7os invisibles: amb cofre, sense cofre, amb semi cofre, monobloc&#8230;<\/li>\n<li>Tendal bra\u00e7os articulats:<\/li>\n<li>Tendal bra\u00e7os de punt recte: tensi\u00f3, retro, antique, steelox&#8230;<\/li>\n<li>Tendal vertical estor o tel\u00f3: store, paravent, paravent transparent, &#8230;<\/li>\n<li>Tendal pla, corred\u00eds mar\u00ed, p\u00e8rgola o marquesina: entre parets, a paret, porteria,\u00a0 glorieta, p\u00e8rgola de fusta, corred\u00eds pla, corred\u00eds de baines o mar\u00ed&#8230;<\/li>\n<li>Tendal tensat (amb guies cables): veranda lux, antivent lux<\/li>\n<li>Parasols<\/li>\n<\/ul>\n<p>&nbsp;<\/p>\n<h2>Teixits dels tendals<\/h2>\n<p>La protecci\u00f3 solar amb tendal no est\u00e0 renyida amb la decoraci\u00f3. Gr\u00e0cies als materials dels <strong>teixits dels tendals<\/strong> (teixits t\u00e8cnics i trasl\u00facids, teixits screen, soltis, acr\u00edlic, sunworker per tendals, perfileria en diferents colors, etc),\u00a0 que permeten gran pres\u00e8ncia tant en fa\u00e7ana com en acabats interiors el tendals es poden integrar perfectament a l&#8217;est\u00e8tica desitjada.<br \/>\nEls <strong>teixits per tendal acr\u00edlics<\/strong>: s\u00f3n teixits amb una gran gamma de colors, el sistema de tenyit fa que la degradaci\u00f3 del color per efecte del sol estigui garantida per un periode de cinc anys amb una normal exposici\u00f3 a la intemp\u00e8rie.\u00a0 Hi ha una varietat de teixits acr\u00edlics que estan recoberts amb teflon. Les caracter\u00edstiques t\u00e8cniques d&#8217;aquest teixit acr\u00edlic per a tendal s\u00f3n:<\/p>\n<ul>\n<li>Pes: 300 gr\/m2 (aprox).<\/li>\n<li>Ample tela habitual: 120 cm.<\/li>\n<li>Gran gamma de colors i estampats.<\/li>\n<li>Tractament contra algues i fongs.<\/li>\n<\/ul>\n<p>Els <strong>teixits per tendal sunworker<\/strong>: s\u00f3n teixits microperforats d&#8217;alta regist\u00e8ncia (m\u00e8tode Rachel Trameur) amb un gamma de colors no molt extensa. Les caracter\u00edstiques t\u00e8cniques d&#8217;aquest teixit sunworker per a tendal s\u00f3n:<\/p>\n<ul>\n<li>Pes: 350 gr\/m2 (aprox).<\/li>\n<li>Ample tela habitual: 300 cm.<\/li>\n<li>Gamma de colors sense estampats, opci\u00f3 opacitat.<\/li>\n<li>Regist\u00e8ncia al foc M1\/M2.<\/li>\n<li>Rebuig escalfor fins a un 94%.<\/li>\n<\/ul>\n<p>Els <strong>teixits per tendal screen<\/strong>(fils de fibra de vidre): s\u00f3n teixits microperforats d&#8217;alta regist\u00e8ncia amb un gamma de colors no molt extensa. Les caracter\u00edstiques t\u00e8cniques d&#8217;aquest teixit screen per a tendal s\u00f3n:<\/p>\n<ul>\n<li>pes: 300 gr\/m3 (aprox).<\/li>\n<li>ample tela habitual:<\/li>\n<li>gamma de colors sesne estampats, opci\u00f3 opacitat.<\/li>\n<li>Regist\u00e8ncia al foc.<\/li>\n<li>Rebuig escalfor fins a un 94%.<\/li>\n<\/ul>\n<p>Els <strong>teixits per tendal soltis<\/strong> (fils de poli\u00e8ster): s\u00f3n teixits microperforats d&#8217;alta regist\u00e8ncia (m\u00e8tode patentat Pr\u00e9contrait Ferrari) amb un gamma de colors no molt extensa. Hi ha dues gammer el Soltis 96 i soltis Air (100 Km\/h). Les caracter\u00edstiques t\u00e8cniques d&#8217;aquest teixit soltis per a tendal s\u00f3n:<\/p>\n<ul>\n<li>Pes: 400 gr\/m2 (aprox).<\/li>\n<li>Ample tela habitual: 267 cm<\/li>\n<li>16 colors sense estampats.<\/li>\n<li>Regist\u00e8ncia al foc M2.<\/li>\n<li>Rebutja l&#8217;aigua, hidr\u00f2fug: no deixa penetrar l&#8217;aigua a l&#8217;interior de les seves fibres.<\/li>\n<li>Regist\u00e8ncia a vents forts.<\/li>\n<li>Regist\u00e8ncia a l&#8217;aigua gelada: el teixit soltis es conserva flexible fins i tot a baixa temperatura.<\/li>\n<li>Rebuig escalfor fins a un 95% dels rajos UVA i UVB.<\/li>\n<li>F\u00e0cil manteniment: la brut\u00edcia s&#8217;hi adhereix molt poc.<\/li>\n<li>Es pot enrrotllar humit gr\u00e0cies a les microperforacions.<\/li>\n<li>Tecnologia Texyloop destinada al reciclatge dels compostos t\u00e8xtils de pvc.<\/li>\n<li>ISO 9001<\/li>\n<\/ul>\n<p>Les microperforacions en teixit per tendal sunworker, screen i soltis permeten que l&#8217;aire circuli a trav\u00e8s de la tela i no hi ha sensaci\u00f3 de xafogor sota els tendals.<\/p>\n<p>&nbsp;<\/p>\n<h2>Comanaments, accesoris i motoritzaci\u00f3 tendals:<\/h2>\n<p>La protecci\u00f3 solar amb tendals tampoc est\u00e0 renyida amb la comoditat del tendal, \u00e9s per aix\u00f2 que tenim en compte la zona a cobrir, el sentit del sol, si les opcions d&#8217;instal\u00b7laci\u00f3 s\u00f3n optimes i la maniobralitat (per a persones ancianes, amb mobilitat redu\u00efda o per a punts de dif\u00edcil acc\u00e8s) del nostre mecanisme afegint-hi accesoris com l&#8217;automatitzaci\u00f3.<\/p>\n<p>Junt amb l&#8217;automatitzaci\u00f3 dels tendals i com a accesoris que apart de donar-nos comoditat tamb\u00e9 ajuden a la durabilitat dels teixits podem incorporar al tendal sensors de pluja, sensors o detectors de vent, sensors de sol, sensors de pres\u00e8ncia, programador horari, dom\u00f2tica, etc.<\/p>\n<p>&nbsp;<\/p>\n<h2>Homologacions tendals:<\/h2>\n<p>Les homologacions dels tendals es regeixen per estudis de regist\u00e8ncia al vent (classe 1 28 Km\/h, classe 2 38 Km\/h, classe 3 48 Km\/h) pes, dimensions, etc. Aix\u00ed existeixen diferents homologacions com CE, TUV, GOLD, ISO.<\/p>\n<p>&nbsp;<\/p>\n<p>&nbsp;<\/p>","protected":false},"excerpt":{"rendered":"<p>Tendal Qualsevol soluci\u00f3 en protecci\u00f3 solar amb tendal. La protecci\u00f3 solar \u00e9s una de les principals funcions dels tendals, ja que garanteixen un estalvi enereg\u00e8tic i econ\u00f2mic. Tamb\u00e9 donen privacitat, comoditat i decoren ambients on s&#8217;ubiquen. Estudiem i assesorem per tal que el seu tendal s&#8217;ajusti a les necessitats i funcionalitats desitjades. Segons mecanisme dels [&hellip;]<\/p>\n","protected":false},"author":8979,"featured_media":0,"parent":1000,"menu_order":0,"comment_status":"open","ping_status":"closed","template":"","meta":{"_monsterinsights_skip_tracking":false,"_monsterinsights_sitenote_active":false,"_monsterinsights_sitenote_note":"","_monsterinsights_sitenote_category":0,"ngg_post_thumbnail":0,"footnotes":""},"class_list":["post-1150","page","type-page","status-publish","hentry"],"yoast_head":"<!-- This site is optimized with the Yoast SEO plugin v27.3 - https:\/\/yoast.com\/product\/yoast-seo-wordpress\/ -->\n<title>Tendal - decomat<\/title>\n<meta name=\"robots\" content=\"index, follow, max-snippet:-1, max-image-preview:large, max-video-preview:-1\" \/>\n<link rel=\"canonical\" href=\"https:\/\/decomat.com\/fr\/materiales\/cortina-toldo\/toldo\/\" \/>\n<meta property=\"og:locale\" content=\"ca_ES\" \/>\n<meta property=\"og:type\" content=\"article\" \/>\n<meta property=\"og:title\" content=\"Tendal - decomat\" \/>\n<meta property=\"og:description\" content=\"Tendal Qualsevol soluci\u00f3 en protecci\u00f3 solar amb tendal. La protecci\u00f3 solar \u00e9s una de les principals funcions dels tendals, ja que garanteixen un estalvi enereg\u00e8tic i econ\u00f2mic. Tamb\u00e9 donen privacitat, comoditat i decoren ambients on s&#8217;ubiquen. Estudiem i assesorem per tal que el seu tendal s&#8217;ajusti a les necessitats i funcionalitats desitjades. Segons mecanisme dels [&hellip;]\" \/>\n<meta property=\"og:url\" content=\"https:\/\/decomat.com\/fr\/materiales\/cortina-toldo\/toldo\/\" \/>\n<meta property=\"og:site_name\" content=\"decomat\" \/>\n<meta property=\"article:modified_time\" content=\"2012-11-08T11:21:58+00:00\" \/>\n<meta name=\"twitter:card\" content=\"summary_large_image\" \/>\n<meta name=\"twitter:label1\" content=\"Est. reading time\" \/>\n\t<meta name=\"twitter:data1\" content=\"4 minutes\" \/>\n<script type=\"application\/ld+json\" class=\"yoast-schema-graph\">{\"@context\":\"https:\\\/\\\/schema.org\",\"@graph\":[{\"@type\":\"WebPage\",\"@id\":\"https:\\\/\\\/decomat.com\\\/fr\\\/materiales\\\/cortina-toldo\\\/toldo\\\/\",\"url\":\"https:\\\/\\\/decomat.com\\\/fr\\\/materiales\\\/cortina-toldo\\\/toldo\\\/\",\"name\":\"Tendal - decomat\",\"isPartOf\":{\"@id\":\"https:\\\/\\\/decomat.com\\\/ca\\\/#website\"},\"datePublished\":\"2012-04-14T11:29:37+00:00\",\"dateModified\":\"2012-11-08T11:21:58+00:00\",\"breadcrumb\":{\"@id\":\"https:\\\/\\\/decomat.com\\\/fr\\\/materiales\\\/cortina-toldo\\\/toldo\\\/#breadcrumb\"},\"inLanguage\":\"ca-ES\",\"potentialAction\":[{\"@type\":\"ReadAction\",\"target\":[\"https:\\\/\\\/decomat.com\\\/fr\\\/materiales\\\/cortina-toldo\\\/toldo\\\/\"]}]},{\"@type\":\"BreadcrumbList\",\"@id\":\"https:\\\/\\\/decomat.com\\\/fr\\\/materiales\\\/cortina-toldo\\\/toldo\\\/#breadcrumb\",\"itemListElement\":[{\"@type\":\"ListItem\",\"position\":1,\"name\":\"Portada\",\"item\":\"https:\\\/\\\/decomat.com\\\/ca\\\/\"},{\"@type\":\"ListItem\",\"position\":2,\"name\":\"Materials\",\"item\":\"https:\\\/\\\/decomat.com\\\/ca\\\/materiales\\\/\"},{\"@type\":\"ListItem\",\"position\":3,\"name\":\"Cortina \\\/ toldo\",\"item\":\"https:\\\/\\\/decomat.com\\\/es\\\/materiales\\\/cortina-toldo\\\/\"},{\"@type\":\"ListItem\",\"position\":4,\"name\":\"V\u00e9lum\"}]},{\"@type\":\"WebSite\",\"@id\":\"https:\\\/\\\/decomat.com\\\/ca\\\/#website\",\"url\":\"https:\\\/\\\/decomat.com\\\/ca\\\/\",\"name\":\"decomat\",\"description\":\"Material decoraci\u00f3\",\"potentialAction\":[{\"@type\":\"SearchAction\",\"target\":{\"@type\":\"EntryPoint\",\"urlTemplate\":\"https:\\\/\\\/decomat.com\\\/ca\\\/?s={search_term_string}\"},\"query-input\":{\"@type\":\"PropertyValueSpecification\",\"valueRequired\":true,\"valueName\":\"search_term_string\"}}],\"inLanguage\":\"ca-ES\"}]}<\/script>\n<!-- \/ Yoast SEO plugin. -->","yoast_head_json":{"title":"Tendal - decomat","robots":{"index":"index","follow":"follow","max-snippet":"max-snippet:-1","max-image-preview":"max-image-preview:large","max-video-preview":"max-video-preview:-1"},"canonical":"https:\/\/decomat.com\/fr\/materiales\/cortina-toldo\/toldo\/","og_locale":"ca_ES","og_type":"article","og_title":"Tendal - decomat","og_description":"Tendal Qualsevol soluci\u00f3 en protecci\u00f3 solar amb tendal. La protecci\u00f3 solar \u00e9s una de les principals funcions dels tendals, ja que garanteixen un estalvi enereg\u00e8tic i econ\u00f2mic. Tamb\u00e9 donen privacitat, comoditat i decoren ambients on s&#8217;ubiquen. Estudiem i assesorem per tal que el seu tendal s&#8217;ajusti a les necessitats i funcionalitats desitjades. Segons mecanisme dels [&hellip;]","og_url":"https:\/\/decomat.com\/fr\/materiales\/cortina-toldo\/toldo\/","og_site_name":"decomat","article_modified_time":"2012-11-08T11:21:58+00:00","twitter_card":"summary_large_image","twitter_misc":{"Est. reading time":"4 minutes"},"schema":{"@context":"https:\/\/schema.org","@graph":[{"@type":"WebPage","@id":"https:\/\/decomat.com\/fr\/materiales\/cortina-toldo\/toldo\/","url":"https:\/\/decomat.com\/fr\/materiales\/cortina-toldo\/toldo\/","name":"Tendal - decomat","isPartOf":{"@id":"https:\/\/decomat.com\/ca\/#website"},"datePublished":"2012-04-14T11:29:37+00:00","dateModified":"2012-11-08T11:21:58+00:00","breadcrumb":{"@id":"https:\/\/decomat.com\/fr\/materiales\/cortina-toldo\/toldo\/#breadcrumb"},"inLanguage":"ca-ES","potentialAction":[{"@type":"ReadAction","target":["https:\/\/decomat.com\/fr\/materiales\/cortina-toldo\/toldo\/"]}]},{"@type":"BreadcrumbList","@id":"https:\/\/decomat.com\/fr\/materiales\/cortina-toldo\/toldo\/#breadcrumb","itemListElement":[{"@type":"ListItem","position":1,"name":"Portada","item":"https:\/\/decomat.com\/ca\/"},{"@type":"ListItem","position":2,"name":"Materials","item":"https:\/\/decomat.com\/ca\/materiales\/"},{"@type":"ListItem","position":3,"name":"Cortina \/ toldo","item":"https:\/\/decomat.com\/es\/materiales\/cortina-toldo\/"},{"@type":"ListItem","position":4,"name":"V\u00e9lum"}]},{"@type":"WebSite","@id":"https:\/\/decomat.com\/ca\/#website","url":"https:\/\/decomat.com\/ca\/","name":"decomat","description":"Material decoraci\u00f3","potentialAction":[{"@type":"SearchAction","target":{"@type":"EntryPoint","urlTemplate":"https:\/\/decomat.com\/ca\/?s={search_term_string}"},"query-input":{"@type":"PropertyValueSpecification","valueRequired":true,"valueName":"search_term_string"}}],"inLanguage":"ca-ES"}]}},"_links":{"self":[{"href":"https:\/\/decomat.com\/ca\/wp-json\/wp\/v2\/pages\/1150","targetHints":{"allow":["GET"]}}],"collection":[{"href":"https:\/\/decomat.com\/ca\/wp-json\/wp\/v2\/pages"}],"about":[{"href":"https:\/\/decomat.com\/ca\/wp-json\/wp\/v2\/types\/page"}],"author":[{"embeddable":true,"href":"https:\/\/decomat.com\/ca\/wp-json\/wp\/v2\/users\/8979"}],"replies":[{"embeddable":true,"href":"https:\/\/decomat.com\/ca\/wp-json\/wp\/v2\/comments?post=1150"}],"version-history":[{"count":12,"href":"https:\/\/decomat.com\/ca\/wp-json\/wp\/v2\/pages\/1150\/revisions"}],"predecessor-version":[{"id":4873,"href":"https:\/\/decomat.com\/ca\/wp-json\/wp\/v2\/pages\/1150\/revisions\/4873"}],"up":[{"embeddable":true,"href":"https:\/\/decomat.com\/ca\/wp-json\/wp\/v2\/pages\/1000"}],"wp:attachment":[{"href":"https:\/\/decomat.com\/ca\/wp-json\/wp\/v2\/media?parent=1150"}],"curies":[{"name":"wp","href":"https:\/\/api.w.org\/{rel}","templated":true}]}}