{"id":1235,"date":"2012-04-14T15:45:15","date_gmt":"2012-04-14T15:45:15","guid":{"rendered":"http:\/\/www.decomat.com\/?page_id=1235"},"modified":"2012-04-15T16:38:48","modified_gmt":"2012-04-15T16:38:48","slug":"plastico","status":"publish","type":"page","link":"https:\/\/decomat.com\/ca\/materiales\/buscar-materiales\/segun-tipo-materiales\/plastico\/","title":{"rendered":"Pl\u00e0stic"},"content":{"rendered":"<p><\/p>\n<h1>Materials de decoraci\u00f3 amb pl\u00e0stic<\/h1>\n<p><\/p>","protected":false},"excerpt":{"rendered":"<p>Materials de decoraci\u00f3 amb pl\u00e0stic<\/p>\n","protected":false},"author":8979,"featured_media":0,"parent":1185,"menu_order":0,"comment_status":"open","ping_status":"closed","template":"","meta":{"_monsterinsights_skip_tracking":false,"_monsterinsights_sitenote_active":false,"_monsterinsights_sitenote_note":"","_monsterinsights_sitenote_category":0,"ngg_post_thumbnail":0,"footnotes":""},"class_list":["post-1235","page","type-page","status-publish","hentry"],"yoast_head":"<!-- This site is optimized with the Yoast SEO plugin v27.3 - https:\/\/yoast.com\/product\/yoast-seo-wordpress\/ -->\n<title>Pl\u00e0stic - decomat<\/title>\n<meta name=\"robots\" content=\"index, follow, max-snippet:-1, max-image-preview:large, max-video-preview:-1\" \/>\n<link rel=\"canonical\" href=\"https:\/\/decomat.com\/en\/materiales\/buscar-materiales\/segun-tipo-materiales\/plastico\/\" \/>\n<meta property=\"og:locale\" content=\"ca_ES\" \/>\n<meta property=\"og:type\" content=\"article\" \/>\n<meta property=\"og:title\" content=\"Pl\u00e0stic - decomat\" \/>\n<meta property=\"og:description\" content=\"Materials de decoraci\u00f3 amb pl\u00e0stic\" \/>\n<meta property=\"og:url\" content=\"https:\/\/decomat.com\/en\/materiales\/buscar-materiales\/segun-tipo-materiales\/plastico\/\" \/>\n<meta property=\"og:site_name\" content=\"decomat\" \/>\n<meta property=\"article:modified_time\" content=\"2012-04-15T16:38:48+00:00\" \/>\n<meta name=\"twitter:card\" content=\"summary_large_image\" \/>\n<script type=\"application\/ld+json\" class=\"yoast-schema-graph\">{\"@context\":\"https:\\\/\\\/schema.org\",\"@graph\":[{\"@type\":\"WebPage\",\"@id\":\"https:\\\/\\\/decomat.com\\\/en\\\/materiales\\\/buscar-materiales\\\/segun-tipo-materiales\\\/plastico\\\/\",\"url\":\"https:\\\/\\\/decomat.com\\\/en\\\/materiales\\\/buscar-materiales\\\/segun-tipo-materiales\\\/plastico\\\/\",\"name\":\"Pl\u00e0stic - decomat\",\"isPartOf\":{\"@id\":\"https:\\\/\\\/decomat.com\\\/ca\\\/#website\"},\"datePublished\":\"2012-04-14T15:45:15+00:00\",\"dateModified\":\"2012-04-15T16:38:48+00:00\",\"breadcrumb\":{\"@id\":\"https:\\\/\\\/decomat.com\\\/en\\\/materiales\\\/buscar-materiales\\\/segun-tipo-materiales\\\/plastico\\\/#breadcrumb\"},\"inLanguage\":\"ca-ES\",\"potentialAction\":[{\"@type\":\"ReadAction\",\"target\":[\"https:\\\/\\\/decomat.com\\\/en\\\/materiales\\\/buscar-materiales\\\/segun-tipo-materiales\\\/plastico\\\/\"]}]},{\"@type\":\"BreadcrumbList\",\"@id\":\"https:\\\/\\\/decomat.com\\\/en\\\/materiales\\\/buscar-materiales\\\/segun-tipo-materiales\\\/plastico\\\/#breadcrumb\",\"itemListElement\":[{\"@type\":\"ListItem\",\"position\":1,\"name\":\"Portada\",\"item\":\"https:\\\/\\\/decomat.com\\\/ca\\\/\"},{\"@type\":\"ListItem\",\"position\":2,\"name\":\"Materials\",\"item\":\"https:\\\/\\\/decomat.com\\\/ca\\\/materiales\\\/\"},{\"@type\":\"ListItem\",\"position\":3,\"name\":\"Cercar materials\",\"item\":\"https:\\\/\\\/decomat.com\\\/ca\\\/materiales\\\/buscar-materiales\\\/\"},{\"@type\":\"ListItem\",\"position\":4,\"name\":\"According types\",\"item\":\"https:\\\/\\\/decomat.com\\\/en\\\/materiales\\\/buscar-materiales\\\/segun-tipo-materiales\\\/\"},{\"@type\":\"ListItem\",\"position\":5,\"name\":\"Plastic\"}]},{\"@type\":\"WebSite\",\"@id\":\"https:\\\/\\\/decomat.com\\\/ca\\\/#website\",\"url\":\"https:\\\/\\\/decomat.com\\\/ca\\\/\",\"name\":\"decomat\",\"description\":\"Material decoraci\u00f3\",\"potentialAction\":[{\"@type\":\"SearchAction\",\"target\":{\"@type\":\"EntryPoint\",\"urlTemplate\":\"https:\\\/\\\/decomat.com\\\/ca\\\/?s={search_term_string}\"},\"query-input\":{\"@type\":\"PropertyValueSpecification\",\"valueRequired\":true,\"valueName\":\"search_term_string\"}}],\"inLanguage\":\"ca-ES\"}]}<\/script>\n<!-- \/ Yoast SEO plugin. -->","yoast_head_json":{"title":"Pl\u00e0stic - decomat","robots":{"index":"index","follow":"follow","max-snippet":"max-snippet:-1","max-image-preview":"max-image-preview:large","max-video-preview":"max-video-preview:-1"},"canonical":"https:\/\/decomat.com\/en\/materiales\/buscar-materiales\/segun-tipo-materiales\/plastico\/","og_locale":"ca_ES","og_type":"article","og_title":"Pl\u00e0stic - decomat","og_description":"Materials de decoraci\u00f3 amb pl\u00e0stic","og_url":"https:\/\/decomat.com\/en\/materiales\/buscar-materiales\/segun-tipo-materiales\/plastico\/","og_site_name":"decomat","article_modified_time":"2012-04-15T16:38:48+00:00","twitter_card":"summary_large_image","schema":{"@context":"https:\/\/schema.org","@graph":[{"@type":"WebPage","@id":"https:\/\/decomat.com\/en\/materiales\/buscar-materiales\/segun-tipo-materiales\/plastico\/","url":"https:\/\/decomat.com\/en\/materiales\/buscar-materiales\/segun-tipo-materiales\/plastico\/","name":"Pl\u00e0stic - decomat","isPartOf":{"@id":"https:\/\/decomat.com\/ca\/#website"},"datePublished":"2012-04-14T15:45:15+00:00","dateModified":"2012-04-15T16:38:48+00:00","breadcrumb":{"@id":"https:\/\/decomat.com\/en\/materiales\/buscar-materiales\/segun-tipo-materiales\/plastico\/#breadcrumb"},"inLanguage":"ca-ES","potentialAction":[{"@type":"ReadAction","target":["https:\/\/decomat.com\/en\/materiales\/buscar-materiales\/segun-tipo-materiales\/plastico\/"]}]},{"@type":"BreadcrumbList","@id":"https:\/\/decomat.com\/en\/materiales\/buscar-materiales\/segun-tipo-materiales\/plastico\/#breadcrumb","itemListElement":[{"@type":"ListItem","position":1,"name":"Portada","item":"https:\/\/decomat.com\/ca\/"},{"@type":"ListItem","position":2,"name":"Materials","item":"https:\/\/decomat.com\/ca\/materiales\/"},{"@type":"ListItem","position":3,"name":"Cercar materials","item":"https:\/\/decomat.com\/ca\/materiales\/buscar-materiales\/"},{"@type":"ListItem","position":4,"name":"According types","item":"https:\/\/decomat.com\/en\/materiales\/buscar-materiales\/segun-tipo-materiales\/"},{"@type":"ListItem","position":5,"name":"Plastic"}]},{"@type":"WebSite","@id":"https:\/\/decomat.com\/ca\/#website","url":"https:\/\/decomat.com\/ca\/","name":"decomat","description":"Material decoraci\u00f3","potentialAction":[{"@type":"SearchAction","target":{"@type":"EntryPoint","urlTemplate":"https:\/\/decomat.com\/ca\/?s={search_term_string}"},"query-input":{"@type":"PropertyValueSpecification","valueRequired":true,"valueName":"search_term_string"}}],"inLanguage":"ca-ES"}]}},"_links":{"self":[{"href":"https:\/\/decomat.com\/ca\/wp-json\/wp\/v2\/pages\/1235","targetHints":{"allow":["GET"]}}],"collection":[{"href":"https:\/\/decomat.com\/ca\/wp-json\/wp\/v2\/pages"}],"about":[{"href":"https:\/\/decomat.com\/ca\/wp-json\/wp\/v2\/types\/page"}],"author":[{"embeddable":true,"href":"https:\/\/decomat.com\/ca\/wp-json\/wp\/v2\/users\/8979"}],"replies":[{"embeddable":true,"href":"https:\/\/decomat.com\/ca\/wp-json\/wp\/v2\/comments?post=1235"}],"version-history":[{"count":4,"href":"https:\/\/decomat.com\/ca\/wp-json\/wp\/v2\/pages\/1235\/revisions"}],"predecessor-version":[{"id":1444,"href":"https:\/\/decomat.com\/ca\/wp-json\/wp\/v2\/pages\/1235\/revisions\/1444"}],"up":[{"embeddable":true,"href":"https:\/\/decomat.com\/ca\/wp-json\/wp\/v2\/pages\/1185"}],"wp:attachment":[{"href":"https:\/\/decomat.com\/ca\/wp-json\/wp\/v2\/media?parent=1235"}],"curies":[{"name":"wp","href":"https:\/\/api.w.org\/{rel}","templated":true}]}}