{"id":1280,"date":"2012-04-14T17:30:32","date_gmt":"2012-04-14T17:30:32","guid":{"rendered":"http:\/\/www.decomat.com\/?page_id=1280"},"modified":"2012-12-08T16:33:39","modified_gmt":"2012-12-08T14:33:39","slug":"pavimento-suelo","status":"publish","type":"page","link":"https:\/\/decomat.com\/ca\/materiales\/pavimento-suelo\/","title":{"rendered":"Paviment \/ Terra"},"content":{"rendered":"<p><\/p>\n<h1>Paviment \/ Terra<\/h1>\n<p><strong>Paviment<\/strong> (del Llat\u00ed pavimentu),\u00a0\u00e9s la base horitzontal de les construccions dels edificis.<\/p>\n<h2>Materials dels paviments:<\/h2>\n<p>Un Paviment \/ Terra es pot\u00a0revestir amb diferents tipus de material\u00a0(<a href=\"https:\/\/www.decomat.com\/materiales\/pavimento-suelo\/parque\/\">parquet de fusta<\/a>, <a href=\"https:\/\/www.decomat.com\/materiales\/pavimento-suelo\/fibra-natural\/\">fibres naturals<\/a>, <a href=\"https:\/\/www.decomat.com\/materiales\/pavimento-suelo\/corcho-para-suelo\/\">suro<\/a>, <a href=\"https:\/\/www.decomat.com\/materiales\/pavimento-suelo\/linoleo\/\">linoli<\/a>, <a href=\"https:\/\/www.decomat.com\/materiales\/pavimento-suelo\/caucho-para-suelos\/\">cautx\u00fa<\/a>, <a href=\"https:\/\/www.decomat.com\/materiales\/pavimento-suelo\/ceramica\/\">cer\u00e0mica<\/a>, <a href=\"https:\/\/www.decomat.com\/materiales\/pavimento-suelo\/parque\/\">parquet sint\u00e8tic<\/a>,\u00a0 <a href=\"https:\/\/www.decomat.com\/materiales\/pavimento-suelo\/pvc-para-suelos\/\">pvc<\/a>, <a href=\"https:\/\/www.decomat.com\/materiales\/pavimento-suelo\/moqueta-para-suelo\/\">moqueta<\/a>,\u00a0<a href=\"https:\/\/www.decomat.com\/materiales\/pavimento-suelo\/cesped-artificial\/\">gespa artificial<\/a>, vidre etc.).<\/p>\n<p>&nbsp;<\/p>\n<h2>Tipus de paviments:<\/h2>\n<p>Distribuci\u00f3, comercialitzaci\u00f3, reparaci\u00f3, instal\u00b7laci\u00f3\u00a0 i col \u00b7 locaci\u00f3 de tot tipus de paviments, terres, s\u00f3ls. Des de:<\/p>\n<ul>\n<li><a href=\"https:\/\/www.decomat.com\/materiales\/pavimento-suelo\/parque\/\">Parquets<\/a> de fusta i laminats.<\/li>\n<li>Tarimes massisses d&#8217;exterior i interior.<\/li>\n<li>Tarimes d&#8217;exterior tecnol\u00f2giques i sint\u00e8tiques.<\/li>\n<li>Apunyalats i envernissats de tarimes i parquets.<\/li>\n<li>Paviments t\u00e8cnics, esportius, gimn\u00e0stics, industrials, hospitalaris, comercials, residencials i hotelers.<\/li>\n<li><a href=\"https:\/\/www.decomat.com\/materiales\/pavimento-suelo\/pvc-para-suelos\/\">Paviments de PVC<\/a>.<\/li>\n<li><a href=\"https:\/\/www.decomat.com\/materiales\/pavimento-suelo\/corcho-para-suelo\/\">Paviments de suro <\/a>decoratiu.<\/li>\n<li><a href=\"https:\/\/www.decomat.com\/materiales\/pavimento-suelo\/caucho-para-suelos\/\">Paviments de cautx\u00fa<\/a>.<\/li>\n<li><a href=\"https:\/\/www.decomat.com\/materiales\/pavimento-suelo\/pvc-para-suelos\/\">Revestiments vin\u00edlics<\/a>.<\/li>\n<li>\u00a0Revestiments t\u00e8xtils, laminats i met\u00e0l \u00b7 lics.<\/li>\n<li>\u00a0<a href=\"https:\/\/www.decomat.com\/materiales\/pavimento-suelo\/linoleo\/\">Lin\u00f2leums<\/a>.<\/li>\n<li>Revestiments de pedra decorativa.<\/li>\n<li>\u00a0<a href=\"https:\/\/www.decomat.com\/materiales\/pavimento-suelo\/suelos-tecnicos-elevados\/\">S\u00f2ls t\u00e8cnics <\/a>acabats en qualsevol material.<\/li>\n<li>\u00a0<a href=\"https:\/\/www.decomat.com\/materiales\/pavimento-suelo\/cesped-artificial\/\">Gespa artificial <\/a>per a \u00fas dom\u00e8stic i de qualitat professional per a: Camps de futbol, \u200b\u200bcamps de golf, \u00a0pistes de p\u00e0del-tennis, terrasses d&#8217;hotels i resid\u00e8ncies.<\/li>\n<li>\u00a0<a href=\"https:\/\/www.decomat.com\/materiales\/pavimento-suelo\/moqueta-para-suelo\/\">Moqueta<\/a> de rotllos i modulars en llosetes per a \u00fas dom\u00e8stic<\/li>\n<li>\u00a0<a href=\"https:\/\/www.decomat.com\/materiales\/pavimento-suelo\/moqueta-para-suelo\/\">Moquetes<\/a> de disseny.<\/li>\n<li>\u00a0<a href=\"https:\/\/www.decomat.com\/materiales\/pavimento-suelo\/moqueta-para-suelo\/\">Moquetes<\/a> de fibres naturals.<\/li>\n<li>\u00a0<a href=\"https:\/\/www.decomat.com\/materiales\/pavimento-suelo\/felfudo\/\">Estora<\/a> de tr\u00e0nsit intens.<\/li>\n<li>\u00a0Llosetes de <a href=\"https:\/\/www.decomat.com\/materiales\/pavimento-suelo\/caucho-para-suelos\/\">cautx\u00fa<\/a> granulat.<\/li>\n<\/ul>\n<h2>Reparaci\u00f3 paviments:<\/h2>\n<p>Tingui en compte que no sempre cambiar totalment el paviment (parquet, moqueta, suro\u2026) \u00e9s la millor soluci\u00f3 ni la m\u00e9s econ\u00f2mica.<\/p>\n<p>En el cas del parquet, la majoria de parquets de fusta massisa, tant els flotants com els encolats (habituals anys enrrera), poden \u00e9sser pulits varies vegades al llarg de la seva vida \u00fatil.\u00a0 De tal manera que li retornen al parquet la aparen\u00e7a d\u2019un parquet totalment nou.<\/p>\n<p>L\u2019opci\u00f3 de reparaci\u00f3 \u00e9s quasi sempre una opci\u00f3 m\u00e9s econ\u00f2mica que col\u00b7locar-ho tot de nou, tot i que cal<\/p>","protected":false},"excerpt":{"rendered":"<p>Paviment \/ Terra Paviment (del Llat\u00ed pavimentu),\u00a0\u00e9s la base horitzontal de les construccions dels edificis. Materials dels paviments: Un Paviment \/ Terra es pot\u00a0revestir amb diferents tipus de material\u00a0(parquet de fusta, fibres naturals, suro, linoli, cautx\u00fa, cer\u00e0mica, parquet sint\u00e8tic,\u00a0 pvc, moqueta,\u00a0gespa artificial, vidre etc.). &nbsp; Tipus de paviments: Distribuci\u00f3, comercialitzaci\u00f3, reparaci\u00f3, instal\u00b7laci\u00f3\u00a0 i col \u00b7 [&hellip;]<\/p>\n","protected":false},"author":8979,"featured_media":0,"parent":709,"menu_order":28,"comment_status":"open","ping_status":"closed","template":"","meta":{"_monsterinsights_skip_tracking":false,"_monsterinsights_sitenote_active":false,"_monsterinsights_sitenote_note":"","_monsterinsights_sitenote_category":0,"ngg_post_thumbnail":0,"footnotes":""},"class_list":["post-1280","page","type-page","status-publish","hentry"],"yoast_head":"<!-- This site is optimized with the Yoast SEO plugin v27.3 - https:\/\/yoast.com\/product\/yoast-seo-wordpress\/ -->\n<title>Paviment \/ Terra - decomat<\/title>\n<meta name=\"robots\" content=\"index, follow, max-snippet:-1, max-image-preview:large, max-video-preview:-1\" \/>\n<link rel=\"canonical\" href=\"https:\/\/decomat.com\/ca\/materiales\/pavimento-suelo\/\" \/>\n<meta property=\"og:locale\" content=\"ca_ES\" \/>\n<meta property=\"og:type\" content=\"article\" \/>\n<meta property=\"og:title\" content=\"Paviment \/ Terra - decomat\" \/>\n<meta property=\"og:description\" content=\"Paviment \/ Terra Paviment (del Llat\u00ed pavimentu),\u00a0\u00e9s la base horitzontal de les construccions dels edificis. Materials dels paviments: Un Paviment \/ Terra es pot\u00a0revestir amb diferents tipus de material\u00a0(parquet de fusta, fibres naturals, suro, linoli, cautx\u00fa, cer\u00e0mica, parquet sint\u00e8tic,\u00a0 pvc, moqueta,\u00a0gespa artificial, vidre etc.). &nbsp; Tipus de paviments: Distribuci\u00f3, comercialitzaci\u00f3, reparaci\u00f3, instal\u00b7laci\u00f3\u00a0 i col \u00b7 [&hellip;]\" \/>\n<meta property=\"og:url\" content=\"https:\/\/decomat.com\/ca\/materiales\/pavimento-suelo\/\" \/>\n<meta property=\"og:site_name\" content=\"decomat\" \/>\n<meta property=\"article:modified_time\" content=\"2012-12-08T14:33:39+00:00\" \/>\n<meta name=\"twitter:card\" content=\"summary_large_image\" \/>\n<meta name=\"twitter:label1\" content=\"Est. reading time\" \/>\n\t<meta name=\"twitter:data1\" content=\"1 minute\" \/>\n<script type=\"application\/ld+json\" class=\"yoast-schema-graph\">{\"@context\":\"https:\\\/\\\/schema.org\",\"@graph\":[{\"@type\":\"WebPage\",\"@id\":\"https:\\\/\\\/decomat.com\\\/ca\\\/materiales\\\/pavimento-suelo\\\/\",\"url\":\"https:\\\/\\\/decomat.com\\\/ca\\\/materiales\\\/pavimento-suelo\\\/\",\"name\":\"Paviment \\\/ Terra - decomat\",\"isPartOf\":{\"@id\":\"https:\\\/\\\/decomat.com\\\/ca\\\/#website\"},\"datePublished\":\"2012-04-14T17:30:32+00:00\",\"dateModified\":\"2012-12-08T14:33:39+00:00\",\"breadcrumb\":{\"@id\":\"https:\\\/\\\/decomat.com\\\/ca\\\/materiales\\\/pavimento-suelo\\\/#breadcrumb\"},\"inLanguage\":\"ca-ES\",\"potentialAction\":[{\"@type\":\"ReadAction\",\"target\":[\"https:\\\/\\\/decomat.com\\\/ca\\\/materiales\\\/pavimento-suelo\\\/\"]}]},{\"@type\":\"BreadcrumbList\",\"@id\":\"https:\\\/\\\/decomat.com\\\/ca\\\/materiales\\\/pavimento-suelo\\\/#breadcrumb\",\"itemListElement\":[{\"@type\":\"ListItem\",\"position\":1,\"name\":\"Portada\",\"item\":\"https:\\\/\\\/decomat.com\\\/ca\\\/\"},{\"@type\":\"ListItem\",\"position\":2,\"name\":\"Materials\",\"item\":\"https:\\\/\\\/decomat.com\\\/ca\\\/materiales\\\/\"},{\"@type\":\"ListItem\",\"position\":3,\"name\":\"Paviment \\\/ Terra\"}]},{\"@type\":\"WebSite\",\"@id\":\"https:\\\/\\\/decomat.com\\\/ca\\\/#website\",\"url\":\"https:\\\/\\\/decomat.com\\\/ca\\\/\",\"name\":\"decomat\",\"description\":\"Material decoraci\u00f3\",\"potentialAction\":[{\"@type\":\"SearchAction\",\"target\":{\"@type\":\"EntryPoint\",\"urlTemplate\":\"https:\\\/\\\/decomat.com\\\/ca\\\/?s={search_term_string}\"},\"query-input\":{\"@type\":\"PropertyValueSpecification\",\"valueRequired\":true,\"valueName\":\"search_term_string\"}}],\"inLanguage\":\"ca-ES\"}]}<\/script>\n<!-- \/ Yoast SEO plugin. -->","yoast_head_json":{"title":"Paviment \/ Terra - decomat","robots":{"index":"index","follow":"follow","max-snippet":"max-snippet:-1","max-image-preview":"max-image-preview:large","max-video-preview":"max-video-preview:-1"},"canonical":"https:\/\/decomat.com\/ca\/materiales\/pavimento-suelo\/","og_locale":"ca_ES","og_type":"article","og_title":"Paviment \/ Terra - decomat","og_description":"Paviment \/ Terra Paviment (del Llat\u00ed pavimentu),\u00a0\u00e9s la base horitzontal de les construccions dels edificis. Materials dels paviments: Un Paviment \/ Terra es pot\u00a0revestir amb diferents tipus de material\u00a0(parquet de fusta, fibres naturals, suro, linoli, cautx\u00fa, cer\u00e0mica, parquet sint\u00e8tic,\u00a0 pvc, moqueta,\u00a0gespa artificial, vidre etc.). &nbsp; Tipus de paviments: Distribuci\u00f3, comercialitzaci\u00f3, reparaci\u00f3, instal\u00b7laci\u00f3\u00a0 i col \u00b7 [&hellip;]","og_url":"https:\/\/decomat.com\/ca\/materiales\/pavimento-suelo\/","og_site_name":"decomat","article_modified_time":"2012-12-08T14:33:39+00:00","twitter_card":"summary_large_image","twitter_misc":{"Est. reading time":"1 minute"},"schema":{"@context":"https:\/\/schema.org","@graph":[{"@type":"WebPage","@id":"https:\/\/decomat.com\/ca\/materiales\/pavimento-suelo\/","url":"https:\/\/decomat.com\/ca\/materiales\/pavimento-suelo\/","name":"Paviment \/ Terra - decomat","isPartOf":{"@id":"https:\/\/decomat.com\/ca\/#website"},"datePublished":"2012-04-14T17:30:32+00:00","dateModified":"2012-12-08T14:33:39+00:00","breadcrumb":{"@id":"https:\/\/decomat.com\/ca\/materiales\/pavimento-suelo\/#breadcrumb"},"inLanguage":"ca-ES","potentialAction":[{"@type":"ReadAction","target":["https:\/\/decomat.com\/ca\/materiales\/pavimento-suelo\/"]}]},{"@type":"BreadcrumbList","@id":"https:\/\/decomat.com\/ca\/materiales\/pavimento-suelo\/#breadcrumb","itemListElement":[{"@type":"ListItem","position":1,"name":"Portada","item":"https:\/\/decomat.com\/ca\/"},{"@type":"ListItem","position":2,"name":"Materials","item":"https:\/\/decomat.com\/ca\/materiales\/"},{"@type":"ListItem","position":3,"name":"Paviment \/ Terra"}]},{"@type":"WebSite","@id":"https:\/\/decomat.com\/ca\/#website","url":"https:\/\/decomat.com\/ca\/","name":"decomat","description":"Material decoraci\u00f3","potentialAction":[{"@type":"SearchAction","target":{"@type":"EntryPoint","urlTemplate":"https:\/\/decomat.com\/ca\/?s={search_term_string}"},"query-input":{"@type":"PropertyValueSpecification","valueRequired":true,"valueName":"search_term_string"}}],"inLanguage":"ca-ES"}]}},"_links":{"self":[{"href":"https:\/\/decomat.com\/ca\/wp-json\/wp\/v2\/pages\/1280","targetHints":{"allow":["GET"]}}],"collection":[{"href":"https:\/\/decomat.com\/ca\/wp-json\/wp\/v2\/pages"}],"about":[{"href":"https:\/\/decomat.com\/ca\/wp-json\/wp\/v2\/types\/page"}],"author":[{"embeddable":true,"href":"https:\/\/decomat.com\/ca\/wp-json\/wp\/v2\/users\/8979"}],"replies":[{"embeddable":true,"href":"https:\/\/decomat.com\/ca\/wp-json\/wp\/v2\/comments?post=1280"}],"version-history":[{"count":20,"href":"https:\/\/decomat.com\/ca\/wp-json\/wp\/v2\/pages\/1280\/revisions"}],"predecessor-version":[{"id":1500,"href":"https:\/\/decomat.com\/ca\/wp-json\/wp\/v2\/pages\/1280\/revisions\/1500"}],"up":[{"embeddable":true,"href":"https:\/\/decomat.com\/ca\/wp-json\/wp\/v2\/pages\/709"}],"wp:attachment":[{"href":"https:\/\/decomat.com\/ca\/wp-json\/wp\/v2\/media?parent=1280"}],"curies":[{"name":"wp","href":"https:\/\/api.w.org\/{rel}","templated":true}]}}