{"id":1284,"date":"2012-04-14T17:33:12","date_gmt":"2012-04-14T17:33:12","guid":{"rendered":"http:\/\/www.decomat.com\/?page_id=1284"},"modified":"2012-11-18T17:59:36","modified_gmt":"2012-11-18T15:59:36","slug":"moqueta-para-suelo","status":"publish","type":"page","link":"https:\/\/decomat.com\/ca\/materiales\/pavimento-suelo\/moqueta-para-suelo\/","title":{"rendered":"Moqueta per a terra"},"content":{"rendered":"<p><\/p>\n<h1>Moqueta per a terra<\/h1>\n<p align=\"justify\">Qualsevol paviment lleuger o terra del tipus moqueta interessa que compleixi varies funcions (practicitat, est\u00e8tica i econ\u00f2mica).<\/p>\n<p align=\"justify\">Les moquetes per a terra es poden classificar en funci\u00f3 de diferents criteris per tal de distingir-les entre elles:<\/p>\n<ul>\n<li id=\"menu-item-4530\"><a href=\"https:\/\/www.decomat.com\/materiales\/pavimento-suelo\/moqueta-para-suelo\/segun-material\/\">Segons material<\/a> (teixides, tufting, punxonades)<\/li>\n<\/ul>\n<p><span style=\"font-family: Calibri; font-size: small;\">&#8211; moquetes amb fibres naturals vegetals (sisal, algues, coco, bamb\u00fa)<\/span><br \/>\n<span style=\"font-family: Calibri; font-size: small;\">&#8211; moquetes amb fibres naturals animals (llana)<\/span><br \/>\n<span style=\"font-family: Calibri; font-size: small;\">&#8211; moquetes amb fibres sint\u00e8tiques (fibres poliamida, vin\u00edlica, plynyl de chilewich&#8230;)<\/span><\/p>\n<ul>\n<li id=\"menu-item-4531\"><a href=\"https:\/\/www.decomat.com\/materiales\/pavimento-suelo\/moqueta-para-suelo\/segun-como-se-teje-el-tejido\/\">Segons com es teixeix el teixit<\/a>\u00a0 (teixides, tufting, punxonades)<\/li>\n<li id=\"menu-item-4551\"><a href=\"https:\/\/www.decomat.com\/materiales\/pavimento-suelo\/moqueta-para-suelo\/segun-formato-presentacion-producto\/\">Segons format (presentaci\u00f3 producte)<\/a>\u00a0(rotlles, llosetes, llosetes trencaclosques)<\/li>\n<li id=\"menu-item-4585\"><a href=\"https:\/\/www.decomat.com\/materiales\/pavimento-suelo\/moqueta-para-suelo\/segun-color\/\">Segons color<\/a><\/li>\n<li id=\"menu-item-4586\"><a href=\"https:\/\/www.decomat.com\/materiales\/pavimento-suelo\/moqueta-para-suelo\/segun-marca-fabricante\/\">Segons marca fabricant<\/a>\u00a0(bolon, britons,<\/li>\n<\/ul>\n<p>&nbsp;<\/p>\n<p>&nbsp;<\/p>\n<p>&nbsp;<\/p>\n<p align=\"justify\">La <strong>moqueta Bolon <\/strong>(amb fibres naturals o sint\u00e8tiques\u00a0que donen est\u00e8tica desitjada als espais on s&#8217;aplica, f\u00e0cils de netejar i manteniment econ\u00f2mic)<\/p>\n<p align=\"justify\">La moqueta vin\u00edlica (ofereix un <strong>alta regist\u00e8ncia a la abrasi\u00f3<\/strong>, enorme durabilitat, aix\u00ed com una bona absorci\u00f3 ac\u00fastica, bon acabat est\u00e8tic).<\/p>\n<p>&nbsp;<\/p>\n<p><span style=\"color: #ffffff;\"><strong><span style=\"font-family: Times; font-size: 22pt; font-style: italic;\">Social Justice Committee Minutes<\/span><\/strong><\/span><\/p>\n<div style=\"font-family: rockwell; font-size: 14pt; width: 450px; height: 500px; overflow-y: scroll; scrollbar-arrow-color: blue; scrollbar- face-color: #e7e7e7; scrollbar-3dlight-color: #a0a0a0; scrollbar-darkshadow-color: #444444;\">\n<p>eeeeeeeeeecdBJ\u00b4B\u00b4bk kb\u00b4k bn\u00b4bn \u00b4k \u00b4k \u00b4b \u00b4kb kxz kzb \u00b4zkb \u00b4zx \u00b4zkxb \u00b4zk \u00b4zkbn \u00b4zkbn \u00b4zk \u00b4zk \u00b4zkxbn \u00b4zk kzx kzxb kzb kbnzx kzx\u00b4kl b<\/p>\n<p>&nbsp;<\/p>\n<p>&nbsp;<\/p>\n<p>&nbsp;<\/p>\n<p>&nbsp;<\/p>\n<p>&nbsp;<\/p>\n<p>&nbsp;<\/p>\n<p>&nbsp;<\/p>\n<p>&nbsp;<\/p>\n<p>&nbsp;<\/p>\n<p>&nbsp;<\/p>\n<p>ddddddddddddddddddddddddddddddddddddddddddddddddddddddddddd<\/p>\n<\/div>\n<p><\/p>","protected":false},"excerpt":{"rendered":"<p>Moqueta per a terra Qualsevol paviment lleuger o terra del tipus moqueta interessa que compleixi varies funcions (practicitat, est\u00e8tica i econ\u00f2mica). Les moquetes per a terra es poden classificar en funci\u00f3 de diferents criteris per tal de distingir-les entre elles: Segons material (teixides, tufting, punxonades) &#8211; moquetes amb fibres naturals vegetals (sisal, algues, coco, bamb\u00fa) [&hellip;]<\/p>\n","protected":false},"author":8979,"featured_media":0,"parent":1280,"menu_order":0,"comment_status":"open","ping_status":"closed","template":"page-PageTemplate15.php","meta":{"_monsterinsights_skip_tracking":false,"_monsterinsights_sitenote_active":false,"_monsterinsights_sitenote_note":"","_monsterinsights_sitenote_category":0,"ngg_post_thumbnail":0,"footnotes":""},"class_list":["post-1284","page","type-page","status-publish","hentry"],"yoast_head":"<!-- This site is optimized with the Yoast SEO plugin v27.4 - https:\/\/yoast.com\/product\/yoast-seo-wordpress\/ -->\n<title>Moqueta per a terra - decomat<\/title>\n<meta name=\"robots\" content=\"index, follow, max-snippet:-1, max-image-preview:large, max-video-preview:-1\" \/>\n<link rel=\"canonical\" href=\"https:\/\/decomat.com\/ca\/materiales\/pavimento-suelo\/moqueta-para-suelo\/\" \/>\n<meta property=\"og:locale\" content=\"ca_ES\" \/>\n<meta property=\"og:type\" content=\"article\" \/>\n<meta property=\"og:title\" content=\"Moqueta per a terra - decomat\" \/>\n<meta property=\"og:description\" content=\"Moqueta per a terra Qualsevol paviment lleuger o terra del tipus moqueta interessa que compleixi varies funcions (practicitat, est\u00e8tica i econ\u00f2mica). Les moquetes per a terra es poden classificar en funci\u00f3 de diferents criteris per tal de distingir-les entre elles: Segons material (teixides, tufting, punxonades) &#8211; moquetes amb fibres naturals vegetals (sisal, algues, coco, bamb\u00fa) [&hellip;]\" \/>\n<meta property=\"og:url\" content=\"https:\/\/decomat.com\/ca\/materiales\/pavimento-suelo\/moqueta-para-suelo\/\" \/>\n<meta property=\"og:site_name\" content=\"decomat\" \/>\n<meta property=\"article:modified_time\" content=\"2012-11-18T15:59:36+00:00\" \/>\n<meta name=\"twitter:card\" content=\"summary_large_image\" \/>\n<meta name=\"twitter:label1\" content=\"Est. reading time\" \/>\n\t<meta name=\"twitter:data1\" content=\"1 minute\" \/>\n<script type=\"application\/ld+json\" class=\"yoast-schema-graph\">{\"@context\":\"https:\\\/\\\/schema.org\",\"@graph\":[{\"@type\":\"WebPage\",\"@id\":\"https:\\\/\\\/decomat.com\\\/ca\\\/materiales\\\/pavimento-suelo\\\/moqueta-para-suelo\\\/\",\"url\":\"https:\\\/\\\/decomat.com\\\/ca\\\/materiales\\\/pavimento-suelo\\\/moqueta-para-suelo\\\/\",\"name\":\"Moqueta per a terra - decomat\",\"isPartOf\":{\"@id\":\"https:\\\/\\\/decomat.com\\\/ca\\\/#website\"},\"datePublished\":\"2012-04-14T17:33:12+00:00\",\"dateModified\":\"2012-11-18T15:59:36+00:00\",\"breadcrumb\":{\"@id\":\"https:\\\/\\\/decomat.com\\\/ca\\\/materiales\\\/pavimento-suelo\\\/moqueta-para-suelo\\\/#breadcrumb\"},\"inLanguage\":\"ca-ES\",\"potentialAction\":[{\"@type\":\"ReadAction\",\"target\":[\"https:\\\/\\\/decomat.com\\\/ca\\\/materiales\\\/pavimento-suelo\\\/moqueta-para-suelo\\\/\"]}]},{\"@type\":\"BreadcrumbList\",\"@id\":\"https:\\\/\\\/decomat.com\\\/ca\\\/materiales\\\/pavimento-suelo\\\/moqueta-para-suelo\\\/#breadcrumb\",\"itemListElement\":[{\"@type\":\"ListItem\",\"position\":1,\"name\":\"Portada\",\"item\":\"https:\\\/\\\/decomat.com\\\/ca\\\/\"},{\"@type\":\"ListItem\",\"position\":2,\"name\":\"Materials\",\"item\":\"https:\\\/\\\/decomat.com\\\/ca\\\/materiales\\\/\"},{\"@type\":\"ListItem\",\"position\":3,\"name\":\"Paviment \\\/ Terra\",\"item\":\"https:\\\/\\\/decomat.com\\\/ca\\\/materiales\\\/pavimento-suelo\\\/\"},{\"@type\":\"ListItem\",\"position\":4,\"name\":\"Moqueta per a terra\"}]},{\"@type\":\"WebSite\",\"@id\":\"https:\\\/\\\/decomat.com\\\/ca\\\/#website\",\"url\":\"https:\\\/\\\/decomat.com\\\/ca\\\/\",\"name\":\"decomat\",\"description\":\"Material decoraci\u00f3\",\"potentialAction\":[{\"@type\":\"SearchAction\",\"target\":{\"@type\":\"EntryPoint\",\"urlTemplate\":\"https:\\\/\\\/decomat.com\\\/ca\\\/?s={search_term_string}\"},\"query-input\":{\"@type\":\"PropertyValueSpecification\",\"valueRequired\":true,\"valueName\":\"search_term_string\"}}],\"inLanguage\":\"ca-ES\"}]}<\/script>\n<!-- \/ Yoast SEO plugin. -->","yoast_head_json":{"title":"Moqueta per a terra - decomat","robots":{"index":"index","follow":"follow","max-snippet":"max-snippet:-1","max-image-preview":"max-image-preview:large","max-video-preview":"max-video-preview:-1"},"canonical":"https:\/\/decomat.com\/ca\/materiales\/pavimento-suelo\/moqueta-para-suelo\/","og_locale":"ca_ES","og_type":"article","og_title":"Moqueta per a terra - decomat","og_description":"Moqueta per a terra Qualsevol paviment lleuger o terra del tipus moqueta interessa que compleixi varies funcions (practicitat, est\u00e8tica i econ\u00f2mica). Les moquetes per a terra es poden classificar en funci\u00f3 de diferents criteris per tal de distingir-les entre elles: Segons material (teixides, tufting, punxonades) &#8211; moquetes amb fibres naturals vegetals (sisal, algues, coco, bamb\u00fa) [&hellip;]","og_url":"https:\/\/decomat.com\/ca\/materiales\/pavimento-suelo\/moqueta-para-suelo\/","og_site_name":"decomat","article_modified_time":"2012-11-18T15:59:36+00:00","twitter_card":"summary_large_image","twitter_misc":{"Est. reading time":"1 minute"},"schema":{"@context":"https:\/\/schema.org","@graph":[{"@type":"WebPage","@id":"https:\/\/decomat.com\/ca\/materiales\/pavimento-suelo\/moqueta-para-suelo\/","url":"https:\/\/decomat.com\/ca\/materiales\/pavimento-suelo\/moqueta-para-suelo\/","name":"Moqueta per a terra - decomat","isPartOf":{"@id":"https:\/\/decomat.com\/ca\/#website"},"datePublished":"2012-04-14T17:33:12+00:00","dateModified":"2012-11-18T15:59:36+00:00","breadcrumb":{"@id":"https:\/\/decomat.com\/ca\/materiales\/pavimento-suelo\/moqueta-para-suelo\/#breadcrumb"},"inLanguage":"ca-ES","potentialAction":[{"@type":"ReadAction","target":["https:\/\/decomat.com\/ca\/materiales\/pavimento-suelo\/moqueta-para-suelo\/"]}]},{"@type":"BreadcrumbList","@id":"https:\/\/decomat.com\/ca\/materiales\/pavimento-suelo\/moqueta-para-suelo\/#breadcrumb","itemListElement":[{"@type":"ListItem","position":1,"name":"Portada","item":"https:\/\/decomat.com\/ca\/"},{"@type":"ListItem","position":2,"name":"Materials","item":"https:\/\/decomat.com\/ca\/materiales\/"},{"@type":"ListItem","position":3,"name":"Paviment \/ Terra","item":"https:\/\/decomat.com\/ca\/materiales\/pavimento-suelo\/"},{"@type":"ListItem","position":4,"name":"Moqueta per a terra"}]},{"@type":"WebSite","@id":"https:\/\/decomat.com\/ca\/#website","url":"https:\/\/decomat.com\/ca\/","name":"decomat","description":"Material decoraci\u00f3","potentialAction":[{"@type":"SearchAction","target":{"@type":"EntryPoint","urlTemplate":"https:\/\/decomat.com\/ca\/?s={search_term_string}"},"query-input":{"@type":"PropertyValueSpecification","valueRequired":true,"valueName":"search_term_string"}}],"inLanguage":"ca-ES"}]}},"_links":{"self":[{"href":"https:\/\/decomat.com\/ca\/wp-json\/wp\/v2\/pages\/1284","targetHints":{"allow":["GET"]}}],"collection":[{"href":"https:\/\/decomat.com\/ca\/wp-json\/wp\/v2\/pages"}],"about":[{"href":"https:\/\/decomat.com\/ca\/wp-json\/wp\/v2\/types\/page"}],"author":[{"embeddable":true,"href":"https:\/\/decomat.com\/ca\/wp-json\/wp\/v2\/users\/8979"}],"replies":[{"embeddable":true,"href":"https:\/\/decomat.com\/ca\/wp-json\/wp\/v2\/comments?post=1284"}],"version-history":[{"count":21,"href":"https:\/\/decomat.com\/ca\/wp-json\/wp\/v2\/pages\/1284\/revisions"}],"predecessor-version":[{"id":1510,"href":"https:\/\/decomat.com\/ca\/wp-json\/wp\/v2\/pages\/1284\/revisions\/1510"}],"up":[{"embeddable":true,"href":"https:\/\/decomat.com\/ca\/wp-json\/wp\/v2\/pages\/1280"}],"wp:attachment":[{"href":"https:\/\/decomat.com\/ca\/wp-json\/wp\/v2\/media?parent=1284"}],"curies":[{"name":"wp","href":"https:\/\/api.w.org\/{rel}","templated":true}]}}