{"id":1287,"date":"2012-04-14T17:34:09","date_gmt":"2012-04-14T17:34:09","guid":{"rendered":"http:\/\/www.decomat.com\/?page_id=1287"},"modified":"2018-01-18T15:41:56","modified_gmt":"2018-01-18T13:41:56","slug":"parque","status":"publish","type":"page","link":"https:\/\/decomat.com\/ca\/materiales\/pavimento-suelo\/parque\/","title":{"rendered":"Parquet per a terra"},"content":{"rendered":"<h1>Parquet per a\u00a0terra<\/h1>\n<p>Som <strong>instal\u00b7ladors i restauradors \/ reparadors de parquet per a terra d&#8217;interiors i tamb\u00e9\u00a0 de tarimes d&#8217;exterior<\/strong>.<\/p>\n<h2>Tipus de parquets segons el format de la fusta:<\/h2>\n<p>Treballem amb tot tipus de parquet, segons les necessitats i la decoraci\u00f3 de la seva llar podr\u00e0 escollir entre els diferents productes que s&#8217;ofereixen\u00a0al mercat:<\/p>\n<p style=\"padding-left: 30px;\">\u2022 Lames parquet flotant de fusta massisa natural<br \/>\n\u2022 Lames parquet encolat de fusta massisa natural<br \/>\n\u2022 Lames parquet flotant de fusta sint\u00e8tica no natural \/ laminada<br \/>\n\u2022 Tarimes parquet\u00a0flotant (sobre rastrells)\u00a0de fusta massisa natural<br \/>\n\u2022 Taulons parquet flotant de fusta massisa natural<\/p>\n<p>Una mateixa varietat de fusta pot presentar diferents aspectes de coloraci\u00f3\u00a0depenent del tractament que se li proporcioni de diferents barnissats (a l&#8217;oli, brillant, mate, satinat&#8230;).<\/p>\n<h2>Tipus\u00a0de parquets segons l&#8217;arbre d&#8217;on prov\u00e8 la fusta:<\/h2>\n<p>Al mercat hi ha una gran varietat de tipus de fustes per a parquet segons l&#8217;arbre del qual prov\u00e8 la fusta, \u00e9s per aix\u00f3 que per tal que la cerca sigui m\u00e9s f\u00e0cil a part de cercar-ho en funci\u00f3 de la fusta o\u00a0de\u00a0l&#8217;<strong>or\u00edgen<\/strong> (tropical, mediterr\u00e0nia, etc) de la fusta tamb\u00e9 podeu cercar pel <strong>to<\/strong>, l&#8217;<strong>aspecte<\/strong> o l&#8217;<strong>estil<\/strong>\u00a0decoratiu o per cat\u00e0legs de fabricant o fins i tot veure\u00a0les imatges dels treballs acabats per apreciar millor quin \u00e9s l&#8217;aspecte que coincideix amb el vostre gust o costums.<\/p>\n<p>No dubti en sol\u00b7licitar-nos informaci\u00f3 sobre la gran varietat de tipus de parquets, l&#8217;assesorarem per tal que trobi la millor alternativa.<\/p>\n<h2>Manteniment parquets:<\/h2>\n<p>Realitzem el manteniment (pulint, barnissant, restaurant, reparant, abrillantant)\u00a0de qualsevol tipus, marca o <strong>model de parquet per a terra<\/strong>. Li realitzem pressupot de reparar, pulir, barni\u00e7, restaurar el seu parquet existent.<\/p>\n<p>Per cuidar un parquet cal <strong>pulir i barnissar<\/strong> el seu <strong>parquet<\/strong> per deixar-lo com nou i conservar el seus parquets antics en les millors condicions possibles.<\/p>\n<p>Si li cal <strong>reparar el seu parquet<\/strong> li reparem parquet i tamb\u00e9 li oferim assessorament per la selecci\u00f3 de la millor fusta per al terra de la seva llar.<\/p>\n<h2>Marques fabricants parquet:<\/h2>\n<p>Actualment treballem amb les millors marques del mercat amb <strong>parquet natural<\/strong> com: Kahrs, Haro, Dura, Naturtek, Itlas, Labor Legno; tamb\u00e9 treballem amb <strong>paviments laminats sint\u00e8tics<\/strong> com: Pergo, Wittex, Quick Step, Floor-line.<\/p>\n<p>Oferim <strong>parquet econ\u00f2mic<\/strong> amb pressupostos per totes les butxaques i garantia post-venda","protected":false},"excerpt":{"rendered":"<p>Parquet per a\u00a0terra Som instal\u00b7ladors i restauradors \/ reparadors de parquet per a terra d&#8217;interiors i tamb\u00e9\u00a0 de tarimes d&#8217;exterior. Tipus de parquets segons el format de la fusta: Treballem amb tot tipus de parquet, segons les necessitats i la decoraci\u00f3 de la seva llar podr\u00e0 escollir entre els diferents productes que s&#8217;ofereixen\u00a0al mercat: \u2022 [&hellip;]<\/p>\n","protected":false},"author":8979,"featured_media":0,"parent":1280,"menu_order":0,"comment_status":"open","ping_status":"closed","template":"","meta":{"_monsterinsights_skip_tracking":false,"_monsterinsights_sitenote_active":false,"_monsterinsights_sitenote_note":"","_monsterinsights_sitenote_category":0,"ngg_post_thumbnail":0,"footnotes":""},"class_list":["post-1287","page","type-page","status-publish","hentry"],"yoast_head":"<!-- This site is optimized with the Yoast SEO plugin v27.5 - https:\/\/yoast.com\/product\/yoast-seo-wordpress\/ -->\n<title>Parquet per a terra - decomat<\/title>\n<meta name=\"robots\" content=\"index, follow, max-snippet:-1, max-image-preview:large, max-video-preview:-1\" \/>\n<link rel=\"canonical\" href=\"https:\/\/decomat.com\/fr\/materiales\/pavimento-suelo\/parque\/\" \/>\n<meta property=\"og:locale\" content=\"ca_ES\" \/>\n<meta property=\"og:type\" content=\"article\" \/>\n<meta property=\"og:title\" content=\"Parquet per a terra - decomat\" \/>\n<meta property=\"og:description\" content=\"Parquet per a\u00a0terra Som instal\u00b7ladors i restauradors \/ reparadors de parquet per a terra d&#8217;interiors i tamb\u00e9\u00a0 de tarimes d&#8217;exterior. Tipus de parquets segons el format de la fusta: Treballem amb tot tipus de parquet, segons les necessitats i la decoraci\u00f3 de la seva llar podr\u00e0 escollir entre els diferents productes que s&#8217;ofereixen\u00a0al mercat: \u2022 [&hellip;]\" \/>\n<meta property=\"og:url\" content=\"https:\/\/decomat.com\/fr\/materiales\/pavimento-suelo\/parque\/\" \/>\n<meta property=\"og:site_name\" content=\"decomat\" \/>\n<meta property=\"article:modified_time\" content=\"2018-01-18T13:41:56+00:00\" \/>\n<meta name=\"twitter:card\" content=\"summary_large_image\" \/>\n<meta name=\"twitter:label1\" content=\"Est. reading time\" \/>\n\t<meta name=\"twitter:data1\" content=\"4 minutes\" \/>\n<script type=\"application\/ld+json\" class=\"yoast-schema-graph\">{\"@context\":\"https:\\\/\\\/schema.org\",\"@graph\":[{\"@type\":\"WebPage\",\"@id\":\"https:\\\/\\\/decomat.com\\\/fr\\\/materiales\\\/pavimento-suelo\\\/parque\\\/\",\"url\":\"https:\\\/\\\/decomat.com\\\/fr\\\/materiales\\\/pavimento-suelo\\\/parque\\\/\",\"name\":\"Parquet per a terra - decomat\",\"isPartOf\":{\"@id\":\"https:\\\/\\\/decomat.com\\\/ca\\\/#website\"},\"datePublished\":\"2012-04-14T17:34:09+00:00\",\"dateModified\":\"2018-01-18T13:41:56+00:00\",\"breadcrumb\":{\"@id\":\"https:\\\/\\\/decomat.com\\\/fr\\\/materiales\\\/pavimento-suelo\\\/parque\\\/#breadcrumb\"},\"inLanguage\":\"ca-ES\",\"potentialAction\":[{\"@type\":\"ReadAction\",\"target\":[\"https:\\\/\\\/decomat.com\\\/fr\\\/materiales\\\/pavimento-suelo\\\/parque\\\/\"]}]},{\"@type\":\"BreadcrumbList\",\"@id\":\"https:\\\/\\\/decomat.com\\\/fr\\\/materiales\\\/pavimento-suelo\\\/parque\\\/#breadcrumb\",\"itemListElement\":[{\"@type\":\"ListItem\",\"position\":1,\"name\":\"Portada\",\"item\":\"https:\\\/\\\/decomat.com\\\/ca\\\/\"},{\"@type\":\"ListItem\",\"position\":2,\"name\":\"Materials\",\"item\":\"https:\\\/\\\/decomat.com\\\/ca\\\/materiales\\\/\"},{\"@type\":\"ListItem\",\"position\":3,\"name\":\"Paviment \\\/ Terra\",\"item\":\"https:\\\/\\\/decomat.com\\\/ca\\\/materiales\\\/pavimento-suelo\\\/\"},{\"@type\":\"ListItem\",\"position\":4,\"name\":\"Parquet de sol\"}]},{\"@type\":\"WebSite\",\"@id\":\"https:\\\/\\\/decomat.com\\\/ca\\\/#website\",\"url\":\"https:\\\/\\\/decomat.com\\\/ca\\\/\",\"name\":\"decomat\",\"description\":\"Material decoraci\u00f3\",\"potentialAction\":[{\"@type\":\"SearchAction\",\"target\":{\"@type\":\"EntryPoint\",\"urlTemplate\":\"https:\\\/\\\/decomat.com\\\/ca\\\/?s={search_term_string}\"},\"query-input\":{\"@type\":\"PropertyValueSpecification\",\"valueRequired\":true,\"valueName\":\"search_term_string\"}}],\"inLanguage\":\"ca-ES\"}]}<\/script>\n<!-- \/ Yoast SEO plugin. -->","yoast_head_json":{"title":"Parquet per a terra - decomat","robots":{"index":"index","follow":"follow","max-snippet":"max-snippet:-1","max-image-preview":"max-image-preview:large","max-video-preview":"max-video-preview:-1"},"canonical":"https:\/\/decomat.com\/fr\/materiales\/pavimento-suelo\/parque\/","og_locale":"ca_ES","og_type":"article","og_title":"Parquet per a terra - decomat","og_description":"Parquet per a\u00a0terra Som instal\u00b7ladors i restauradors \/ reparadors de parquet per a terra d&#8217;interiors i tamb\u00e9\u00a0 de tarimes d&#8217;exterior. Tipus de parquets segons el format de la fusta: Treballem amb tot tipus de parquet, segons les necessitats i la decoraci\u00f3 de la seva llar podr\u00e0 escollir entre els diferents productes que s&#8217;ofereixen\u00a0al mercat: \u2022 [&hellip;]","og_url":"https:\/\/decomat.com\/fr\/materiales\/pavimento-suelo\/parque\/","og_site_name":"decomat","article_modified_time":"2018-01-18T13:41:56+00:00","twitter_card":"summary_large_image","twitter_misc":{"Est. reading time":"4 minutes"},"schema":{"@context":"https:\/\/schema.org","@graph":[{"@type":"WebPage","@id":"https:\/\/decomat.com\/fr\/materiales\/pavimento-suelo\/parque\/","url":"https:\/\/decomat.com\/fr\/materiales\/pavimento-suelo\/parque\/","name":"Parquet per a terra - decomat","isPartOf":{"@id":"https:\/\/decomat.com\/ca\/#website"},"datePublished":"2012-04-14T17:34:09+00:00","dateModified":"2018-01-18T13:41:56+00:00","breadcrumb":{"@id":"https:\/\/decomat.com\/fr\/materiales\/pavimento-suelo\/parque\/#breadcrumb"},"inLanguage":"ca-ES","potentialAction":[{"@type":"ReadAction","target":["https:\/\/decomat.com\/fr\/materiales\/pavimento-suelo\/parque\/"]}]},{"@type":"BreadcrumbList","@id":"https:\/\/decomat.com\/fr\/materiales\/pavimento-suelo\/parque\/#breadcrumb","itemListElement":[{"@type":"ListItem","position":1,"name":"Portada","item":"https:\/\/decomat.com\/ca\/"},{"@type":"ListItem","position":2,"name":"Materials","item":"https:\/\/decomat.com\/ca\/materiales\/"},{"@type":"ListItem","position":3,"name":"Paviment \/ Terra","item":"https:\/\/decomat.com\/ca\/materiales\/pavimento-suelo\/"},{"@type":"ListItem","position":4,"name":"Parquet de sol"}]},{"@type":"WebSite","@id":"https:\/\/decomat.com\/ca\/#website","url":"https:\/\/decomat.com\/ca\/","name":"decomat","description":"Material decoraci\u00f3","potentialAction":[{"@type":"SearchAction","target":{"@type":"EntryPoint","urlTemplate":"https:\/\/decomat.com\/ca\/?s={search_term_string}"},"query-input":{"@type":"PropertyValueSpecification","valueRequired":true,"valueName":"search_term_string"}}],"inLanguage":"ca-ES"}]}},"_links":{"self":[{"href":"https:\/\/decomat.com\/ca\/wp-json\/wp\/v2\/pages\/1287","targetHints":{"allow":["GET"]}}],"collection":[{"href":"https:\/\/decomat.com\/ca\/wp-json\/wp\/v2\/pages"}],"about":[{"href":"https:\/\/decomat.com\/ca\/wp-json\/wp\/v2\/types\/page"}],"author":[{"embeddable":true,"href":"https:\/\/decomat.com\/ca\/wp-json\/wp\/v2\/users\/8979"}],"replies":[{"embeddable":true,"href":"https:\/\/decomat.com\/ca\/wp-json\/wp\/v2\/comments?post=1287"}],"version-history":[{"count":23,"href":"https:\/\/decomat.com\/ca\/wp-json\/wp\/v2\/pages\/1287\/revisions"}],"predecessor-version":[{"id":7880,"href":"https:\/\/decomat.com\/ca\/wp-json\/wp\/v2\/pages\/1287\/revisions\/7880"}],"up":[{"embeddable":true,"href":"https:\/\/decomat.com\/ca\/wp-json\/wp\/v2\/pages\/1280"}],"wp:attachment":[{"href":"https:\/\/decomat.com\/ca\/wp-json\/wp\/v2\/media?parent=1287"}],"curies":[{"name":"wp","href":"https:\/\/api.w.org\/{rel}","templated":true}]}}