{"id":1289,"date":"2012-04-14T17:35:38","date_gmt":"2012-04-14T17:35:38","guid":{"rendered":"http:\/\/www.decomat.com\/?page_id=1289"},"modified":"2012-11-24T23:55:52","modified_gmt":"2012-11-24T21:55:52","slug":"cesped-artificial","status":"publish","type":"page","link":"https:\/\/decomat.com\/ca\/materiales\/pavimento-suelo\/cesped-artificial\/","title":{"rendered":"Gespa artificial per a terra"},"content":{"rendered":"<p><\/p>\n<h1>Gespa artificial per a terra<\/h1>\n<p>La gespa artificial sint\u00e8tica decorativa\u00a0per a terra \u00e9s ideal per al teu jard\u00ed.<\/p>\n<p>La gespa artificial per a terra\u00a0per a jardiner\u00eda i paisatgisme \u00e9s rentable tant per a us particular com\u00a0per a zones p\u00fabliques, ja que permet estalvi d&#8217;aigua i de despeses de manteniment.<\/p>\n<p>&nbsp;<\/p>\n<h2>Gamma de gespa artificial:<\/h2>\n<p>La gama de gespa artificial est\u00e0 integrada per una gran varietat de productes desde l&#8217;us decoratiu, gespa artificial\u00a0de colors (blau, ocre, negre, verd), gespa per a zones infantils, fins a gespa per a golf.<\/p>\n<p>&nbsp;<\/p>\n<h2>Ventatges de la gespa artificial:<\/h2>\n<p>Les ventatges de la gespa artificial sint\u00e8tica decorativa per a terra s\u00f3n:<\/p>\n<ul>\n<li><strong>Estalvi en aigua<\/strong>. La gespa sint\u00e8tica artificial\u00a0no necessita reg tot i que \u00e9s\u00a0recomana disposar d&#8217;una presa d&#8217;aigua o alg\u00fan aspersor per remullar-lo si cal netejar-lo o\u00a0refrescar-lo a l&#8217;estiu. No cal manteniment especial en zones d&#8217;ombra on la gespa natural s\u00ed que en requereix.<\/li>\n<li><strong>Estalvi en despeses de manteniment<\/strong>\u00a0gracies a que no necesita \u00e9sser segat (no genera residus del tallat de gespa)\u00a0ni abonat ni de tractaments amb fungicides ni fitosanitaris com la gespa natural. Tant sols requereix un manteniment m\u00ednim que es limita a un\u00a0 respatllat peri\u00f2dic a retirar restes de fulles, papers, etc. \u00c9s aconsellable un cop al any un raspatllat a fons, la aplicaci\u00f3 d&#8217;un herbicida, i recebat (si fos necessari).<\/li>\n<li><strong>Estalvi en despeses d&#8217;instal\u00b7laci\u00f3 de sistema de reg per a gespa ,<\/strong> ja que no requerix d&#8217;aquest tipus d&#8217;instal\u00b7laci\u00f3 la gespa artificial.<\/li>\n<li><strong>F\u00e0cil instal\u00b7laci\u00f3.<\/strong><\/li>\n<li><strong>Molt registent, <\/strong>registeix les diferents condicions clim\u00e0tiques (no es gela, no s&#8217;asseca, no perd color ( la protecci\u00f3 contra els rajos UV permet gaudir de gespa verda tot l&#8217;any)&#8230;.), registent al clor de piscines, es pot trepitjar i utilitzar igual que es fa amb la gespa natural, sempre conserva la mateixa qualitat si es mant\u00e8 adecuadament.<\/li>\n<li><strong>Higi\u00e8nica<\/strong> i f\u00e0cil de netejar.<\/li>\n<li><strong>Antial\u00e8rgica.<\/strong><\/li>\n<li><strong>Ign\u00edfuga.<\/strong><\/li>\n<li><strong>Reciclable.<\/strong><\/li>\n<li><strong>Garant\u00eda del fabricant.<\/strong><\/li>\n<\/ul>\n<p>&nbsp;<\/p>\n<h2>Zones d&#8217;aplicaci\u00f3 de la gespa artificial:<\/h2>\n<ul>\n<li><strong>Zones de jard\u00ed.<\/strong><\/li>\n<li><strong>Zones d&#8217;ombra.<\/strong><\/li>\n<li><strong>Zones grans i petites<\/strong>: apropiat tant per grans zones com per petites (terrases, patis interiors amb o sense llum\u00a0i \u00e0tics).<\/li>\n<li><strong>Zones de jocs per a nens i nenes.<\/strong><\/li>\n<li><strong>Zones d&#8217;escoles i guarderies.<\/strong><\/li>\n<li><strong>Zones esportives. <\/strong>(greens de pr\u00e0ctica de golf, camps de f\u00fatbol, pistes de paddle)<\/li>\n<li><strong>Zones de piscines p\u00fabliques, privades i comunit\u00e0ries.<\/strong><\/li>\n<li><strong>Zones amb animals dom\u00e8stics, <\/strong>tant sols necessita neteja.<\/li>\n<li><strong>Zones comunit\u00e0ries. <\/strong>(hotels, escoles, comunitat de ve\u00efns, clubs socials, recintes empresrials, zones firals, zones de pas)<\/li>\n<li><strong>Zones de paisatgisme <\/strong>(rotondes, mitjanes, jardins p\u00fablics)<\/li>\n<\/ul>\n<p>&nbsp;<\/p>\n<h2>Instal\u00b7laci\u00f3 de la gespa artififcial:<\/h2>\n<h4>\u00a0Nivellaci\u00f3 i tractament del terreny<\/h4>\n<p>Perque la instalaci\u00f3n sigui correcta i\u00a0duradora \u00e9s molt important nivellar correctament el terreny, eliminant pedres i objectes durs per assolir una superf\u00edcie llisa de terra e instal\u00b7lar un bon drenatge i el sistema de reg si \u00e9s necessari.<br \/>\nEn cas d&#8217;instal\u00b7lar-ho sobre gespa natural existent, \u00e9s aconsellable l&#8217;aplicaci\u00f3 d&#8217;un herbicida, abans d&#8217;excavar.<\/p>\n<h4>Compactaci\u00f3 del terreny<\/h4>\n<p>S&#8217;ha d&#8217;extendre\u00a0una capa de sorra especial, segons el terreny a partir d&#8217;1 cm, per a nivellar la zona i despr\u00e9s compactar.<\/p>\n<h4>Tractament de la superf\u00edcie<\/h4>\n<p>\u00c9s aconsellable la col\u00b7locaci\u00f3 d&#8217;una malla antiherbes i\/o tela geot\u00e8xtil per a impedir el creixement de males herbes i fongs i posteriorment l&#8217;aplicaci\u00f3 d&#8217;un herbicida.<\/p>\n<p>&nbsp;<\/p>","protected":false},"excerpt":{"rendered":"<p>Gespa artificial per a terra La gespa artificial sint\u00e8tica decorativa\u00a0per a terra \u00e9s ideal per al teu jard\u00ed. La gespa artificial per a terra\u00a0per a jardiner\u00eda i paisatgisme \u00e9s rentable tant per a us particular com\u00a0per a zones p\u00fabliques, ja que permet estalvi d&#8217;aigua i de despeses de manteniment. &nbsp; Gamma de gespa artificial: La [&hellip;]<\/p>\n","protected":false},"author":8979,"featured_media":0,"parent":1280,"menu_order":0,"comment_status":"open","ping_status":"closed","template":"","meta":{"_monsterinsights_skip_tracking":false,"_monsterinsights_sitenote_active":false,"_monsterinsights_sitenote_note":"","_monsterinsights_sitenote_category":0,"ngg_post_thumbnail":0,"footnotes":""},"class_list":["post-1289","page","type-page","status-publish","hentry"],"yoast_head":"<!-- This site is optimized with the Yoast SEO plugin v27.3 - https:\/\/yoast.com\/product\/yoast-seo-wordpress\/ -->\n<title>Gespa artificial per a terra - decomat<\/title>\n<meta name=\"robots\" content=\"index, follow, max-snippet:-1, max-image-preview:large, max-video-preview:-1\" \/>\n<link rel=\"canonical\" href=\"https:\/\/decomat.com\/fr\/materiales\/pavimento-suelo\/cesped-artificial\/\" \/>\n<meta property=\"og:locale\" content=\"ca_ES\" \/>\n<meta property=\"og:type\" content=\"article\" \/>\n<meta property=\"og:title\" content=\"Gespa artificial per a terra - decomat\" \/>\n<meta property=\"og:description\" content=\"Gespa artificial per a terra La gespa artificial sint\u00e8tica decorativa\u00a0per a terra \u00e9s ideal per al teu jard\u00ed. La gespa artificial per a terra\u00a0per a jardiner\u00eda i paisatgisme \u00e9s rentable tant per a us particular com\u00a0per a zones p\u00fabliques, ja que permet estalvi d&#8217;aigua i de despeses de manteniment. &nbsp; Gamma de gespa artificial: La [&hellip;]\" \/>\n<meta property=\"og:url\" content=\"https:\/\/decomat.com\/fr\/materiales\/pavimento-suelo\/cesped-artificial\/\" \/>\n<meta property=\"og:site_name\" content=\"decomat\" \/>\n<meta property=\"article:modified_time\" content=\"2012-11-24T21:55:52+00:00\" \/>\n<meta name=\"twitter:card\" content=\"summary_large_image\" \/>\n<meta name=\"twitter:label1\" content=\"Est. reading time\" \/>\n\t<meta name=\"twitter:data1\" content=\"3 minutes\" \/>\n<script type=\"application\/ld+json\" class=\"yoast-schema-graph\">{\"@context\":\"https:\\\/\\\/schema.org\",\"@graph\":[{\"@type\":\"WebPage\",\"@id\":\"https:\\\/\\\/decomat.com\\\/fr\\\/materiales\\\/pavimento-suelo\\\/cesped-artificial\\\/\",\"url\":\"https:\\\/\\\/decomat.com\\\/fr\\\/materiales\\\/pavimento-suelo\\\/cesped-artificial\\\/\",\"name\":\"Gespa artificial per a terra - decomat\",\"isPartOf\":{\"@id\":\"https:\\\/\\\/decomat.com\\\/ca\\\/#website\"},\"datePublished\":\"2012-04-14T17:35:38+00:00\",\"dateModified\":\"2012-11-24T21:55:52+00:00\",\"breadcrumb\":{\"@id\":\"https:\\\/\\\/decomat.com\\\/fr\\\/materiales\\\/pavimento-suelo\\\/cesped-artificial\\\/#breadcrumb\"},\"inLanguage\":\"ca-ES\",\"potentialAction\":[{\"@type\":\"ReadAction\",\"target\":[\"https:\\\/\\\/decomat.com\\\/fr\\\/materiales\\\/pavimento-suelo\\\/cesped-artificial\\\/\"]}]},{\"@type\":\"BreadcrumbList\",\"@id\":\"https:\\\/\\\/decomat.com\\\/fr\\\/materiales\\\/pavimento-suelo\\\/cesped-artificial\\\/#breadcrumb\",\"itemListElement\":[{\"@type\":\"ListItem\",\"position\":1,\"name\":\"Portada\",\"item\":\"https:\\\/\\\/decomat.com\\\/ca\\\/\"},{\"@type\":\"ListItem\",\"position\":2,\"name\":\"Materials\",\"item\":\"https:\\\/\\\/decomat.com\\\/ca\\\/materiales\\\/\"},{\"@type\":\"ListItem\",\"position\":3,\"name\":\"Paviment \\\/ Terra\",\"item\":\"https:\\\/\\\/decomat.com\\\/ca\\\/materiales\\\/pavimento-suelo\\\/\"},{\"@type\":\"ListItem\",\"position\":4,\"name\":\"Gazon artificiel pour sol\"}]},{\"@type\":\"WebSite\",\"@id\":\"https:\\\/\\\/decomat.com\\\/ca\\\/#website\",\"url\":\"https:\\\/\\\/decomat.com\\\/ca\\\/\",\"name\":\"decomat\",\"description\":\"Material decoraci\u00f3\",\"potentialAction\":[{\"@type\":\"SearchAction\",\"target\":{\"@type\":\"EntryPoint\",\"urlTemplate\":\"https:\\\/\\\/decomat.com\\\/ca\\\/?s={search_term_string}\"},\"query-input\":{\"@type\":\"PropertyValueSpecification\",\"valueRequired\":true,\"valueName\":\"search_term_string\"}}],\"inLanguage\":\"ca-ES\"}]}<\/script>\n<!-- \/ Yoast SEO plugin. -->","yoast_head_json":{"title":"Gespa artificial per a terra - decomat","robots":{"index":"index","follow":"follow","max-snippet":"max-snippet:-1","max-image-preview":"max-image-preview:large","max-video-preview":"max-video-preview:-1"},"canonical":"https:\/\/decomat.com\/fr\/materiales\/pavimento-suelo\/cesped-artificial\/","og_locale":"ca_ES","og_type":"article","og_title":"Gespa artificial per a terra - decomat","og_description":"Gespa artificial per a terra La gespa artificial sint\u00e8tica decorativa\u00a0per a terra \u00e9s ideal per al teu jard\u00ed. La gespa artificial per a terra\u00a0per a jardiner\u00eda i paisatgisme \u00e9s rentable tant per a us particular com\u00a0per a zones p\u00fabliques, ja que permet estalvi d&#8217;aigua i de despeses de manteniment. &nbsp; Gamma de gespa artificial: La [&hellip;]","og_url":"https:\/\/decomat.com\/fr\/materiales\/pavimento-suelo\/cesped-artificial\/","og_site_name":"decomat","article_modified_time":"2012-11-24T21:55:52+00:00","twitter_card":"summary_large_image","twitter_misc":{"Est. reading time":"3 minutes"},"schema":{"@context":"https:\/\/schema.org","@graph":[{"@type":"WebPage","@id":"https:\/\/decomat.com\/fr\/materiales\/pavimento-suelo\/cesped-artificial\/","url":"https:\/\/decomat.com\/fr\/materiales\/pavimento-suelo\/cesped-artificial\/","name":"Gespa artificial per a terra - decomat","isPartOf":{"@id":"https:\/\/decomat.com\/ca\/#website"},"datePublished":"2012-04-14T17:35:38+00:00","dateModified":"2012-11-24T21:55:52+00:00","breadcrumb":{"@id":"https:\/\/decomat.com\/fr\/materiales\/pavimento-suelo\/cesped-artificial\/#breadcrumb"},"inLanguage":"ca-ES","potentialAction":[{"@type":"ReadAction","target":["https:\/\/decomat.com\/fr\/materiales\/pavimento-suelo\/cesped-artificial\/"]}]},{"@type":"BreadcrumbList","@id":"https:\/\/decomat.com\/fr\/materiales\/pavimento-suelo\/cesped-artificial\/#breadcrumb","itemListElement":[{"@type":"ListItem","position":1,"name":"Portada","item":"https:\/\/decomat.com\/ca\/"},{"@type":"ListItem","position":2,"name":"Materials","item":"https:\/\/decomat.com\/ca\/materiales\/"},{"@type":"ListItem","position":3,"name":"Paviment \/ Terra","item":"https:\/\/decomat.com\/ca\/materiales\/pavimento-suelo\/"},{"@type":"ListItem","position":4,"name":"Gazon artificiel pour sol"}]},{"@type":"WebSite","@id":"https:\/\/decomat.com\/ca\/#website","url":"https:\/\/decomat.com\/ca\/","name":"decomat","description":"Material decoraci\u00f3","potentialAction":[{"@type":"SearchAction","target":{"@type":"EntryPoint","urlTemplate":"https:\/\/decomat.com\/ca\/?s={search_term_string}"},"query-input":{"@type":"PropertyValueSpecification","valueRequired":true,"valueName":"search_term_string"}}],"inLanguage":"ca-ES"}]}},"_links":{"self":[{"href":"https:\/\/decomat.com\/ca\/wp-json\/wp\/v2\/pages\/1289","targetHints":{"allow":["GET"]}}],"collection":[{"href":"https:\/\/decomat.com\/ca\/wp-json\/wp\/v2\/pages"}],"about":[{"href":"https:\/\/decomat.com\/ca\/wp-json\/wp\/v2\/types\/page"}],"author":[{"embeddable":true,"href":"https:\/\/decomat.com\/ca\/wp-json\/wp\/v2\/users\/8979"}],"replies":[{"embeddable":true,"href":"https:\/\/decomat.com\/ca\/wp-json\/wp\/v2\/comments?post=1289"}],"version-history":[{"count":14,"href":"https:\/\/decomat.com\/ca\/wp-json\/wp\/v2\/pages\/1289\/revisions"}],"predecessor-version":[{"id":1506,"href":"https:\/\/decomat.com\/ca\/wp-json\/wp\/v2\/pages\/1289\/revisions\/1506"}],"up":[{"embeddable":true,"href":"https:\/\/decomat.com\/ca\/wp-json\/wp\/v2\/pages\/1280"}],"wp:attachment":[{"href":"https:\/\/decomat.com\/ca\/wp-json\/wp\/v2\/media?parent=1289"}],"curies":[{"name":"wp","href":"https:\/\/api.w.org\/{rel}","templated":true}]}}