{"id":1295,"date":"2012-04-14T17:38:51","date_gmt":"2012-04-14T17:38:51","guid":{"rendered":"http:\/\/www.decomat.com\/?page_id=1295"},"modified":"2012-11-23T17:20:57","modified_gmt":"2012-11-23T15:20:57","slug":"ceramica","status":"publish","type":"page","link":"https:\/\/decomat.com\/ca\/materiales\/pavimento-suelo\/ceramica\/","title":{"rendered":"Cer\u00e0mica per a terra"},"content":{"rendered":"<p><\/p>\n<h1>Cer\u00e0mica per a terra<\/h1>\n<p>La paraula cer\u00e0mica deriva del grec \u03ba\u03b5\u03c1\u03b1\u03bc\u03b9\u03ba\u03cc\u03c2 (keramikos), i es refereix a la terrissa, i podria derivar de la paraula indoeuropea ker que significaria calor.<\/p>\n<p>&nbsp;<\/p>\n<h2>Pedra cer\u00e0mica:<\/h2>\n<p>Material extraordinariament registent, capa\u00e7 de restar inalterable en la seva superf\u00edcie, que supera les prestacions del gres porcel\u00b7l\u00e0nic.<\/p>\n<p>&nbsp;<\/p>\n<h2>Gres porcel\u00b7l\u00e0nic:<\/h2>\n<p>Material cer\u00e0mic per a pavimentaci\u00f3 de zones amb alt tr\u00e0nsit peatonal, com grans superf\u00edcies comercials, centres de treball o edificis p\u00fablics, per\u00f2 tamb\u00e9 per a espais dom\u00e8stics i residencials, tant en interior com per exterior.<br \/>\nPer la seva regist\u00e8ncia als cambis de temperatura i a les seves qualitats est\u00e8tiques, tamb\u00e9 \u00e9s utilitzat com a recubriment de fa\u00e7anes d&#8217;edificis, tant en el sistema de fa\u00e7ana ventilada com amb el de fa\u00e7ana encolada.<\/p>\n<p>&nbsp;<\/p>","protected":false},"excerpt":{"rendered":"<p>Cer\u00e0mica per a terra La paraula cer\u00e0mica deriva del grec \u03ba\u03b5\u03c1\u03b1\u03bc\u03b9\u03ba\u03cc\u03c2 (keramikos), i es refereix a la terrissa, i podria derivar de la paraula indoeuropea ker que significaria calor. &nbsp; Pedra cer\u00e0mica: Material extraordinariament registent, capa\u00e7 de restar inalterable en la seva superf\u00edcie, que supera les prestacions del gres porcel\u00b7l\u00e0nic. &nbsp; Gres porcel\u00b7l\u00e0nic: Material cer\u00e0mic [&hellip;]<\/p>\n","protected":false},"author":8979,"featured_media":0,"parent":1280,"menu_order":0,"comment_status":"open","ping_status":"closed","template":"","meta":{"_monsterinsights_skip_tracking":false,"_monsterinsights_sitenote_active":false,"_monsterinsights_sitenote_note":"","_monsterinsights_sitenote_category":0,"ngg_post_thumbnail":0,"footnotes":""},"class_list":["post-1295","page","type-page","status-publish","hentry"],"yoast_head":"<!-- This site is optimized with the Yoast SEO plugin v27.3 - https:\/\/yoast.com\/product\/yoast-seo-wordpress\/ -->\n<title>Cer\u00e0mica per a terra - decomat<\/title>\n<meta name=\"robots\" content=\"index, follow, max-snippet:-1, max-image-preview:large, max-video-preview:-1\" \/>\n<link rel=\"canonical\" href=\"https:\/\/decomat.com\/ca\/materiales\/pavimento-suelo\/ceramica\/\" \/>\n<meta property=\"og:locale\" content=\"ca_ES\" \/>\n<meta property=\"og:type\" content=\"article\" \/>\n<meta property=\"og:title\" content=\"Cer\u00e0mica per a terra - decomat\" \/>\n<meta property=\"og:description\" content=\"Cer\u00e0mica per a terra La paraula cer\u00e0mica deriva del grec \u03ba\u03b5\u03c1\u03b1\u03bc\u03b9\u03ba\u03cc\u03c2 (keramikos), i es refereix a la terrissa, i podria derivar de la paraula indoeuropea ker que significaria calor. &nbsp; Pedra cer\u00e0mica: Material extraordinariament registent, capa\u00e7 de restar inalterable en la seva superf\u00edcie, que supera les prestacions del gres porcel\u00b7l\u00e0nic. &nbsp; Gres porcel\u00b7l\u00e0nic: Material cer\u00e0mic [&hellip;]\" \/>\n<meta property=\"og:url\" content=\"https:\/\/decomat.com\/ca\/materiales\/pavimento-suelo\/ceramica\/\" \/>\n<meta property=\"og:site_name\" content=\"decomat\" \/>\n<meta property=\"article:modified_time\" content=\"2012-11-23T15:20:57+00:00\" \/>\n<meta name=\"twitter:card\" content=\"summary_large_image\" \/>\n<meta name=\"twitter:label1\" content=\"Est. reading time\" \/>\n\t<meta name=\"twitter:data1\" content=\"1 minute\" \/>\n<script type=\"application\/ld+json\" class=\"yoast-schema-graph\">{\"@context\":\"https:\\\/\\\/schema.org\",\"@graph\":[{\"@type\":\"WebPage\",\"@id\":\"https:\\\/\\\/decomat.com\\\/ca\\\/materiales\\\/pavimento-suelo\\\/ceramica\\\/\",\"url\":\"https:\\\/\\\/decomat.com\\\/ca\\\/materiales\\\/pavimento-suelo\\\/ceramica\\\/\",\"name\":\"Cer\u00e0mica per a terra - decomat\",\"isPartOf\":{\"@id\":\"https:\\\/\\\/decomat.com\\\/ca\\\/#website\"},\"datePublished\":\"2012-04-14T17:38:51+00:00\",\"dateModified\":\"2012-11-23T15:20:57+00:00\",\"breadcrumb\":{\"@id\":\"https:\\\/\\\/decomat.com\\\/ca\\\/materiales\\\/pavimento-suelo\\\/ceramica\\\/#breadcrumb\"},\"inLanguage\":\"ca-ES\",\"potentialAction\":[{\"@type\":\"ReadAction\",\"target\":[\"https:\\\/\\\/decomat.com\\\/ca\\\/materiales\\\/pavimento-suelo\\\/ceramica\\\/\"]}]},{\"@type\":\"BreadcrumbList\",\"@id\":\"https:\\\/\\\/decomat.com\\\/ca\\\/materiales\\\/pavimento-suelo\\\/ceramica\\\/#breadcrumb\",\"itemListElement\":[{\"@type\":\"ListItem\",\"position\":1,\"name\":\"Portada\",\"item\":\"https:\\\/\\\/decomat.com\\\/ca\\\/\"},{\"@type\":\"ListItem\",\"position\":2,\"name\":\"Materials\",\"item\":\"https:\\\/\\\/decomat.com\\\/ca\\\/materiales\\\/\"},{\"@type\":\"ListItem\",\"position\":3,\"name\":\"Paviment \\\/ Terra\",\"item\":\"https:\\\/\\\/decomat.com\\\/ca\\\/materiales\\\/pavimento-suelo\\\/\"},{\"@type\":\"ListItem\",\"position\":4,\"name\":\"Cer\u00e0mica per a terra\"}]},{\"@type\":\"WebSite\",\"@id\":\"https:\\\/\\\/decomat.com\\\/ca\\\/#website\",\"url\":\"https:\\\/\\\/decomat.com\\\/ca\\\/\",\"name\":\"decomat\",\"description\":\"Material decoraci\u00f3\",\"potentialAction\":[{\"@type\":\"SearchAction\",\"target\":{\"@type\":\"EntryPoint\",\"urlTemplate\":\"https:\\\/\\\/decomat.com\\\/ca\\\/?s={search_term_string}\"},\"query-input\":{\"@type\":\"PropertyValueSpecification\",\"valueRequired\":true,\"valueName\":\"search_term_string\"}}],\"inLanguage\":\"ca-ES\"}]}<\/script>\n<!-- \/ Yoast SEO plugin. -->","yoast_head_json":{"title":"Cer\u00e0mica per a terra - decomat","robots":{"index":"index","follow":"follow","max-snippet":"max-snippet:-1","max-image-preview":"max-image-preview:large","max-video-preview":"max-video-preview:-1"},"canonical":"https:\/\/decomat.com\/ca\/materiales\/pavimento-suelo\/ceramica\/","og_locale":"ca_ES","og_type":"article","og_title":"Cer\u00e0mica per a terra - decomat","og_description":"Cer\u00e0mica per a terra La paraula cer\u00e0mica deriva del grec \u03ba\u03b5\u03c1\u03b1\u03bc\u03b9\u03ba\u03cc\u03c2 (keramikos), i es refereix a la terrissa, i podria derivar de la paraula indoeuropea ker que significaria calor. &nbsp; Pedra cer\u00e0mica: Material extraordinariament registent, capa\u00e7 de restar inalterable en la seva superf\u00edcie, que supera les prestacions del gres porcel\u00b7l\u00e0nic. &nbsp; Gres porcel\u00b7l\u00e0nic: Material cer\u00e0mic [&hellip;]","og_url":"https:\/\/decomat.com\/ca\/materiales\/pavimento-suelo\/ceramica\/","og_site_name":"decomat","article_modified_time":"2012-11-23T15:20:57+00:00","twitter_card":"summary_large_image","twitter_misc":{"Est. reading time":"1 minute"},"schema":{"@context":"https:\/\/schema.org","@graph":[{"@type":"WebPage","@id":"https:\/\/decomat.com\/ca\/materiales\/pavimento-suelo\/ceramica\/","url":"https:\/\/decomat.com\/ca\/materiales\/pavimento-suelo\/ceramica\/","name":"Cer\u00e0mica per a terra - decomat","isPartOf":{"@id":"https:\/\/decomat.com\/ca\/#website"},"datePublished":"2012-04-14T17:38:51+00:00","dateModified":"2012-11-23T15:20:57+00:00","breadcrumb":{"@id":"https:\/\/decomat.com\/ca\/materiales\/pavimento-suelo\/ceramica\/#breadcrumb"},"inLanguage":"ca-ES","potentialAction":[{"@type":"ReadAction","target":["https:\/\/decomat.com\/ca\/materiales\/pavimento-suelo\/ceramica\/"]}]},{"@type":"BreadcrumbList","@id":"https:\/\/decomat.com\/ca\/materiales\/pavimento-suelo\/ceramica\/#breadcrumb","itemListElement":[{"@type":"ListItem","position":1,"name":"Portada","item":"https:\/\/decomat.com\/ca\/"},{"@type":"ListItem","position":2,"name":"Materials","item":"https:\/\/decomat.com\/ca\/materiales\/"},{"@type":"ListItem","position":3,"name":"Paviment \/ Terra","item":"https:\/\/decomat.com\/ca\/materiales\/pavimento-suelo\/"},{"@type":"ListItem","position":4,"name":"Cer\u00e0mica per a terra"}]},{"@type":"WebSite","@id":"https:\/\/decomat.com\/ca\/#website","url":"https:\/\/decomat.com\/ca\/","name":"decomat","description":"Material decoraci\u00f3","potentialAction":[{"@type":"SearchAction","target":{"@type":"EntryPoint","urlTemplate":"https:\/\/decomat.com\/ca\/?s={search_term_string}"},"query-input":{"@type":"PropertyValueSpecification","valueRequired":true,"valueName":"search_term_string"}}],"inLanguage":"ca-ES"}]}},"_links":{"self":[{"href":"https:\/\/decomat.com\/ca\/wp-json\/wp\/v2\/pages\/1295","targetHints":{"allow":["GET"]}}],"collection":[{"href":"https:\/\/decomat.com\/ca\/wp-json\/wp\/v2\/pages"}],"about":[{"href":"https:\/\/decomat.com\/ca\/wp-json\/wp\/v2\/types\/page"}],"author":[{"embeddable":true,"href":"https:\/\/decomat.com\/ca\/wp-json\/wp\/v2\/users\/8979"}],"replies":[{"embeddable":true,"href":"https:\/\/decomat.com\/ca\/wp-json\/wp\/v2\/comments?post=1295"}],"version-history":[{"count":5,"href":"https:\/\/decomat.com\/ca\/wp-json\/wp\/v2\/pages\/1295\/revisions"}],"predecessor-version":[{"id":1502,"href":"https:\/\/decomat.com\/ca\/wp-json\/wp\/v2\/pages\/1295\/revisions\/1502"}],"up":[{"embeddable":true,"href":"https:\/\/decomat.com\/ca\/wp-json\/wp\/v2\/pages\/1280"}],"wp:attachment":[{"href":"https:\/\/decomat.com\/ca\/wp-json\/wp\/v2\/media?parent=1295"}],"curies":[{"name":"wp","href":"https:\/\/api.w.org\/{rel}","templated":true}]}}