{"id":1299,"date":"2012-04-14T17:41:29","date_gmt":"2012-04-14T17:41:29","guid":{"rendered":"http:\/\/www.decomat.com\/?page_id=1299"},"modified":"2012-11-23T18:46:13","modified_gmt":"2012-11-23T16:46:13","slug":"linoleo","status":"publish","type":"page","link":"https:\/\/decomat.com\/ca\/materiales\/pavimento-suelo\/linoleo\/","title":{"rendered":"Lin\u00f2leum per a terra"},"content":{"rendered":"<p><\/p>\n<h1>Lin\u00f2leum per a terra<\/h1>\n<h2><\/h2>\n<h2>Composici\u00f3:<\/h2>\n<p>El mot lin\u00f2leum\u00a0est\u00e0 format\u00a0 per les paraules del llat\u00ed <em>linum<\/em> i <em>oleum<\/em>, que en catal\u00e0 es traueixen per &#8216;lli&#8217; + &#8216;oli&#8217;, a causa de l&#8217;oli de llinosa que hi ha en una part de la composici\u00f3 d&#8217;aquest material.<\/p>\n<p>Aquest material est\u00e0 constitu\u00eft per un teixit (lona o tela) de iute\u00a0cobert per una pasta (solidificada)\u00a0feta d&#8217;oli de llinosa + colof\u00f2nia + goma kauri (resines naturals) + serradures (farina de fusta o pols de suro)\u00a0+ c\u00e0rregues minerals + mat\u00e8ries colorants o pigments que li acaben donant el to. S&#8217;utilitza<\/p>\n<p>Els terres de lin\u00f2leum de m\u00e9s alta qualitat, anomenats &#8216;INLA&#8217;, s\u00f3n extremadament durables. Aquests terres es fabriquen ajuntant i encastant peces s\u00f2lides de lin\u00f2leum. Es fabriquen versions amb patrons geom\u00e8trics de lin\u00f2leum en diferents gruixos o dimensions.<\/p>\n<p>Al lin\u00f2leum se li pot afegir una subbase monocapa a base de gr\u00e0nuls de suro sobre iute, que absorveixen el sorolls per impacte d&#8217;uns 18dB.<\/p>\n<p>&nbsp;<\/p>\n<h2>Format:<\/h2>\n<p>Llosetes de 50 x50 cm<br \/>\nRotlles de 2 mts (ample ) x de 20 a 30 m.l. (llarg)<br \/>\nGruixos entre 2 i 4 mm segons model.<\/p>\n<p>&nbsp;<\/p>\n<h2>Caracter\u00edstiques t\u00e8cniques:<\/h2>\n<p>Lin\u00f2leum monocapa homogeni<\/p>\n<p>Reacci\u00f3 al foc<\/p>\n<p>\u00c9s un producte ecol\u00f2gic, no t\u00f2xic i bacteriol\u00edtic.<\/p>\n<h2><\/h2>\n<h2>Tarkett linoleum xf (x-treme finish):<\/h2>\n<p>Natural (veneto, toscano)<\/p>\n<p>Extravagant (Etrusco, veneto, toscano)<\/p>\n<p>Contemporary\u00a0 (Etrusco, veneto, toscano)<\/p>\n<p>Urban (Veneto, etrusco)<\/p>","protected":false},"excerpt":{"rendered":"<p>Lin\u00f2leum per a terra Composici\u00f3: El mot lin\u00f2leum\u00a0est\u00e0 format\u00a0 per les paraules del llat\u00ed linum i oleum, que en catal\u00e0 es traueixen per &#8216;lli&#8217; + &#8216;oli&#8217;, a causa de l&#8217;oli de llinosa que hi ha en una part de la composici\u00f3 d&#8217;aquest material. Aquest material est\u00e0 constitu\u00eft per un teixit (lona o tela) de iute\u00a0cobert [&hellip;]<\/p>\n","protected":false},"author":8979,"featured_media":0,"parent":1280,"menu_order":0,"comment_status":"open","ping_status":"closed","template":"","meta":{"_monsterinsights_skip_tracking":false,"_monsterinsights_sitenote_active":false,"_monsterinsights_sitenote_note":"","_monsterinsights_sitenote_category":0,"ngg_post_thumbnail":0,"footnotes":""},"class_list":["post-1299","page","type-page","status-publish","hentry"],"yoast_head":"<!-- This site is optimized with the Yoast SEO plugin v27.3 - https:\/\/yoast.com\/product\/yoast-seo-wordpress\/ -->\n<title>Lin\u00f2leum per a terra - decomat<\/title>\n<meta name=\"robots\" content=\"index, follow, max-snippet:-1, max-image-preview:large, max-video-preview:-1\" \/>\n<link rel=\"canonical\" href=\"https:\/\/decomat.com\/ca\/materiales\/pavimento-suelo\/linoleo\/\" \/>\n<meta property=\"og:locale\" content=\"ca_ES\" \/>\n<meta property=\"og:type\" content=\"article\" \/>\n<meta property=\"og:title\" content=\"Lin\u00f2leum per a terra - decomat\" \/>\n<meta property=\"og:description\" content=\"Lin\u00f2leum per a terra Composici\u00f3: El mot lin\u00f2leum\u00a0est\u00e0 format\u00a0 per les paraules del llat\u00ed linum i oleum, que en catal\u00e0 es traueixen per &#8216;lli&#8217; + &#8216;oli&#8217;, a causa de l&#8217;oli de llinosa que hi ha en una part de la composici\u00f3 d&#8217;aquest material. Aquest material est\u00e0 constitu\u00eft per un teixit (lona o tela) de iute\u00a0cobert [&hellip;]\" \/>\n<meta property=\"og:url\" content=\"https:\/\/decomat.com\/ca\/materiales\/pavimento-suelo\/linoleo\/\" \/>\n<meta property=\"og:site_name\" content=\"decomat\" \/>\n<meta property=\"article:modified_time\" content=\"2012-11-23T16:46:13+00:00\" \/>\n<meta name=\"twitter:card\" content=\"summary_large_image\" \/>\n<meta name=\"twitter:label1\" content=\"Est. reading time\" \/>\n\t<meta name=\"twitter:data1\" content=\"1 minute\" \/>\n<script type=\"application\/ld+json\" class=\"yoast-schema-graph\">{\"@context\":\"https:\\\/\\\/schema.org\",\"@graph\":[{\"@type\":\"WebPage\",\"@id\":\"https:\\\/\\\/decomat.com\\\/ca\\\/materiales\\\/pavimento-suelo\\\/linoleo\\\/\",\"url\":\"https:\\\/\\\/decomat.com\\\/ca\\\/materiales\\\/pavimento-suelo\\\/linoleo\\\/\",\"name\":\"Lin\u00f2leum per a terra - decomat\",\"isPartOf\":{\"@id\":\"https:\\\/\\\/decomat.com\\\/ca\\\/#website\"},\"datePublished\":\"2012-04-14T17:41:29+00:00\",\"dateModified\":\"2012-11-23T16:46:13+00:00\",\"breadcrumb\":{\"@id\":\"https:\\\/\\\/decomat.com\\\/ca\\\/materiales\\\/pavimento-suelo\\\/linoleo\\\/#breadcrumb\"},\"inLanguage\":\"ca-ES\",\"potentialAction\":[{\"@type\":\"ReadAction\",\"target\":[\"https:\\\/\\\/decomat.com\\\/ca\\\/materiales\\\/pavimento-suelo\\\/linoleo\\\/\"]}]},{\"@type\":\"BreadcrumbList\",\"@id\":\"https:\\\/\\\/decomat.com\\\/ca\\\/materiales\\\/pavimento-suelo\\\/linoleo\\\/#breadcrumb\",\"itemListElement\":[{\"@type\":\"ListItem\",\"position\":1,\"name\":\"Portada\",\"item\":\"https:\\\/\\\/decomat.com\\\/ca\\\/\"},{\"@type\":\"ListItem\",\"position\":2,\"name\":\"Materials\",\"item\":\"https:\\\/\\\/decomat.com\\\/ca\\\/materiales\\\/\"},{\"@type\":\"ListItem\",\"position\":3,\"name\":\"Paviment \\\/ Terra\",\"item\":\"https:\\\/\\\/decomat.com\\\/ca\\\/materiales\\\/pavimento-suelo\\\/\"},{\"@type\":\"ListItem\",\"position\":4,\"name\":\"Lin\u00f2leum per a terra\"}]},{\"@type\":\"WebSite\",\"@id\":\"https:\\\/\\\/decomat.com\\\/ca\\\/#website\",\"url\":\"https:\\\/\\\/decomat.com\\\/ca\\\/\",\"name\":\"decomat\",\"description\":\"Material decoraci\u00f3\",\"potentialAction\":[{\"@type\":\"SearchAction\",\"target\":{\"@type\":\"EntryPoint\",\"urlTemplate\":\"https:\\\/\\\/decomat.com\\\/ca\\\/?s={search_term_string}\"},\"query-input\":{\"@type\":\"PropertyValueSpecification\",\"valueRequired\":true,\"valueName\":\"search_term_string\"}}],\"inLanguage\":\"ca-ES\"}]}<\/script>\n<!-- \/ Yoast SEO plugin. -->","yoast_head_json":{"title":"Lin\u00f2leum per a terra - decomat","robots":{"index":"index","follow":"follow","max-snippet":"max-snippet:-1","max-image-preview":"max-image-preview:large","max-video-preview":"max-video-preview:-1"},"canonical":"https:\/\/decomat.com\/ca\/materiales\/pavimento-suelo\/linoleo\/","og_locale":"ca_ES","og_type":"article","og_title":"Lin\u00f2leum per a terra - decomat","og_description":"Lin\u00f2leum per a terra Composici\u00f3: El mot lin\u00f2leum\u00a0est\u00e0 format\u00a0 per les paraules del llat\u00ed linum i oleum, que en catal\u00e0 es traueixen per &#8216;lli&#8217; + &#8216;oli&#8217;, a causa de l&#8217;oli de llinosa que hi ha en una part de la composici\u00f3 d&#8217;aquest material. Aquest material est\u00e0 constitu\u00eft per un teixit (lona o tela) de iute\u00a0cobert [&hellip;]","og_url":"https:\/\/decomat.com\/ca\/materiales\/pavimento-suelo\/linoleo\/","og_site_name":"decomat","article_modified_time":"2012-11-23T16:46:13+00:00","twitter_card":"summary_large_image","twitter_misc":{"Est. reading time":"1 minute"},"schema":{"@context":"https:\/\/schema.org","@graph":[{"@type":"WebPage","@id":"https:\/\/decomat.com\/ca\/materiales\/pavimento-suelo\/linoleo\/","url":"https:\/\/decomat.com\/ca\/materiales\/pavimento-suelo\/linoleo\/","name":"Lin\u00f2leum per a terra - decomat","isPartOf":{"@id":"https:\/\/decomat.com\/ca\/#website"},"datePublished":"2012-04-14T17:41:29+00:00","dateModified":"2012-11-23T16:46:13+00:00","breadcrumb":{"@id":"https:\/\/decomat.com\/ca\/materiales\/pavimento-suelo\/linoleo\/#breadcrumb"},"inLanguage":"ca-ES","potentialAction":[{"@type":"ReadAction","target":["https:\/\/decomat.com\/ca\/materiales\/pavimento-suelo\/linoleo\/"]}]},{"@type":"BreadcrumbList","@id":"https:\/\/decomat.com\/ca\/materiales\/pavimento-suelo\/linoleo\/#breadcrumb","itemListElement":[{"@type":"ListItem","position":1,"name":"Portada","item":"https:\/\/decomat.com\/ca\/"},{"@type":"ListItem","position":2,"name":"Materials","item":"https:\/\/decomat.com\/ca\/materiales\/"},{"@type":"ListItem","position":3,"name":"Paviment \/ Terra","item":"https:\/\/decomat.com\/ca\/materiales\/pavimento-suelo\/"},{"@type":"ListItem","position":4,"name":"Lin\u00f2leum per a terra"}]},{"@type":"WebSite","@id":"https:\/\/decomat.com\/ca\/#website","url":"https:\/\/decomat.com\/ca\/","name":"decomat","description":"Material decoraci\u00f3","potentialAction":[{"@type":"SearchAction","target":{"@type":"EntryPoint","urlTemplate":"https:\/\/decomat.com\/ca\/?s={search_term_string}"},"query-input":{"@type":"PropertyValueSpecification","valueRequired":true,"valueName":"search_term_string"}}],"inLanguage":"ca-ES"}]}},"_links":{"self":[{"href":"https:\/\/decomat.com\/ca\/wp-json\/wp\/v2\/pages\/1299","targetHints":{"allow":["GET"]}}],"collection":[{"href":"https:\/\/decomat.com\/ca\/wp-json\/wp\/v2\/pages"}],"about":[{"href":"https:\/\/decomat.com\/ca\/wp-json\/wp\/v2\/types\/page"}],"author":[{"embeddable":true,"href":"https:\/\/decomat.com\/ca\/wp-json\/wp\/v2\/users\/8979"}],"replies":[{"embeddable":true,"href":"https:\/\/decomat.com\/ca\/wp-json\/wp\/v2\/comments?post=1299"}],"version-history":[{"count":12,"href":"https:\/\/decomat.com\/ca\/wp-json\/wp\/v2\/pages\/1299\/revisions"}],"predecessor-version":[{"id":5042,"href":"https:\/\/decomat.com\/ca\/wp-json\/wp\/v2\/pages\/1299\/revisions\/5042"}],"up":[{"embeddable":true,"href":"https:\/\/decomat.com\/ca\/wp-json\/wp\/v2\/pages\/1280"}],"wp:attachment":[{"href":"https:\/\/decomat.com\/ca\/wp-json\/wp\/v2\/media?parent=1299"}],"curies":[{"name":"wp","href":"https:\/\/api.w.org\/{rel}","templated":true}]}}