{"id":1561,"date":"2012-04-16T15:29:54","date_gmt":"2012-04-16T15:29:54","guid":{"rendered":"http:\/\/www.decomat.com\/?page_id=1561"},"modified":"2012-11-25T00:07:39","modified_gmt":"2012-11-24T22:07:39","slug":"velux","status":"publish","type":"page","link":"https:\/\/decomat.com\/ca\/materiales\/cerramiento\/ventana\/velux\/","title":{"rendered":"Velux"},"content":{"rendered":"<p><\/p>\n<h1>Finestra Velux<\/h1>\n<p><img loading=\"lazy\" decoding=\"async\" src=\"\/imatges\/decomat\/materials\/tancament\/finestra\/velux\/totvelux.jpg\" alt=\"\" width=\"512\" height=\"315\" \/><br \/>\n<a href=\"https:\/\/www.decomat.com\/pdf\/decomat\/finestres\/velux\/Cat\u00e1logo Inspiracional.pdf\" target=\"_blank\"><img loading=\"lazy\" decoding=\"async\" class=\"alignnone\" src=\"https:\/\/www.decomat.com\/imatges\/decomat\/botons\/acrobat.gif\" alt=\"\" width=\"39\" height=\"38\" \/><\/a> Cat\u00e0leg finestres Velux<\/p>\n<p>La finestra Velux est\u00e0 disponible en diferents models, <a href=\"https:\/\/www.decomat.com\/materiales\/cortina-toldo\/cortinas-velux\/tamano\/\">tamanys<\/a> i <a href=\"https:\/\/www.decomat.com\/materiales\/cerramiento\/ventana\/velux\/acabados\/\">acabats<\/a>, tamb\u00e9 s&#8217;hi poden afegir accessoris (motors, cortines, persianes, llums, barres, panys &#8230;) i disposa de kits per a realitzar-ne el <a href=\"https:\/\/www.decomat.com\/materiales\/cerramiento\/ventana\/velux\/accesorios\/mantenimiento-ventanas-velux\/\">manteniment<\/a> de la finestra Velux.<\/p>\n<p>La finestra Velux es pot instal.lar tant en pendents <a href=\"https:\/\/www.decomat.com\/materiales\/cerramiento\/ventana\/velux\/modelo\/segun-situacion\/velux-para-tejado-inclinado\/\">inclinades<\/a> (finestra Velux per a teulades) com en superf\u00edcies <a href=\"https:\/\/www.decomat.com\/materiales\/cerramiento\/ventana\/velux\/modelo\/segun-situacion\/velux-para-tejado-plano-terrazas\/\">planes<\/a> amb els corresponents accesoris.<\/p>\n<p>&nbsp;<\/p>","protected":false},"excerpt":{"rendered":"<p>Finestra Velux Cat\u00e0leg finestres Velux La finestra Velux est\u00e0 disponible en diferents models, tamanys i acabats, tamb\u00e9 s&#8217;hi poden afegir accessoris (motors, cortines, persianes, llums, barres, panys &#8230;) i disposa de kits per a realitzar-ne el manteniment de la finestra Velux. La finestra Velux es pot instal.lar tant en pendents inclinades (finestra Velux per a [&hellip;]<\/p>\n","protected":false},"author":8979,"featured_media":0,"parent":1099,"menu_order":0,"comment_status":"open","ping_status":"closed","template":"page-PageTemplate5.php","meta":{"_monsterinsights_skip_tracking":false,"_monsterinsights_sitenote_active":false,"_monsterinsights_sitenote_note":"","_monsterinsights_sitenote_category":0,"ngg_post_thumbnail":0,"footnotes":""},"class_list":["post-1561","page","type-page","status-publish","hentry"],"yoast_head":"<!-- This site is optimized with the Yoast SEO plugin v27.3 - https:\/\/yoast.com\/product\/yoast-seo-wordpress\/ -->\n<title>Velux - decomat<\/title>\n<meta name=\"robots\" content=\"index, follow, max-snippet:-1, max-image-preview:large, max-video-preview:-1\" \/>\n<link rel=\"canonical\" href=\"https:\/\/decomat.com\/fr\/materiales\/cerramiento\/ventana\/velux\/\" \/>\n<meta property=\"og:locale\" content=\"ca_ES\" \/>\n<meta property=\"og:type\" content=\"article\" \/>\n<meta property=\"og:title\" content=\"Velux - decomat\" \/>\n<meta property=\"og:description\" content=\"Finestra Velux Cat\u00e0leg finestres Velux La finestra Velux est\u00e0 disponible en diferents models, tamanys i acabats, tamb\u00e9 s&#8217;hi poden afegir accessoris (motors, cortines, persianes, llums, barres, panys &#8230;) i disposa de kits per a realitzar-ne el manteniment de la finestra Velux. La finestra Velux es pot instal.lar tant en pendents inclinades (finestra Velux per a [&hellip;]\" \/>\n<meta property=\"og:url\" content=\"https:\/\/decomat.com\/fr\/materiales\/cerramiento\/ventana\/velux\/\" \/>\n<meta property=\"og:site_name\" content=\"decomat\" \/>\n<meta property=\"article:modified_time\" content=\"2012-11-24T22:07:39+00:00\" \/>\n<meta property=\"og:image\" content=\"https:\/\/decomat.com\/imatges\/decomat\/materials\/tancament\/finestra\/velux\/totvelux.jpg\" \/>\n<meta name=\"twitter:card\" content=\"summary_large_image\" \/>\n<script type=\"application\/ld+json\" class=\"yoast-schema-graph\">{\"@context\":\"https:\\\/\\\/schema.org\",\"@graph\":[{\"@type\":\"WebPage\",\"@id\":\"https:\\\/\\\/decomat.com\\\/fr\\\/materiales\\\/cerramiento\\\/ventana\\\/velux\\\/\",\"url\":\"https:\\\/\\\/decomat.com\\\/fr\\\/materiales\\\/cerramiento\\\/ventana\\\/velux\\\/\",\"name\":\"Velux - decomat\",\"isPartOf\":{\"@id\":\"https:\\\/\\\/decomat.com\\\/ca\\\/#website\"},\"primaryImageOfPage\":{\"@id\":\"https:\\\/\\\/decomat.com\\\/fr\\\/materiales\\\/cerramiento\\\/ventana\\\/velux\\\/#primaryimage\"},\"image\":{\"@id\":\"https:\\\/\\\/decomat.com\\\/fr\\\/materiales\\\/cerramiento\\\/ventana\\\/velux\\\/#primaryimage\"},\"thumbnailUrl\":\"https:\\\/\\\/www.decomat.com\\\/imatges\\\/decomat\\\/botons\\\/acrobat.gif\",\"datePublished\":\"2012-04-16T15:29:54+00:00\",\"dateModified\":\"2012-11-24T22:07:39+00:00\",\"breadcrumb\":{\"@id\":\"https:\\\/\\\/decomat.com\\\/fr\\\/materiales\\\/cerramiento\\\/ventana\\\/velux\\\/#breadcrumb\"},\"inLanguage\":\"ca-ES\",\"potentialAction\":[{\"@type\":\"ReadAction\",\"target\":[\"https:\\\/\\\/decomat.com\\\/fr\\\/materiales\\\/cerramiento\\\/ventana\\\/velux\\\/\"]}]},{\"@type\":\"ImageObject\",\"inLanguage\":\"ca-ES\",\"@id\":\"https:\\\/\\\/decomat.com\\\/fr\\\/materiales\\\/cerramiento\\\/ventana\\\/velux\\\/#primaryimage\",\"url\":\"https:\\\/\\\/www.decomat.com\\\/imatges\\\/decomat\\\/botons\\\/acrobat.gif\",\"contentUrl\":\"https:\\\/\\\/www.decomat.com\\\/imatges\\\/decomat\\\/botons\\\/acrobat.gif\"},{\"@type\":\"BreadcrumbList\",\"@id\":\"https:\\\/\\\/decomat.com\\\/fr\\\/materiales\\\/cerramiento\\\/ventana\\\/velux\\\/#breadcrumb\",\"itemListElement\":[{\"@type\":\"ListItem\",\"position\":1,\"name\":\"Portada\",\"item\":\"https:\\\/\\\/decomat.com\\\/ca\\\/\"},{\"@type\":\"ListItem\",\"position\":2,\"name\":\"Materials\",\"item\":\"https:\\\/\\\/decomat.com\\\/ca\\\/materiales\\\/\"},{\"@type\":\"ListItem\",\"position\":3,\"name\":\"Fermeture Cloison\",\"item\":\"https:\\\/\\\/decomat.com\\\/fr\\\/materiales\\\/cerramiento\\\/\"},{\"@type\":\"ListItem\",\"position\":4,\"name\":\"Fen\u00eatre\",\"item\":\"https:\\\/\\\/decomat.com\\\/fr\\\/materiales\\\/cerramiento\\\/ventana\\\/\"},{\"@type\":\"ListItem\",\"position\":5,\"name\":\"Velux\"}]},{\"@type\":\"WebSite\",\"@id\":\"https:\\\/\\\/decomat.com\\\/ca\\\/#website\",\"url\":\"https:\\\/\\\/decomat.com\\\/ca\\\/\",\"name\":\"decomat\",\"description\":\"Material decoraci\u00f3\",\"potentialAction\":[{\"@type\":\"SearchAction\",\"target\":{\"@type\":\"EntryPoint\",\"urlTemplate\":\"https:\\\/\\\/decomat.com\\\/ca\\\/?s={search_term_string}\"},\"query-input\":{\"@type\":\"PropertyValueSpecification\",\"valueRequired\":true,\"valueName\":\"search_term_string\"}}],\"inLanguage\":\"ca-ES\"}]}<\/script>\n<!-- \/ Yoast SEO plugin. -->","yoast_head_json":{"title":"Velux - decomat","robots":{"index":"index","follow":"follow","max-snippet":"max-snippet:-1","max-image-preview":"max-image-preview:large","max-video-preview":"max-video-preview:-1"},"canonical":"https:\/\/decomat.com\/fr\/materiales\/cerramiento\/ventana\/velux\/","og_locale":"ca_ES","og_type":"article","og_title":"Velux - decomat","og_description":"Finestra Velux Cat\u00e0leg finestres Velux La finestra Velux est\u00e0 disponible en diferents models, tamanys i acabats, tamb\u00e9 s&#8217;hi poden afegir accessoris (motors, cortines, persianes, llums, barres, panys &#8230;) i disposa de kits per a realitzar-ne el manteniment de la finestra Velux. La finestra Velux es pot instal.lar tant en pendents inclinades (finestra Velux per a [&hellip;]","og_url":"https:\/\/decomat.com\/fr\/materiales\/cerramiento\/ventana\/velux\/","og_site_name":"decomat","article_modified_time":"2012-11-24T22:07:39+00:00","og_image":[{"url":"https:\/\/decomat.com\/imatges\/decomat\/materials\/tancament\/finestra\/velux\/totvelux.jpg","type":"","width":"","height":""}],"twitter_card":"summary_large_image","schema":{"@context":"https:\/\/schema.org","@graph":[{"@type":"WebPage","@id":"https:\/\/decomat.com\/fr\/materiales\/cerramiento\/ventana\/velux\/","url":"https:\/\/decomat.com\/fr\/materiales\/cerramiento\/ventana\/velux\/","name":"Velux - decomat","isPartOf":{"@id":"https:\/\/decomat.com\/ca\/#website"},"primaryImageOfPage":{"@id":"https:\/\/decomat.com\/fr\/materiales\/cerramiento\/ventana\/velux\/#primaryimage"},"image":{"@id":"https:\/\/decomat.com\/fr\/materiales\/cerramiento\/ventana\/velux\/#primaryimage"},"thumbnailUrl":"https:\/\/www.decomat.com\/imatges\/decomat\/botons\/acrobat.gif","datePublished":"2012-04-16T15:29:54+00:00","dateModified":"2012-11-24T22:07:39+00:00","breadcrumb":{"@id":"https:\/\/decomat.com\/fr\/materiales\/cerramiento\/ventana\/velux\/#breadcrumb"},"inLanguage":"ca-ES","potentialAction":[{"@type":"ReadAction","target":["https:\/\/decomat.com\/fr\/materiales\/cerramiento\/ventana\/velux\/"]}]},{"@type":"ImageObject","inLanguage":"ca-ES","@id":"https:\/\/decomat.com\/fr\/materiales\/cerramiento\/ventana\/velux\/#primaryimage","url":"https:\/\/www.decomat.com\/imatges\/decomat\/botons\/acrobat.gif","contentUrl":"https:\/\/www.decomat.com\/imatges\/decomat\/botons\/acrobat.gif"},{"@type":"BreadcrumbList","@id":"https:\/\/decomat.com\/fr\/materiales\/cerramiento\/ventana\/velux\/#breadcrumb","itemListElement":[{"@type":"ListItem","position":1,"name":"Portada","item":"https:\/\/decomat.com\/ca\/"},{"@type":"ListItem","position":2,"name":"Materials","item":"https:\/\/decomat.com\/ca\/materiales\/"},{"@type":"ListItem","position":3,"name":"Fermeture Cloison","item":"https:\/\/decomat.com\/fr\/materiales\/cerramiento\/"},{"@type":"ListItem","position":4,"name":"Fen\u00eatre","item":"https:\/\/decomat.com\/fr\/materiales\/cerramiento\/ventana\/"},{"@type":"ListItem","position":5,"name":"Velux"}]},{"@type":"WebSite","@id":"https:\/\/decomat.com\/ca\/#website","url":"https:\/\/decomat.com\/ca\/","name":"decomat","description":"Material decoraci\u00f3","potentialAction":[{"@type":"SearchAction","target":{"@type":"EntryPoint","urlTemplate":"https:\/\/decomat.com\/ca\/?s={search_term_string}"},"query-input":{"@type":"PropertyValueSpecification","valueRequired":true,"valueName":"search_term_string"}}],"inLanguage":"ca-ES"}]}},"_links":{"self":[{"href":"https:\/\/decomat.com\/ca\/wp-json\/wp\/v2\/pages\/1561","targetHints":{"allow":["GET"]}}],"collection":[{"href":"https:\/\/decomat.com\/ca\/wp-json\/wp\/v2\/pages"}],"about":[{"href":"https:\/\/decomat.com\/ca\/wp-json\/wp\/v2\/types\/page"}],"author":[{"embeddable":true,"href":"https:\/\/decomat.com\/ca\/wp-json\/wp\/v2\/users\/8979"}],"replies":[{"embeddable":true,"href":"https:\/\/decomat.com\/ca\/wp-json\/wp\/v2\/comments?post=1561"}],"version-history":[{"count":15,"href":"https:\/\/decomat.com\/ca\/wp-json\/wp\/v2\/pages\/1561\/revisions"}],"predecessor-version":[{"id":5056,"href":"https:\/\/decomat.com\/ca\/wp-json\/wp\/v2\/pages\/1561\/revisions\/5056"}],"up":[{"embeddable":true,"href":"https:\/\/decomat.com\/ca\/wp-json\/wp\/v2\/pages\/1099"}],"wp:attachment":[{"href":"https:\/\/decomat.com\/ca\/wp-json\/wp\/v2\/media?parent=1561"}],"curies":[{"name":"wp","href":"https:\/\/api.w.org\/{rel}","templated":true}]}}