{"id":1564,"date":"2012-04-16T15:32:00","date_gmt":"2012-04-16T15:32:00","guid":{"rendered":"http:\/\/www.decomat.com\/?page_id=1564"},"modified":"2012-11-25T17:31:18","modified_gmt":"2012-11-25T15:31:18","slug":"claraboyas","status":"publish","type":"page","link":"https:\/\/decomat.com\/ca\/materiales\/cerramiento\/ventana\/claraboyas\/","title":{"rendered":"Claraboies"},"content":{"rendered":"<p><\/p>\n<h1>Claraboies<\/h1>\n<p style=\"padding-left: 30px;\">Les claraboies permeten aprofitar la llum natural a l\u00b4interior dels\u00a0habitatges i tamb\u00e9 ventilar, evacuar\u00a0 fums o fer d\u00f2bertura que permet una sortida cap a l\u00b4exterior.<\/p>\n<p style=\"padding-left: 30px;\">Les claraboies disposen d&#8217;una \u00e0mplia gamma de formes i mesures de\u00a0c\u00fapules i s\u00f2cols adaptats a cada necessitat. La varietat de sistemes d\u00b4obertura de les claraboies juntament amb la quantitat diversa de mesures i formes disponibles de les claraboies permeten escollir la que millor s&#8217;ajusti a la nostra obra.<\/p>\n<p style=\"padding-left: 30px;\">Les claraboies contribueixen a l&#8217;estalvi energ\u00e8tic, i a proporcionar als edificis\u00a0llum natural, ventilaci\u00f3 i seguretat.<\/p>\n<p style=\"padding-left: 30px;\">Totes les claraboies\u00a0poden, opcionalment, estar dotades de diversos sistemes que permetin la ventilaci\u00f3, sortida a la coberta, extracci\u00f3 de fums (exutoris), etc en funci\u00f3 del model.<\/p>\n<h2><\/h2>\n<h2>Tipus de claraboies:<\/h2>\n<h3 style=\"padding-left: 30px;\">Segons el sistema d&#8217;obertura de les claraboies:<\/h3>\n<p style=\"padding-left: 60px;\">De <strong>claraboies<\/strong> en trobem de <strong>practicables<\/strong> (que es poden obrir) i de <strong>claraboies\u00a0fixes<\/strong> (que no es poden obrir). Les practicables que es poden obrir les classifi\u00a1quem segons:<\/p>\n<h4 style=\"padding-left: 60px;\">Obertura claraboia manual:<\/h4>\n<h5 style=\"padding-left: 90px;\">Obertura \u00a0per fuset i maneta<\/h5>\n<p style=\"padding-left: 90px;\">Claraboia amb sistema dotat de fuset telesc\u00f2pic de doble recorregut que permet obrir amb l&#8217;angle desitjat la claraboia\u00a0i\u00a0que s&#8217;acciona manualment des de l&#8217;interior de l&#8217;habitatge amb una maneta.<\/p>\n<h5 style=\"padding-left: 90px;\">Obertura per \u00a0frontisses amb amortidors<\/h5>\n<p style=\"padding-left: 90px;\">Claraboia amb sistema dotat de frontisses amb amortidors\u00a0que permet obrir amb l&#8217;angle desitjat la claraboia i que s&#8217;acciona manualment des de l&#8217;interior de l&#8217;habitatge.<\/p>\n<h4 style=\"padding-left: 60px;\">Obertura claraboia autom\u00e0tica:<\/h4>\n<h5 style=\"padding-left: 90px;\">Obertura claraboia amb energia el\u00e8ctrica (\u00a0amb pulsador o comanament a dist\u00e0ncia)<\/h5>\n<p style=\"padding-left: 90px;\">Claraboia amb sistema dotat de motor el\u00e8ctric que es conecta a la xarxa el\u00e8ctria de baixa tensi\u00f3 i que permet obrir amb l&#8217;angle desitjat la claraboia i que s&#8217;acciona\u00a0mitjan\u00e7ant un pulsador situat a la paret de l&#8217;interior de l&#8217;habitatge\u00a0o b\u00e9 amb comanament a dist\u00e0cia.<\/p>\n<p style=\"padding-left: 90px;\">La ventatge del comanament respecte del pulsador \u00e9s que amb el comanament\u00a0no cal cablejat el\u00e8ctric fins al comanament.<\/p>\n<h5 style=\"padding-left: 90px;\">Obertura claraboia amb energia solar amb comanament a dist\u00e0ncia<\/h5>\n<p style=\"padding-left: 90px;\">Claraboia amb sistema dotat de motor el\u00e8ctric que es conecta a una placa solar fotovoltaica de baixa tensi\u00f3 i que permet obrir amb l&#8217;angle desitjat la claraboia i que s&#8217;acciona mitjan\u00e7ant un pulsador situat a la paret de l&#8217;interior de l&#8217;habitatge o b\u00e9 amb comanament a dist\u00e0cia.<\/p>\n<p style=\"padding-left: 90px;\">La ventatge del solar respecte a l&#8217;el\u00e8ctric \u00e9s que no calsubministre el\u00e8ctric fins a la base de la claraboia i en el cas\u00a0del comanament respecte del pulsador \u00e9s que amb el comanament no cal cablejat el\u00e8ctric fins al comanament.<\/p>\n<h4 style=\"padding-left: 60px;\">No es poden obrir, claraboies fixes:<\/h4>\n<h3><\/h3>\n<h3 style=\"padding-left: 30px;\">Segons la forma:<\/h3>\n<p style=\"padding-left: 30px;\">Les claraboies fixes poden ser amb una sola c\u00fapula (claraboies monovalbes) o b\u00e9 amb dues c\u00fapules (claraboies bibalves). Segons les formes de la claraboia distinguim entre:<\/p>\n<h4 style=\"padding-left: 60px;\">Claraboies \u00a0quadrades:<\/h4>\n<h4 style=\"padding-left: 60px;\">Claraboies rectangulars:<\/h4>\n<h4 style=\"padding-left: 60px;\">Claraboies rodones:<\/h4>\n<h4 style=\"padding-left: 60px;\">Clarboies\u00a0triangulars:<\/h4>\n<h2><\/h2>\n<h2>On es monten, s&#8217;instal\u00b7len:<\/h2>\n<p>En banys, golfes, forats d&#8217;escala, habitatges adossats unifamiliars, habitatges d\u00faplex,<\/p>\n<p>&nbsp;<\/p>\n<h2>Instruccions de montatge de claraboies:<\/h2>\n<p>&nbsp;<\/p>","protected":false},"excerpt":{"rendered":"<p>Claraboies Les claraboies permeten aprofitar la llum natural a l\u00b4interior dels\u00a0habitatges i tamb\u00e9 ventilar, evacuar\u00a0 fums o fer d\u00f2bertura que permet una sortida cap a l\u00b4exterior. Les claraboies disposen d&#8217;una \u00e0mplia gamma de formes i mesures de\u00a0c\u00fapules i s\u00f2cols adaptats a cada necessitat. La varietat de sistemes d\u00b4obertura de les claraboies juntament amb la quantitat [&hellip;]<\/p>\n","protected":false},"author":8979,"featured_media":0,"parent":1099,"menu_order":0,"comment_status":"open","ping_status":"closed","template":"","meta":{"_monsterinsights_skip_tracking":false,"_monsterinsights_sitenote_active":false,"_monsterinsights_sitenote_note":"","_monsterinsights_sitenote_category":0,"ngg_post_thumbnail":0,"footnotes":""},"class_list":["post-1564","page","type-page","status-publish","hentry"],"yoast_head":"<!-- This site is optimized with the Yoast SEO plugin v27.3 - https:\/\/yoast.com\/product\/yoast-seo-wordpress\/ -->\n<title>Claraboies - decomat<\/title>\n<meta name=\"robots\" content=\"index, follow, max-snippet:-1, max-image-preview:large, max-video-preview:-1\" \/>\n<link rel=\"canonical\" href=\"https:\/\/decomat.com\/fr\/materiales\/cerramiento\/ventana\/claraboyas\/\" \/>\n<meta property=\"og:locale\" content=\"ca_ES\" \/>\n<meta property=\"og:type\" content=\"article\" \/>\n<meta property=\"og:title\" content=\"Claraboies - decomat\" \/>\n<meta property=\"og:description\" content=\"Claraboies Les claraboies permeten aprofitar la llum natural a l\u00b4interior dels\u00a0habitatges i tamb\u00e9 ventilar, evacuar\u00a0 fums o fer d\u00f2bertura que permet una sortida cap a l\u00b4exterior. Les claraboies disposen d&#8217;una \u00e0mplia gamma de formes i mesures de\u00a0c\u00fapules i s\u00f2cols adaptats a cada necessitat. La varietat de sistemes d\u00b4obertura de les claraboies juntament amb la quantitat [&hellip;]\" \/>\n<meta property=\"og:url\" content=\"https:\/\/decomat.com\/fr\/materiales\/cerramiento\/ventana\/claraboyas\/\" \/>\n<meta property=\"og:site_name\" content=\"decomat\" \/>\n<meta property=\"article:modified_time\" content=\"2012-11-25T15:31:18+00:00\" \/>\n<meta name=\"twitter:card\" content=\"summary_large_image\" \/>\n<meta name=\"twitter:label1\" content=\"Est. reading time\" \/>\n\t<meta name=\"twitter:data1\" content=\"2 minutes\" \/>\n<script type=\"application\/ld+json\" class=\"yoast-schema-graph\">{\"@context\":\"https:\\\/\\\/schema.org\",\"@graph\":[{\"@type\":\"WebPage\",\"@id\":\"https:\\\/\\\/decomat.com\\\/fr\\\/materiales\\\/cerramiento\\\/ventana\\\/claraboyas\\\/\",\"url\":\"https:\\\/\\\/decomat.com\\\/fr\\\/materiales\\\/cerramiento\\\/ventana\\\/claraboyas\\\/\",\"name\":\"Claraboies - decomat\",\"isPartOf\":{\"@id\":\"https:\\\/\\\/decomat.com\\\/ca\\\/#website\"},\"datePublished\":\"2012-04-16T15:32:00+00:00\",\"dateModified\":\"2012-11-25T15:31:18+00:00\",\"breadcrumb\":{\"@id\":\"https:\\\/\\\/decomat.com\\\/fr\\\/materiales\\\/cerramiento\\\/ventana\\\/claraboyas\\\/#breadcrumb\"},\"inLanguage\":\"ca-ES\",\"potentialAction\":[{\"@type\":\"ReadAction\",\"target\":[\"https:\\\/\\\/decomat.com\\\/fr\\\/materiales\\\/cerramiento\\\/ventana\\\/claraboyas\\\/\"]}]},{\"@type\":\"BreadcrumbList\",\"@id\":\"https:\\\/\\\/decomat.com\\\/fr\\\/materiales\\\/cerramiento\\\/ventana\\\/claraboyas\\\/#breadcrumb\",\"itemListElement\":[{\"@type\":\"ListItem\",\"position\":1,\"name\":\"Portada\",\"item\":\"https:\\\/\\\/decomat.com\\\/ca\\\/\"},{\"@type\":\"ListItem\",\"position\":2,\"name\":\"Materials\",\"item\":\"https:\\\/\\\/decomat.com\\\/ca\\\/materiales\\\/\"},{\"@type\":\"ListItem\",\"position\":3,\"name\":\"Fermeture Cloison\",\"item\":\"https:\\\/\\\/decomat.com\\\/fr\\\/materiales\\\/cerramiento\\\/\"},{\"@type\":\"ListItem\",\"position\":4,\"name\":\"Fen\u00eatre\",\"item\":\"https:\\\/\\\/decomat.com\\\/fr\\\/materiales\\\/cerramiento\\\/ventana\\\/\"},{\"@type\":\"ListItem\",\"position\":5,\"name\":\"Lucarnes\"}]},{\"@type\":\"WebSite\",\"@id\":\"https:\\\/\\\/decomat.com\\\/ca\\\/#website\",\"url\":\"https:\\\/\\\/decomat.com\\\/ca\\\/\",\"name\":\"decomat\",\"description\":\"Material decoraci\u00f3\",\"potentialAction\":[{\"@type\":\"SearchAction\",\"target\":{\"@type\":\"EntryPoint\",\"urlTemplate\":\"https:\\\/\\\/decomat.com\\\/ca\\\/?s={search_term_string}\"},\"query-input\":{\"@type\":\"PropertyValueSpecification\",\"valueRequired\":true,\"valueName\":\"search_term_string\"}}],\"inLanguage\":\"ca-ES\"}]}<\/script>\n<!-- \/ Yoast SEO plugin. -->","yoast_head_json":{"title":"Claraboies - decomat","robots":{"index":"index","follow":"follow","max-snippet":"max-snippet:-1","max-image-preview":"max-image-preview:large","max-video-preview":"max-video-preview:-1"},"canonical":"https:\/\/decomat.com\/fr\/materiales\/cerramiento\/ventana\/claraboyas\/","og_locale":"ca_ES","og_type":"article","og_title":"Claraboies - decomat","og_description":"Claraboies Les claraboies permeten aprofitar la llum natural a l\u00b4interior dels\u00a0habitatges i tamb\u00e9 ventilar, evacuar\u00a0 fums o fer d\u00f2bertura que permet una sortida cap a l\u00b4exterior. Les claraboies disposen d&#8217;una \u00e0mplia gamma de formes i mesures de\u00a0c\u00fapules i s\u00f2cols adaptats a cada necessitat. La varietat de sistemes d\u00b4obertura de les claraboies juntament amb la quantitat [&hellip;]","og_url":"https:\/\/decomat.com\/fr\/materiales\/cerramiento\/ventana\/claraboyas\/","og_site_name":"decomat","article_modified_time":"2012-11-25T15:31:18+00:00","twitter_card":"summary_large_image","twitter_misc":{"Est. reading time":"2 minutes"},"schema":{"@context":"https:\/\/schema.org","@graph":[{"@type":"WebPage","@id":"https:\/\/decomat.com\/fr\/materiales\/cerramiento\/ventana\/claraboyas\/","url":"https:\/\/decomat.com\/fr\/materiales\/cerramiento\/ventana\/claraboyas\/","name":"Claraboies - decomat","isPartOf":{"@id":"https:\/\/decomat.com\/ca\/#website"},"datePublished":"2012-04-16T15:32:00+00:00","dateModified":"2012-11-25T15:31:18+00:00","breadcrumb":{"@id":"https:\/\/decomat.com\/fr\/materiales\/cerramiento\/ventana\/claraboyas\/#breadcrumb"},"inLanguage":"ca-ES","potentialAction":[{"@type":"ReadAction","target":["https:\/\/decomat.com\/fr\/materiales\/cerramiento\/ventana\/claraboyas\/"]}]},{"@type":"BreadcrumbList","@id":"https:\/\/decomat.com\/fr\/materiales\/cerramiento\/ventana\/claraboyas\/#breadcrumb","itemListElement":[{"@type":"ListItem","position":1,"name":"Portada","item":"https:\/\/decomat.com\/ca\/"},{"@type":"ListItem","position":2,"name":"Materials","item":"https:\/\/decomat.com\/ca\/materiales\/"},{"@type":"ListItem","position":3,"name":"Fermeture Cloison","item":"https:\/\/decomat.com\/fr\/materiales\/cerramiento\/"},{"@type":"ListItem","position":4,"name":"Fen\u00eatre","item":"https:\/\/decomat.com\/fr\/materiales\/cerramiento\/ventana\/"},{"@type":"ListItem","position":5,"name":"Lucarnes"}]},{"@type":"WebSite","@id":"https:\/\/decomat.com\/ca\/#website","url":"https:\/\/decomat.com\/ca\/","name":"decomat","description":"Material decoraci\u00f3","potentialAction":[{"@type":"SearchAction","target":{"@type":"EntryPoint","urlTemplate":"https:\/\/decomat.com\/ca\/?s={search_term_string}"},"query-input":{"@type":"PropertyValueSpecification","valueRequired":true,"valueName":"search_term_string"}}],"inLanguage":"ca-ES"}]}},"_links":{"self":[{"href":"https:\/\/decomat.com\/ca\/wp-json\/wp\/v2\/pages\/1564","targetHints":{"allow":["GET"]}}],"collection":[{"href":"https:\/\/decomat.com\/ca\/wp-json\/wp\/v2\/pages"}],"about":[{"href":"https:\/\/decomat.com\/ca\/wp-json\/wp\/v2\/types\/page"}],"author":[{"embeddable":true,"href":"https:\/\/decomat.com\/ca\/wp-json\/wp\/v2\/users\/8979"}],"replies":[{"embeddable":true,"href":"https:\/\/decomat.com\/ca\/wp-json\/wp\/v2\/comments?post=1564"}],"version-history":[{"count":17,"href":"https:\/\/decomat.com\/ca\/wp-json\/wp\/v2\/pages\/1564\/revisions"}],"predecessor-version":[{"id":2493,"href":"https:\/\/decomat.com\/ca\/wp-json\/wp\/v2\/pages\/1564\/revisions\/2493"}],"up":[{"embeddable":true,"href":"https:\/\/decomat.com\/ca\/wp-json\/wp\/v2\/pages\/1099"}],"wp:attachment":[{"href":"https:\/\/decomat.com\/ca\/wp-json\/wp\/v2\/media?parent=1564"}],"curies":[{"name":"wp","href":"https:\/\/api.w.org\/{rel}","templated":true}]}}