{"id":1842,"date":"2012-04-17T13:29:05","date_gmt":"2012-04-17T13:29:05","guid":{"rendered":"http:\/\/www.decomat.com\/?page_id=1842"},"modified":"2012-07-11T19:28:30","modified_gmt":"2012-07-11T17:28:30","slug":"como-escojer","status":"publish","type":"page","link":"https:\/\/decomat.com\/ca\/materiales\/cortina-toldo\/cortinas-velux\/como-escojer\/","title":{"rendered":"Com escollir"},"content":{"rendered":"<p><\/p>\n<h1>Com escollir cortines Velux<\/h1>\n<p>FUNCIONS CORTINES TENDALS I PERSIANES PER FINESTRA VELUX<\/p>\n<p>&nbsp;<\/p>\n<p><span style=\"font-family: Verdana, Arial, Helvetica, sans-serif; font-size: x-small;\">Ja heu realitzat el pas 1 de 6, sou dins de producte cortines: <\/span><\/p>\n<p><strong><span style=\"font-family: Arial, Helvetica, sans-serif; font-size: x-small;\">PRODUCTE (1\/6)<img loading=\"lazy\" decoding=\"async\" src=\"\/imatges\/decomat\/botons\/pfeil044.gif\" alt=\"\" width=\"17\" height=\"22\" \/><span style=\"color: #ff0000;\">FUNCI\u00d3 (2\/6)<\/span><img loading=\"lazy\" decoding=\"async\" src=\"\/imatges\/decomat\/botons\/pfeil044.gif\" alt=\"\" width=\"17\" height=\"22\" \/>ACCIONAMENT (3\/6)<img loading=\"lazy\" decoding=\"async\" src=\"\/imatges\/decomat\/botons\/pfeil044.gif\" alt=\"\" width=\"17\" height=\"22\" \/>COLOR (4\/6)<img loading=\"lazy\" decoding=\"async\" src=\"imatges\/cos\/botons\/pfeil044.gif\" alt=\"\" width=\"17\" height=\"22\" \/>TIPUS (5\/6)<img loading=\"lazy\" decoding=\"async\" src=\"\/imatges\/decomat\/botons\/pfeil044.gif\" alt=\"\" width=\"17\" height=\"22\" \/>TAMANY(6\/6)<\/span><\/strong><\/p>\n<p><span style=\"font-family: Verdana; font-size: x-small;\">A continuaci\u00f3 cal que escolliu qualsevol de les <span style=\"color: #ff0000;\">funcions<\/span> seg\u00fcents (clicant damunt la paraula o al bot\u00f3 escollir) que desitjeu que realitzi el producte Velux que esteu cercant:<\/span><\/p>\n<table width=\"428\" cellspacing=\"0\" cellpadding=\"0\">\n<tbody>\n<tr>\n<td valign=\"top\" width=\"23\" height=\"60\"><\/td>\n<td width=\"654\"><a href=\"Default.aspx?ClassificacioCodi=16238&amp;ClassificacioDescripcio=Enfosquir%20(opaques)&amp;IdiomaId=24\"><span style=\"color: #006600;\"><strong><span style=\"font-family: Arial, Helvetica, sans-serif;\">NO DEIXAR PASSAR LA LLUM \/ ENFOSQUIR<\/span><\/strong><\/span><\/a><a href=\"https:\/\/www.decomat.com\/materiales\/cortina-toldo\/tipos-de-cortinas\/cortinas-segun-funcion\/controlar-la-luz\/oscurecer-opacas\/\"> <input type=\"submit\" name=\"Submit2\" value=\"Escollir\" \/><br \/>\n<\/a><\/td>\n<\/tr>\n<\/tbody>\n<\/table>\n<table width=\"428\" cellspacing=\"0\" cellpadding=\"0\">\n<tbody>\n<tr>\n<td valign=\"top\" width=\"23\" height=\"60\"><\/td>\n<td width=\"654\"><a href=\"https:\/\/www.decomat.com\/materiales\/cortina-toldo\/tipos-de-cortinas\/cortinas-segun-funcion\/controlar-la-luz\/dejar-pasar-la-luz-transparente\/\"><span style=\"color: #006600;\"><strong><span style=\"font-family: Arial, Helvetica, sans-serif;\">DEIXAR PASSAR LA LLUM<\/span><\/strong><\/span> <\/a><a href=\"Default.aspx?ClassificacioCodi=16239&amp;ClassificacioDescripcio=Deixar%20passar%20llum%20(trasl%FAcides&amp;IdiomaId=24\"> <input type=\"submit\" name=\"Submit3\" value=\"Escollir\" \/><br \/>\n<\/a><\/td>\n<\/tr>\n<\/tbody>\n<\/table>\n<table width=\"428\" cellspacing=\"0\" cellpadding=\"0\">\n<tbody>\n<tr>\n<td valign=\"top\" width=\"23\" height=\"60\"><\/td>\n<td width=\"654\"><a href=\"https:\/\/www.decomat.com\/materiales\/cortina-toldo\/tipos-de-cortinas\/cortinas-segun-funcion\/controlar-la-luz\/graduar-la-intensidad-de-luz-venecianas\/\"><span style=\"color: #006600;\"><strong><span style=\"font-family: Arial, Helvetica, sans-serif;\">REGULAR LA INTENSITAT DE LA LLUM<\/span><\/strong><\/span><\/a><a href=\"Default.aspx?ClassificacioCodi=16239&amp;ClassificacioDescripcio=Deixar%20passar%20llum%20(trasl%FAcides&amp;IdiomaId=24\"> <input type=\"submit\" name=\"Submit4\" value=\"Escollir\" \/><br \/>\n<\/a><\/td>\n<\/tr>\n<\/tbody>\n<\/table>\n<table width=\"428\" cellspacing=\"0\" cellpadding=\"0\">\n<tbody>\n<tr>\n<td valign=\"top\" width=\"23\" height=\"60\"><\/td>\n<td width=\"654\"><a href=\"https:\/\/www.decomat.com\/materiales\/cortina-toldo\/tipos-de-cortinas\/cortinas-segun-funcion\/controlar-calor-proteccion-solar\/\"><span style=\"color: #006600;\"><strong><span style=\"font-family: Arial, Helvetica, sans-serif;\">CONTROLAR L&#8217;ESCALFOR<\/span><\/strong><\/span><\/a><a href=\"Default.aspx?ClassificacioCodi=18709&amp;ClassificacioDescripcio=Controlar%20l%27escalfor&amp;IdiomaId=24\"> <input type=\"submit\" name=\"Submit\" value=\"Escollir\" \/><br \/>\n<\/a><\/td>\n<\/tr>\n<\/tbody>\n<\/table>\n<p><a href=\"https:\/\/www.decomat.com\/materiales\/cortina-toldo\/tipos-de-cortinas\/cortinas-segun-funcion\/controlar-calor-proteccion-solar\/\"><span style=\"color: #ffffff;\"><br \/>\n<\/span> <\/a><\/p>\n<p>&nbsp;<\/p>\n<p><img loading=\"lazy\" decoding=\"async\" class=\"imatgeflotant\" src=\"\/imatges\/decomat\/materials\/cortina\/cortina\/velux\/model\/cat\/cortinavelux.gif\" alt=\"\" width=\"383\" height=\"362\" \/><br \/>\n<strong> <span style=\"font-family: Verdana, Arial, Helvetica, sans-serif; font-size: x-small;\">Tingueu en compte que esteu en l&#8217;apartat de cortines per teulada (inclinada), si la vostra cortina ha de ser per paret (vertical) seleccioneu al men\u00fa lateral PER PARET. Tot el que necessita per a les seves finestres VELUX. <\/span><\/strong><\/p>\n<p><strong><span style=\"font-family: Verdana, Arial, Helvetica, sans-serif; font-size: x-small;\"> Una complerta col.lecci\u00f3 de decoratius dissenys, fabricats amb materials de primera qualitat.<\/span><\/strong><\/p>\n<p><strong><span style=\"font-family: Verdana, Arial, Helvetica, sans-serif; font-size: x-small;\"> Amb la nova col.lecci\u00f3 de cortines, conseguir\u00e0 solucions atractives amb un funcionament perfecte, creant aix\u00ed ambients acollidors durant tot l&#8217;any.<\/span><\/strong><\/p>\n<p><strong><span style=\"font-family: Verdana, Arial, Helvetica, sans-serif; font-size: x-small;\"> Escollint cortines originals VELUX, s&#8217;assegura que el producte s&#8217;adapti amb precissi\u00f3 a les seves finestres per a teulades, ja que estan fetes a mida per a les finestres VELUX.<\/span><\/strong><\/p>","protected":false},"excerpt":{"rendered":"<p>Com escollir cortines Velux FUNCIONS CORTINES TENDALS I PERSIANES PER FINESTRA VELUX &nbsp; Ja heu realitzat el pas 1 de 6, sou dins de producte cortines: PRODUCTE (1\/6)FUNCI\u00d3 (2\/6)ACCIONAMENT (3\/6)COLOR (4\/6)TIPUS (5\/6)TAMANY(6\/6) A continuaci\u00f3 cal que escolliu qualsevol de les funcions seg\u00fcents (clicant damunt la paraula o al bot\u00f3 escollir) que desitjeu que realitzi el [&hellip;]<\/p>\n","protected":false},"author":8979,"featured_media":0,"parent":1087,"menu_order":0,"comment_status":"open","ping_status":"closed","template":"page-PageTemplate8.php","meta":{"_monsterinsights_skip_tracking":false,"_monsterinsights_sitenote_active":false,"_monsterinsights_sitenote_note":"","_monsterinsights_sitenote_category":0,"ngg_post_thumbnail":0,"footnotes":""},"class_list":["post-1842","page","type-page","status-publish","hentry"],"yoast_head":"<!-- This site is optimized with the Yoast SEO plugin v27.5 - https:\/\/yoast.com\/product\/yoast-seo-wordpress\/ -->\n<title>Com escollir - decomat<\/title>\n<meta name=\"robots\" content=\"index, follow, max-snippet:-1, max-image-preview:large, max-video-preview:-1\" \/>\n<link rel=\"canonical\" href=\"https:\/\/decomat.com\/ca\/materiales\/cortina-toldo\/cortinas-velux\/como-escojer\/\" \/>\n<meta property=\"og:locale\" content=\"ca_ES\" \/>\n<meta property=\"og:type\" content=\"article\" \/>\n<meta property=\"og:title\" content=\"Com escollir - decomat\" \/>\n<meta property=\"og:description\" content=\"Com escollir cortines Velux FUNCIONS CORTINES TENDALS I PERSIANES PER FINESTRA VELUX &nbsp; Ja heu realitzat el pas 1 de 6, sou dins de producte cortines: PRODUCTE (1\/6)FUNCI\u00d3 (2\/6)ACCIONAMENT (3\/6)COLOR (4\/6)TIPUS (5\/6)TAMANY(6\/6) A continuaci\u00f3 cal que escolliu qualsevol de les funcions seg\u00fcents (clicant damunt la paraula o al bot\u00f3 escollir) que desitjeu que realitzi el [&hellip;]\" \/>\n<meta property=\"og:url\" content=\"https:\/\/decomat.com\/ca\/materiales\/cortina-toldo\/cortinas-velux\/como-escojer\/\" \/>\n<meta property=\"og:site_name\" content=\"decomat\" \/>\n<meta property=\"article:modified_time\" content=\"2012-07-11T17:28:30+00:00\" \/>\n<meta property=\"og:image\" content=\"https:\/\/decomat.com\/imatges\/decomat\/botons\/pfeil044.gif\" \/>\n<meta name=\"twitter:card\" content=\"summary_large_image\" \/>\n<meta name=\"twitter:label1\" content=\"Est. reading time\" \/>\n\t<meta name=\"twitter:data1\" content=\"1 minute\" \/>\n<script type=\"application\/ld+json\" class=\"yoast-schema-graph\">{\"@context\":\"https:\\\/\\\/schema.org\",\"@graph\":[{\"@type\":\"WebPage\",\"@id\":\"https:\\\/\\\/decomat.com\\\/ca\\\/materiales\\\/cortina-toldo\\\/cortinas-velux\\\/como-escojer\\\/\",\"url\":\"https:\\\/\\\/decomat.com\\\/ca\\\/materiales\\\/cortina-toldo\\\/cortinas-velux\\\/como-escojer\\\/\",\"name\":\"Com escollir - decomat\",\"isPartOf\":{\"@id\":\"https:\\\/\\\/decomat.com\\\/ca\\\/#website\"},\"datePublished\":\"2012-04-17T13:29:05+00:00\",\"dateModified\":\"2012-07-11T17:28:30+00:00\",\"breadcrumb\":{\"@id\":\"https:\\\/\\\/decomat.com\\\/ca\\\/materiales\\\/cortina-toldo\\\/cortinas-velux\\\/como-escojer\\\/#breadcrumb\"},\"inLanguage\":\"ca-ES\",\"potentialAction\":[{\"@type\":\"ReadAction\",\"target\":[\"https:\\\/\\\/decomat.com\\\/ca\\\/materiales\\\/cortina-toldo\\\/cortinas-velux\\\/como-escojer\\\/\"]}]},{\"@type\":\"BreadcrumbList\",\"@id\":\"https:\\\/\\\/decomat.com\\\/ca\\\/materiales\\\/cortina-toldo\\\/cortinas-velux\\\/como-escojer\\\/#breadcrumb\",\"itemListElement\":[{\"@type\":\"ListItem\",\"position\":1,\"name\":\"Portada\",\"item\":\"https:\\\/\\\/decomat.com\\\/ca\\\/\"},{\"@type\":\"ListItem\",\"position\":2,\"name\":\"Materials\",\"item\":\"https:\\\/\\\/decomat.com\\\/ca\\\/materiales\\\/\"},{\"@type\":\"ListItem\",\"position\":3,\"name\":\"Cortina \\\/ toldo\",\"item\":\"https:\\\/\\\/decomat.com\\\/es\\\/materiales\\\/cortina-toldo\\\/\"},{\"@type\":\"ListItem\",\"position\":4,\"name\":\"Cortines Velux\",\"item\":\"https:\\\/\\\/decomat.com\\\/ca\\\/materiales\\\/cortina-toldo\\\/cortinas-velux\\\/\"},{\"@type\":\"ListItem\",\"position\":5,\"name\":\"Com escollir\"}]},{\"@type\":\"WebSite\",\"@id\":\"https:\\\/\\\/decomat.com\\\/ca\\\/#website\",\"url\":\"https:\\\/\\\/decomat.com\\\/ca\\\/\",\"name\":\"decomat\",\"description\":\"Material decoraci\u00f3\",\"potentialAction\":[{\"@type\":\"SearchAction\",\"target\":{\"@type\":\"EntryPoint\",\"urlTemplate\":\"https:\\\/\\\/decomat.com\\\/ca\\\/?s={search_term_string}\"},\"query-input\":{\"@type\":\"PropertyValueSpecification\",\"valueRequired\":true,\"valueName\":\"search_term_string\"}}],\"inLanguage\":\"ca-ES\"}]}<\/script>\n<!-- \/ Yoast SEO plugin. -->","yoast_head_json":{"title":"Com escollir - decomat","robots":{"index":"index","follow":"follow","max-snippet":"max-snippet:-1","max-image-preview":"max-image-preview:large","max-video-preview":"max-video-preview:-1"},"canonical":"https:\/\/decomat.com\/ca\/materiales\/cortina-toldo\/cortinas-velux\/como-escojer\/","og_locale":"ca_ES","og_type":"article","og_title":"Com escollir - decomat","og_description":"Com escollir cortines Velux FUNCIONS CORTINES TENDALS I PERSIANES PER FINESTRA VELUX &nbsp; Ja heu realitzat el pas 1 de 6, sou dins de producte cortines: PRODUCTE (1\/6)FUNCI\u00d3 (2\/6)ACCIONAMENT (3\/6)COLOR (4\/6)TIPUS (5\/6)TAMANY(6\/6) A continuaci\u00f3 cal que escolliu qualsevol de les funcions seg\u00fcents (clicant damunt la paraula o al bot\u00f3 escollir) que desitjeu que realitzi el [&hellip;]","og_url":"https:\/\/decomat.com\/ca\/materiales\/cortina-toldo\/cortinas-velux\/como-escojer\/","og_site_name":"decomat","article_modified_time":"2012-07-11T17:28:30+00:00","og_image":[{"url":"https:\/\/decomat.com\/imatges\/decomat\/botons\/pfeil044.gif","type":"","width":"","height":""}],"twitter_card":"summary_large_image","twitter_misc":{"Est. reading time":"1 minute"},"schema":{"@context":"https:\/\/schema.org","@graph":[{"@type":"WebPage","@id":"https:\/\/decomat.com\/ca\/materiales\/cortina-toldo\/cortinas-velux\/como-escojer\/","url":"https:\/\/decomat.com\/ca\/materiales\/cortina-toldo\/cortinas-velux\/como-escojer\/","name":"Com escollir - decomat","isPartOf":{"@id":"https:\/\/decomat.com\/ca\/#website"},"datePublished":"2012-04-17T13:29:05+00:00","dateModified":"2012-07-11T17:28:30+00:00","breadcrumb":{"@id":"https:\/\/decomat.com\/ca\/materiales\/cortina-toldo\/cortinas-velux\/como-escojer\/#breadcrumb"},"inLanguage":"ca-ES","potentialAction":[{"@type":"ReadAction","target":["https:\/\/decomat.com\/ca\/materiales\/cortina-toldo\/cortinas-velux\/como-escojer\/"]}]},{"@type":"BreadcrumbList","@id":"https:\/\/decomat.com\/ca\/materiales\/cortina-toldo\/cortinas-velux\/como-escojer\/#breadcrumb","itemListElement":[{"@type":"ListItem","position":1,"name":"Portada","item":"https:\/\/decomat.com\/ca\/"},{"@type":"ListItem","position":2,"name":"Materials","item":"https:\/\/decomat.com\/ca\/materiales\/"},{"@type":"ListItem","position":3,"name":"Cortina \/ toldo","item":"https:\/\/decomat.com\/es\/materiales\/cortina-toldo\/"},{"@type":"ListItem","position":4,"name":"Cortines Velux","item":"https:\/\/decomat.com\/ca\/materiales\/cortina-toldo\/cortinas-velux\/"},{"@type":"ListItem","position":5,"name":"Com escollir"}]},{"@type":"WebSite","@id":"https:\/\/decomat.com\/ca\/#website","url":"https:\/\/decomat.com\/ca\/","name":"decomat","description":"Material decoraci\u00f3","potentialAction":[{"@type":"SearchAction","target":{"@type":"EntryPoint","urlTemplate":"https:\/\/decomat.com\/ca\/?s={search_term_string}"},"query-input":{"@type":"PropertyValueSpecification","valueRequired":true,"valueName":"search_term_string"}}],"inLanguage":"ca-ES"}]}},"_links":{"self":[{"href":"https:\/\/decomat.com\/ca\/wp-json\/wp\/v2\/pages\/1842","targetHints":{"allow":["GET"]}}],"collection":[{"href":"https:\/\/decomat.com\/ca\/wp-json\/wp\/v2\/pages"}],"about":[{"href":"https:\/\/decomat.com\/ca\/wp-json\/wp\/v2\/types\/page"}],"author":[{"embeddable":true,"href":"https:\/\/decomat.com\/ca\/wp-json\/wp\/v2\/users\/8979"}],"replies":[{"embeddable":true,"href":"https:\/\/decomat.com\/ca\/wp-json\/wp\/v2\/comments?post=1842"}],"version-history":[{"count":5,"href":"https:\/\/decomat.com\/ca\/wp-json\/wp\/v2\/pages\/1842\/revisions"}],"predecessor-version":[{"id":3457,"href":"https:\/\/decomat.com\/ca\/wp-json\/wp\/v2\/pages\/1842\/revisions\/3457"}],"up":[{"embeddable":true,"href":"https:\/\/decomat.com\/ca\/wp-json\/wp\/v2\/pages\/1087"}],"wp:attachment":[{"href":"https:\/\/decomat.com\/ca\/wp-json\/wp\/v2\/media?parent=1842"}],"curies":[{"name":"wp","href":"https:\/\/api.w.org\/{rel}","templated":true}]}}