{"id":1944,"date":"2012-04-18T17:16:32","date_gmt":"2012-04-18T17:16:32","guid":{"rendered":"http:\/\/www.decomat.com\/?page_id=1944"},"modified":"2012-11-25T13:37:10","modified_gmt":"2012-11-25T11:37:10","slug":"lucernarios","status":"publish","type":"page","link":"https:\/\/decomat.com\/ca\/materiales\/luz\/lucernarios\/","title":{"rendered":"Lluernaris"},"content":{"rendered":"<p><\/p>\n<h1>Llum natural lluernaris o lluernes<\/h1>\n<p>Els lluernaris per deixar passar la llum natural i la radiaci\u00f3 solar consisteixen en elevar una part de la coberta, i posar un element transparent o transl\u00facid en posici\u00f3 que permeti aquest pas de llum i tamb\u00e9 deixi circular adecuadament l&#8217;aigua de pluja.<\/p>\n<p>Els lluernaris comparteixen certes caracter\u00edstiques de les finestres i d&#8217;altres de les claraboies; de les finestres en comparteixen la variaci\u00f3 en la orientaci\u00f3 i una certa semblan\u00e7a constructiva, mentre que s&#8217;assemblen a les claraboies en que formen part de la coberta, i no de les fa\u00e7anes.<br \/>\nLa seva difer\u00e8ncia fonamental respecte de les claraboies \u00e9s que seleccionen la part de volta del cel que veuen i, per tant controlen el sol incident.<\/p>\n<p>La geometria (convex) del propi lluernari normalment evita la incid\u00e8ncia de la radiaci\u00f3 directa per tal d&#8217;evitar enlluernaments.<\/p>\n<h2>Comportament respecte al fred, a la calor i a la llum dels lluernaris:<\/h2>\n<h4>Fred:<\/h4>\n<p>La seva ubicaci\u00f3 a les parts altes implica que a l&#8217;<strong>hivern<\/strong> estan en contacte amb l&#8217;aire m\u00e9s calent,<br \/>\nsobretot si no es tracten adequadament les estratificacions, el que pot provocar p\u00e8rdues t\u00e8rmiques importants i possibilitat de condensacions.<br \/>\nSi es desitja aprofitar al m\u00e0xim la m\u00e0xima radiaci\u00f3 durant el dia cal orientar-les cap al sud. En climes mediterranis, generalment s&#8217;orienten cap al nord<\/p>\n<h4>Calor:<\/h4>\n<p>A l&#8217;<strong>estiu<\/strong>, si s\u00f3n practicables, es comporten com bons elements de ventilaci\u00f3 doncs aprofiten el tiratge t\u00e8rmic de l&#8217;edifici, per\u00f2 segons la seva orientaci\u00f3 poden rebre molta radiaci\u00f3, que es pot solventar complementant-ho amb altres elements que ho evitin per l&#8217;exterior.<\/p>\n<h4>Llum:<\/h4>\n<p>Donen menys <strong>llum<\/strong> que les claraboies, doncs no s\u00f3n il\u00b7luminats per tota la volta del cel. Tenen un<br \/>\nrendiment llumin\u00f3s similar al de les finestres, tot i que dep\u00e8n molt dels materials que es facin servir i de les reflexions que faci la llum per arribar a l&#8217;ambient, doncs la llum que hi entra ho pot fer de forma directa o b\u00e9 reflexada al propi cos del lluernari<\/p>","protected":false},"excerpt":{"rendered":"<p>Llum natural lluernaris o lluernes Els lluernaris per deixar passar la llum natural i la radiaci\u00f3 solar consisteixen en elevar una part de la coberta, i posar un element transparent o transl\u00facid en posici\u00f3 que permeti aquest pas de llum i tamb\u00e9 deixi circular adecuadament l&#8217;aigua de pluja. Els lluernaris comparteixen certes caracter\u00edstiques de les [&hellip;]<\/p>\n","protected":false},"author":8979,"featured_media":0,"parent":1011,"menu_order":0,"comment_status":"open","ping_status":"closed","template":"","meta":{"_monsterinsights_skip_tracking":false,"_monsterinsights_sitenote_active":false,"_monsterinsights_sitenote_note":"","_monsterinsights_sitenote_category":0,"ngg_post_thumbnail":0,"footnotes":""},"class_list":["post-1944","page","type-page","status-publish","hentry"],"yoast_head":"<!-- This site is optimized with the Yoast SEO plugin v27.3 - https:\/\/yoast.com\/product\/yoast-seo-wordpress\/ -->\n<title>Lluernaris - decomat<\/title>\n<meta name=\"robots\" content=\"index, follow, max-snippet:-1, max-image-preview:large, max-video-preview:-1\" \/>\n<link rel=\"canonical\" href=\"https:\/\/decomat.com\/en\/materiales\/luz\/lucernarios\/\" \/>\n<meta property=\"og:locale\" content=\"ca_ES\" \/>\n<meta property=\"og:type\" content=\"article\" \/>\n<meta property=\"og:title\" content=\"Lluernaris - decomat\" \/>\n<meta property=\"og:description\" content=\"Llum natural lluernaris o lluernes Els lluernaris per deixar passar la llum natural i la radiaci\u00f3 solar consisteixen en elevar una part de la coberta, i posar un element transparent o transl\u00facid en posici\u00f3 que permeti aquest pas de llum i tamb\u00e9 deixi circular adecuadament l&#8217;aigua de pluja. Els lluernaris comparteixen certes caracter\u00edstiques de les [&hellip;]\" \/>\n<meta property=\"og:url\" content=\"https:\/\/decomat.com\/en\/materiales\/luz\/lucernarios\/\" \/>\n<meta property=\"og:site_name\" content=\"decomat\" \/>\n<meta property=\"article:modified_time\" content=\"2012-11-25T11:37:10+00:00\" \/>\n<meta name=\"twitter:card\" content=\"summary_large_image\" \/>\n<meta name=\"twitter:label1\" content=\"Est. reading time\" \/>\n\t<meta name=\"twitter:data1\" content=\"2 minutes\" \/>\n<script type=\"application\/ld+json\" class=\"yoast-schema-graph\">{\"@context\":\"https:\\\/\\\/schema.org\",\"@graph\":[{\"@type\":\"WebPage\",\"@id\":\"https:\\\/\\\/decomat.com\\\/en\\\/materiales\\\/luz\\\/lucernarios\\\/\",\"url\":\"https:\\\/\\\/decomat.com\\\/en\\\/materiales\\\/luz\\\/lucernarios\\\/\",\"name\":\"Lluernaris - decomat\",\"isPartOf\":{\"@id\":\"https:\\\/\\\/decomat.com\\\/ca\\\/#website\"},\"datePublished\":\"2012-04-18T17:16:32+00:00\",\"dateModified\":\"2012-11-25T11:37:10+00:00\",\"breadcrumb\":{\"@id\":\"https:\\\/\\\/decomat.com\\\/en\\\/materiales\\\/luz\\\/lucernarios\\\/#breadcrumb\"},\"inLanguage\":\"ca-ES\",\"potentialAction\":[{\"@type\":\"ReadAction\",\"target\":[\"https:\\\/\\\/decomat.com\\\/en\\\/materiales\\\/luz\\\/lucernarios\\\/\"]}]},{\"@type\":\"BreadcrumbList\",\"@id\":\"https:\\\/\\\/decomat.com\\\/en\\\/materiales\\\/luz\\\/lucernarios\\\/#breadcrumb\",\"itemListElement\":[{\"@type\":\"ListItem\",\"position\":1,\"name\":\"Portada\",\"item\":\"https:\\\/\\\/decomat.com\\\/ca\\\/\"},{\"@type\":\"ListItem\",\"position\":2,\"name\":\"Materials\",\"item\":\"https:\\\/\\\/decomat.com\\\/ca\\\/materiales\\\/\"},{\"@type\":\"ListItem\",\"position\":3,\"name\":\"Light\",\"item\":\"https:\\\/\\\/decomat.com\\\/en\\\/materiales\\\/luz\\\/\"},{\"@type\":\"ListItem\",\"position\":4,\"name\":\"Skylights\"}]},{\"@type\":\"WebSite\",\"@id\":\"https:\\\/\\\/decomat.com\\\/ca\\\/#website\",\"url\":\"https:\\\/\\\/decomat.com\\\/ca\\\/\",\"name\":\"decomat\",\"description\":\"Material decoraci\u00f3\",\"potentialAction\":[{\"@type\":\"SearchAction\",\"target\":{\"@type\":\"EntryPoint\",\"urlTemplate\":\"https:\\\/\\\/decomat.com\\\/ca\\\/?s={search_term_string}\"},\"query-input\":{\"@type\":\"PropertyValueSpecification\",\"valueRequired\":true,\"valueName\":\"search_term_string\"}}],\"inLanguage\":\"ca-ES\"}]}<\/script>\n<!-- \/ Yoast SEO plugin. -->","yoast_head_json":{"title":"Lluernaris - decomat","robots":{"index":"index","follow":"follow","max-snippet":"max-snippet:-1","max-image-preview":"max-image-preview:large","max-video-preview":"max-video-preview:-1"},"canonical":"https:\/\/decomat.com\/en\/materiales\/luz\/lucernarios\/","og_locale":"ca_ES","og_type":"article","og_title":"Lluernaris - decomat","og_description":"Llum natural lluernaris o lluernes Els lluernaris per deixar passar la llum natural i la radiaci\u00f3 solar consisteixen en elevar una part de la coberta, i posar un element transparent o transl\u00facid en posici\u00f3 que permeti aquest pas de llum i tamb\u00e9 deixi circular adecuadament l&#8217;aigua de pluja. Els lluernaris comparteixen certes caracter\u00edstiques de les [&hellip;]","og_url":"https:\/\/decomat.com\/en\/materiales\/luz\/lucernarios\/","og_site_name":"decomat","article_modified_time":"2012-11-25T11:37:10+00:00","twitter_card":"summary_large_image","twitter_misc":{"Est. reading time":"2 minutes"},"schema":{"@context":"https:\/\/schema.org","@graph":[{"@type":"WebPage","@id":"https:\/\/decomat.com\/en\/materiales\/luz\/lucernarios\/","url":"https:\/\/decomat.com\/en\/materiales\/luz\/lucernarios\/","name":"Lluernaris - decomat","isPartOf":{"@id":"https:\/\/decomat.com\/ca\/#website"},"datePublished":"2012-04-18T17:16:32+00:00","dateModified":"2012-11-25T11:37:10+00:00","breadcrumb":{"@id":"https:\/\/decomat.com\/en\/materiales\/luz\/lucernarios\/#breadcrumb"},"inLanguage":"ca-ES","potentialAction":[{"@type":"ReadAction","target":["https:\/\/decomat.com\/en\/materiales\/luz\/lucernarios\/"]}]},{"@type":"BreadcrumbList","@id":"https:\/\/decomat.com\/en\/materiales\/luz\/lucernarios\/#breadcrumb","itemListElement":[{"@type":"ListItem","position":1,"name":"Portada","item":"https:\/\/decomat.com\/ca\/"},{"@type":"ListItem","position":2,"name":"Materials","item":"https:\/\/decomat.com\/ca\/materiales\/"},{"@type":"ListItem","position":3,"name":"Light","item":"https:\/\/decomat.com\/en\/materiales\/luz\/"},{"@type":"ListItem","position":4,"name":"Skylights"}]},{"@type":"WebSite","@id":"https:\/\/decomat.com\/ca\/#website","url":"https:\/\/decomat.com\/ca\/","name":"decomat","description":"Material decoraci\u00f3","potentialAction":[{"@type":"SearchAction","target":{"@type":"EntryPoint","urlTemplate":"https:\/\/decomat.com\/ca\/?s={search_term_string}"},"query-input":{"@type":"PropertyValueSpecification","valueRequired":true,"valueName":"search_term_string"}}],"inLanguage":"ca-ES"}]}},"_links":{"self":[{"href":"https:\/\/decomat.com\/ca\/wp-json\/wp\/v2\/pages\/1944","targetHints":{"allow":["GET"]}}],"collection":[{"href":"https:\/\/decomat.com\/ca\/wp-json\/wp\/v2\/pages"}],"about":[{"href":"https:\/\/decomat.com\/ca\/wp-json\/wp\/v2\/types\/page"}],"author":[{"embeddable":true,"href":"https:\/\/decomat.com\/ca\/wp-json\/wp\/v2\/users\/8979"}],"replies":[{"embeddable":true,"href":"https:\/\/decomat.com\/ca\/wp-json\/wp\/v2\/comments?post=1944"}],"version-history":[{"count":8,"href":"https:\/\/decomat.com\/ca\/wp-json\/wp\/v2\/pages\/1944\/revisions"}],"predecessor-version":[{"id":2618,"href":"https:\/\/decomat.com\/ca\/wp-json\/wp\/v2\/pages\/1944\/revisions\/2618"}],"up":[{"embeddable":true,"href":"https:\/\/decomat.com\/ca\/wp-json\/wp\/v2\/pages\/1011"}],"wp:attachment":[{"href":"https:\/\/decomat.com\/ca\/wp-json\/wp\/v2\/media?parent=1944"}],"curies":[{"name":"wp","href":"https:\/\/api.w.org\/{rel}","templated":true}]}}