{"id":1963,"date":"2012-04-18T19:23:10","date_gmt":"2012-04-18T19:23:10","guid":{"rendered":"http:\/\/www.decomat.com\/?page_id=1963"},"modified":"2014-04-01T17:21:45","modified_gmt":"2014-04-01T15:21:45","slug":"complemento-decorativo","status":"publish","type":"page","link":"https:\/\/decomat.com\/ca\/materiales\/complemento-decorativo\/","title":{"rendered":"Complement decoratiu"},"content":{"rendered":"<p><\/p>\n<h1>Complement decoratiu<\/h1>\n<p>Mobiliari i <strong>complement decoratiu<\/strong> per a la llar i col.lectius (pisos pilot i de lloguer, hotels, botigues, etc.). Complements de decoraci\u00f3 desde miralls, mobiliari auxiliar&#8230;<\/p>\n<p>&nbsp;<\/p>\n<h2>Miralls per a decoraci\u00f3:<\/h2>\n<p>Miralls de disseny moderns, cl\u00e0ssics, r\u00fastics, venecians\u00a0i barrocs.<br \/>\nMiralls vestidors.<br \/>\nMiralls amb marcs metal\u00b7lics.<br \/>\nMiralls retro-il\u00b7luminats.<\/p>\n<p>&nbsp;<\/p>\n<h2>Mobiliari auxiliar per a decoraci\u00f3:<\/h2>\n<p>Mobiliari auxiliar per a decoraci\u00f3 de dormitoris: Cap\u00e7aleres retro-il\u00b7luminades, Cap\u00e7aleres tapissades, tauletes de nit, c\u00f2modes, chiffoniers, banquetes descal\u00e7adores, estanteries.<br \/>\nMobiliari auxiliar per a decoraci\u00f3 de menjadors, salons: Revisters, Petjallibres, Taules de centre, Taules auxiliars, Taules de t.v., cadires, sillons, chaise longe, puffs, miralls.<br \/>\nMobiliari auxiliar per a decoraci\u00f3 de banys: Miralls per a banys, il\u00b7luminaci\u00f3 per a banys, mobiliari per a\u00a0banys.<br \/>\nMobiliari auxiliar per decoraci\u00f3 de rebedors: Consoles, taparadiadors, miralls.<\/p>\n<p>&nbsp;<\/p>\n<h2>Gerros i guarniments florals per a decoraci\u00f3:<\/h2>\n<p>&nbsp;<\/p>\n<h2>Escultures i plats per a decoraci\u00f3:<\/h2>\n<p>&nbsp;<\/p>\n<h2>Cuadres per a decoraci\u00f3:<\/h2>\n<p>Cuadres retro-il\u00b7luminats, Fotomurals per paret, Decoraci\u00f3 de portes de pas i portes d&#8217;armari amb fotografies,<\/p>\n<p>&nbsp;<\/p>\n<h2>Rellotges per a decoraci\u00f3:<\/h2>\n<p>Rellotges decoratius de paret, Rellotges decoratius per cuines, Rellotges decoratius de sobretaula<\/p>\n<p>&nbsp;<\/p>\n<p>&nbsp;<\/p>","protected":false},"excerpt":{"rendered":"<p>Complement decoratiu Mobiliari i complement decoratiu per a la llar i col.lectius (pisos pilot i de lloguer, hotels, botigues, etc.). Complements de decoraci\u00f3 desde miralls, mobiliari auxiliar&#8230; &nbsp; Miralls per a decoraci\u00f3: Miralls de disseny moderns, cl\u00e0ssics, r\u00fastics, venecians\u00a0i barrocs. Miralls vestidors. Miralls amb marcs metal\u00b7lics. Miralls retro-il\u00b7luminats. &nbsp; Mobiliari auxiliar per a decoraci\u00f3: Mobiliari [&hellip;]<\/p>\n","protected":false},"author":8979,"featured_media":0,"parent":709,"menu_order":17,"comment_status":"open","ping_status":"closed","template":"","meta":{"_monsterinsights_skip_tracking":false,"_monsterinsights_sitenote_active":false,"_monsterinsights_sitenote_note":"","_monsterinsights_sitenote_category":0,"ngg_post_thumbnail":0,"footnotes":""},"class_list":["post-1963","page","type-page","status-publish","hentry"],"yoast_head":"<!-- This site is optimized with the Yoast SEO plugin v27.4 - https:\/\/yoast.com\/product\/yoast-seo-wordpress\/ -->\n<title>Complement decoratiu - decomat<\/title>\n<meta name=\"robots\" content=\"index, follow, max-snippet:-1, max-image-preview:large, max-video-preview:-1\" \/>\n<link rel=\"canonical\" href=\"https:\/\/decomat.com\/ca\/materiales\/complemento-decorativo\/\" \/>\n<meta property=\"og:locale\" content=\"ca_ES\" \/>\n<meta property=\"og:type\" content=\"article\" \/>\n<meta property=\"og:title\" content=\"Complement decoratiu - decomat\" \/>\n<meta property=\"og:description\" content=\"Complement decoratiu Mobiliari i complement decoratiu per a la llar i col.lectius (pisos pilot i de lloguer, hotels, botigues, etc.). Complements de decoraci\u00f3 desde miralls, mobiliari auxiliar&#8230; &nbsp; Miralls per a decoraci\u00f3: Miralls de disseny moderns, cl\u00e0ssics, r\u00fastics, venecians\u00a0i barrocs. Miralls vestidors. Miralls amb marcs metal\u00b7lics. Miralls retro-il\u00b7luminats. &nbsp; Mobiliari auxiliar per a decoraci\u00f3: Mobiliari [&hellip;]\" \/>\n<meta property=\"og:url\" content=\"https:\/\/decomat.com\/ca\/materiales\/complemento-decorativo\/\" \/>\n<meta property=\"og:site_name\" content=\"decomat\" \/>\n<meta property=\"article:modified_time\" content=\"2014-04-01T15:21:45+00:00\" \/>\n<meta name=\"twitter:card\" content=\"summary_large_image\" \/>\n<meta name=\"twitter:label1\" content=\"Est. reading time\" \/>\n\t<meta name=\"twitter:data1\" content=\"1 minute\" \/>\n<script type=\"application\/ld+json\" class=\"yoast-schema-graph\">{\"@context\":\"https:\\\/\\\/schema.org\",\"@graph\":[{\"@type\":\"WebPage\",\"@id\":\"https:\\\/\\\/decomat.com\\\/ca\\\/materiales\\\/complemento-decorativo\\\/\",\"url\":\"https:\\\/\\\/decomat.com\\\/ca\\\/materiales\\\/complemento-decorativo\\\/\",\"name\":\"Complement decoratiu - decomat\",\"isPartOf\":{\"@id\":\"https:\\\/\\\/decomat.com\\\/ca\\\/#website\"},\"datePublished\":\"2012-04-18T19:23:10+00:00\",\"dateModified\":\"2014-04-01T15:21:45+00:00\",\"breadcrumb\":{\"@id\":\"https:\\\/\\\/decomat.com\\\/ca\\\/materiales\\\/complemento-decorativo\\\/#breadcrumb\"},\"inLanguage\":\"ca-ES\",\"potentialAction\":[{\"@type\":\"ReadAction\",\"target\":[\"https:\\\/\\\/decomat.com\\\/ca\\\/materiales\\\/complemento-decorativo\\\/\"]}]},{\"@type\":\"BreadcrumbList\",\"@id\":\"https:\\\/\\\/decomat.com\\\/ca\\\/materiales\\\/complemento-decorativo\\\/#breadcrumb\",\"itemListElement\":[{\"@type\":\"ListItem\",\"position\":1,\"name\":\"Portada\",\"item\":\"https:\\\/\\\/decomat.com\\\/ca\\\/\"},{\"@type\":\"ListItem\",\"position\":2,\"name\":\"Materials\",\"item\":\"https:\\\/\\\/decomat.com\\\/ca\\\/materiales\\\/\"},{\"@type\":\"ListItem\",\"position\":3,\"name\":\"Complement decoratiu\"}]},{\"@type\":\"WebSite\",\"@id\":\"https:\\\/\\\/decomat.com\\\/ca\\\/#website\",\"url\":\"https:\\\/\\\/decomat.com\\\/ca\\\/\",\"name\":\"decomat\",\"description\":\"Material decoraci\u00f3\",\"potentialAction\":[{\"@type\":\"SearchAction\",\"target\":{\"@type\":\"EntryPoint\",\"urlTemplate\":\"https:\\\/\\\/decomat.com\\\/ca\\\/?s={search_term_string}\"},\"query-input\":{\"@type\":\"PropertyValueSpecification\",\"valueRequired\":true,\"valueName\":\"search_term_string\"}}],\"inLanguage\":\"ca-ES\"}]}<\/script>\n<!-- \/ Yoast SEO plugin. -->","yoast_head_json":{"title":"Complement decoratiu - decomat","robots":{"index":"index","follow":"follow","max-snippet":"max-snippet:-1","max-image-preview":"max-image-preview:large","max-video-preview":"max-video-preview:-1"},"canonical":"https:\/\/decomat.com\/ca\/materiales\/complemento-decorativo\/","og_locale":"ca_ES","og_type":"article","og_title":"Complement decoratiu - decomat","og_description":"Complement decoratiu Mobiliari i complement decoratiu per a la llar i col.lectius (pisos pilot i de lloguer, hotels, botigues, etc.). Complements de decoraci\u00f3 desde miralls, mobiliari auxiliar&#8230; &nbsp; Miralls per a decoraci\u00f3: Miralls de disseny moderns, cl\u00e0ssics, r\u00fastics, venecians\u00a0i barrocs. Miralls vestidors. Miralls amb marcs metal\u00b7lics. Miralls retro-il\u00b7luminats. &nbsp; Mobiliari auxiliar per a decoraci\u00f3: Mobiliari [&hellip;]","og_url":"https:\/\/decomat.com\/ca\/materiales\/complemento-decorativo\/","og_site_name":"decomat","article_modified_time":"2014-04-01T15:21:45+00:00","twitter_card":"summary_large_image","twitter_misc":{"Est. reading time":"1 minute"},"schema":{"@context":"https:\/\/schema.org","@graph":[{"@type":"WebPage","@id":"https:\/\/decomat.com\/ca\/materiales\/complemento-decorativo\/","url":"https:\/\/decomat.com\/ca\/materiales\/complemento-decorativo\/","name":"Complement decoratiu - decomat","isPartOf":{"@id":"https:\/\/decomat.com\/ca\/#website"},"datePublished":"2012-04-18T19:23:10+00:00","dateModified":"2014-04-01T15:21:45+00:00","breadcrumb":{"@id":"https:\/\/decomat.com\/ca\/materiales\/complemento-decorativo\/#breadcrumb"},"inLanguage":"ca-ES","potentialAction":[{"@type":"ReadAction","target":["https:\/\/decomat.com\/ca\/materiales\/complemento-decorativo\/"]}]},{"@type":"BreadcrumbList","@id":"https:\/\/decomat.com\/ca\/materiales\/complemento-decorativo\/#breadcrumb","itemListElement":[{"@type":"ListItem","position":1,"name":"Portada","item":"https:\/\/decomat.com\/ca\/"},{"@type":"ListItem","position":2,"name":"Materials","item":"https:\/\/decomat.com\/ca\/materiales\/"},{"@type":"ListItem","position":3,"name":"Complement decoratiu"}]},{"@type":"WebSite","@id":"https:\/\/decomat.com\/ca\/#website","url":"https:\/\/decomat.com\/ca\/","name":"decomat","description":"Material decoraci\u00f3","potentialAction":[{"@type":"SearchAction","target":{"@type":"EntryPoint","urlTemplate":"https:\/\/decomat.com\/ca\/?s={search_term_string}"},"query-input":{"@type":"PropertyValueSpecification","valueRequired":true,"valueName":"search_term_string"}}],"inLanguage":"ca-ES"}]}},"_links":{"self":[{"href":"https:\/\/decomat.com\/ca\/wp-json\/wp\/v2\/pages\/1963","targetHints":{"allow":["GET"]}}],"collection":[{"href":"https:\/\/decomat.com\/ca\/wp-json\/wp\/v2\/pages"}],"about":[{"href":"https:\/\/decomat.com\/ca\/wp-json\/wp\/v2\/types\/page"}],"author":[{"embeddable":true,"href":"https:\/\/decomat.com\/ca\/wp-json\/wp\/v2\/users\/8979"}],"replies":[{"embeddable":true,"href":"https:\/\/decomat.com\/ca\/wp-json\/wp\/v2\/comments?post=1963"}],"version-history":[{"count":13,"href":"https:\/\/decomat.com\/ca\/wp-json\/wp\/v2\/pages\/1963\/revisions"}],"predecessor-version":[{"id":5524,"href":"https:\/\/decomat.com\/ca\/wp-json\/wp\/v2\/pages\/1963\/revisions\/5524"}],"up":[{"embeddable":true,"href":"https:\/\/decomat.com\/ca\/wp-json\/wp\/v2\/pages\/709"}],"wp:attachment":[{"href":"https:\/\/decomat.com\/ca\/wp-json\/wp\/v2\/media?parent=1963"}],"curies":[{"name":"wp","href":"https:\/\/api.w.org\/{rel}","templated":true}]}}