{"id":2032,"date":"2012-04-18T21:16:24","date_gmt":"2012-04-18T21:16:24","guid":{"rendered":"http:\/\/www.decomat.com\/?page_id=2032"},"modified":"2012-11-18T22:19:36","modified_gmt":"2012-11-18T20:19:36","slug":"corcho-para-suelo","status":"publish","type":"page","link":"https:\/\/decomat.com\/ca\/materiales\/pavimento-suelo\/corcho-para-suelo\/","title":{"rendered":"Suro per a terra"},"content":{"rendered":"<p><\/p>\n<h1>Paviment terra de suro<\/h1>\n<p>&nbsp;<\/p>\n<h2>Tipus de suro:<\/h2>\n<p>Les llosetes s&#8217;utilitzen com <strong>material decoratiu<\/strong> per parets i paviments de terres de suro, mentres que les planxes de suro negre aglomerat, granulat o expandit, amb uns gruixos superiors al del <strong>suro d&#8217;aplicaci\u00f3 decorativa (paviment terra de suro, revestiment paret de suro)\u00a0<\/strong>son utilitzades en obres on el suro \u00e9s <strong>material d&#8217;a\u00efllament<\/strong>.\u00a0 Les plaques o rotlles de <strong>suro d&#8217;aplicaci\u00f3 a\u00efllant<\/strong>\u00a0 t\u00e8rmic i ac\u00fastic es coloquen sobre la paret o fins i tot al sostre i poden quedar cobertes per un revestiment (paper o pintura) o b\u00e9 deixar-les a la vista despr\u00e9s d&#8217;un proc\u00e8s de pulit.<\/p>\n<h3>Parquet de suro sistema encolat amb llosetes:<\/h3>\n<p>El paviment de suro de llosetes s&#8217;instal\u00b7la aplicant cola de contacte damunt de la superf\u00edcie que es vulgui pavimentar d&#8217;un paviment del tipus forjat (ben llis, ben nivellat i arremolinat) o d&#8217;un paviment tipus antic que no volguem convervar (terrazo, rajoles, etc).<br \/>\nLes caracter\u00edstiques del suro natural i ecol\u00f2gico proporcionen al paviment de suro les funcions d&#8217;un bon a\u00efllament t\u00e8rmic i ac\u00fastic.<\/p>\n<h3>Parquet flotant de suro amb sistema click (no encolat entre ell ni al terra):<\/h3>\n<p>El producto es composa de tres capes de diferents materials:<br \/>\n&#8211; Una capa superior de suro decoratiu, amb diferents disenys en la composici\u00f3 del gr\u00e0nul de suro, que li donen un aspecte decoratiu singular a cada model.<br \/>\n&#8211; Una capa intermitja de DM.<br \/>\n&#8211; Una capa inferior de l&#8217;amina de suro que:<br \/>\n. fa funcions a\u00efllants<br \/>\n. fa funcions d&#8217;a\u00efllament ac\u00fastic. (evita la trnsmissi\u00f3 del so per impacte a sobre de parquet)<br \/>\n. anivella el parquet de suro<br \/>\n. estalvia haver de posar cap material sota (escuma de polietil\u00e8 expandit, cartro coarrugat, etc)<\/p>\n<p>&nbsp;<\/p>\n<h2>Propietats del suro:<\/h2>\n<h3>Suro \u00e9s a\u00efllant t\u00e8rmic, ac\u00fastic i hidr\u00f2fug:<\/h3>\n<p>El suro s&#8217;obt\u00e8 de l&#8217;escor\u00e7a de les sureres, un arbre que creix sobre tot en \u00e0rees de clima mediterrani. El suro est\u00e0 format por c\u00e8l\u00b7lules poli\u00e8driques molt unides entre s\u00ed, pr\u00e0ticament buides en el seu interior que formen unes estructures anomenades ce\u00b7les.<\/p>\n<p>Aquestes cel\u00b7les fan del suro un material hidr\u00f2fug (molt impermeables a l&#8217;aigua) el que fa del suro un material \u00f2ptim tant per zones on apareixen humitats (fins i tot pels taps de vi), com tamb\u00e9 \u00f2ptim per a l&#8217;a\u00efllament t\u00e8rmic i ac\u00fastic.<\/p>\n<p>El suro pot deixar passar el vapor d&#8217;aigua, per evitar-ho cal sotmetre el suro a tractaments espec\u00edfics abans de la seva colocaci\u00f3.<\/p>\n<p>El suro posat al terra \u00e9s una superf\u00edcie agradable de trepijar ja que degut a la seva baixa conductivitat t\u00e8rmica\u00a0no es refreda\u00a0en exc\u00e8s.<\/p>\n<h3>\u00a0Suro \u00e9s registent agents qu\u00edmics:<\/h3>\n<p>El suro registeix als agents qu\u00edmics, i respon b\u00e9 al pas del temps, no fa olors\u00a0i quasi no requereix de\u00a0manteniment.<\/p>\n<h3>\u00a0Suro \u00e9s lleuger i registent als agents f\u00edsics:<\/h3>\n<p>Degut a la seva poca densitat, el suro \u00e9s lleuger (pesa poc), el\u00e0stic (el suro \u00e9s capa\u00e7 de recuperar pr\u00e0cticament tot el seu volum inicial tot i que se li\u00a0apliqui una pressi\u00f3 forta)\u00a0i no es deforma f\u00e0cilment, ni tant sols amb el pes dels mobles o els cops.<\/p>\n<p>El suro presenta una gran adher\u00e8ncia a les superficies llises, ja que hi ejerceix un efecte ventosa, degut als forats de les c\u00e8l.les que elcomposen.<\/p>\n<h3>Suro \u00e9s un material sostenible:<\/h3>\n<p>El suro es carectaritza per ser un producte natural que respecta el medi ambient tant durant el proc\u00e8s d&#8217;extracci\u00f3 com en el de aplicaci\u00f3<\/p>\n<p>&nbsp;<\/p>\n<p>&nbsp;<\/p>\n<h2>Formats del suro:<\/h2>\n<p>El suro decoratiu es produeix en diferents formats\u00a0 (llosetes de diferentes tamanys, rotlles i planxes), colors i textures.<\/p>\n<h2><\/h2>\n<h2>Acabats del suro:<\/h2>\n<p>Els suro per aconseguir un acabat suau es barnissa\u00a0 o s&#8217;encera\u00a0un cop instal\u00b7lat si es subministra amb llosetes o ja ve barnissat en el cas de suro flotant.<\/p>\n<p>&nbsp;<\/p>\n<h2><\/h2>\n<p>&nbsp;<\/p>\n<p>&nbsp;<\/p>","protected":false},"excerpt":{"rendered":"<p>Paviment terra de suro &nbsp; Tipus de suro: Les llosetes s&#8217;utilitzen com material decoratiu per parets i paviments de terres de suro, mentres que les planxes de suro negre aglomerat, granulat o expandit, amb uns gruixos superiors al del suro d&#8217;aplicaci\u00f3 decorativa (paviment terra de suro, revestiment paret de suro)\u00a0son utilitzades en obres on el [&hellip;]<\/p>\n","protected":false},"author":8979,"featured_media":0,"parent":1280,"menu_order":0,"comment_status":"open","ping_status":"closed","template":"","meta":{"_monsterinsights_skip_tracking":false,"_monsterinsights_sitenote_active":false,"_monsterinsights_sitenote_note":"","_monsterinsights_sitenote_category":0,"ngg_post_thumbnail":0,"footnotes":""},"class_list":["post-2032","page","type-page","status-publish","hentry"],"yoast_head":"<!-- This site is optimized with the Yoast SEO plugin v27.3 - https:\/\/yoast.com\/product\/yoast-seo-wordpress\/ -->\n<title>Suro per a terra - decomat<\/title>\n<meta name=\"robots\" content=\"index, follow, max-snippet:-1, max-image-preview:large, max-video-preview:-1\" \/>\n<link rel=\"canonical\" href=\"https:\/\/decomat.com\/en\/materiales\/pavimento-suelo\/corcho-para-suelo\/\" \/>\n<meta property=\"og:locale\" content=\"ca_ES\" \/>\n<meta property=\"og:type\" content=\"article\" \/>\n<meta property=\"og:title\" content=\"Suro per a terra - decomat\" \/>\n<meta property=\"og:description\" content=\"Paviment terra de suro &nbsp; Tipus de suro: Les llosetes s&#8217;utilitzen com material decoratiu per parets i paviments de terres de suro, mentres que les planxes de suro negre aglomerat, granulat o expandit, amb uns gruixos superiors al del suro d&#8217;aplicaci\u00f3 decorativa (paviment terra de suro, revestiment paret de suro)\u00a0son utilitzades en obres on el [&hellip;]\" \/>\n<meta property=\"og:url\" content=\"https:\/\/decomat.com\/en\/materiales\/pavimento-suelo\/corcho-para-suelo\/\" \/>\n<meta property=\"og:site_name\" content=\"decomat\" \/>\n<meta property=\"article:modified_time\" content=\"2012-11-18T20:19:36+00:00\" \/>\n<meta name=\"twitter:card\" content=\"summary_large_image\" \/>\n<meta name=\"twitter:label1\" content=\"Est. reading time\" \/>\n\t<meta name=\"twitter:data1\" content=\"3 minutes\" \/>\n<script type=\"application\/ld+json\" class=\"yoast-schema-graph\">{\"@context\":\"https:\\\/\\\/schema.org\",\"@graph\":[{\"@type\":\"WebPage\",\"@id\":\"https:\\\/\\\/decomat.com\\\/en\\\/materiales\\\/pavimento-suelo\\\/corcho-para-suelo\\\/\",\"url\":\"https:\\\/\\\/decomat.com\\\/en\\\/materiales\\\/pavimento-suelo\\\/corcho-para-suelo\\\/\",\"name\":\"Suro per a terra - decomat\",\"isPartOf\":{\"@id\":\"https:\\\/\\\/decomat.com\\\/ca\\\/#website\"},\"datePublished\":\"2012-04-18T21:16:24+00:00\",\"dateModified\":\"2012-11-18T20:19:36+00:00\",\"breadcrumb\":{\"@id\":\"https:\\\/\\\/decomat.com\\\/en\\\/materiales\\\/pavimento-suelo\\\/corcho-para-suelo\\\/#breadcrumb\"},\"inLanguage\":\"ca-ES\",\"potentialAction\":[{\"@type\":\"ReadAction\",\"target\":[\"https:\\\/\\\/decomat.com\\\/en\\\/materiales\\\/pavimento-suelo\\\/corcho-para-suelo\\\/\"]}]},{\"@type\":\"BreadcrumbList\",\"@id\":\"https:\\\/\\\/decomat.com\\\/en\\\/materiales\\\/pavimento-suelo\\\/corcho-para-suelo\\\/#breadcrumb\",\"itemListElement\":[{\"@type\":\"ListItem\",\"position\":1,\"name\":\"Portada\",\"item\":\"https:\\\/\\\/decomat.com\\\/ca\\\/\"},{\"@type\":\"ListItem\",\"position\":2,\"name\":\"Materials\",\"item\":\"https:\\\/\\\/decomat.com\\\/ca\\\/materiales\\\/\"},{\"@type\":\"ListItem\",\"position\":3,\"name\":\"Paviment \\\/ Terra\",\"item\":\"https:\\\/\\\/decomat.com\\\/ca\\\/materiales\\\/pavimento-suelo\\\/\"},{\"@type\":\"ListItem\",\"position\":4,\"name\":\"Floor cork\"}]},{\"@type\":\"WebSite\",\"@id\":\"https:\\\/\\\/decomat.com\\\/ca\\\/#website\",\"url\":\"https:\\\/\\\/decomat.com\\\/ca\\\/\",\"name\":\"decomat\",\"description\":\"Material decoraci\u00f3\",\"potentialAction\":[{\"@type\":\"SearchAction\",\"target\":{\"@type\":\"EntryPoint\",\"urlTemplate\":\"https:\\\/\\\/decomat.com\\\/ca\\\/?s={search_term_string}\"},\"query-input\":{\"@type\":\"PropertyValueSpecification\",\"valueRequired\":true,\"valueName\":\"search_term_string\"}}],\"inLanguage\":\"ca-ES\"}]}<\/script>\n<!-- \/ Yoast SEO plugin. -->","yoast_head_json":{"title":"Suro per a terra - decomat","robots":{"index":"index","follow":"follow","max-snippet":"max-snippet:-1","max-image-preview":"max-image-preview:large","max-video-preview":"max-video-preview:-1"},"canonical":"https:\/\/decomat.com\/en\/materiales\/pavimento-suelo\/corcho-para-suelo\/","og_locale":"ca_ES","og_type":"article","og_title":"Suro per a terra - decomat","og_description":"Paviment terra de suro &nbsp; Tipus de suro: Les llosetes s&#8217;utilitzen com material decoratiu per parets i paviments de terres de suro, mentres que les planxes de suro negre aglomerat, granulat o expandit, amb uns gruixos superiors al del suro d&#8217;aplicaci\u00f3 decorativa (paviment terra de suro, revestiment paret de suro)\u00a0son utilitzades en obres on el [&hellip;]","og_url":"https:\/\/decomat.com\/en\/materiales\/pavimento-suelo\/corcho-para-suelo\/","og_site_name":"decomat","article_modified_time":"2012-11-18T20:19:36+00:00","twitter_card":"summary_large_image","twitter_misc":{"Est. reading time":"3 minutes"},"schema":{"@context":"https:\/\/schema.org","@graph":[{"@type":"WebPage","@id":"https:\/\/decomat.com\/en\/materiales\/pavimento-suelo\/corcho-para-suelo\/","url":"https:\/\/decomat.com\/en\/materiales\/pavimento-suelo\/corcho-para-suelo\/","name":"Suro per a terra - decomat","isPartOf":{"@id":"https:\/\/decomat.com\/ca\/#website"},"datePublished":"2012-04-18T21:16:24+00:00","dateModified":"2012-11-18T20:19:36+00:00","breadcrumb":{"@id":"https:\/\/decomat.com\/en\/materiales\/pavimento-suelo\/corcho-para-suelo\/#breadcrumb"},"inLanguage":"ca-ES","potentialAction":[{"@type":"ReadAction","target":["https:\/\/decomat.com\/en\/materiales\/pavimento-suelo\/corcho-para-suelo\/"]}]},{"@type":"BreadcrumbList","@id":"https:\/\/decomat.com\/en\/materiales\/pavimento-suelo\/corcho-para-suelo\/#breadcrumb","itemListElement":[{"@type":"ListItem","position":1,"name":"Portada","item":"https:\/\/decomat.com\/ca\/"},{"@type":"ListItem","position":2,"name":"Materials","item":"https:\/\/decomat.com\/ca\/materiales\/"},{"@type":"ListItem","position":3,"name":"Paviment \/ Terra","item":"https:\/\/decomat.com\/ca\/materiales\/pavimento-suelo\/"},{"@type":"ListItem","position":4,"name":"Floor cork"}]},{"@type":"WebSite","@id":"https:\/\/decomat.com\/ca\/#website","url":"https:\/\/decomat.com\/ca\/","name":"decomat","description":"Material decoraci\u00f3","potentialAction":[{"@type":"SearchAction","target":{"@type":"EntryPoint","urlTemplate":"https:\/\/decomat.com\/ca\/?s={search_term_string}"},"query-input":{"@type":"PropertyValueSpecification","valueRequired":true,"valueName":"search_term_string"}}],"inLanguage":"ca-ES"}]}},"_links":{"self":[{"href":"https:\/\/decomat.com\/ca\/wp-json\/wp\/v2\/pages\/2032","targetHints":{"allow":["GET"]}}],"collection":[{"href":"https:\/\/decomat.com\/ca\/wp-json\/wp\/v2\/pages"}],"about":[{"href":"https:\/\/decomat.com\/ca\/wp-json\/wp\/v2\/types\/page"}],"author":[{"embeddable":true,"href":"https:\/\/decomat.com\/ca\/wp-json\/wp\/v2\/users\/8979"}],"replies":[{"embeddable":true,"href":"https:\/\/decomat.com\/ca\/wp-json\/wp\/v2\/comments?post=2032"}],"version-history":[{"count":16,"href":"https:\/\/decomat.com\/ca\/wp-json\/wp\/v2\/pages\/2032\/revisions"}],"predecessor-version":[{"id":2720,"href":"https:\/\/decomat.com\/ca\/wp-json\/wp\/v2\/pages\/2032\/revisions\/2720"}],"up":[{"embeddable":true,"href":"https:\/\/decomat.com\/ca\/wp-json\/wp\/v2\/pages\/1280"}],"wp:attachment":[{"href":"https:\/\/decomat.com\/ca\/wp-json\/wp\/v2\/media?parent=2032"}],"curies":[{"name":"wp","href":"https:\/\/api.w.org\/{rel}","templated":true}]}}