{"id":2040,"date":"2012-04-18T21:24:49","date_gmt":"2012-04-18T21:24:49","guid":{"rendered":"http:\/\/www.decomat.com\/?page_id=2040"},"modified":"2012-11-22T20:19:48","modified_gmt":"2012-11-22T18:19:48","slug":"alfombra","status":"publish","type":"page","link":"https:\/\/decomat.com\/ca\/materiales\/pavimento-suelo\/alfombra\/","title":{"rendered":"Catifa"},"content":{"rendered":"<p><\/p>\n<h1>Paviment catifa<\/h1>\n<h2><\/h2>\n<h2>Funci\u00f3, definici\u00f3:<\/h2>\n<p><strong>Una catifa o estora<\/strong> per paviment \u00e9s una pe\u00e7a teixida, lligada o brodada de material t\u00e8xtil o sint\u00e8tic (amb una base d&#8217;un teixit fort de c\u00e0nem, jute, cot\u00f3, cautx\u00fa, etc) que<strong> serveix per<\/strong>:<br \/>\n&#8211; cobrir<br \/>\n&#8211; ornamentar, adornar o decorar<br \/>\n&#8211; a\u00efllar del fred<br \/>\nel s\u00f2l o paviments d&#8217;una habitaci\u00f3, menjador, passad\u00eds, els graons d&#8217;una escala, etc.<\/p>\n<p>El nom de <strong>catifa<\/strong>, \u00e9s d<strong>\u2019origen \u00e0rab<\/strong> <strong>alcatifa<\/strong>.<\/p>\n<p><strong>Alfombra <\/strong>tamb\u00e9 ve de l\u2019\u00e0rab, en aquest cas d\u2019<strong>alfambra.<\/strong><\/p>\n<p>Tamb\u00e9 s&#8217;utilitzen catifes antilliscants d&#8217;altres materials en tota mena de situacions en qu\u00e8 cal despla\u00e7ar-se per zones mullades, molt polides o, en general, relliscoses. Aquest \u00e9s el cas de les estores o catifes de bany.<\/p>\n<h2><\/h2>\n<h2>Tipus catifes segons com es fabriquen (com es teixeix el teixit):<\/h2>\n<p>Les catifes poden \u00e9sser fabricades manualment o mec\u00e0nicament.<br \/>\n<strong>Manualment:<\/strong><br \/>\nUn teixidor h\u00e0bil pot fer de mitjana 10.000 nusos al dia.<br \/>\nPer teixir d\u2019una catifa manual amb ordit i trama de cot\u00f3, de 4 metres quadrats i d\u2019una qualitat mitja, s\u2019utilitzen 7.000 metres de fil de cot\u00f3.<br \/>\nEls dos tipus de nusos m\u00e9s utilitzats s\u00f3n el nus turc i el nus persa.<br \/>\nEl nus persa \u00e9s la t\u00e8cnica de nuar catifes utilitzada a tota la meitat oriental de l&#8217;Iran, tot el Turkmenistan, Afganistan, Pakistan i \u00cdndia. La Xina tamb\u00e9 utilitza, entre d&#8217;altres, el nus persa.<br \/>\nEl nus turc \u00e9s utilitzat en les zones m\u00e9s occidentals de l\u2019Iran, tot el Caucas, Turquia pa\u00efsos del Magrib i els diversos indrets d\u2019Europa en els que s\u2019han teixit de fa segles catifes nuades a m\u00e0.<\/p>\n<p>Les <strong>catifes de xenilla<\/strong> (obtingudes fent el teixit de base amb dos ordits, un dels quals lliga el fil de xenilla que hi \u00e9s introdu\u00eft a m\u00e0)<br \/>\nLes <strong>catifes de punt de Lys o brodades <\/strong>(obtingudes introduint els fils amb una sola agulla sobre la tela de base tot seguint el contorn del dibuix)<br \/>\nEls <strong>K\u00eclims, durrys, jarapas&#8230;estores<\/strong>, s\u00f3n teixits plans formats tan sols pels fils de l\u2019ordit i la trama. Una de les caracter\u00edstiques de la majoria d\u2019aquests teixits \u00e9s que \u00e9s dif\u00edcil de precisar el dret del rev\u00e9s, ja que el dibuix queda igual de definit per les dues cares.<\/p>\n<p>No tenen pelfa, per tant no tenen la superf\u00edcie envellutada.<\/p>\n<p>Les altres denominacions s\u00f3n tal com se les coneix en els respectius pa\u00efsos d\u2019origen i tenen diverses variants en el moment de definir el teixit amb el fil de la trama.<\/p>\n<p>&nbsp;<\/p>\n<p><strong>Mec\u00e0nicament:<\/strong><br \/>\n\u00c9s la millor manera que s\u2019ha inventat per imitar la catifa nuada a m\u00e0, amb un <strong>proc\u00e9s totalment mecanitzat<\/strong>. Solen \u00e9sser compostes per un teixit de base recobert o no de vellut, teixides o no teixides.<\/p>\n<p>S\u00f3n catifes teixides amb telers mec\u00e0nics. El resultat \u00e9s una catifa envellutada per\u00f2 que al costat d\u2019una nuada a m\u00e0 t\u00e9 moltes difer\u00e8ncies: els fils que conformen el dibuix queden relativament lligats a la base del teixit atrapats entre els fils m\u00e9s gruixuts de la trama. Per tal de garantir que els fils quedin segurs al seu lloc, totes aquestes catifes passen per un proc\u00e9s d\u2019aplicaci\u00f3 d\u2019aprest. Productes que s\u2019apliquen a la part del darrera de la catifa i que li donen\u00a0una certa rigidesa.<\/p>\n<div>Amb el mateix nom de TUFTED, es fabriquen catifes de forma m\u00e9s artesanal. Manualment es manipula una <strong>maquineta<\/strong> amb la que es van aplicant els fils de llana a un suport pr\u00e8viament teixit i tensat. Al no quedar els fils de llana lligats per cap nus, cal aprestar-la un cop s&#8217;ha finalitzat el disseny. En la fabricaci\u00f3 de catifes amb tufted manual, aquest aprest \u00e9s fa aplicant una capa de l\u00e0tex, que per donar-li un aspecte m\u00e9s acurat es finalitza amb l\u2019aplicaci\u00f3 d\u2019un teixit a mode folre. Aquesta t\u00e8cnica permet fer dissenys molt personalitzats i els preus, en aquests darrers anys, s\u2019han abaratit considerablement en ser fabricades en pa\u00efsos on la m\u00e0 d\u2019obra \u00e9s molt barata.Aquesta t\u00e8cnica i altres de molt similars ha perm\u00e8s que aquestes catifes tinguin preus molt assequibles. Si han estat teixides amb llana de bona qualitat, la seva durabilitat est\u00e0 garantida per v\u00e0ries desenes d\u2019anys.<\/div>\n<p>Sense vellut: s\u00f3n teles gruixudes fabricades amb telers corrents emprant un sol ordit i una trama de fibres dures, com el coco, la r\u00e0fia, etc.<br \/>\nAmb vellut:<br \/>\nteixint alhora dues catifes disposades cara a cara, amb un ordit com\u00fa a totes dues, que, un cop tallat separant les dues catifes, forma el vellut.<br \/>\nteixint la tela de base amb mat\u00e8ries que, despr\u00e9s de teixida la catifa i amb un tractament adequat, s&#8217;encongeixen i obliguen el segon ordit a formar un ris.<\/p>\n<p>Les catifes no teixides s\u00f3n:<\/p>\n<p>les <strong>catifes conxades<\/strong>, obtingudes amb una napa de carda, convenientment arrugada i enganxada amb l\u00e0tex sobre una tela de jute.<\/p>\n<p>les <strong>catifes d&#8217;Aviny\u00f3<\/strong>, obtingudes per batanat d&#8217;un teixit de llana i d&#8217;altres p\u00e8ls animals i un tondosat posterior que d\u00f3na a la cara bona un aspecte de p\u00e8l lluent, mentre que la cara dolenta \u00e9s tractada amb l\u00e0tex i vulcanitzada.<\/p>\n<p>&nbsp;<\/p>\n<p><strong><br \/>\n<\/strong><\/p>\n<p>&nbsp;<\/p>\n<p>&nbsp;<\/p>\n<p>&nbsp;<\/p>\n<p><span style=\"font-size: small;\"><strong><br \/>\n<\/strong><\/span><\/p>\n<p>&nbsp;<\/p>\n<p>&nbsp;<\/p>\n<p>&nbsp;<\/p>\n<p><span style=\"font-size: small;\"><br \/>\n<\/span><\/p>\n<p>&nbsp;<\/p>\n<p>&nbsp;<\/p>\n<p><span style=\"font-size: small;\"><strong><br \/>\n<\/strong><\/span><\/p>\n<p><span style=\"font-size: small;\"><strong><br \/>\n<\/strong><\/span><\/p>\n<p>&nbsp;<\/p>\n<p><span style=\"font-size: small;\"><br \/>\n<\/span><\/p>\n<p>&nbsp;<\/p>","protected":false},"excerpt":{"rendered":"<p>Paviment catifa Funci\u00f3, definici\u00f3: Una catifa o estora per paviment \u00e9s una pe\u00e7a teixida, lligada o brodada de material t\u00e8xtil o sint\u00e8tic (amb una base d&#8217;un teixit fort de c\u00e0nem, jute, cot\u00f3, cautx\u00fa, etc) que serveix per: &#8211; cobrir &#8211; ornamentar, adornar o decorar &#8211; a\u00efllar del fred el s\u00f2l o paviments d&#8217;una habitaci\u00f3, menjador, [&hellip;]<\/p>\n","protected":false},"author":8979,"featured_media":0,"parent":1280,"menu_order":0,"comment_status":"open","ping_status":"closed","template":"","meta":{"_monsterinsights_skip_tracking":false,"_monsterinsights_sitenote_active":false,"_monsterinsights_sitenote_note":"","_monsterinsights_sitenote_category":0,"ngg_post_thumbnail":0,"footnotes":""},"class_list":["post-2040","page","type-page","status-publish","hentry"],"yoast_head":"<!-- This site is optimized with the Yoast SEO plugin v27.3 - https:\/\/yoast.com\/product\/yoast-seo-wordpress\/ -->\n<title>Catifa - decomat<\/title>\n<meta name=\"robots\" content=\"index, follow, max-snippet:-1, max-image-preview:large, max-video-preview:-1\" \/>\n<link rel=\"canonical\" href=\"https:\/\/decomat.com\/ca\/materiales\/pavimento-suelo\/alfombra\/\" \/>\n<meta property=\"og:locale\" content=\"ca_ES\" \/>\n<meta property=\"og:type\" content=\"article\" \/>\n<meta property=\"og:title\" content=\"Catifa - decomat\" \/>\n<meta property=\"og:description\" content=\"Paviment catifa Funci\u00f3, definici\u00f3: Una catifa o estora per paviment \u00e9s una pe\u00e7a teixida, lligada o brodada de material t\u00e8xtil o sint\u00e8tic (amb una base d&#8217;un teixit fort de c\u00e0nem, jute, cot\u00f3, cautx\u00fa, etc) que serveix per: &#8211; cobrir &#8211; ornamentar, adornar o decorar &#8211; a\u00efllar del fred el s\u00f2l o paviments d&#8217;una habitaci\u00f3, menjador, [&hellip;]\" \/>\n<meta property=\"og:url\" content=\"https:\/\/decomat.com\/ca\/materiales\/pavimento-suelo\/alfombra\/\" \/>\n<meta property=\"og:site_name\" content=\"decomat\" \/>\n<meta property=\"article:modified_time\" content=\"2012-11-22T18:19:48+00:00\" \/>\n<meta name=\"twitter:card\" content=\"summary_large_image\" \/>\n<meta name=\"twitter:label1\" content=\"Est. reading time\" \/>\n\t<meta name=\"twitter:data1\" content=\"5 minutes\" \/>\n<script type=\"application\/ld+json\" class=\"yoast-schema-graph\">{\"@context\":\"https:\\\/\\\/schema.org\",\"@graph\":[{\"@type\":\"WebPage\",\"@id\":\"https:\\\/\\\/decomat.com\\\/ca\\\/materiales\\\/pavimento-suelo\\\/alfombra\\\/\",\"url\":\"https:\\\/\\\/decomat.com\\\/ca\\\/materiales\\\/pavimento-suelo\\\/alfombra\\\/\",\"name\":\"Catifa - decomat\",\"isPartOf\":{\"@id\":\"https:\\\/\\\/decomat.com\\\/ca\\\/#website\"},\"datePublished\":\"2012-04-18T21:24:49+00:00\",\"dateModified\":\"2012-11-22T18:19:48+00:00\",\"breadcrumb\":{\"@id\":\"https:\\\/\\\/decomat.com\\\/ca\\\/materiales\\\/pavimento-suelo\\\/alfombra\\\/#breadcrumb\"},\"inLanguage\":\"ca-ES\",\"potentialAction\":[{\"@type\":\"ReadAction\",\"target\":[\"https:\\\/\\\/decomat.com\\\/ca\\\/materiales\\\/pavimento-suelo\\\/alfombra\\\/\"]}]},{\"@type\":\"BreadcrumbList\",\"@id\":\"https:\\\/\\\/decomat.com\\\/ca\\\/materiales\\\/pavimento-suelo\\\/alfombra\\\/#breadcrumb\",\"itemListElement\":[{\"@type\":\"ListItem\",\"position\":1,\"name\":\"Portada\",\"item\":\"https:\\\/\\\/decomat.com\\\/ca\\\/\"},{\"@type\":\"ListItem\",\"position\":2,\"name\":\"Materials\",\"item\":\"https:\\\/\\\/decomat.com\\\/ca\\\/materiales\\\/\"},{\"@type\":\"ListItem\",\"position\":3,\"name\":\"Paviment \\\/ Terra\",\"item\":\"https:\\\/\\\/decomat.com\\\/ca\\\/materiales\\\/pavimento-suelo\\\/\"},{\"@type\":\"ListItem\",\"position\":4,\"name\":\"Catifa\"}]},{\"@type\":\"WebSite\",\"@id\":\"https:\\\/\\\/decomat.com\\\/ca\\\/#website\",\"url\":\"https:\\\/\\\/decomat.com\\\/ca\\\/\",\"name\":\"decomat\",\"description\":\"Material decoraci\u00f3\",\"potentialAction\":[{\"@type\":\"SearchAction\",\"target\":{\"@type\":\"EntryPoint\",\"urlTemplate\":\"https:\\\/\\\/decomat.com\\\/ca\\\/?s={search_term_string}\"},\"query-input\":{\"@type\":\"PropertyValueSpecification\",\"valueRequired\":true,\"valueName\":\"search_term_string\"}}],\"inLanguage\":\"ca-ES\"}]}<\/script>\n<!-- \/ Yoast SEO plugin. -->","yoast_head_json":{"title":"Catifa - decomat","robots":{"index":"index","follow":"follow","max-snippet":"max-snippet:-1","max-image-preview":"max-image-preview:large","max-video-preview":"max-video-preview:-1"},"canonical":"https:\/\/decomat.com\/ca\/materiales\/pavimento-suelo\/alfombra\/","og_locale":"ca_ES","og_type":"article","og_title":"Catifa - decomat","og_description":"Paviment catifa Funci\u00f3, definici\u00f3: Una catifa o estora per paviment \u00e9s una pe\u00e7a teixida, lligada o brodada de material t\u00e8xtil o sint\u00e8tic (amb una base d&#8217;un teixit fort de c\u00e0nem, jute, cot\u00f3, cautx\u00fa, etc) que serveix per: &#8211; cobrir &#8211; ornamentar, adornar o decorar &#8211; a\u00efllar del fred el s\u00f2l o paviments d&#8217;una habitaci\u00f3, menjador, [&hellip;]","og_url":"https:\/\/decomat.com\/ca\/materiales\/pavimento-suelo\/alfombra\/","og_site_name":"decomat","article_modified_time":"2012-11-22T18:19:48+00:00","twitter_card":"summary_large_image","twitter_misc":{"Est. reading time":"5 minutes"},"schema":{"@context":"https:\/\/schema.org","@graph":[{"@type":"WebPage","@id":"https:\/\/decomat.com\/ca\/materiales\/pavimento-suelo\/alfombra\/","url":"https:\/\/decomat.com\/ca\/materiales\/pavimento-suelo\/alfombra\/","name":"Catifa - decomat","isPartOf":{"@id":"https:\/\/decomat.com\/ca\/#website"},"datePublished":"2012-04-18T21:24:49+00:00","dateModified":"2012-11-22T18:19:48+00:00","breadcrumb":{"@id":"https:\/\/decomat.com\/ca\/materiales\/pavimento-suelo\/alfombra\/#breadcrumb"},"inLanguage":"ca-ES","potentialAction":[{"@type":"ReadAction","target":["https:\/\/decomat.com\/ca\/materiales\/pavimento-suelo\/alfombra\/"]}]},{"@type":"BreadcrumbList","@id":"https:\/\/decomat.com\/ca\/materiales\/pavimento-suelo\/alfombra\/#breadcrumb","itemListElement":[{"@type":"ListItem","position":1,"name":"Portada","item":"https:\/\/decomat.com\/ca\/"},{"@type":"ListItem","position":2,"name":"Materials","item":"https:\/\/decomat.com\/ca\/materiales\/"},{"@type":"ListItem","position":3,"name":"Paviment \/ Terra","item":"https:\/\/decomat.com\/ca\/materiales\/pavimento-suelo\/"},{"@type":"ListItem","position":4,"name":"Catifa"}]},{"@type":"WebSite","@id":"https:\/\/decomat.com\/ca\/#website","url":"https:\/\/decomat.com\/ca\/","name":"decomat","description":"Material decoraci\u00f3","potentialAction":[{"@type":"SearchAction","target":{"@type":"EntryPoint","urlTemplate":"https:\/\/decomat.com\/ca\/?s={search_term_string}"},"query-input":{"@type":"PropertyValueSpecification","valueRequired":true,"valueName":"search_term_string"}}],"inLanguage":"ca-ES"}]}},"_links":{"self":[{"href":"https:\/\/decomat.com\/ca\/wp-json\/wp\/v2\/pages\/2040","targetHints":{"allow":["GET"]}}],"collection":[{"href":"https:\/\/decomat.com\/ca\/wp-json\/wp\/v2\/pages"}],"about":[{"href":"https:\/\/decomat.com\/ca\/wp-json\/wp\/v2\/types\/page"}],"author":[{"embeddable":true,"href":"https:\/\/decomat.com\/ca\/wp-json\/wp\/v2\/users\/8979"}],"replies":[{"embeddable":true,"href":"https:\/\/decomat.com\/ca\/wp-json\/wp\/v2\/comments?post=2040"}],"version-history":[{"count":9,"href":"https:\/\/decomat.com\/ca\/wp-json\/wp\/v2\/pages\/2040\/revisions"}],"predecessor-version":[{"id":2042,"href":"https:\/\/decomat.com\/ca\/wp-json\/wp\/v2\/pages\/2040\/revisions\/2042"}],"up":[{"embeddable":true,"href":"https:\/\/decomat.com\/ca\/wp-json\/wp\/v2\/pages\/1280"}],"wp:attachment":[{"href":"https:\/\/decomat.com\/ca\/wp-json\/wp\/v2\/media?parent=2040"}],"curies":[{"name":"wp","href":"https:\/\/api.w.org\/{rel}","templated":true}]}}