{"id":2044,"date":"2012-04-18T21:28:22","date_gmt":"2012-04-18T21:28:22","guid":{"rendered":"http:\/\/www.decomat.com\/?page_id=2044"},"modified":"2012-11-22T18:30:46","modified_gmt":"2012-11-22T16:30:46","slug":"felfudo","status":"publish","type":"page","link":"https:\/\/decomat.com\/ca\/materiales\/pavimento-suelo\/felfudo\/","title":{"rendered":"Pelfut  estora"},"content":{"rendered":"<p><\/p>\n<h1>Paviment pelfut estora<\/h1>\n<p>Alfombres per entrades amb diferents materials. Ideal per entrades d&#8217;edificis, hotels,come\u00e7os, empreses, comunitat de ve\u00efns, etc<br \/>\nAlguns paviment pelfut estora permeten la personalitzaci\u00f3 amb el logo, pel sistema vulcanitzaci\u00f3\u00a0 o impressi\u00f3 (cautx\u00fa), per termofusi\u00f3 (vinil), per pintat (coco natural), per impressi\u00f3 chromojet (textil) que permet plasmar-hi practicament qualsevol imatge.<\/p>\n<p>Pelfut amb cautx\u00fa, risos de vinil, coco natural, alumini, t\u00e8xtil.<\/p>\n<h2><\/h2>\n<p>&nbsp;<\/p>\n<h2>Pelfut estora alfombra de Coco natural:<\/h2>\n<p>Paviment pelfut estora de coco natural amb una base dura de pvc.<br \/>\ngruixos:\u00a0 17 i 20 mm.<br \/>\ncolors 17 mm: natural, vermell, verd, blau, negre, gris.<br \/>\ncolors 20 mm: natural<br \/>\nAlfombres tallades a mesura: nomes gruixos 17 mm amples 80,100, 120 i color natural.<\/p>\n<p>&nbsp;<\/p>\n<h2>Pelfut estora alfomra de t\u00e8xtil:<\/h2>\n<p>Material: 100% Polyester Nylon High &#8211; Twist 100% poliamida 6.6 de Dupont i base de cautx\u00fa.<br \/>\ngruix 10 mm<\/p>\n<p>&nbsp;<\/p>\n<h2>Pelfut estora alfomra de metall:<\/h2>\n<p>Es subministren a la mesura ex\u00e0cta desitjada i es poden combinar amb diferents acabats. Utilitzats en zones de gran densitat de pas (entrades aeroports, centres comercials, hospitals, hotels, ajuntaments, bancs, botigues, etc) per la seva llarga duraci\u00f3.<br \/>\nEs poden combinar diferents tires met\u00e0l\u00b7liques amb rissat t\u00e8xtil, estriat de cautx\u00fa i raspall.<\/p>\n<p align=\"center\"><span style=\"font-family: Tahoma; font-size: x-small;\"><strong><br \/>\n<\/strong><\/span><\/p>\n<h2>Pelfut estora alfomra de vinil:<\/h2>\n<p>Es presenten en format alfombra (a mida de 14 mm gruix) i en rotlles (1,20 mts ample 14mm gruix).<br \/>\nEl pelful de vinil es realitza en varis colors (negre, gris, marr\u00f3, blau, vermell, ocre, verd, taronja, groc).<\/p>\n<p>&nbsp;<\/p>\n<p>&nbsp;<\/p>\n<h2>Pelfut estora alfomra de cautx\u00fa:<\/h2>\n<h3>Pics de cautx\u00fa:<\/h3>\n<p>Es presenten en format alfombra (60&#215;40 cm i 80x60cm) i en rotlles (16 mm\u00a0 o 11 mm gruix).<\/p>\n<h3>Alveolar amb marc:<\/h3>\n<p>Es presenten en format alfombra (150&#215;90 cm i 16 mm gruix) i en plaques (llosetes)<\/p>\n<h3>Alfombres cautx\u00fa boton<\/h3>\n<p>Material: 100% goma de nitril<br \/>\ngruix 3mm<br \/>\nMesures standard: 75&#215;85 cm, 150&#215;85 cm, 180&#215;115 cm.<\/p>\n<h3>Llosetes cautx\u00fa reciclat (rodes avions, camions, tractors&#8230;)<\/h3>\n<p>Es presenten en format lloseta de 30,5 x 30,5 cm i gruix de 12 mm.<\/p>\n<p>La instal\u00b7laci\u00f3 es realitza amb cola de neopr\u00e8.<\/p>\n<p>&nbsp;<\/p>\n<p>&nbsp;<\/p>\n<p>&nbsp;<\/p>\n<p>&nbsp;<\/p>\n<p>&nbsp;<\/p>","protected":false},"excerpt":{"rendered":"<p>Paviment pelfut estora Alfombres per entrades amb diferents materials. Ideal per entrades d&#8217;edificis, hotels,come\u00e7os, empreses, comunitat de ve\u00efns, etc Alguns paviment pelfut estora permeten la personalitzaci\u00f3 amb el logo, pel sistema vulcanitzaci\u00f3\u00a0 o impressi\u00f3 (cautx\u00fa), per termofusi\u00f3 (vinil), per pintat (coco natural), per impressi\u00f3 chromojet (textil) que permet plasmar-hi practicament qualsevol imatge. Pelfut amb cautx\u00fa, [&hellip;]<\/p>\n","protected":false},"author":8979,"featured_media":0,"parent":1280,"menu_order":0,"comment_status":"open","ping_status":"closed","template":"","meta":{"_monsterinsights_skip_tracking":false,"_monsterinsights_sitenote_active":false,"_monsterinsights_sitenote_note":"","_monsterinsights_sitenote_category":0,"ngg_post_thumbnail":0,"footnotes":""},"class_list":["post-2044","page","type-page","status-publish","hentry"],"yoast_head":"<!-- This site is optimized with the Yoast SEO plugin v27.3 - https:\/\/yoast.com\/product\/yoast-seo-wordpress\/ -->\n<title>Pelfut estora - decomat<\/title>\n<meta name=\"robots\" content=\"index, follow, max-snippet:-1, max-image-preview:large, max-video-preview:-1\" \/>\n<link rel=\"canonical\" href=\"https:\/\/decomat.com\/fr\/materiales\/pavimento-suelo\/felfudo\/\" \/>\n<meta property=\"og:locale\" content=\"ca_ES\" \/>\n<meta property=\"og:type\" content=\"article\" \/>\n<meta property=\"og:title\" content=\"Pelfut estora - decomat\" \/>\n<meta property=\"og:description\" content=\"Paviment pelfut estora Alfombres per entrades amb diferents materials. Ideal per entrades d&#8217;edificis, hotels,come\u00e7os, empreses, comunitat de ve\u00efns, etc Alguns paviment pelfut estora permeten la personalitzaci\u00f3 amb el logo, pel sistema vulcanitzaci\u00f3\u00a0 o impressi\u00f3 (cautx\u00fa), per termofusi\u00f3 (vinil), per pintat (coco natural), per impressi\u00f3 chromojet (textil) que permet plasmar-hi practicament qualsevol imatge. Pelfut amb cautx\u00fa, [&hellip;]\" \/>\n<meta property=\"og:url\" content=\"https:\/\/decomat.com\/fr\/materiales\/pavimento-suelo\/felfudo\/\" \/>\n<meta property=\"og:site_name\" content=\"decomat\" \/>\n<meta property=\"article:modified_time\" content=\"2012-11-22T16:30:46+00:00\" \/>\n<meta name=\"twitter:card\" content=\"summary_large_image\" \/>\n<meta name=\"twitter:label1\" content=\"Est. reading time\" \/>\n\t<meta name=\"twitter:data1\" content=\"2 minutes\" \/>\n<script type=\"application\/ld+json\" class=\"yoast-schema-graph\">{\"@context\":\"https:\\\/\\\/schema.org\",\"@graph\":[{\"@type\":\"WebPage\",\"@id\":\"https:\\\/\\\/decomat.com\\\/fr\\\/materiales\\\/pavimento-suelo\\\/felfudo\\\/\",\"url\":\"https:\\\/\\\/decomat.com\\\/fr\\\/materiales\\\/pavimento-suelo\\\/felfudo\\\/\",\"name\":\"Pelfut estora - decomat\",\"isPartOf\":{\"@id\":\"https:\\\/\\\/decomat.com\\\/ca\\\/#website\"},\"datePublished\":\"2012-04-18T21:28:22+00:00\",\"dateModified\":\"2012-11-22T16:30:46+00:00\",\"breadcrumb\":{\"@id\":\"https:\\\/\\\/decomat.com\\\/fr\\\/materiales\\\/pavimento-suelo\\\/felfudo\\\/#breadcrumb\"},\"inLanguage\":\"ca-ES\",\"potentialAction\":[{\"@type\":\"ReadAction\",\"target\":[\"https:\\\/\\\/decomat.com\\\/fr\\\/materiales\\\/pavimento-suelo\\\/felfudo\\\/\"]}]},{\"@type\":\"BreadcrumbList\",\"@id\":\"https:\\\/\\\/decomat.com\\\/fr\\\/materiales\\\/pavimento-suelo\\\/felfudo\\\/#breadcrumb\",\"itemListElement\":[{\"@type\":\"ListItem\",\"position\":1,\"name\":\"Portada\",\"item\":\"https:\\\/\\\/decomat.com\\\/ca\\\/\"},{\"@type\":\"ListItem\",\"position\":2,\"name\":\"Materials\",\"item\":\"https:\\\/\\\/decomat.com\\\/ca\\\/materiales\\\/\"},{\"@type\":\"ListItem\",\"position\":3,\"name\":\"Paviment \\\/ Terra\",\"item\":\"https:\\\/\\\/decomat.com\\\/ca\\\/materiales\\\/pavimento-suelo\\\/\"},{\"@type\":\"ListItem\",\"position\":4,\"name\":\"Paillason\"}]},{\"@type\":\"WebSite\",\"@id\":\"https:\\\/\\\/decomat.com\\\/ca\\\/#website\",\"url\":\"https:\\\/\\\/decomat.com\\\/ca\\\/\",\"name\":\"decomat\",\"description\":\"Material decoraci\u00f3\",\"potentialAction\":[{\"@type\":\"SearchAction\",\"target\":{\"@type\":\"EntryPoint\",\"urlTemplate\":\"https:\\\/\\\/decomat.com\\\/ca\\\/?s={search_term_string}\"},\"query-input\":{\"@type\":\"PropertyValueSpecification\",\"valueRequired\":true,\"valueName\":\"search_term_string\"}}],\"inLanguage\":\"ca-ES\"}]}<\/script>\n<!-- \/ Yoast SEO plugin. -->","yoast_head_json":{"title":"Pelfut estora - decomat","robots":{"index":"index","follow":"follow","max-snippet":"max-snippet:-1","max-image-preview":"max-image-preview:large","max-video-preview":"max-video-preview:-1"},"canonical":"https:\/\/decomat.com\/fr\/materiales\/pavimento-suelo\/felfudo\/","og_locale":"ca_ES","og_type":"article","og_title":"Pelfut estora - decomat","og_description":"Paviment pelfut estora Alfombres per entrades amb diferents materials. Ideal per entrades d&#8217;edificis, hotels,come\u00e7os, empreses, comunitat de ve\u00efns, etc Alguns paviment pelfut estora permeten la personalitzaci\u00f3 amb el logo, pel sistema vulcanitzaci\u00f3\u00a0 o impressi\u00f3 (cautx\u00fa), per termofusi\u00f3 (vinil), per pintat (coco natural), per impressi\u00f3 chromojet (textil) que permet plasmar-hi practicament qualsevol imatge. Pelfut amb cautx\u00fa, [&hellip;]","og_url":"https:\/\/decomat.com\/fr\/materiales\/pavimento-suelo\/felfudo\/","og_site_name":"decomat","article_modified_time":"2012-11-22T16:30:46+00:00","twitter_card":"summary_large_image","twitter_misc":{"Est. reading time":"2 minutes"},"schema":{"@context":"https:\/\/schema.org","@graph":[{"@type":"WebPage","@id":"https:\/\/decomat.com\/fr\/materiales\/pavimento-suelo\/felfudo\/","url":"https:\/\/decomat.com\/fr\/materiales\/pavimento-suelo\/felfudo\/","name":"Pelfut estora - decomat","isPartOf":{"@id":"https:\/\/decomat.com\/ca\/#website"},"datePublished":"2012-04-18T21:28:22+00:00","dateModified":"2012-11-22T16:30:46+00:00","breadcrumb":{"@id":"https:\/\/decomat.com\/fr\/materiales\/pavimento-suelo\/felfudo\/#breadcrumb"},"inLanguage":"ca-ES","potentialAction":[{"@type":"ReadAction","target":["https:\/\/decomat.com\/fr\/materiales\/pavimento-suelo\/felfudo\/"]}]},{"@type":"BreadcrumbList","@id":"https:\/\/decomat.com\/fr\/materiales\/pavimento-suelo\/felfudo\/#breadcrumb","itemListElement":[{"@type":"ListItem","position":1,"name":"Portada","item":"https:\/\/decomat.com\/ca\/"},{"@type":"ListItem","position":2,"name":"Materials","item":"https:\/\/decomat.com\/ca\/materiales\/"},{"@type":"ListItem","position":3,"name":"Paviment \/ Terra","item":"https:\/\/decomat.com\/ca\/materiales\/pavimento-suelo\/"},{"@type":"ListItem","position":4,"name":"Paillason"}]},{"@type":"WebSite","@id":"https:\/\/decomat.com\/ca\/#website","url":"https:\/\/decomat.com\/ca\/","name":"decomat","description":"Material decoraci\u00f3","potentialAction":[{"@type":"SearchAction","target":{"@type":"EntryPoint","urlTemplate":"https:\/\/decomat.com\/ca\/?s={search_term_string}"},"query-input":{"@type":"PropertyValueSpecification","valueRequired":true,"valueName":"search_term_string"}}],"inLanguage":"ca-ES"}]}},"_links":{"self":[{"href":"https:\/\/decomat.com\/ca\/wp-json\/wp\/v2\/pages\/2044","targetHints":{"allow":["GET"]}}],"collection":[{"href":"https:\/\/decomat.com\/ca\/wp-json\/wp\/v2\/pages"}],"about":[{"href":"https:\/\/decomat.com\/ca\/wp-json\/wp\/v2\/types\/page"}],"author":[{"embeddable":true,"href":"https:\/\/decomat.com\/ca\/wp-json\/wp\/v2\/users\/8979"}],"replies":[{"embeddable":true,"href":"https:\/\/decomat.com\/ca\/wp-json\/wp\/v2\/comments?post=2044"}],"version-history":[{"count":12,"href":"https:\/\/decomat.com\/ca\/wp-json\/wp\/v2\/pages\/2044\/revisions"}],"predecessor-version":[{"id":5008,"href":"https:\/\/decomat.com\/ca\/wp-json\/wp\/v2\/pages\/2044\/revisions\/5008"}],"up":[{"embeddable":true,"href":"https:\/\/decomat.com\/ca\/wp-json\/wp\/v2\/pages\/1280"}],"wp:attachment":[{"href":"https:\/\/decomat.com\/ca\/wp-json\/wp\/v2\/media?parent=2044"}],"curies":[{"name":"wp","href":"https:\/\/api.w.org\/{rel}","templated":true}]}}