{"id":3036,"date":"2012-06-03T14:35:54","date_gmt":"2012-06-03T12:35:54","guid":{"rendered":"http:\/\/www.decomat.com\/?page_id=3036"},"modified":"2017-06-21T19:29:44","modified_gmt":"2017-06-21T17:29:44","slug":"cortinas-sabadell","status":"publish","type":"page","link":"https:\/\/decomat.com\/ca\/ofertas\/cortinas-sabadell\/","title":{"rendered":"Cortines Sabadell"},"content":{"rendered":"<h1>Cortines Sabadell<\/h1>\n<p>Botiga de cortines a Sabadell. Venem, assesorem, subministrem, confeccionem i instal\u00b7lem <a href=\"https:\/\/www.decomat.com\/materiales\/cortina-toldo\/\">tot tipus de cortines<\/a>. (cortina t\u00e8cnica, de confecci\u00f3, tradicional) i per a qualsevol tipus d&#8217;espai ja sigui de la llar, comunitat, negoci, retail, hosteleria, resid\u00e8ncies,escoles, etc<\/p>\n<p>Ens desplacem al seu domicili, prenem mesures i realitzem pressupost sense cap comprom\u00eds, de cortina per Sabadell.<\/p>\n<p>Som especialistes en cortines a Sabadell, treballem per assolir la satisfacci\u00f3 dels nostres clientes en les cortines que els hi subministre i instal\u00b7lem.<\/p>\n<p>Treballem amb diversos prove\u00efdors de cortines a Sabadell.<\/p>\n<p>Clicant <a href=\"https:\/\/www.decomat.com\/materiales\/cortina-toldo\/\">aqu\u00ed <\/a>podr\u00e0 escollir dins la varietat i\u00a0 gamma de cortina que millor se li adapti i que li podem oferir a Sabadell","protected":false},"excerpt":{"rendered":"<p>Cortines Sabadell Botiga de cortines a Sabadell. Venem, assesorem, subministrem, confeccionem i instal\u00b7lem tot tipus de cortines. (cortina t\u00e8cnica, de confecci\u00f3, tradicional) i per a qualsevol tipus d&#8217;espai ja sigui de la llar, comunitat, negoci, retail, hosteleria, resid\u00e8ncies,escoles, etc Ens desplacem al seu domicili, prenem mesures i realitzem pressupost sense cap comprom\u00eds, de cortina per [&hellip;]<\/p>\n","protected":false},"author":8979,"featured_media":0,"parent":746,"menu_order":0,"comment_status":"open","ping_status":"closed","template":"","meta":{"_monsterinsights_skip_tracking":false,"_monsterinsights_sitenote_active":false,"_monsterinsights_sitenote_note":"","_monsterinsights_sitenote_category":0,"ngg_post_thumbnail":0,"footnotes":""},"class_list":["post-3036","page","type-page","status-publish","hentry"],"yoast_head":"<!-- This site is optimized with the Yoast SEO plugin v27.5 - https:\/\/yoast.com\/product\/yoast-seo-wordpress\/ -->\n<title>Cortines Sabadell - decomat<\/title>\n<meta name=\"robots\" content=\"index, follow, max-snippet:-1, max-image-preview:large, max-video-preview:-1\" \/>\n<link rel=\"canonical\" href=\"https:\/\/decomat.com\/en\/ofertas\/cortinas-sabadell\/\" \/>\n<meta property=\"og:locale\" content=\"ca_ES\" \/>\n<meta property=\"og:type\" content=\"article\" \/>\n<meta property=\"og:title\" content=\"Cortines Sabadell - decomat\" \/>\n<meta property=\"og:description\" content=\"Cortines Sabadell Botiga de cortines a Sabadell. Venem, assesorem, subministrem, confeccionem i instal\u00b7lem tot tipus de cortines. (cortina t\u00e8cnica, de confecci\u00f3, tradicional) i per a qualsevol tipus d&#8217;espai ja sigui de la llar, comunitat, negoci, retail, hosteleria, resid\u00e8ncies,escoles, etc Ens desplacem al seu domicili, prenem mesures i realitzem pressupost sense cap comprom\u00eds, de cortina per [&hellip;]\" \/>\n<meta property=\"og:url\" content=\"https:\/\/decomat.com\/en\/ofertas\/cortinas-sabadell\/\" \/>\n<meta property=\"og:site_name\" content=\"decomat\" \/>\n<meta property=\"article:modified_time\" content=\"2017-06-21T17:29:44+00:00\" \/>\n<meta name=\"twitter:card\" content=\"summary_large_image\" \/>\n<meta name=\"twitter:label1\" content=\"Est. reading time\" \/>\n\t<meta name=\"twitter:data1\" content=\"1 minute\" \/>\n<script type=\"application\/ld+json\" class=\"yoast-schema-graph\">{\"@context\":\"https:\\\/\\\/schema.org\",\"@graph\":[{\"@type\":\"WebPage\",\"@id\":\"https:\\\/\\\/decomat.com\\\/en\\\/ofertas\\\/cortinas-sabadell\\\/\",\"url\":\"https:\\\/\\\/decomat.com\\\/en\\\/ofertas\\\/cortinas-sabadell\\\/\",\"name\":\"Cortines Sabadell - decomat\",\"isPartOf\":{\"@id\":\"https:\\\/\\\/decomat.com\\\/ca\\\/#website\"},\"datePublished\":\"2012-06-03T12:35:54+00:00\",\"dateModified\":\"2017-06-21T17:29:44+00:00\",\"breadcrumb\":{\"@id\":\"https:\\\/\\\/decomat.com\\\/en\\\/ofertas\\\/cortinas-sabadell\\\/#breadcrumb\"},\"inLanguage\":\"ca-ES\",\"potentialAction\":[{\"@type\":\"ReadAction\",\"target\":[\"https:\\\/\\\/decomat.com\\\/en\\\/ofertas\\\/cortinas-sabadell\\\/\"]}]},{\"@type\":\"BreadcrumbList\",\"@id\":\"https:\\\/\\\/decomat.com\\\/en\\\/ofertas\\\/cortinas-sabadell\\\/#breadcrumb\",\"itemListElement\":[{\"@type\":\"ListItem\",\"position\":1,\"name\":\"Portada\",\"item\":\"https:\\\/\\\/decomat.com\\\/ca\\\/\"},{\"@type\":\"ListItem\",\"position\":2,\"name\":\"Offers\",\"item\":\"https:\\\/\\\/decomat.com\\\/en\\\/ofertas\\\/\"},{\"@type\":\"ListItem\",\"position\":3,\"name\":\"Curtains Sabadell\"}]},{\"@type\":\"WebSite\",\"@id\":\"https:\\\/\\\/decomat.com\\\/ca\\\/#website\",\"url\":\"https:\\\/\\\/decomat.com\\\/ca\\\/\",\"name\":\"decomat\",\"description\":\"Material decoraci\u00f3\",\"potentialAction\":[{\"@type\":\"SearchAction\",\"target\":{\"@type\":\"EntryPoint\",\"urlTemplate\":\"https:\\\/\\\/decomat.com\\\/ca\\\/?s={search_term_string}\"},\"query-input\":{\"@type\":\"PropertyValueSpecification\",\"valueRequired\":true,\"valueName\":\"search_term_string\"}}],\"inLanguage\":\"ca-ES\"}]}<\/script>\n<!-- \/ Yoast SEO plugin. -->","yoast_head_json":{"title":"Cortines Sabadell - decomat","robots":{"index":"index","follow":"follow","max-snippet":"max-snippet:-1","max-image-preview":"max-image-preview:large","max-video-preview":"max-video-preview:-1"},"canonical":"https:\/\/decomat.com\/en\/ofertas\/cortinas-sabadell\/","og_locale":"ca_ES","og_type":"article","og_title":"Cortines Sabadell - decomat","og_description":"Cortines Sabadell Botiga de cortines a Sabadell. Venem, assesorem, subministrem, confeccionem i instal\u00b7lem tot tipus de cortines. (cortina t\u00e8cnica, de confecci\u00f3, tradicional) i per a qualsevol tipus d&#8217;espai ja sigui de la llar, comunitat, negoci, retail, hosteleria, resid\u00e8ncies,escoles, etc Ens desplacem al seu domicili, prenem mesures i realitzem pressupost sense cap comprom\u00eds, de cortina per [&hellip;]","og_url":"https:\/\/decomat.com\/en\/ofertas\/cortinas-sabadell\/","og_site_name":"decomat","article_modified_time":"2017-06-21T17:29:44+00:00","twitter_card":"summary_large_image","twitter_misc":{"Est. reading time":"1 minute"},"schema":{"@context":"https:\/\/schema.org","@graph":[{"@type":"WebPage","@id":"https:\/\/decomat.com\/en\/ofertas\/cortinas-sabadell\/","url":"https:\/\/decomat.com\/en\/ofertas\/cortinas-sabadell\/","name":"Cortines Sabadell - decomat","isPartOf":{"@id":"https:\/\/decomat.com\/ca\/#website"},"datePublished":"2012-06-03T12:35:54+00:00","dateModified":"2017-06-21T17:29:44+00:00","breadcrumb":{"@id":"https:\/\/decomat.com\/en\/ofertas\/cortinas-sabadell\/#breadcrumb"},"inLanguage":"ca-ES","potentialAction":[{"@type":"ReadAction","target":["https:\/\/decomat.com\/en\/ofertas\/cortinas-sabadell\/"]}]},{"@type":"BreadcrumbList","@id":"https:\/\/decomat.com\/en\/ofertas\/cortinas-sabadell\/#breadcrumb","itemListElement":[{"@type":"ListItem","position":1,"name":"Portada","item":"https:\/\/decomat.com\/ca\/"},{"@type":"ListItem","position":2,"name":"Offers","item":"https:\/\/decomat.com\/en\/ofertas\/"},{"@type":"ListItem","position":3,"name":"Curtains Sabadell"}]},{"@type":"WebSite","@id":"https:\/\/decomat.com\/ca\/#website","url":"https:\/\/decomat.com\/ca\/","name":"decomat","description":"Material decoraci\u00f3","potentialAction":[{"@type":"SearchAction","target":{"@type":"EntryPoint","urlTemplate":"https:\/\/decomat.com\/ca\/?s={search_term_string}"},"query-input":{"@type":"PropertyValueSpecification","valueRequired":true,"valueName":"search_term_string"}}],"inLanguage":"ca-ES"}]}},"_links":{"self":[{"href":"https:\/\/decomat.com\/ca\/wp-json\/wp\/v2\/pages\/3036","targetHints":{"allow":["GET"]}}],"collection":[{"href":"https:\/\/decomat.com\/ca\/wp-json\/wp\/v2\/pages"}],"about":[{"href":"https:\/\/decomat.com\/ca\/wp-json\/wp\/v2\/types\/page"}],"author":[{"embeddable":true,"href":"https:\/\/decomat.com\/ca\/wp-json\/wp\/v2\/users\/8979"}],"replies":[{"embeddable":true,"href":"https:\/\/decomat.com\/ca\/wp-json\/wp\/v2\/comments?post=3036"}],"version-history":[{"count":17,"href":"https:\/\/decomat.com\/ca\/wp-json\/wp\/v2\/pages\/3036\/revisions"}],"predecessor-version":[{"id":7462,"href":"https:\/\/decomat.com\/ca\/wp-json\/wp\/v2\/pages\/3036\/revisions\/7462"}],"up":[{"embeddable":true,"href":"https:\/\/decomat.com\/ca\/wp-json\/wp\/v2\/pages\/746"}],"wp:attachment":[{"href":"https:\/\/decomat.com\/ca\/wp-json\/wp\/v2\/media?parent=3036"}],"curies":[{"name":"wp","href":"https:\/\/api.w.org\/{rel}","templated":true}]}}