{"id":3834,"date":"2012-09-24T18:43:09","date_gmt":"2012-09-24T16:43:09","guid":{"rendered":"http:\/\/www.decomat.com\/?page_id=3834"},"modified":"2016-09-19T17:27:30","modified_gmt":"2016-09-19T15:27:30","slug":"reformas-integrales-sabadell","status":"publish","type":"page","link":"https:\/\/decomat.com\/ca\/ofertas\/reforma-sabadell\/reformas-integrales-sabadell\/","title":{"rendered":"Reformes integrals Sabadell"},"content":{"rendered":"<h1>Reformes integrals Sabadell<\/h1>\n<p>&nbsp;<\/p>\n<p>Realitzem reformes integrals d\u2019habitatge a Sabadell amb una \u00f2ptima relaci\u00f3 entre qualitat, preu i disseny:<\/p>\n<ul>\n<li>Reformem cases angleses, unifamiliars, adossades, a\u00efllades, xalets, torres.<\/li>\n<li>Reformem pisos, d\u00faplex i apartaments.<\/li>\n<li>Reformes d&#8217;oficines i locals comercials<\/li>\n<\/ul>\n<p>Explican&#8217;s que necesites i junts estudiem i redissenyem els espais, redefinim els usos, materials i adecuem els ambients a les teves noves necessitats de la reforma a dur a terme.<\/p>\n<p>En les reformes integrals optimitzem l&#8217;arquitectura, els espais, dissenyem interiors, assesorem en nous materials i m\u00e9s moderns, realitzem obres i instal\u00b7lacions d\u2019alta qualitat. Et concretem els terminis de lliurament i els escurcem al m\u00e0xim.<\/p>\n<p>El millors materials i fabricants ax\u00ed com la nostra experi\u00e8ncia son una garant\u00eda afegida en les reformes integrals a Sabadell.<\/p>\n<p>&nbsp;<\/p>\n<p>&nbsp;","protected":false},"excerpt":{"rendered":"<p>Reformes integrals Sabadell &nbsp; Realitzem reformes integrals d\u2019habitatge a Sabadell amb una \u00f2ptima relaci\u00f3 entre qualitat, preu i disseny: Reformem cases angleses, unifamiliars, adossades, a\u00efllades, xalets, torres. Reformem pisos, d\u00faplex i apartaments. Reformes d&#8217;oficines i locals comercials Explican&#8217;s que necesites i junts estudiem i redissenyem els espais, redefinim els usos, materials i adecuem els ambients [&hellip;]<\/p>\n","protected":false},"author":8979,"featured_media":0,"parent":3644,"menu_order":0,"comment_status":"open","ping_status":"closed","template":"","meta":{"_monsterinsights_skip_tracking":false,"_monsterinsights_sitenote_active":false,"_monsterinsights_sitenote_note":"","_monsterinsights_sitenote_category":0,"ngg_post_thumbnail":0,"footnotes":""},"class_list":["post-3834","page","type-page","status-publish","hentry"],"yoast_head":"<!-- This site is optimized with the Yoast SEO plugin v27.5 - https:\/\/yoast.com\/product\/yoast-seo-wordpress\/ -->\n<title>Reformes integrals Sabadell - decomat<\/title>\n<meta name=\"robots\" content=\"index, follow, max-snippet:-1, max-image-preview:large, max-video-preview:-1\" \/>\n<link rel=\"canonical\" href=\"https:\/\/decomat.com\/en\/ofertas\/reforma-sabadell\/reformas-integrales-sabadell\/\" \/>\n<meta property=\"og:locale\" content=\"ca_ES\" \/>\n<meta property=\"og:type\" content=\"article\" \/>\n<meta property=\"og:title\" content=\"Reformes integrals Sabadell - decomat\" \/>\n<meta property=\"og:description\" content=\"Reformes integrals Sabadell &nbsp; Realitzem reformes integrals d\u2019habitatge a Sabadell amb una \u00f2ptima relaci\u00f3 entre qualitat, preu i disseny: Reformem cases angleses, unifamiliars, adossades, a\u00efllades, xalets, torres. Reformem pisos, d\u00faplex i apartaments. Reformes d&#8217;oficines i locals comercials Explican&#8217;s que necesites i junts estudiem i redissenyem els espais, redefinim els usos, materials i adecuem els ambients [&hellip;]\" \/>\n<meta property=\"og:url\" content=\"https:\/\/decomat.com\/en\/ofertas\/reforma-sabadell\/reformas-integrales-sabadell\/\" \/>\n<meta property=\"og:site_name\" content=\"decomat\" \/>\n<meta property=\"article:modified_time\" content=\"2016-09-19T15:27:30+00:00\" \/>\n<meta name=\"twitter:card\" content=\"summary_large_image\" \/>\n<meta name=\"twitter:label1\" content=\"Est. reading time\" \/>\n\t<meta name=\"twitter:data1\" content=\"1 minute\" \/>\n<script type=\"application\/ld+json\" class=\"yoast-schema-graph\">{\"@context\":\"https:\\\/\\\/schema.org\",\"@graph\":[{\"@type\":\"WebPage\",\"@id\":\"https:\\\/\\\/decomat.com\\\/en\\\/ofertas\\\/reforma-sabadell\\\/reformas-integrales-sabadell\\\/\",\"url\":\"https:\\\/\\\/decomat.com\\\/en\\\/ofertas\\\/reforma-sabadell\\\/reformas-integrales-sabadell\\\/\",\"name\":\"Reformes integrals Sabadell - decomat\",\"isPartOf\":{\"@id\":\"https:\\\/\\\/decomat.com\\\/ca\\\/#website\"},\"datePublished\":\"2012-09-24T16:43:09+00:00\",\"dateModified\":\"2016-09-19T15:27:30+00:00\",\"breadcrumb\":{\"@id\":\"https:\\\/\\\/decomat.com\\\/en\\\/ofertas\\\/reforma-sabadell\\\/reformas-integrales-sabadell\\\/#breadcrumb\"},\"inLanguage\":\"ca-ES\",\"potentialAction\":[{\"@type\":\"ReadAction\",\"target\":[\"https:\\\/\\\/decomat.com\\\/en\\\/ofertas\\\/reforma-sabadell\\\/reformas-integrales-sabadell\\\/\"]}]},{\"@type\":\"BreadcrumbList\",\"@id\":\"https:\\\/\\\/decomat.com\\\/en\\\/ofertas\\\/reforma-sabadell\\\/reformas-integrales-sabadell\\\/#breadcrumb\",\"itemListElement\":[{\"@type\":\"ListItem\",\"position\":1,\"name\":\"Portada\",\"item\":\"https:\\\/\\\/decomat.com\\\/ca\\\/\"},{\"@type\":\"ListItem\",\"position\":2,\"name\":\"Offers\",\"item\":\"https:\\\/\\\/decomat.com\\\/en\\\/ofertas\\\/\"},{\"@type\":\"ListItem\",\"position\":3,\"name\":\"Reform Sabadell\",\"item\":\"https:\\\/\\\/decomat.com\\\/en\\\/ofertas\\\/reforma-sabadell\\\/\"},{\"@type\":\"ListItem\",\"position\":4,\"name\":\"Integral reforms Sabadell\"}]},{\"@type\":\"WebSite\",\"@id\":\"https:\\\/\\\/decomat.com\\\/ca\\\/#website\",\"url\":\"https:\\\/\\\/decomat.com\\\/ca\\\/\",\"name\":\"decomat\",\"description\":\"Material decoraci\u00f3\",\"potentialAction\":[{\"@type\":\"SearchAction\",\"target\":{\"@type\":\"EntryPoint\",\"urlTemplate\":\"https:\\\/\\\/decomat.com\\\/ca\\\/?s={search_term_string}\"},\"query-input\":{\"@type\":\"PropertyValueSpecification\",\"valueRequired\":true,\"valueName\":\"search_term_string\"}}],\"inLanguage\":\"ca-ES\"}]}<\/script>\n<!-- \/ Yoast SEO plugin. -->","yoast_head_json":{"title":"Reformes integrals Sabadell - decomat","robots":{"index":"index","follow":"follow","max-snippet":"max-snippet:-1","max-image-preview":"max-image-preview:large","max-video-preview":"max-video-preview:-1"},"canonical":"https:\/\/decomat.com\/en\/ofertas\/reforma-sabadell\/reformas-integrales-sabadell\/","og_locale":"ca_ES","og_type":"article","og_title":"Reformes integrals Sabadell - decomat","og_description":"Reformes integrals Sabadell &nbsp; Realitzem reformes integrals d\u2019habitatge a Sabadell amb una \u00f2ptima relaci\u00f3 entre qualitat, preu i disseny: Reformem cases angleses, unifamiliars, adossades, a\u00efllades, xalets, torres. Reformem pisos, d\u00faplex i apartaments. Reformes d&#8217;oficines i locals comercials Explican&#8217;s que necesites i junts estudiem i redissenyem els espais, redefinim els usos, materials i adecuem els ambients [&hellip;]","og_url":"https:\/\/decomat.com\/en\/ofertas\/reforma-sabadell\/reformas-integrales-sabadell\/","og_site_name":"decomat","article_modified_time":"2016-09-19T15:27:30+00:00","twitter_card":"summary_large_image","twitter_misc":{"Est. reading time":"1 minute"},"schema":{"@context":"https:\/\/schema.org","@graph":[{"@type":"WebPage","@id":"https:\/\/decomat.com\/en\/ofertas\/reforma-sabadell\/reformas-integrales-sabadell\/","url":"https:\/\/decomat.com\/en\/ofertas\/reforma-sabadell\/reformas-integrales-sabadell\/","name":"Reformes integrals Sabadell - decomat","isPartOf":{"@id":"https:\/\/decomat.com\/ca\/#website"},"datePublished":"2012-09-24T16:43:09+00:00","dateModified":"2016-09-19T15:27:30+00:00","breadcrumb":{"@id":"https:\/\/decomat.com\/en\/ofertas\/reforma-sabadell\/reformas-integrales-sabadell\/#breadcrumb"},"inLanguage":"ca-ES","potentialAction":[{"@type":"ReadAction","target":["https:\/\/decomat.com\/en\/ofertas\/reforma-sabadell\/reformas-integrales-sabadell\/"]}]},{"@type":"BreadcrumbList","@id":"https:\/\/decomat.com\/en\/ofertas\/reforma-sabadell\/reformas-integrales-sabadell\/#breadcrumb","itemListElement":[{"@type":"ListItem","position":1,"name":"Portada","item":"https:\/\/decomat.com\/ca\/"},{"@type":"ListItem","position":2,"name":"Offers","item":"https:\/\/decomat.com\/en\/ofertas\/"},{"@type":"ListItem","position":3,"name":"Reform Sabadell","item":"https:\/\/decomat.com\/en\/ofertas\/reforma-sabadell\/"},{"@type":"ListItem","position":4,"name":"Integral reforms Sabadell"}]},{"@type":"WebSite","@id":"https:\/\/decomat.com\/ca\/#website","url":"https:\/\/decomat.com\/ca\/","name":"decomat","description":"Material decoraci\u00f3","potentialAction":[{"@type":"SearchAction","target":{"@type":"EntryPoint","urlTemplate":"https:\/\/decomat.com\/ca\/?s={search_term_string}"},"query-input":{"@type":"PropertyValueSpecification","valueRequired":true,"valueName":"search_term_string"}}],"inLanguage":"ca-ES"}]}},"_links":{"self":[{"href":"https:\/\/decomat.com\/ca\/wp-json\/wp\/v2\/pages\/3834","targetHints":{"allow":["GET"]}}],"collection":[{"href":"https:\/\/decomat.com\/ca\/wp-json\/wp\/v2\/pages"}],"about":[{"href":"https:\/\/decomat.com\/ca\/wp-json\/wp\/v2\/types\/page"}],"author":[{"embeddable":true,"href":"https:\/\/decomat.com\/ca\/wp-json\/wp\/v2\/users\/8979"}],"replies":[{"embeddable":true,"href":"https:\/\/decomat.com\/ca\/wp-json\/wp\/v2\/comments?post=3834"}],"version-history":[{"count":5,"href":"https:\/\/decomat.com\/ca\/wp-json\/wp\/v2\/pages\/3834\/revisions"}],"predecessor-version":[{"id":6175,"href":"https:\/\/decomat.com\/ca\/wp-json\/wp\/v2\/pages\/3834\/revisions\/6175"}],"up":[{"embeddable":true,"href":"https:\/\/decomat.com\/ca\/wp-json\/wp\/v2\/pages\/3644"}],"wp:attachment":[{"href":"https:\/\/decomat.com\/ca\/wp-json\/wp\/v2\/media?parent=3834"}],"curies":[{"name":"wp","href":"https:\/\/api.w.org\/{rel}","templated":true}]}}