{"id":3901,"date":"2012-09-25T14:10:34","date_gmt":"2012-09-25T12:10:34","guid":{"rendered":"http:\/\/www.decomat.com\/?page_id=3901"},"modified":"2014-06-29T22:39:09","modified_gmt":"2014-06-29T20:39:09","slug":"tramites-para-que-comundades-obengan-el-certificado-de-aptitud-inspeccion-tecnica-de-edificios","status":"publish","type":"page","link":"https:\/\/decomat.com\/ca\/comunidades\/tramites-para-que-comundades-obengan-el-certificado-de-aptitud-inspeccion-tecnica-de-edificios\/","title":{"rendered":"Tr\u00e0mits per tal que comunitats obtinguin el certificat d&#8217;Aptitud (Inspecci\u00f3 t\u00e8cnica d&#8217;edificis &#8211; ITE)"},"content":{"rendered":"<p><\/p>\n<h1>Tr\u00e0mits per tal que comunitats obtinguin el certificat d&#8217;Aptitud (Inspecci\u00f3 t\u00e8cnica d&#8217;edificis &#8211; ITE)<\/h1>\n<p>Facilitem els tr\u00e0mits elaborant aixecaments, certificats, c\u00e8dules\u2026. per tal de poder dividir propietats, legalitzar-les, heretar-les i\/o registrar-les correctament, aix\u00ed com fer els certificats i <strong>tr\u00e0mits per tal que les comunitats obtinguin el Certificat d\u2019Aptitud (Inspecci\u00f3 T\u00e8cnica d\u2019Edificis).<\/strong><\/p>","protected":false},"excerpt":{"rendered":"<p>Tr\u00e0mits per tal que comunitats obtinguin el certificat d&#8217;Aptitud (Inspecci\u00f3 t\u00e8cnica d&#8217;edificis &#8211; ITE) Facilitem els tr\u00e0mits elaborant aixecaments, certificats, c\u00e8dules\u2026. per tal de poder dividir propietats, legalitzar-les, heretar-les i\/o registrar-les correctament, aix\u00ed com fer els certificats i tr\u00e0mits per tal que les comunitats obtinguin el Certificat d\u2019Aptitud (Inspecci\u00f3 T\u00e8cnica d\u2019Edificis).<\/p>\n","protected":false},"author":8979,"featured_media":0,"parent":712,"menu_order":0,"comment_status":"open","ping_status":"closed","template":"","meta":{"_monsterinsights_skip_tracking":false,"_monsterinsights_sitenote_active":false,"_monsterinsights_sitenote_note":"","_monsterinsights_sitenote_category":0,"ngg_post_thumbnail":0,"footnotes":""},"class_list":["post-3901","page","type-page","status-publish","hentry"],"yoast_head":"<!-- This site is optimized with the Yoast SEO plugin v27.3 - https:\/\/yoast.com\/product\/yoast-seo-wordpress\/ -->\n<title>Tr\u00e0mits per tal que comunitats obtinguin el certificat d&#039;Aptitud (Inspecci\u00f3 t\u00e8cnica d&#039;edificis - ITE) - decomat<\/title>\n<meta name=\"robots\" content=\"index, follow, max-snippet:-1, max-image-preview:large, max-video-preview:-1\" \/>\n<link rel=\"canonical\" href=\"https:\/\/decomat.com\/es\/comunidades\/tramites-para-que-comundades-obengan-el-certificado-de-aptitud-inspeccion-tecnica-de-edificios\/\" \/>\n<meta property=\"og:locale\" content=\"ca_ES\" \/>\n<meta property=\"og:type\" content=\"article\" \/>\n<meta property=\"og:title\" content=\"Tr\u00e0mits per tal que comunitats obtinguin el certificat d&#039;Aptitud (Inspecci\u00f3 t\u00e8cnica d&#039;edificis - ITE) - decomat\" \/>\n<meta property=\"og:description\" content=\"Tr\u00e0mits per tal que comunitats obtinguin el certificat d&#8217;Aptitud (Inspecci\u00f3 t\u00e8cnica d&#8217;edificis &#8211; ITE) Facilitem els tr\u00e0mits elaborant aixecaments, certificats, c\u00e8dules\u2026. per tal de poder dividir propietats, legalitzar-les, heretar-les i\/o registrar-les correctament, aix\u00ed com fer els certificats i tr\u00e0mits per tal que les comunitats obtinguin el Certificat d\u2019Aptitud (Inspecci\u00f3 T\u00e8cnica d\u2019Edificis).\" \/>\n<meta property=\"og:url\" content=\"https:\/\/decomat.com\/es\/comunidades\/tramites-para-que-comundades-obengan-el-certificado-de-aptitud-inspeccion-tecnica-de-edificios\/\" \/>\n<meta property=\"og:site_name\" content=\"decomat\" \/>\n<meta property=\"article:modified_time\" content=\"2014-06-29T20:39:09+00:00\" \/>\n<meta name=\"twitter:card\" content=\"summary_large_image\" \/>\n<meta name=\"twitter:label1\" content=\"Est. reading time\" \/>\n\t<meta name=\"twitter:data1\" content=\"1 minute\" \/>\n<script type=\"application\/ld+json\" class=\"yoast-schema-graph\">{\"@context\":\"https:\\\/\\\/schema.org\",\"@graph\":[{\"@type\":\"WebPage\",\"@id\":\"https:\\\/\\\/decomat.com\\\/es\\\/comunidades\\\/tramites-para-que-comundades-obengan-el-certificado-de-aptitud-inspeccion-tecnica-de-edificios\\\/\",\"url\":\"https:\\\/\\\/decomat.com\\\/es\\\/comunidades\\\/tramites-para-que-comundades-obengan-el-certificado-de-aptitud-inspeccion-tecnica-de-edificios\\\/\",\"name\":\"Tr\u00e0mits per tal que comunitats obtinguin el certificat d'Aptitud (Inspecci\u00f3 t\u00e8cnica d'edificis - ITE) - decomat\",\"isPartOf\":{\"@id\":\"https:\\\/\\\/decomat.com\\\/ca\\\/#website\"},\"datePublished\":\"2012-09-25T12:10:34+00:00\",\"dateModified\":\"2014-06-29T20:39:09+00:00\",\"breadcrumb\":{\"@id\":\"https:\\\/\\\/decomat.com\\\/es\\\/comunidades\\\/tramites-para-que-comundades-obengan-el-certificado-de-aptitud-inspeccion-tecnica-de-edificios\\\/#breadcrumb\"},\"inLanguage\":\"ca-ES\",\"potentialAction\":[{\"@type\":\"ReadAction\",\"target\":[\"https:\\\/\\\/decomat.com\\\/es\\\/comunidades\\\/tramites-para-que-comundades-obengan-el-certificado-de-aptitud-inspeccion-tecnica-de-edificios\\\/\"]}]},{\"@type\":\"BreadcrumbList\",\"@id\":\"https:\\\/\\\/decomat.com\\\/es\\\/comunidades\\\/tramites-para-que-comundades-obengan-el-certificado-de-aptitud-inspeccion-tecnica-de-edificios\\\/#breadcrumb\",\"itemListElement\":[{\"@type\":\"ListItem\",\"position\":1,\"name\":\"Portada\",\"item\":\"https:\\\/\\\/decomat.com\\\/ca\\\/\"},{\"@type\":\"ListItem\",\"position\":2,\"name\":\"Comunidades\",\"item\":\"https:\\\/\\\/decomat.com\\\/es\\\/comunidades\\\/\"},{\"@type\":\"ListItem\",\"position\":3,\"name\":\"Tr\u00e1mites para que comunidades obtengan el certificado de Aptitud (Inspecci\u00f3n t\u00e9cnica de edificios &#8211; ITE)\"}]},{\"@type\":\"WebSite\",\"@id\":\"https:\\\/\\\/decomat.com\\\/ca\\\/#website\",\"url\":\"https:\\\/\\\/decomat.com\\\/ca\\\/\",\"name\":\"decomat\",\"description\":\"Material decoraci\u00f3\",\"potentialAction\":[{\"@type\":\"SearchAction\",\"target\":{\"@type\":\"EntryPoint\",\"urlTemplate\":\"https:\\\/\\\/decomat.com\\\/ca\\\/?s={search_term_string}\"},\"query-input\":{\"@type\":\"PropertyValueSpecification\",\"valueRequired\":true,\"valueName\":\"search_term_string\"}}],\"inLanguage\":\"ca-ES\"}]}<\/script>\n<!-- \/ Yoast SEO plugin. -->","yoast_head_json":{"title":"Tr\u00e0mits per tal que comunitats obtinguin el certificat d'Aptitud (Inspecci\u00f3 t\u00e8cnica d'edificis - ITE) - decomat","robots":{"index":"index","follow":"follow","max-snippet":"max-snippet:-1","max-image-preview":"max-image-preview:large","max-video-preview":"max-video-preview:-1"},"canonical":"https:\/\/decomat.com\/es\/comunidades\/tramites-para-que-comundades-obengan-el-certificado-de-aptitud-inspeccion-tecnica-de-edificios\/","og_locale":"ca_ES","og_type":"article","og_title":"Tr\u00e0mits per tal que comunitats obtinguin el certificat d'Aptitud (Inspecci\u00f3 t\u00e8cnica d'edificis - ITE) - decomat","og_description":"Tr\u00e0mits per tal que comunitats obtinguin el certificat d&#8217;Aptitud (Inspecci\u00f3 t\u00e8cnica d&#8217;edificis &#8211; ITE) Facilitem els tr\u00e0mits elaborant aixecaments, certificats, c\u00e8dules\u2026. per tal de poder dividir propietats, legalitzar-les, heretar-les i\/o registrar-les correctament, aix\u00ed com fer els certificats i tr\u00e0mits per tal que les comunitats obtinguin el Certificat d\u2019Aptitud (Inspecci\u00f3 T\u00e8cnica d\u2019Edificis).","og_url":"https:\/\/decomat.com\/es\/comunidades\/tramites-para-que-comundades-obengan-el-certificado-de-aptitud-inspeccion-tecnica-de-edificios\/","og_site_name":"decomat","article_modified_time":"2014-06-29T20:39:09+00:00","twitter_card":"summary_large_image","twitter_misc":{"Est. reading time":"1 minute"},"schema":{"@context":"https:\/\/schema.org","@graph":[{"@type":"WebPage","@id":"https:\/\/decomat.com\/es\/comunidades\/tramites-para-que-comundades-obengan-el-certificado-de-aptitud-inspeccion-tecnica-de-edificios\/","url":"https:\/\/decomat.com\/es\/comunidades\/tramites-para-que-comundades-obengan-el-certificado-de-aptitud-inspeccion-tecnica-de-edificios\/","name":"Tr\u00e0mits per tal que comunitats obtinguin el certificat d'Aptitud (Inspecci\u00f3 t\u00e8cnica d'edificis - ITE) - decomat","isPartOf":{"@id":"https:\/\/decomat.com\/ca\/#website"},"datePublished":"2012-09-25T12:10:34+00:00","dateModified":"2014-06-29T20:39:09+00:00","breadcrumb":{"@id":"https:\/\/decomat.com\/es\/comunidades\/tramites-para-que-comundades-obengan-el-certificado-de-aptitud-inspeccion-tecnica-de-edificios\/#breadcrumb"},"inLanguage":"ca-ES","potentialAction":[{"@type":"ReadAction","target":["https:\/\/decomat.com\/es\/comunidades\/tramites-para-que-comundades-obengan-el-certificado-de-aptitud-inspeccion-tecnica-de-edificios\/"]}]},{"@type":"BreadcrumbList","@id":"https:\/\/decomat.com\/es\/comunidades\/tramites-para-que-comundades-obengan-el-certificado-de-aptitud-inspeccion-tecnica-de-edificios\/#breadcrumb","itemListElement":[{"@type":"ListItem","position":1,"name":"Portada","item":"https:\/\/decomat.com\/ca\/"},{"@type":"ListItem","position":2,"name":"Comunidades","item":"https:\/\/decomat.com\/es\/comunidades\/"},{"@type":"ListItem","position":3,"name":"Tr\u00e1mites para que comunidades obtengan el certificado de Aptitud (Inspecci\u00f3n t\u00e9cnica de edificios &#8211; ITE)"}]},{"@type":"WebSite","@id":"https:\/\/decomat.com\/ca\/#website","url":"https:\/\/decomat.com\/ca\/","name":"decomat","description":"Material decoraci\u00f3","potentialAction":[{"@type":"SearchAction","target":{"@type":"EntryPoint","urlTemplate":"https:\/\/decomat.com\/ca\/?s={search_term_string}"},"query-input":{"@type":"PropertyValueSpecification","valueRequired":true,"valueName":"search_term_string"}}],"inLanguage":"ca-ES"}]}},"_links":{"self":[{"href":"https:\/\/decomat.com\/ca\/wp-json\/wp\/v2\/pages\/3901","targetHints":{"allow":["GET"]}}],"collection":[{"href":"https:\/\/decomat.com\/ca\/wp-json\/wp\/v2\/pages"}],"about":[{"href":"https:\/\/decomat.com\/ca\/wp-json\/wp\/v2\/types\/page"}],"author":[{"embeddable":true,"href":"https:\/\/decomat.com\/ca\/wp-json\/wp\/v2\/users\/8979"}],"replies":[{"embeddable":true,"href":"https:\/\/decomat.com\/ca\/wp-json\/wp\/v2\/comments?post=3901"}],"version-history":[{"count":6,"href":"https:\/\/decomat.com\/ca\/wp-json\/wp\/v2\/pages\/3901\/revisions"}],"predecessor-version":[{"id":5742,"href":"https:\/\/decomat.com\/ca\/wp-json\/wp\/v2\/pages\/3901\/revisions\/5742"}],"up":[{"embeddable":true,"href":"https:\/\/decomat.com\/ca\/wp-json\/wp\/v2\/pages\/712"}],"wp:attachment":[{"href":"https:\/\/decomat.com\/ca\/wp-json\/wp\/v2\/media?parent=3901"}],"curies":[{"name":"wp","href":"https:\/\/api.w.org\/{rel}","templated":true}]}}