{"id":3944,"date":"2012-09-25T18:10:23","date_gmt":"2012-09-25T16:10:23","guid":{"rendered":"http:\/\/www.decomat.com\/?page_id=3944"},"modified":"2014-06-29T23:13:44","modified_gmt":"2014-06-29T21:13:44","slug":"soluciones-de-contract","status":"publish","type":"page","link":"https:\/\/decomat.com\/ca\/contract\/soluciones-de-contract\/","title":{"rendered":"Solucions de contract"},"content":{"rendered":"<p><\/p>\n<h1>Solucions de contract<\/h1>\n<p>Experi\u00e8ncia i\u00a0 recursos humans per a realitzar qualsevol tipus de projecte integral, tot incl\u00f2s, contract 360\u00ba.<\/p>\n<p>Experi\u00e8ncia per a realitzar <strong>solucions de contract<\/strong> per a aeroports, ports mar\u00edtims, creuers, biblioteques, auditoris, sales de confer\u00e8ncia, museus, hotels, centres educatius, oficines, recepcions, xarxes comercials, retail&#8230;<\/p>\n<p>&nbsp;<\/p>\n<p>&nbsp;<\/p>","protected":false},"excerpt":{"rendered":"<p>Solucions de contract Experi\u00e8ncia i\u00a0 recursos humans per a realitzar qualsevol tipus de projecte integral, tot incl\u00f2s, contract 360\u00ba. Experi\u00e8ncia per a realitzar solucions de contract per a aeroports, ports mar\u00edtims, creuers, biblioteques, auditoris, sales de confer\u00e8ncia, museus, hotels, centres educatius, oficines, recepcions, xarxes comercials, retail&#8230; &nbsp; &nbsp;<\/p>\n","protected":false},"author":8979,"featured_media":0,"parent":4063,"menu_order":0,"comment_status":"open","ping_status":"closed","template":"","meta":{"_monsterinsights_skip_tracking":false,"_monsterinsights_sitenote_active":false,"_monsterinsights_sitenote_note":"","_monsterinsights_sitenote_category":0,"ngg_post_thumbnail":0,"footnotes":""},"class_list":["post-3944","page","type-page","status-publish","hentry"],"yoast_head":"<!-- This site is optimized with the Yoast SEO plugin v27.3 - https:\/\/yoast.com\/product\/yoast-seo-wordpress\/ -->\n<title>Solucions de contract - decomat<\/title>\n<meta name=\"robots\" content=\"index, follow, max-snippet:-1, max-image-preview:large, max-video-preview:-1\" \/>\n<link rel=\"canonical\" href=\"https:\/\/decomat.com\/en\/contract\/soluciones-de-contract\/\" \/>\n<meta property=\"og:locale\" content=\"ca_ES\" \/>\n<meta property=\"og:type\" content=\"article\" \/>\n<meta property=\"og:title\" content=\"Solucions de contract - decomat\" \/>\n<meta property=\"og:description\" content=\"Solucions de contract Experi\u00e8ncia i\u00a0 recursos humans per a realitzar qualsevol tipus de projecte integral, tot incl\u00f2s, contract 360\u00ba. Experi\u00e8ncia per a realitzar solucions de contract per a aeroports, ports mar\u00edtims, creuers, biblioteques, auditoris, sales de confer\u00e8ncia, museus, hotels, centres educatius, oficines, recepcions, xarxes comercials, retail&#8230; &nbsp; &nbsp;\" \/>\n<meta property=\"og:url\" content=\"https:\/\/decomat.com\/en\/contract\/soluciones-de-contract\/\" \/>\n<meta property=\"og:site_name\" content=\"decomat\" \/>\n<meta property=\"article:modified_time\" content=\"2014-06-29T21:13:44+00:00\" \/>\n<meta name=\"twitter:card\" content=\"summary_large_image\" \/>\n<meta name=\"twitter:label1\" content=\"Est. reading time\" \/>\n\t<meta name=\"twitter:data1\" content=\"1 minute\" \/>\n<script type=\"application\/ld+json\" class=\"yoast-schema-graph\">{\"@context\":\"https:\\\/\\\/schema.org\",\"@graph\":[{\"@type\":\"WebPage\",\"@id\":\"https:\\\/\\\/decomat.com\\\/en\\\/contract\\\/soluciones-de-contract\\\/\",\"url\":\"https:\\\/\\\/decomat.com\\\/en\\\/contract\\\/soluciones-de-contract\\\/\",\"name\":\"Solucions de contract - decomat\",\"isPartOf\":{\"@id\":\"https:\\\/\\\/decomat.com\\\/ca\\\/#website\"},\"datePublished\":\"2012-09-25T16:10:23+00:00\",\"dateModified\":\"2014-06-29T21:13:44+00:00\",\"breadcrumb\":{\"@id\":\"https:\\\/\\\/decomat.com\\\/en\\\/contract\\\/soluciones-de-contract\\\/#breadcrumb\"},\"inLanguage\":\"ca-ES\",\"potentialAction\":[{\"@type\":\"ReadAction\",\"target\":[\"https:\\\/\\\/decomat.com\\\/en\\\/contract\\\/soluciones-de-contract\\\/\"]}]},{\"@type\":\"BreadcrumbList\",\"@id\":\"https:\\\/\\\/decomat.com\\\/en\\\/contract\\\/soluciones-de-contract\\\/#breadcrumb\",\"itemListElement\":[{\"@type\":\"ListItem\",\"position\":1,\"name\":\"Portada\",\"item\":\"https:\\\/\\\/decomat.com\\\/ca\\\/\"},{\"@type\":\"ListItem\",\"position\":2,\"name\":\"Contract\",\"item\":\"https:\\\/\\\/decomat.com\\\/en\\\/contract\\\/\"},{\"@type\":\"ListItem\",\"position\":3,\"name\":\"Contract Solutions\"}]},{\"@type\":\"WebSite\",\"@id\":\"https:\\\/\\\/decomat.com\\\/ca\\\/#website\",\"url\":\"https:\\\/\\\/decomat.com\\\/ca\\\/\",\"name\":\"decomat\",\"description\":\"Material decoraci\u00f3\",\"potentialAction\":[{\"@type\":\"SearchAction\",\"target\":{\"@type\":\"EntryPoint\",\"urlTemplate\":\"https:\\\/\\\/decomat.com\\\/ca\\\/?s={search_term_string}\"},\"query-input\":{\"@type\":\"PropertyValueSpecification\",\"valueRequired\":true,\"valueName\":\"search_term_string\"}}],\"inLanguage\":\"ca-ES\"}]}<\/script>\n<!-- \/ Yoast SEO plugin. -->","yoast_head_json":{"title":"Solucions de contract - decomat","robots":{"index":"index","follow":"follow","max-snippet":"max-snippet:-1","max-image-preview":"max-image-preview:large","max-video-preview":"max-video-preview:-1"},"canonical":"https:\/\/decomat.com\/en\/contract\/soluciones-de-contract\/","og_locale":"ca_ES","og_type":"article","og_title":"Solucions de contract - decomat","og_description":"Solucions de contract Experi\u00e8ncia i\u00a0 recursos humans per a realitzar qualsevol tipus de projecte integral, tot incl\u00f2s, contract 360\u00ba. Experi\u00e8ncia per a realitzar solucions de contract per a aeroports, ports mar\u00edtims, creuers, biblioteques, auditoris, sales de confer\u00e8ncia, museus, hotels, centres educatius, oficines, recepcions, xarxes comercials, retail&#8230; &nbsp; &nbsp;","og_url":"https:\/\/decomat.com\/en\/contract\/soluciones-de-contract\/","og_site_name":"decomat","article_modified_time":"2014-06-29T21:13:44+00:00","twitter_card":"summary_large_image","twitter_misc":{"Est. reading time":"1 minute"},"schema":{"@context":"https:\/\/schema.org","@graph":[{"@type":"WebPage","@id":"https:\/\/decomat.com\/en\/contract\/soluciones-de-contract\/","url":"https:\/\/decomat.com\/en\/contract\/soluciones-de-contract\/","name":"Solucions de contract - decomat","isPartOf":{"@id":"https:\/\/decomat.com\/ca\/#website"},"datePublished":"2012-09-25T16:10:23+00:00","dateModified":"2014-06-29T21:13:44+00:00","breadcrumb":{"@id":"https:\/\/decomat.com\/en\/contract\/soluciones-de-contract\/#breadcrumb"},"inLanguage":"ca-ES","potentialAction":[{"@type":"ReadAction","target":["https:\/\/decomat.com\/en\/contract\/soluciones-de-contract\/"]}]},{"@type":"BreadcrumbList","@id":"https:\/\/decomat.com\/en\/contract\/soluciones-de-contract\/#breadcrumb","itemListElement":[{"@type":"ListItem","position":1,"name":"Portada","item":"https:\/\/decomat.com\/ca\/"},{"@type":"ListItem","position":2,"name":"Contract","item":"https:\/\/decomat.com\/en\/contract\/"},{"@type":"ListItem","position":3,"name":"Contract Solutions"}]},{"@type":"WebSite","@id":"https:\/\/decomat.com\/ca\/#website","url":"https:\/\/decomat.com\/ca\/","name":"decomat","description":"Material decoraci\u00f3","potentialAction":[{"@type":"SearchAction","target":{"@type":"EntryPoint","urlTemplate":"https:\/\/decomat.com\/ca\/?s={search_term_string}"},"query-input":{"@type":"PropertyValueSpecification","valueRequired":true,"valueName":"search_term_string"}}],"inLanguage":"ca-ES"}]}},"_links":{"self":[{"href":"https:\/\/decomat.com\/ca\/wp-json\/wp\/v2\/pages\/3944","targetHints":{"allow":["GET"]}}],"collection":[{"href":"https:\/\/decomat.com\/ca\/wp-json\/wp\/v2\/pages"}],"about":[{"href":"https:\/\/decomat.com\/ca\/wp-json\/wp\/v2\/types\/page"}],"author":[{"embeddable":true,"href":"https:\/\/decomat.com\/ca\/wp-json\/wp\/v2\/users\/8979"}],"replies":[{"embeddable":true,"href":"https:\/\/decomat.com\/ca\/wp-json\/wp\/v2\/comments?post=3944"}],"version-history":[{"count":10,"href":"https:\/\/decomat.com\/ca\/wp-json\/wp\/v2\/pages\/3944\/revisions"}],"predecessor-version":[{"id":5746,"href":"https:\/\/decomat.com\/ca\/wp-json\/wp\/v2\/pages\/3944\/revisions\/5746"}],"up":[{"embeddable":true,"href":"https:\/\/decomat.com\/ca\/wp-json\/wp\/v2\/pages\/4063"}],"wp:attachment":[{"href":"https:\/\/decomat.com\/ca\/wp-json\/wp\/v2\/media?parent=3944"}],"curies":[{"name":"wp","href":"https:\/\/api.w.org\/{rel}","templated":true}]}}