{"id":3958,"date":"2012-09-25T18:49:10","date_gmt":"2012-09-25T16:49:10","guid":{"rendered":"http:\/\/www.decomat.com\/?page_id=3958"},"modified":"2014-06-30T12:58:24","modified_gmt":"2014-06-30T10:58:24","slug":"ingenieria-de-restauracion","status":"publish","type":"page","link":"https:\/\/decomat.com\/ca\/contract\/ingenieria-de-restauracion\/","title":{"rendered":"Enginyeria de restauraci\u00f3"},"content":{"rendered":"<p><\/p>\n<h1>Enginyeria de restauraci\u00f3<\/h1>\n<p>&nbsp;<\/p>\n<p>Proporcionem solucions i equipament per a hosteleria i col\u00b7lectivitats.<\/p>\n<p>Oferim una <strong>engiyeria de restauraci\u00f3, <\/strong>basada en un equip de professionals multidisciplinari integrat per arquitectes, enginyers, interioristes, dissenyadors, projectistes d&#8217;equipament d&#8217;hosteleria i operaris especialitzats en hosteleria, i que consiteix en\u00a0<strong> la implementaci\u00f3, la projecci\u00f3, la instal\u00b7laci\u00f3 i el servei post venda<\/strong> de equipament per a hosteleria i col\u00b7lectivitats.<\/p>\n<p>En funci\u00f3 de la fase en que es trobi el seu projecte i dels recursos de que disposi podem contribuir a la generaci\u00f3 de la idea, disseny, projecci\u00f3, an\u00e0lisi,\u00a0 ejecuci\u00f3, instal\u00b7laci\u00f3, implantaci\u00f3, i seguiment d&#8217;una reforma o un projecte nou<strong><\/strong>.<\/p>\n<p>Cuines industrials amb la m\u00e0xima qualitat, funcionalitat, fiabilitat i rentabilitat, per al sector hoteler, sanitari, restauraci\u00f3, empreses i centres educatius.<\/p>\n<p>Mobiliari de cuina professional: rentat, fred industrial, griferia, aspiraci\u00f3&#8230;marmites, paelles basculants i forns de gran producci\u00f3 que asseguren una total qualitat aliment\u00e0ria amb la major efici\u00e8ncia energ\u00e8tica i gran ergonomia, seguretat d&#8217;us i durabilitat.<\/p>","protected":false},"excerpt":{"rendered":"<p>Enginyeria de restauraci\u00f3 &nbsp; Proporcionem solucions i equipament per a hosteleria i col\u00b7lectivitats. Oferim una engiyeria de restauraci\u00f3, basada en un equip de professionals multidisciplinari integrat per arquitectes, enginyers, interioristes, dissenyadors, projectistes d&#8217;equipament d&#8217;hosteleria i operaris especialitzats en hosteleria, i que consiteix en\u00a0 la implementaci\u00f3, la projecci\u00f3, la instal\u00b7laci\u00f3 i el servei post venda de [&hellip;]<\/p>\n","protected":false},"author":8979,"featured_media":0,"parent":4063,"menu_order":0,"comment_status":"open","ping_status":"closed","template":"","meta":{"_monsterinsights_skip_tracking":false,"_monsterinsights_sitenote_active":false,"_monsterinsights_sitenote_note":"","_monsterinsights_sitenote_category":0,"ngg_post_thumbnail":0,"footnotes":""},"class_list":["post-3958","page","type-page","status-publish","hentry"],"yoast_head":"<!-- This site is optimized with the Yoast SEO plugin v27.3 - https:\/\/yoast.com\/product\/yoast-seo-wordpress\/ -->\n<title>Enginyeria de restauraci\u00f3 - decomat<\/title>\n<meta name=\"robots\" content=\"index, follow, max-snippet:-1, max-image-preview:large, max-video-preview:-1\" \/>\n<link rel=\"canonical\" href=\"https:\/\/decomat.com\/en\/contract\/ingenieria-de-restauracion\/\" \/>\n<meta property=\"og:locale\" content=\"ca_ES\" \/>\n<meta property=\"og:type\" content=\"article\" \/>\n<meta property=\"og:title\" content=\"Enginyeria de restauraci\u00f3 - decomat\" \/>\n<meta property=\"og:description\" content=\"Enginyeria de restauraci\u00f3 &nbsp; Proporcionem solucions i equipament per a hosteleria i col\u00b7lectivitats. Oferim una engiyeria de restauraci\u00f3, basada en un equip de professionals multidisciplinari integrat per arquitectes, enginyers, interioristes, dissenyadors, projectistes d&#8217;equipament d&#8217;hosteleria i operaris especialitzats en hosteleria, i que consiteix en\u00a0 la implementaci\u00f3, la projecci\u00f3, la instal\u00b7laci\u00f3 i el servei post venda de [&hellip;]\" \/>\n<meta property=\"og:url\" content=\"https:\/\/decomat.com\/en\/contract\/ingenieria-de-restauracion\/\" \/>\n<meta property=\"og:site_name\" content=\"decomat\" \/>\n<meta property=\"article:modified_time\" content=\"2014-06-30T10:58:24+00:00\" \/>\n<meta name=\"twitter:card\" content=\"summary_large_image\" \/>\n<meta name=\"twitter:label1\" content=\"Est. reading time\" \/>\n\t<meta name=\"twitter:data1\" content=\"2 minutes\" \/>\n<script type=\"application\/ld+json\" class=\"yoast-schema-graph\">{\"@context\":\"https:\\\/\\\/schema.org\",\"@graph\":[{\"@type\":\"WebPage\",\"@id\":\"https:\\\/\\\/decomat.com\\\/en\\\/contract\\\/ingenieria-de-restauracion\\\/\",\"url\":\"https:\\\/\\\/decomat.com\\\/en\\\/contract\\\/ingenieria-de-restauracion\\\/\",\"name\":\"Enginyeria de restauraci\u00f3 - decomat\",\"isPartOf\":{\"@id\":\"https:\\\/\\\/decomat.com\\\/ca\\\/#website\"},\"datePublished\":\"2012-09-25T16:49:10+00:00\",\"dateModified\":\"2014-06-30T10:58:24+00:00\",\"breadcrumb\":{\"@id\":\"https:\\\/\\\/decomat.com\\\/en\\\/contract\\\/ingenieria-de-restauracion\\\/#breadcrumb\"},\"inLanguage\":\"ca-ES\",\"potentialAction\":[{\"@type\":\"ReadAction\",\"target\":[\"https:\\\/\\\/decomat.com\\\/en\\\/contract\\\/ingenieria-de-restauracion\\\/\"]}]},{\"@type\":\"BreadcrumbList\",\"@id\":\"https:\\\/\\\/decomat.com\\\/en\\\/contract\\\/ingenieria-de-restauracion\\\/#breadcrumb\",\"itemListElement\":[{\"@type\":\"ListItem\",\"position\":1,\"name\":\"Portada\",\"item\":\"https:\\\/\\\/decomat.com\\\/ca\\\/\"},{\"@type\":\"ListItem\",\"position\":2,\"name\":\"Contract\",\"item\":\"https:\\\/\\\/decomat.com\\\/en\\\/contract\\\/\"},{\"@type\":\"ListItem\",\"position\":3,\"name\":\"Restoration engineering\"}]},{\"@type\":\"WebSite\",\"@id\":\"https:\\\/\\\/decomat.com\\\/ca\\\/#website\",\"url\":\"https:\\\/\\\/decomat.com\\\/ca\\\/\",\"name\":\"decomat\",\"description\":\"Material decoraci\u00f3\",\"potentialAction\":[{\"@type\":\"SearchAction\",\"target\":{\"@type\":\"EntryPoint\",\"urlTemplate\":\"https:\\\/\\\/decomat.com\\\/ca\\\/?s={search_term_string}\"},\"query-input\":{\"@type\":\"PropertyValueSpecification\",\"valueRequired\":true,\"valueName\":\"search_term_string\"}}],\"inLanguage\":\"ca-ES\"}]}<\/script>\n<!-- \/ Yoast SEO plugin. -->","yoast_head_json":{"title":"Enginyeria de restauraci\u00f3 - decomat","robots":{"index":"index","follow":"follow","max-snippet":"max-snippet:-1","max-image-preview":"max-image-preview:large","max-video-preview":"max-video-preview:-1"},"canonical":"https:\/\/decomat.com\/en\/contract\/ingenieria-de-restauracion\/","og_locale":"ca_ES","og_type":"article","og_title":"Enginyeria de restauraci\u00f3 - decomat","og_description":"Enginyeria de restauraci\u00f3 &nbsp; Proporcionem solucions i equipament per a hosteleria i col\u00b7lectivitats. Oferim una engiyeria de restauraci\u00f3, basada en un equip de professionals multidisciplinari integrat per arquitectes, enginyers, interioristes, dissenyadors, projectistes d&#8217;equipament d&#8217;hosteleria i operaris especialitzats en hosteleria, i que consiteix en\u00a0 la implementaci\u00f3, la projecci\u00f3, la instal\u00b7laci\u00f3 i el servei post venda de [&hellip;]","og_url":"https:\/\/decomat.com\/en\/contract\/ingenieria-de-restauracion\/","og_site_name":"decomat","article_modified_time":"2014-06-30T10:58:24+00:00","twitter_card":"summary_large_image","twitter_misc":{"Est. reading time":"2 minutes"},"schema":{"@context":"https:\/\/schema.org","@graph":[{"@type":"WebPage","@id":"https:\/\/decomat.com\/en\/contract\/ingenieria-de-restauracion\/","url":"https:\/\/decomat.com\/en\/contract\/ingenieria-de-restauracion\/","name":"Enginyeria de restauraci\u00f3 - decomat","isPartOf":{"@id":"https:\/\/decomat.com\/ca\/#website"},"datePublished":"2012-09-25T16:49:10+00:00","dateModified":"2014-06-30T10:58:24+00:00","breadcrumb":{"@id":"https:\/\/decomat.com\/en\/contract\/ingenieria-de-restauracion\/#breadcrumb"},"inLanguage":"ca-ES","potentialAction":[{"@type":"ReadAction","target":["https:\/\/decomat.com\/en\/contract\/ingenieria-de-restauracion\/"]}]},{"@type":"BreadcrumbList","@id":"https:\/\/decomat.com\/en\/contract\/ingenieria-de-restauracion\/#breadcrumb","itemListElement":[{"@type":"ListItem","position":1,"name":"Portada","item":"https:\/\/decomat.com\/ca\/"},{"@type":"ListItem","position":2,"name":"Contract","item":"https:\/\/decomat.com\/en\/contract\/"},{"@type":"ListItem","position":3,"name":"Restoration engineering"}]},{"@type":"WebSite","@id":"https:\/\/decomat.com\/ca\/#website","url":"https:\/\/decomat.com\/ca\/","name":"decomat","description":"Material decoraci\u00f3","potentialAction":[{"@type":"SearchAction","target":{"@type":"EntryPoint","urlTemplate":"https:\/\/decomat.com\/ca\/?s={search_term_string}"},"query-input":{"@type":"PropertyValueSpecification","valueRequired":true,"valueName":"search_term_string"}}],"inLanguage":"ca-ES"}]}},"_links":{"self":[{"href":"https:\/\/decomat.com\/ca\/wp-json\/wp\/v2\/pages\/3958","targetHints":{"allow":["GET"]}}],"collection":[{"href":"https:\/\/decomat.com\/ca\/wp-json\/wp\/v2\/pages"}],"about":[{"href":"https:\/\/decomat.com\/ca\/wp-json\/wp\/v2\/types\/page"}],"author":[{"embeddable":true,"href":"https:\/\/decomat.com\/ca\/wp-json\/wp\/v2\/users\/8979"}],"replies":[{"embeddable":true,"href":"https:\/\/decomat.com\/ca\/wp-json\/wp\/v2\/comments?post=3958"}],"version-history":[{"count":11,"href":"https:\/\/decomat.com\/ca\/wp-json\/wp\/v2\/pages\/3958\/revisions"}],"predecessor-version":[{"id":5756,"href":"https:\/\/decomat.com\/ca\/wp-json\/wp\/v2\/pages\/3958\/revisions\/5756"}],"up":[{"embeddable":true,"href":"https:\/\/decomat.com\/ca\/wp-json\/wp\/v2\/pages\/4063"}],"wp:attachment":[{"href":"https:\/\/decomat.com\/ca\/wp-json\/wp\/v2\/media?parent=3958"}],"curies":[{"name":"wp","href":"https:\/\/api.w.org\/{rel}","templated":true}]}}