{"id":4024,"date":"2012-09-28T18:57:46","date_gmt":"2012-09-28T16:57:46","guid":{"rendered":"http:\/\/www.decomat.com\/?page_id=4024"},"modified":"2014-06-30T12:24:06","modified_gmt":"2014-06-30T10:24:06","slug":"construccion","status":"publish","type":"page","link":"https:\/\/decomat.com\/ca\/decoracion-para-profesionales\/construccion\/","title":{"rendered":"Construcci\u00f3"},"content":{"rendered":"<p><\/p>\n<h1>Construcci\u00f3<\/h1>\n<p>Veure totes les marques de <strong><a href=\"https:\/\/www.decomat.com\/materiales\/buscar-materiales\/seguns-marca\/\">construcci\u00f3<\/a><\/strong><\/p>\n<p>Accedeixi al\u00a0cat\u00e0leg complert de productes des de la <a href=\"https:\/\/www.decomat.com\/materiales\/buscar-materiales\/\">zona cercar materials <\/a>i zona clients<\/p>\n<p>Materials per a professionals de la construcci\u00f3, reformistes, rehabilitadors, constructors, arquitectes, interioristes, decoradors.<\/p>","protected":false},"excerpt":{"rendered":"<p>Construcci\u00f3 Veure totes les marques de construcci\u00f3 Accedeixi al\u00a0cat\u00e0leg complert de productes des de la zona cercar materials i zona clients Materials per a professionals de la construcci\u00f3, reformistes, rehabilitadors, constructors, arquitectes, interioristes, decoradors.<\/p>\n","protected":false},"author":8979,"featured_media":0,"parent":780,"menu_order":0,"comment_status":"open","ping_status":"closed","template":"","meta":{"_monsterinsights_skip_tracking":false,"_monsterinsights_sitenote_active":false,"_monsterinsights_sitenote_note":"","_monsterinsights_sitenote_category":0,"ngg_post_thumbnail":0,"footnotes":""},"class_list":["post-4024","page","type-page","status-publish","hentry"],"yoast_head":"<!-- This site is optimized with the Yoast SEO plugin v27.3 - https:\/\/yoast.com\/product\/yoast-seo-wordpress\/ -->\n<title>Construcci\u00f3 - decomat<\/title>\n<meta name=\"robots\" content=\"index, follow, max-snippet:-1, max-image-preview:large, max-video-preview:-1\" \/>\n<link rel=\"canonical\" href=\"https:\/\/decomat.com\/en\/decoracion-para-profesionales\/construccion\/\" \/>\n<meta property=\"og:locale\" content=\"ca_ES\" \/>\n<meta property=\"og:type\" content=\"article\" \/>\n<meta property=\"og:title\" content=\"Construcci\u00f3 - decomat\" \/>\n<meta property=\"og:description\" content=\"Construcci\u00f3 Veure totes les marques de construcci\u00f3 Accedeixi al\u00a0cat\u00e0leg complert de productes des de la zona cercar materials i zona clients Materials per a professionals de la construcci\u00f3, reformistes, rehabilitadors, constructors, arquitectes, interioristes, decoradors.\" \/>\n<meta property=\"og:url\" content=\"https:\/\/decomat.com\/en\/decoracion-para-profesionales\/construccion\/\" \/>\n<meta property=\"og:site_name\" content=\"decomat\" \/>\n<meta property=\"article:modified_time\" content=\"2014-06-30T10:24:06+00:00\" \/>\n<meta name=\"twitter:card\" content=\"summary_large_image\" \/>\n<script type=\"application\/ld+json\" class=\"yoast-schema-graph\">{\"@context\":\"https:\\\/\\\/schema.org\",\"@graph\":[{\"@type\":\"WebPage\",\"@id\":\"https:\\\/\\\/decomat.com\\\/en\\\/decoracion-para-profesionales\\\/construccion\\\/\",\"url\":\"https:\\\/\\\/decomat.com\\\/en\\\/decoracion-para-profesionales\\\/construccion\\\/\",\"name\":\"Construcci\u00f3 - decomat\",\"isPartOf\":{\"@id\":\"https:\\\/\\\/decomat.com\\\/ca\\\/#website\"},\"datePublished\":\"2012-09-28T16:57:46+00:00\",\"dateModified\":\"2014-06-30T10:24:06+00:00\",\"breadcrumb\":{\"@id\":\"https:\\\/\\\/decomat.com\\\/en\\\/decoracion-para-profesionales\\\/construccion\\\/#breadcrumb\"},\"inLanguage\":\"ca-ES\",\"potentialAction\":[{\"@type\":\"ReadAction\",\"target\":[\"https:\\\/\\\/decomat.com\\\/en\\\/decoracion-para-profesionales\\\/construccion\\\/\"]}]},{\"@type\":\"BreadcrumbList\",\"@id\":\"https:\\\/\\\/decomat.com\\\/en\\\/decoracion-para-profesionales\\\/construccion\\\/#breadcrumb\",\"itemListElement\":[{\"@type\":\"ListItem\",\"position\":1,\"name\":\"Portada\",\"item\":\"https:\\\/\\\/decomat.com\\\/ca\\\/\"},{\"@type\":\"ListItem\",\"position\":2,\"name\":\"Professional\",\"item\":\"https:\\\/\\\/decomat.com\\\/ca\\\/decoracion-para-profesionales\\\/\"},{\"@type\":\"ListItem\",\"position\":3,\"name\":\"Construction\"}]},{\"@type\":\"WebSite\",\"@id\":\"https:\\\/\\\/decomat.com\\\/ca\\\/#website\",\"url\":\"https:\\\/\\\/decomat.com\\\/ca\\\/\",\"name\":\"decomat\",\"description\":\"Material decoraci\u00f3\",\"potentialAction\":[{\"@type\":\"SearchAction\",\"target\":{\"@type\":\"EntryPoint\",\"urlTemplate\":\"https:\\\/\\\/decomat.com\\\/ca\\\/?s={search_term_string}\"},\"query-input\":{\"@type\":\"PropertyValueSpecification\",\"valueRequired\":true,\"valueName\":\"search_term_string\"}}],\"inLanguage\":\"ca-ES\"}]}<\/script>\n<!-- \/ Yoast SEO plugin. -->","yoast_head_json":{"title":"Construcci\u00f3 - decomat","robots":{"index":"index","follow":"follow","max-snippet":"max-snippet:-1","max-image-preview":"max-image-preview:large","max-video-preview":"max-video-preview:-1"},"canonical":"https:\/\/decomat.com\/en\/decoracion-para-profesionales\/construccion\/","og_locale":"ca_ES","og_type":"article","og_title":"Construcci\u00f3 - decomat","og_description":"Construcci\u00f3 Veure totes les marques de construcci\u00f3 Accedeixi al\u00a0cat\u00e0leg complert de productes des de la zona cercar materials i zona clients Materials per a professionals de la construcci\u00f3, reformistes, rehabilitadors, constructors, arquitectes, interioristes, decoradors.","og_url":"https:\/\/decomat.com\/en\/decoracion-para-profesionales\/construccion\/","og_site_name":"decomat","article_modified_time":"2014-06-30T10:24:06+00:00","twitter_card":"summary_large_image","schema":{"@context":"https:\/\/schema.org","@graph":[{"@type":"WebPage","@id":"https:\/\/decomat.com\/en\/decoracion-para-profesionales\/construccion\/","url":"https:\/\/decomat.com\/en\/decoracion-para-profesionales\/construccion\/","name":"Construcci\u00f3 - decomat","isPartOf":{"@id":"https:\/\/decomat.com\/ca\/#website"},"datePublished":"2012-09-28T16:57:46+00:00","dateModified":"2014-06-30T10:24:06+00:00","breadcrumb":{"@id":"https:\/\/decomat.com\/en\/decoracion-para-profesionales\/construccion\/#breadcrumb"},"inLanguage":"ca-ES","potentialAction":[{"@type":"ReadAction","target":["https:\/\/decomat.com\/en\/decoracion-para-profesionales\/construccion\/"]}]},{"@type":"BreadcrumbList","@id":"https:\/\/decomat.com\/en\/decoracion-para-profesionales\/construccion\/#breadcrumb","itemListElement":[{"@type":"ListItem","position":1,"name":"Portada","item":"https:\/\/decomat.com\/ca\/"},{"@type":"ListItem","position":2,"name":"Professional","item":"https:\/\/decomat.com\/ca\/decoracion-para-profesionales\/"},{"@type":"ListItem","position":3,"name":"Construction"}]},{"@type":"WebSite","@id":"https:\/\/decomat.com\/ca\/#website","url":"https:\/\/decomat.com\/ca\/","name":"decomat","description":"Material decoraci\u00f3","potentialAction":[{"@type":"SearchAction","target":{"@type":"EntryPoint","urlTemplate":"https:\/\/decomat.com\/ca\/?s={search_term_string}"},"query-input":{"@type":"PropertyValueSpecification","valueRequired":true,"valueName":"search_term_string"}}],"inLanguage":"ca-ES"}]}},"_links":{"self":[{"href":"https:\/\/decomat.com\/ca\/wp-json\/wp\/v2\/pages\/4024","targetHints":{"allow":["GET"]}}],"collection":[{"href":"https:\/\/decomat.com\/ca\/wp-json\/wp\/v2\/pages"}],"about":[{"href":"https:\/\/decomat.com\/ca\/wp-json\/wp\/v2\/types\/page"}],"author":[{"embeddable":true,"href":"https:\/\/decomat.com\/ca\/wp-json\/wp\/v2\/users\/8979"}],"replies":[{"embeddable":true,"href":"https:\/\/decomat.com\/ca\/wp-json\/wp\/v2\/comments?post=4024"}],"version-history":[{"count":7,"href":"https:\/\/decomat.com\/ca\/wp-json\/wp\/v2\/pages\/4024\/revisions"}],"predecessor-version":[{"id":5752,"href":"https:\/\/decomat.com\/ca\/wp-json\/wp\/v2\/pages\/4024\/revisions\/5752"}],"up":[{"embeddable":true,"href":"https:\/\/decomat.com\/ca\/wp-json\/wp\/v2\/pages\/780"}],"wp:attachment":[{"href":"https:\/\/decomat.com\/ca\/wp-json\/wp\/v2\/media?parent=4024"}],"curies":[{"name":"wp","href":"https:\/\/api.w.org\/{rel}","templated":true}]}}