{"id":4063,"date":"2012-09-30T18:51:00","date_gmt":"2012-09-30T16:51:00","guid":{"rendered":"http:\/\/www.decomat.com\/?page_id=4063"},"modified":"2017-04-08T12:53:48","modified_gmt":"2017-04-08T10:53:48","slug":"contract","status":"publish","type":"page","link":"https:\/\/decomat.com\/ca\/contract\/","title":{"rendered":"Contract"},"content":{"rendered":"<h1>Contract<\/h1>\n<p><a class=\"custom-frame alignleft frame-shadow\" style=\"display: inline !important;\" href=\"https:\/\/www.decomat.com\/wp-content\/uploads\/2012\/09\/professionals.jpg\"><img loading=\"lazy\" decoding=\"async\" class=\"alignnone wp-image-6721 size-medium\" title=\"Llar\" src=\"https:\/\/www.decomat.com\/wp-content\/uploads\/2012\/09\/professionals-300x160.jpg\" alt=\"\" width=\"300\" height=\"160\" srcset=\"https:\/\/decomat.com\/wp-content\/uploads\/2012\/09\/professionals-300x160.jpg 300w, https:\/\/decomat.com\/wp-content\/uploads\/2012\/09\/professionals.jpg 307w\" sizes=\"auto, (max-width: 300px) 100vw, 300px\" \/><\/a><br \/>\nEl contract consisteix en una gesti\u00f3 integral de totes les fases de subministre de productes i\/o materials i\/o d&#8217;implantaci\u00f3 o reforma d&#8217;un establiment comercial (hotel, restaurant, hospital, escola, geri\u00e0tric, resid\u00e8ncies,club esportiu &#8230;), organismes p\u00fablics (hospitals, ajuntaments, diputacions, escoles, clubs esportius), oficines, ind\u00fastries (f\u00e0briques, centres de producci\u00f3, log\u00edstica, etc) establint un calendari d&#8217;execuci\u00f3 i de lliurament &#8220;CLAUS EN M\u00c0&#8221; (el client no s&#8217;ha d&#8217;encarregar de res) garantit per contracte.<\/p>\n<p>Els nostres decoradors i enginyers realitzaran les idees pr\u00e8vies, el projecte t\u00e8cnic, el disseny i la decoraci\u00f3. Tamb\u00e9 pressupostem i executem totes les obres projectades amb un equip propi de professionals molt especialitzat que ens permet ajustar preus, eliminar intermediaris i garantir la qualitat i l&#8217;acabat de cada un dels nostres treballs.<\/p>\n<p><a href=\"https:\/\/www.decomat.com\/wp-content\/uploads\/2012\/09\/contractcatala.jpg\"><img loading=\"lazy\" decoding=\"async\" class=\"alignnone size-medium wp-image-6724\" src=\"https:\/\/www.decomat.com\/wp-content\/uploads\/2012\/09\/contractcatala-300x249.jpg\" alt=\"\" width=\"300\" height=\"249\" srcset=\"https:\/\/decomat.com\/wp-content\/uploads\/2012\/09\/contractcatala-300x249.jpg 300w, https:\/\/decomat.com\/wp-content\/uploads\/2012\/09\/contractcatala-313x260.jpg 313w, https:\/\/decomat.com\/wp-content\/uploads\/2012\/09\/contractcatala.jpg 392w\" sizes=\"auto, (max-width: 300px) 100vw, 300px\" \/><\/a>","protected":false},"excerpt":{"rendered":"<p>Contract El contract consisteix en una gesti\u00f3 integral de totes les fases de subministre de productes i\/o materials i\/o d&#8217;implantaci\u00f3 o reforma d&#8217;un establiment comercial (hotel, restaurant, hospital, escola, geri\u00e0tric, resid\u00e8ncies,club esportiu &#8230;), organismes p\u00fablics (hospitals, ajuntaments, diputacions, escoles, clubs esportius), oficines, ind\u00fastries (f\u00e0briques, centres de producci\u00f3, log\u00edstica, etc) establint un calendari d&#8217;execuci\u00f3 i de [&hellip;]<\/p>\n","protected":false},"author":8979,"featured_media":0,"parent":0,"menu_order":29,"comment_status":"open","ping_status":"closed","template":"","meta":{"_monsterinsights_skip_tracking":false,"_monsterinsights_sitenote_active":false,"_monsterinsights_sitenote_note":"","_monsterinsights_sitenote_category":0,"ngg_post_thumbnail":0,"footnotes":""},"class_list":["post-4063","page","type-page","status-publish","hentry"],"yoast_head":"<!-- This site is optimized with the Yoast SEO plugin v27.3 - https:\/\/yoast.com\/product\/yoast-seo-wordpress\/ -->\n<title>Contract - decomat<\/title>\n<meta name=\"robots\" content=\"index, follow, max-snippet:-1, max-image-preview:large, max-video-preview:-1\" \/>\n<link rel=\"canonical\" href=\"https:\/\/decomat.com\/en\/contract\/\" \/>\n<meta property=\"og:locale\" content=\"ca_ES\" \/>\n<meta property=\"og:type\" content=\"article\" \/>\n<meta property=\"og:title\" content=\"Contract - decomat\" \/>\n<meta property=\"og:description\" content=\"Contract El contract consisteix en una gesti\u00f3 integral de totes les fases de subministre de productes i\/o materials i\/o d&#8217;implantaci\u00f3 o reforma d&#8217;un establiment comercial (hotel, restaurant, hospital, escola, geri\u00e0tric, resid\u00e8ncies,club esportiu &#8230;), organismes p\u00fablics (hospitals, ajuntaments, diputacions, escoles, clubs esportius), oficines, ind\u00fastries (f\u00e0briques, centres de producci\u00f3, log\u00edstica, etc) establint un calendari d&#8217;execuci\u00f3 i de [&hellip;]\" \/>\n<meta property=\"og:url\" content=\"https:\/\/decomat.com\/en\/contract\/\" \/>\n<meta property=\"og:site_name\" content=\"decomat\" \/>\n<meta property=\"article:modified_time\" content=\"2017-04-08T10:53:48+00:00\" \/>\n<meta property=\"og:image\" content=\"https:\/\/decomat.com\/wp-content\/uploads\/2012\/09\/professionals.jpg\" \/>\n\t<meta property=\"og:image:width\" content=\"307\" \/>\n\t<meta property=\"og:image:height\" content=\"164\" \/>\n\t<meta property=\"og:image:type\" content=\"image\/jpeg\" \/>\n<meta name=\"twitter:card\" content=\"summary_large_image\" \/>\n<meta name=\"twitter:label1\" content=\"Est. reading time\" \/>\n\t<meta name=\"twitter:data1\" content=\"1 minute\" \/>\n<script type=\"application\/ld+json\" class=\"yoast-schema-graph\">{\"@context\":\"https:\\\/\\\/schema.org\",\"@graph\":[{\"@type\":\"WebPage\",\"@id\":\"https:\\\/\\\/decomat.com\\\/en\\\/contract\\\/\",\"url\":\"https:\\\/\\\/decomat.com\\\/en\\\/contract\\\/\",\"name\":\"Contract - decomat\",\"isPartOf\":{\"@id\":\"https:\\\/\\\/decomat.com\\\/ca\\\/#website\"},\"primaryImageOfPage\":{\"@id\":\"https:\\\/\\\/decomat.com\\\/en\\\/contract\\\/#primaryimage\"},\"image\":{\"@id\":\"https:\\\/\\\/decomat.com\\\/en\\\/contract\\\/#primaryimage\"},\"thumbnailUrl\":\"https:\\\/\\\/www.decomat.com\\\/wp-content\\\/uploads\\\/2012\\\/09\\\/professionals-300x160.jpg\",\"datePublished\":\"2012-09-30T16:51:00+00:00\",\"dateModified\":\"2017-04-08T10:53:48+00:00\",\"breadcrumb\":{\"@id\":\"https:\\\/\\\/decomat.com\\\/en\\\/contract\\\/#breadcrumb\"},\"inLanguage\":\"ca-ES\",\"potentialAction\":[{\"@type\":\"ReadAction\",\"target\":[\"https:\\\/\\\/decomat.com\\\/en\\\/contract\\\/\"]}]},{\"@type\":\"ImageObject\",\"inLanguage\":\"ca-ES\",\"@id\":\"https:\\\/\\\/decomat.com\\\/en\\\/contract\\\/#primaryimage\",\"url\":\"https:\\\/\\\/www.decomat.com\\\/wp-content\\\/uploads\\\/2012\\\/09\\\/professionals-300x160.jpg\",\"contentUrl\":\"https:\\\/\\\/www.decomat.com\\\/wp-content\\\/uploads\\\/2012\\\/09\\\/professionals-300x160.jpg\"},{\"@type\":\"BreadcrumbList\",\"@id\":\"https:\\\/\\\/decomat.com\\\/en\\\/contract\\\/#breadcrumb\",\"itemListElement\":[{\"@type\":\"ListItem\",\"position\":1,\"name\":\"Portada\",\"item\":\"https:\\\/\\\/decomat.com\\\/ca\\\/\"},{\"@type\":\"ListItem\",\"position\":2,\"name\":\"Contract\"}]},{\"@type\":\"WebSite\",\"@id\":\"https:\\\/\\\/decomat.com\\\/ca\\\/#website\",\"url\":\"https:\\\/\\\/decomat.com\\\/ca\\\/\",\"name\":\"decomat\",\"description\":\"Material decoraci\u00f3\",\"potentialAction\":[{\"@type\":\"SearchAction\",\"target\":{\"@type\":\"EntryPoint\",\"urlTemplate\":\"https:\\\/\\\/decomat.com\\\/ca\\\/?s={search_term_string}\"},\"query-input\":{\"@type\":\"PropertyValueSpecification\",\"valueRequired\":true,\"valueName\":\"search_term_string\"}}],\"inLanguage\":\"ca-ES\"}]}<\/script>\n<!-- \/ Yoast SEO plugin. -->","yoast_head_json":{"title":"Contract - decomat","robots":{"index":"index","follow":"follow","max-snippet":"max-snippet:-1","max-image-preview":"max-image-preview:large","max-video-preview":"max-video-preview:-1"},"canonical":"https:\/\/decomat.com\/en\/contract\/","og_locale":"ca_ES","og_type":"article","og_title":"Contract - decomat","og_description":"Contract El contract consisteix en una gesti\u00f3 integral de totes les fases de subministre de productes i\/o materials i\/o d&#8217;implantaci\u00f3 o reforma d&#8217;un establiment comercial (hotel, restaurant, hospital, escola, geri\u00e0tric, resid\u00e8ncies,club esportiu &#8230;), organismes p\u00fablics (hospitals, ajuntaments, diputacions, escoles, clubs esportius), oficines, ind\u00fastries (f\u00e0briques, centres de producci\u00f3, log\u00edstica, etc) establint un calendari d&#8217;execuci\u00f3 i de [&hellip;]","og_url":"https:\/\/decomat.com\/en\/contract\/","og_site_name":"decomat","article_modified_time":"2017-04-08T10:53:48+00:00","og_image":[{"width":307,"height":164,"url":"https:\/\/decomat.com\/wp-content\/uploads\/2012\/09\/professionals.jpg","type":"image\/jpeg"}],"twitter_card":"summary_large_image","twitter_misc":{"Est. reading time":"1 minute"},"schema":{"@context":"https:\/\/schema.org","@graph":[{"@type":"WebPage","@id":"https:\/\/decomat.com\/en\/contract\/","url":"https:\/\/decomat.com\/en\/contract\/","name":"Contract - decomat","isPartOf":{"@id":"https:\/\/decomat.com\/ca\/#website"},"primaryImageOfPage":{"@id":"https:\/\/decomat.com\/en\/contract\/#primaryimage"},"image":{"@id":"https:\/\/decomat.com\/en\/contract\/#primaryimage"},"thumbnailUrl":"https:\/\/www.decomat.com\/wp-content\/uploads\/2012\/09\/professionals-300x160.jpg","datePublished":"2012-09-30T16:51:00+00:00","dateModified":"2017-04-08T10:53:48+00:00","breadcrumb":{"@id":"https:\/\/decomat.com\/en\/contract\/#breadcrumb"},"inLanguage":"ca-ES","potentialAction":[{"@type":"ReadAction","target":["https:\/\/decomat.com\/en\/contract\/"]}]},{"@type":"ImageObject","inLanguage":"ca-ES","@id":"https:\/\/decomat.com\/en\/contract\/#primaryimage","url":"https:\/\/www.decomat.com\/wp-content\/uploads\/2012\/09\/professionals-300x160.jpg","contentUrl":"https:\/\/www.decomat.com\/wp-content\/uploads\/2012\/09\/professionals-300x160.jpg"},{"@type":"BreadcrumbList","@id":"https:\/\/decomat.com\/en\/contract\/#breadcrumb","itemListElement":[{"@type":"ListItem","position":1,"name":"Portada","item":"https:\/\/decomat.com\/ca\/"},{"@type":"ListItem","position":2,"name":"Contract"}]},{"@type":"WebSite","@id":"https:\/\/decomat.com\/ca\/#website","url":"https:\/\/decomat.com\/ca\/","name":"decomat","description":"Material decoraci\u00f3","potentialAction":[{"@type":"SearchAction","target":{"@type":"EntryPoint","urlTemplate":"https:\/\/decomat.com\/ca\/?s={search_term_string}"},"query-input":{"@type":"PropertyValueSpecification","valueRequired":true,"valueName":"search_term_string"}}],"inLanguage":"ca-ES"}]}},"_links":{"self":[{"href":"https:\/\/decomat.com\/ca\/wp-json\/wp\/v2\/pages\/4063","targetHints":{"allow":["GET"]}}],"collection":[{"href":"https:\/\/decomat.com\/ca\/wp-json\/wp\/v2\/pages"}],"about":[{"href":"https:\/\/decomat.com\/ca\/wp-json\/wp\/v2\/types\/page"}],"author":[{"embeddable":true,"href":"https:\/\/decomat.com\/ca\/wp-json\/wp\/v2\/users\/8979"}],"replies":[{"embeddable":true,"href":"https:\/\/decomat.com\/ca\/wp-json\/wp\/v2\/comments?post=4063"}],"version-history":[{"count":14,"href":"https:\/\/decomat.com\/ca\/wp-json\/wp\/v2\/pages\/4063\/revisions"}],"predecessor-version":[{"id":6726,"href":"https:\/\/decomat.com\/ca\/wp-json\/wp\/v2\/pages\/4063\/revisions\/6726"}],"wp:attachment":[{"href":"https:\/\/decomat.com\/ca\/wp-json\/wp\/v2\/media?parent=4063"}],"curies":[{"name":"wp","href":"https:\/\/api.w.org\/{rel}","templated":true}]}}