{"id":4065,"date":"2012-09-30T18:56:26","date_gmt":"2012-09-30T16:56:26","guid":{"rendered":"http:\/\/www.decomat.com\/?page_id=4065"},"modified":"2014-06-28T11:56:05","modified_gmt":"2014-06-28T09:56:05","slug":"suelos-para-el-hogar","status":"publish","type":"page","link":"https:\/\/decomat.com\/ca\/hogar\/suelos-para-el-hogar\/","title":{"rendered":"Terres per a la llar"},"content":{"rendered":"<p><\/p>\n<h1>Terres per a la llar<\/h1>\n<p>Distribuci\u00f3, comercialitzaci\u00f3, reparaci\u00f3, instal\u00b7laci\u00f3 i col\u00b7locaci\u00f3 de tot tipus de terres per a la llar paviments i s\u00f3ls aptes\u00a0per a superfices a renovar:<\/p>\n<ul>\n<li>\u00a0<a href=\"https:\/\/www.decomat.com\/materiales\/pavimento-suelo\/parque\/\">Parquets de fusta i laminats.<\/a><\/li>\n<li><a href=\"https:\/\/www.decomat.com\/materiales\/pavimento-suelo\/parque\/\">Tarimes massisses d&#8217;exterior i interior.<\/a><\/li>\n<li>\u00a0<a href=\"https:\/\/www.decomat.com\/materiales\/revestimiento\/pavimento-suelo\/parque\/\">Tarimes d&#8217;exterior tecnol\u00f2giques i sint\u00e8tiques.<\/a><\/li>\n<li>\u00a0<a href=\"https:\/\/www.decomat.com\/materiales\/pavimento-suelo\/parque\/\">Envernissats de tarimes i parquets.<\/a><\/li>\n<li>\u00a0<a href=\"https:\/\/www.decomat.com\/materiales\/pavimento-suelo\/suelos-tecnicos-elevados\/\">Paviments t\u00e8cnics, elevats.<\/a><\/li>\n<li>\u00a0<a href=\"https:\/\/www.decomat.com\/materiales\/pavimento-suelo\/pvc-para-suelos\/\">Paviments de PVC.<\/a><\/li>\n<li>\u00a0<a href=\"https:\/\/www.decomat.com\/materiales\/pavimento-suelo\/corcho-para-suelo\/\">Paviments de suro decoratiu.<\/a><\/li>\n<li>Paviments de cautx\u00fa.<\/li>\n<li>\u00a0<a href=\"https:\/\/www.decomat.com\/materiales\/pavimento-suelo\/linoleo\/\">Lin\u00f2leums.<\/a><\/li>\n<li>\u00a0<a href=\"https:\/\/www.decomat.com\/materiales\/pavimento-suelo\/cesped-artificial\/\">Gespa artificial de qualitat per a \u00fas dom\u00e8stic.<\/a><\/li>\n<li>\u00a0<a href=\"https:\/\/www.decomat.com\/materiales\/pavimento-suelo\/moqueta-para-suelo\/\">Moqueta de rotllos i modulars en llosetes per a \u00fas dom\u00e8stic<\/a><\/li>\n<li>\u00a0<a href=\"https:\/\/www.decomat.com\/materiales\/pavimento-suelo\/moqueta-para-suelo\/\">Moquetes de disseny.<\/a><\/li>\n<li>\u00a0<a href=\"https:\/\/www.decomat.com\/materiales\/pavimento-suelo\/moqueta-para-suelo\/\">Moquetes de fibres naturals.<\/a><\/li>\n<li>\u00a0Estora de tr\u00e0nsit intens.<\/li>\n<li>\u00a0Llosetes de cautx\u00fa granulat.<\/li>\n<\/ul>\n<p>Aconsellem de quin tipus de paviment \u00e9s el que millor s&#8217;ajusta a les caracter\u00edstiques de la seva llar.<\/p>\n<h2><\/h2>\n<h2>Reparaci\u00f3 de terres per a la llar:<\/h2>\n<p>Tingui en compte que no sempre cambiar totalment el paviment (parquet, moqueta, suro&#8230;) \u00e9s la millor soluci\u00f3 ni la m\u00e9s econ\u00f2mica.<\/p>\n<p>En el cas del parquet, la majoria de\u00a0parquets de fusta massisa, tant els flotants com els encolats (habituals anys enrrera), poden \u00e9sser pulits varies\u00a0vegades al llarg de la seva vida \u00fatil. \u00a0De tal manera que li retornen al parquet\u00a0la aparen\u00e7a d&#8217;un parquet totalment nou.<\/p>\n<p>L&#8217;opci\u00f3 de reparaci\u00f3 \u00e9s\u00a0quasi sempre una opci\u00f3 m\u00e9s econ\u00f2mica que col\u00b7locar-ho tot de nou, tot i que cal estudiar cada cas.<\/p>","protected":false},"excerpt":{"rendered":"<p>Terres per a la llar Distribuci\u00f3, comercialitzaci\u00f3, reparaci\u00f3, instal\u00b7laci\u00f3 i col\u00b7locaci\u00f3 de tot tipus de terres per a la llar paviments i s\u00f3ls aptes\u00a0per a superfices a renovar: \u00a0Parquets de fusta i laminats. Tarimes massisses d&#8217;exterior i interior. \u00a0Tarimes d&#8217;exterior tecnol\u00f2giques i sint\u00e8tiques. \u00a0Envernissats de tarimes i parquets. \u00a0Paviments t\u00e8cnics, elevats. \u00a0Paviments de PVC. \u00a0Paviments [&hellip;]<\/p>\n","protected":false},"author":8979,"featured_media":0,"parent":715,"menu_order":2,"comment_status":"open","ping_status":"closed","template":"","meta":{"_monsterinsights_skip_tracking":false,"_monsterinsights_sitenote_active":false,"_monsterinsights_sitenote_note":"","_monsterinsights_sitenote_category":0,"ngg_post_thumbnail":0,"footnotes":""},"class_list":["post-4065","page","type-page","status-publish","hentry"],"yoast_head":"<!-- This site is optimized with the Yoast SEO plugin v27.4 - https:\/\/yoast.com\/product\/yoast-seo-wordpress\/ -->\n<title>Terres per a la llar - decomat<\/title>\n<meta name=\"robots\" content=\"index, follow, max-snippet:-1, max-image-preview:large, max-video-preview:-1\" \/>\n<link rel=\"canonical\" href=\"https:\/\/decomat.com\/es\/hogar\/suelos-para-el-hogar\/\" \/>\n<meta property=\"og:locale\" content=\"ca_ES\" \/>\n<meta property=\"og:type\" content=\"article\" \/>\n<meta property=\"og:title\" content=\"Terres per a la llar - decomat\" \/>\n<meta property=\"og:description\" content=\"Terres per a la llar Distribuci\u00f3, comercialitzaci\u00f3, reparaci\u00f3, instal\u00b7laci\u00f3 i col\u00b7locaci\u00f3 de tot tipus de terres per a la llar paviments i s\u00f3ls aptes\u00a0per a superfices a renovar: \u00a0Parquets de fusta i laminats. Tarimes massisses d&#8217;exterior i interior. \u00a0Tarimes d&#8217;exterior tecnol\u00f2giques i sint\u00e8tiques. \u00a0Envernissats de tarimes i parquets. \u00a0Paviments t\u00e8cnics, elevats. \u00a0Paviments de PVC. \u00a0Paviments [&hellip;]\" \/>\n<meta property=\"og:url\" content=\"https:\/\/decomat.com\/es\/hogar\/suelos-para-el-hogar\/\" \/>\n<meta property=\"og:site_name\" content=\"decomat\" \/>\n<meta property=\"article:modified_time\" content=\"2014-06-28T09:56:05+00:00\" \/>\n<meta name=\"twitter:card\" content=\"summary_large_image\" \/>\n<meta name=\"twitter:label1\" content=\"Est. reading time\" \/>\n\t<meta name=\"twitter:data1\" content=\"2 minutes\" \/>\n<script type=\"application\/ld+json\" class=\"yoast-schema-graph\">{\"@context\":\"https:\\\/\\\/schema.org\",\"@graph\":[{\"@type\":\"WebPage\",\"@id\":\"https:\\\/\\\/decomat.com\\\/es\\\/hogar\\\/suelos-para-el-hogar\\\/\",\"url\":\"https:\\\/\\\/decomat.com\\\/es\\\/hogar\\\/suelos-para-el-hogar\\\/\",\"name\":\"Terres per a la llar - decomat\",\"isPartOf\":{\"@id\":\"https:\\\/\\\/decomat.com\\\/ca\\\/#website\"},\"datePublished\":\"2012-09-30T16:56:26+00:00\",\"dateModified\":\"2014-06-28T09:56:05+00:00\",\"breadcrumb\":{\"@id\":\"https:\\\/\\\/decomat.com\\\/es\\\/hogar\\\/suelos-para-el-hogar\\\/#breadcrumb\"},\"inLanguage\":\"ca-ES\",\"potentialAction\":[{\"@type\":\"ReadAction\",\"target\":[\"https:\\\/\\\/decomat.com\\\/es\\\/hogar\\\/suelos-para-el-hogar\\\/\"]}]},{\"@type\":\"BreadcrumbList\",\"@id\":\"https:\\\/\\\/decomat.com\\\/es\\\/hogar\\\/suelos-para-el-hogar\\\/#breadcrumb\",\"itemListElement\":[{\"@type\":\"ListItem\",\"position\":1,\"name\":\"Portada\",\"item\":\"https:\\\/\\\/decomat.com\\\/ca\\\/\"},{\"@type\":\"ListItem\",\"position\":2,\"name\":\"Hogar\",\"item\":\"https:\\\/\\\/decomat.com\\\/es\\\/hogar\\\/\"},{\"@type\":\"ListItem\",\"position\":3,\"name\":\"Suelos para el hogar\"}]},{\"@type\":\"WebSite\",\"@id\":\"https:\\\/\\\/decomat.com\\\/ca\\\/#website\",\"url\":\"https:\\\/\\\/decomat.com\\\/ca\\\/\",\"name\":\"decomat\",\"description\":\"Material decoraci\u00f3\",\"potentialAction\":[{\"@type\":\"SearchAction\",\"target\":{\"@type\":\"EntryPoint\",\"urlTemplate\":\"https:\\\/\\\/decomat.com\\\/ca\\\/?s={search_term_string}\"},\"query-input\":{\"@type\":\"PropertyValueSpecification\",\"valueRequired\":true,\"valueName\":\"search_term_string\"}}],\"inLanguage\":\"ca-ES\"}]}<\/script>\n<!-- \/ Yoast SEO plugin. -->","yoast_head_json":{"title":"Terres per a la llar - decomat","robots":{"index":"index","follow":"follow","max-snippet":"max-snippet:-1","max-image-preview":"max-image-preview:large","max-video-preview":"max-video-preview:-1"},"canonical":"https:\/\/decomat.com\/es\/hogar\/suelos-para-el-hogar\/","og_locale":"ca_ES","og_type":"article","og_title":"Terres per a la llar - decomat","og_description":"Terres per a la llar Distribuci\u00f3, comercialitzaci\u00f3, reparaci\u00f3, instal\u00b7laci\u00f3 i col\u00b7locaci\u00f3 de tot tipus de terres per a la llar paviments i s\u00f3ls aptes\u00a0per a superfices a renovar: \u00a0Parquets de fusta i laminats. Tarimes massisses d&#8217;exterior i interior. \u00a0Tarimes d&#8217;exterior tecnol\u00f2giques i sint\u00e8tiques. \u00a0Envernissats de tarimes i parquets. \u00a0Paviments t\u00e8cnics, elevats. \u00a0Paviments de PVC. \u00a0Paviments [&hellip;]","og_url":"https:\/\/decomat.com\/es\/hogar\/suelos-para-el-hogar\/","og_site_name":"decomat","article_modified_time":"2014-06-28T09:56:05+00:00","twitter_card":"summary_large_image","twitter_misc":{"Est. reading time":"2 minutes"},"schema":{"@context":"https:\/\/schema.org","@graph":[{"@type":"WebPage","@id":"https:\/\/decomat.com\/es\/hogar\/suelos-para-el-hogar\/","url":"https:\/\/decomat.com\/es\/hogar\/suelos-para-el-hogar\/","name":"Terres per a la llar - decomat","isPartOf":{"@id":"https:\/\/decomat.com\/ca\/#website"},"datePublished":"2012-09-30T16:56:26+00:00","dateModified":"2014-06-28T09:56:05+00:00","breadcrumb":{"@id":"https:\/\/decomat.com\/es\/hogar\/suelos-para-el-hogar\/#breadcrumb"},"inLanguage":"ca-ES","potentialAction":[{"@type":"ReadAction","target":["https:\/\/decomat.com\/es\/hogar\/suelos-para-el-hogar\/"]}]},{"@type":"BreadcrumbList","@id":"https:\/\/decomat.com\/es\/hogar\/suelos-para-el-hogar\/#breadcrumb","itemListElement":[{"@type":"ListItem","position":1,"name":"Portada","item":"https:\/\/decomat.com\/ca\/"},{"@type":"ListItem","position":2,"name":"Hogar","item":"https:\/\/decomat.com\/es\/hogar\/"},{"@type":"ListItem","position":3,"name":"Suelos para el hogar"}]},{"@type":"WebSite","@id":"https:\/\/decomat.com\/ca\/#website","url":"https:\/\/decomat.com\/ca\/","name":"decomat","description":"Material decoraci\u00f3","potentialAction":[{"@type":"SearchAction","target":{"@type":"EntryPoint","urlTemplate":"https:\/\/decomat.com\/ca\/?s={search_term_string}"},"query-input":{"@type":"PropertyValueSpecification","valueRequired":true,"valueName":"search_term_string"}}],"inLanguage":"ca-ES"}]}},"_links":{"self":[{"href":"https:\/\/decomat.com\/ca\/wp-json\/wp\/v2\/pages\/4065","targetHints":{"allow":["GET"]}}],"collection":[{"href":"https:\/\/decomat.com\/ca\/wp-json\/wp\/v2\/pages"}],"about":[{"href":"https:\/\/decomat.com\/ca\/wp-json\/wp\/v2\/types\/page"}],"author":[{"embeddable":true,"href":"https:\/\/decomat.com\/ca\/wp-json\/wp\/v2\/users\/8979"}],"replies":[{"embeddable":true,"href":"https:\/\/decomat.com\/ca\/wp-json\/wp\/v2\/comments?post=4065"}],"version-history":[{"count":19,"href":"https:\/\/decomat.com\/ca\/wp-json\/wp\/v2\/pages\/4065\/revisions"}],"predecessor-version":[{"id":5706,"href":"https:\/\/decomat.com\/ca\/wp-json\/wp\/v2\/pages\/4065\/revisions\/5706"}],"up":[{"embeddable":true,"href":"https:\/\/decomat.com\/ca\/wp-json\/wp\/v2\/pages\/715"}],"wp:attachment":[{"href":"https:\/\/decomat.com\/ca\/wp-json\/wp\/v2\/media?parent=4065"}],"curies":[{"name":"wp","href":"https:\/\/api.w.org\/{rel}","templated":true}]}}