{"id":4090,"date":"2012-09-30T20:29:29","date_gmt":"2012-09-30T18:29:29","guid":{"rendered":"http:\/\/www.decomat.com\/?page_id=4090"},"modified":"2017-08-16T19:11:25","modified_gmt":"2017-08-16T17:11:25","slug":"pelfuts-alfombres-per-a-comunitats","status":"publish","type":"page","link":"https:\/\/decomat.com\/ca\/comunidades\/pelfuts-alfombres-per-a-comunitats\/","title":{"rendered":"Pelfuts \/ alfombres per a comunitats"},"content":{"rendered":"<h1>Pelfuts \/ alfombres per a comunitats<\/h1>\n<p>El pelfut alfombra per a comunitat t\u00e9 b\u00e0sicament una funci\u00f3 de neteja d&#8217;elements externs que es troben a les\u00a0 soles de les sabates dels visitants de la comunitat i dels mateixos membres d&#8217;aquesta.<\/p>\n<p>No obstant el pelfuts alfombra per a comunitats tamb\u00e9 realitzen funcions decoratives i fins i tot d&#8217;altres com: dissimular defectes, dividir espais, reduir el soroll, donar la benvinguda\u2026<\/p>\n<p>Els <strong>pelfuts \/ alfombres per a comunitats<\/strong> son indispensables per a donar calidessa a l&#8217;entrada, rebedor comunitari.\u00a0 Per\u00f2 els felputs encaixen en un passad\u00eds o una entrada amb pocs mobles.","protected":false},"excerpt":{"rendered":"<p>Pelfuts \/ alfombres per a comunitats El pelfut alfombra per a comunitat t\u00e9 b\u00e0sicament una funci\u00f3 de neteja d&#8217;elements externs que es troben a les\u00a0 soles de les sabates dels visitants de la comunitat i dels mateixos membres d&#8217;aquesta. No obstant el pelfuts alfombra per a comunitats tamb\u00e9 realitzen funcions decoratives i fins i tot [&hellip;]<\/p>\n","protected":false},"author":8979,"featured_media":0,"parent":712,"menu_order":0,"comment_status":"open","ping_status":"closed","template":"","meta":{"_monsterinsights_skip_tracking":false,"_monsterinsights_sitenote_active":false,"_monsterinsights_sitenote_note":"","_monsterinsights_sitenote_category":0,"ngg_post_thumbnail":0,"footnotes":""},"class_list":["post-4090","page","type-page","status-publish","hentry"],"yoast_head":"<!-- This site is optimized with the Yoast SEO plugin v27.3 - https:\/\/yoast.com\/product\/yoast-seo-wordpress\/ -->\n<title>Pelfuts \/ alfombres per a comunitats - decomat<\/title>\n<meta name=\"robots\" content=\"index, follow, max-snippet:-1, max-image-preview:large, max-video-preview:-1\" \/>\n<link rel=\"canonical\" href=\"https:\/\/decomat.com\/es\/comunidades\/pelfuts-alfombres-per-a-comunitats\/\" \/>\n<meta property=\"og:locale\" content=\"ca_ES\" \/>\n<meta property=\"og:type\" content=\"article\" \/>\n<meta property=\"og:title\" content=\"Pelfuts \/ alfombres per a comunitats - decomat\" \/>\n<meta property=\"og:description\" content=\"Pelfuts \/ alfombres per a comunitats El pelfut alfombra per a comunitat t\u00e9 b\u00e0sicament una funci\u00f3 de neteja d&#8217;elements externs que es troben a les\u00a0 soles de les sabates dels visitants de la comunitat i dels mateixos membres d&#8217;aquesta. No obstant el pelfuts alfombra per a comunitats tamb\u00e9 realitzen funcions decoratives i fins i tot [&hellip;]\" \/>\n<meta property=\"og:url\" content=\"https:\/\/decomat.com\/es\/comunidades\/pelfuts-alfombres-per-a-comunitats\/\" \/>\n<meta property=\"og:site_name\" content=\"decomat\" \/>\n<meta property=\"article:modified_time\" content=\"2017-08-16T17:11:25+00:00\" \/>\n<meta name=\"twitter:card\" content=\"summary_large_image\" \/>\n<meta name=\"twitter:label1\" content=\"Est. reading time\" \/>\n\t<meta name=\"twitter:data1\" content=\"1 minute\" \/>\n<script type=\"application\/ld+json\" class=\"yoast-schema-graph\">{\"@context\":\"https:\\\/\\\/schema.org\",\"@graph\":[{\"@type\":\"WebPage\",\"@id\":\"https:\\\/\\\/decomat.com\\\/es\\\/comunidades\\\/pelfuts-alfombres-per-a-comunitats\\\/\",\"url\":\"https:\\\/\\\/decomat.com\\\/es\\\/comunidades\\\/pelfuts-alfombres-per-a-comunitats\\\/\",\"name\":\"Pelfuts \\\/ alfombres per a comunitats - decomat\",\"isPartOf\":{\"@id\":\"https:\\\/\\\/decomat.com\\\/ca\\\/#website\"},\"datePublished\":\"2012-09-30T18:29:29+00:00\",\"dateModified\":\"2017-08-16T17:11:25+00:00\",\"breadcrumb\":{\"@id\":\"https:\\\/\\\/decomat.com\\\/es\\\/comunidades\\\/pelfuts-alfombres-per-a-comunitats\\\/#breadcrumb\"},\"inLanguage\":\"ca-ES\",\"potentialAction\":[{\"@type\":\"ReadAction\",\"target\":[\"https:\\\/\\\/decomat.com\\\/es\\\/comunidades\\\/pelfuts-alfombres-per-a-comunitats\\\/\"]}]},{\"@type\":\"BreadcrumbList\",\"@id\":\"https:\\\/\\\/decomat.com\\\/es\\\/comunidades\\\/pelfuts-alfombres-per-a-comunitats\\\/#breadcrumb\",\"itemListElement\":[{\"@type\":\"ListItem\",\"position\":1,\"name\":\"Portada\",\"item\":\"https:\\\/\\\/decomat.com\\\/ca\\\/\"},{\"@type\":\"ListItem\",\"position\":2,\"name\":\"Comunidades\",\"item\":\"https:\\\/\\\/decomat.com\\\/es\\\/comunidades\\\/\"},{\"@type\":\"ListItem\",\"position\":3,\"name\":\"Felpudos \\\/ alfombras para comunidades\"}]},{\"@type\":\"WebSite\",\"@id\":\"https:\\\/\\\/decomat.com\\\/ca\\\/#website\",\"url\":\"https:\\\/\\\/decomat.com\\\/ca\\\/\",\"name\":\"decomat\",\"description\":\"Material decoraci\u00f3\",\"potentialAction\":[{\"@type\":\"SearchAction\",\"target\":{\"@type\":\"EntryPoint\",\"urlTemplate\":\"https:\\\/\\\/decomat.com\\\/ca\\\/?s={search_term_string}\"},\"query-input\":{\"@type\":\"PropertyValueSpecification\",\"valueRequired\":true,\"valueName\":\"search_term_string\"}}],\"inLanguage\":\"ca-ES\"}]}<\/script>\n<!-- \/ Yoast SEO plugin. -->","yoast_head_json":{"title":"Pelfuts \/ alfombres per a comunitats - decomat","robots":{"index":"index","follow":"follow","max-snippet":"max-snippet:-1","max-image-preview":"max-image-preview:large","max-video-preview":"max-video-preview:-1"},"canonical":"https:\/\/decomat.com\/es\/comunidades\/pelfuts-alfombres-per-a-comunitats\/","og_locale":"ca_ES","og_type":"article","og_title":"Pelfuts \/ alfombres per a comunitats - decomat","og_description":"Pelfuts \/ alfombres per a comunitats El pelfut alfombra per a comunitat t\u00e9 b\u00e0sicament una funci\u00f3 de neteja d&#8217;elements externs que es troben a les\u00a0 soles de les sabates dels visitants de la comunitat i dels mateixos membres d&#8217;aquesta. No obstant el pelfuts alfombra per a comunitats tamb\u00e9 realitzen funcions decoratives i fins i tot [&hellip;]","og_url":"https:\/\/decomat.com\/es\/comunidades\/pelfuts-alfombres-per-a-comunitats\/","og_site_name":"decomat","article_modified_time":"2017-08-16T17:11:25+00:00","twitter_card":"summary_large_image","twitter_misc":{"Est. reading time":"1 minute"},"schema":{"@context":"https:\/\/schema.org","@graph":[{"@type":"WebPage","@id":"https:\/\/decomat.com\/es\/comunidades\/pelfuts-alfombres-per-a-comunitats\/","url":"https:\/\/decomat.com\/es\/comunidades\/pelfuts-alfombres-per-a-comunitats\/","name":"Pelfuts \/ alfombres per a comunitats - decomat","isPartOf":{"@id":"https:\/\/decomat.com\/ca\/#website"},"datePublished":"2012-09-30T18:29:29+00:00","dateModified":"2017-08-16T17:11:25+00:00","breadcrumb":{"@id":"https:\/\/decomat.com\/es\/comunidades\/pelfuts-alfombres-per-a-comunitats\/#breadcrumb"},"inLanguage":"ca-ES","potentialAction":[{"@type":"ReadAction","target":["https:\/\/decomat.com\/es\/comunidades\/pelfuts-alfombres-per-a-comunitats\/"]}]},{"@type":"BreadcrumbList","@id":"https:\/\/decomat.com\/es\/comunidades\/pelfuts-alfombres-per-a-comunitats\/#breadcrumb","itemListElement":[{"@type":"ListItem","position":1,"name":"Portada","item":"https:\/\/decomat.com\/ca\/"},{"@type":"ListItem","position":2,"name":"Comunidades","item":"https:\/\/decomat.com\/es\/comunidades\/"},{"@type":"ListItem","position":3,"name":"Felpudos \/ alfombras para comunidades"}]},{"@type":"WebSite","@id":"https:\/\/decomat.com\/ca\/#website","url":"https:\/\/decomat.com\/ca\/","name":"decomat","description":"Material decoraci\u00f3","potentialAction":[{"@type":"SearchAction","target":{"@type":"EntryPoint","urlTemplate":"https:\/\/decomat.com\/ca\/?s={search_term_string}"},"query-input":{"@type":"PropertyValueSpecification","valueRequired":true,"valueName":"search_term_string"}}],"inLanguage":"ca-ES"}]}},"_links":{"self":[{"href":"https:\/\/decomat.com\/ca\/wp-json\/wp\/v2\/pages\/4090","targetHints":{"allow":["GET"]}}],"collection":[{"href":"https:\/\/decomat.com\/ca\/wp-json\/wp\/v2\/pages"}],"about":[{"href":"https:\/\/decomat.com\/ca\/wp-json\/wp\/v2\/types\/page"}],"author":[{"embeddable":true,"href":"https:\/\/decomat.com\/ca\/wp-json\/wp\/v2\/users\/8979"}],"replies":[{"embeddable":true,"href":"https:\/\/decomat.com\/ca\/wp-json\/wp\/v2\/comments?post=4090"}],"version-history":[{"count":7,"href":"https:\/\/decomat.com\/ca\/wp-json\/wp\/v2\/pages\/4090\/revisions"}],"predecessor-version":[{"id":7492,"href":"https:\/\/decomat.com\/ca\/wp-json\/wp\/v2\/pages\/4090\/revisions\/7492"}],"up":[{"embeddable":true,"href":"https:\/\/decomat.com\/ca\/wp-json\/wp\/v2\/pages\/712"}],"wp:attachment":[{"href":"https:\/\/decomat.com\/ca\/wp-json\/wp\/v2\/media?parent=4090"}],"curies":[{"name":"wp","href":"https:\/\/api.w.org\/{rel}","templated":true}]}}