{"id":4092,"date":"2012-09-30T20:41:34","date_gmt":"2012-09-30T18:41:34","guid":{"rendered":"http:\/\/www.decomat.com\/?page_id=4092"},"modified":"2017-08-16T18:43:24","modified_gmt":"2017-08-16T16:43:24","slug":"bricolaje","status":"publish","type":"page","link":"https:\/\/decomat.com\/ca\/hogar\/bricolaje\/","title":{"rendered":"Bricolatge"},"content":{"rendered":"<h1>Bricolatge<\/h1>\n<p>Fes-ho tu mateix. Aqu\u00ed trobar\u00e0s materials, trucs i consells de <strong>bricolatge<\/strong> que t&#8217;ajudaran a realitzar per t\u00fa mateix les reparacions i instal\u00b7lacions de la teva llar.<\/p>\n<p>Pots col\u00b7laborar aportant articles, dubtes, comentant, enviant aportacions sobre el teu bricolatge perqu\u00e8 altres usuaris puguin tamb\u00e9 aprofitar les teves experi\u00e8ncies. La teva experiencia \u00e9s de gran ajuda per a altres , participa\u2026 i col\u00b7labora. Publiquem els teus treballs a la web.<\/p>\n<p>Bricolatge en paleteria, fusteria, serralleria, a\u00efllament, decoraci\u00f3, electricitat, lampisteria, pintura, jardineria&#8230; trobeu a decomat els materials necessaris per a realitzar les vostres instal\u00b7lacions sense necessitat d&#8217;un professional. Entreteniu-vos i gaudiu de les activitats de bricolatge en paleteria, fusteria, serralleria, a\u00efllament, decoraci\u00f3, electricitat, lampisteria, pintura, jardineria alhora que us estalvieu diners.","protected":false},"excerpt":{"rendered":"<p>Bricolatge Fes-ho tu mateix. Aqu\u00ed trobar\u00e0s materials, trucs i consells de bricolatge que t&#8217;ajudaran a realitzar per t\u00fa mateix les reparacions i instal\u00b7lacions de la teva llar. Pots col\u00b7laborar aportant articles, dubtes, comentant, enviant aportacions sobre el teu bricolatge perqu\u00e8 altres usuaris puguin tamb\u00e9 aprofitar les teves experi\u00e8ncies. La teva experiencia \u00e9s de gran ajuda [&hellip;]<\/p>\n","protected":false},"author":8979,"featured_media":0,"parent":715,"menu_order":2,"comment_status":"open","ping_status":"closed","template":"","meta":{"_monsterinsights_skip_tracking":false,"_monsterinsights_sitenote_active":false,"_monsterinsights_sitenote_note":"","_monsterinsights_sitenote_category":0,"ngg_post_thumbnail":0,"footnotes":""},"class_list":["post-4092","page","type-page","status-publish","hentry"],"yoast_head":"<!-- This site is optimized with the Yoast SEO plugin v27.3 - https:\/\/yoast.com\/product\/yoast-seo-wordpress\/ -->\n<title>Bricolatge - decomat<\/title>\n<meta name=\"robots\" content=\"index, follow, max-snippet:-1, max-image-preview:large, max-video-preview:-1\" \/>\n<link rel=\"canonical\" href=\"https:\/\/decomat.com\/es\/hogar\/bricolaje\/\" \/>\n<meta property=\"og:locale\" content=\"ca_ES\" \/>\n<meta property=\"og:type\" content=\"article\" \/>\n<meta property=\"og:title\" content=\"Bricolatge - decomat\" \/>\n<meta property=\"og:description\" content=\"Bricolatge Fes-ho tu mateix. Aqu\u00ed trobar\u00e0s materials, trucs i consells de bricolatge que t&#8217;ajudaran a realitzar per t\u00fa mateix les reparacions i instal\u00b7lacions de la teva llar. Pots col\u00b7laborar aportant articles, dubtes, comentant, enviant aportacions sobre el teu bricolatge perqu\u00e8 altres usuaris puguin tamb\u00e9 aprofitar les teves experi\u00e8ncies. La teva experiencia \u00e9s de gran ajuda [&hellip;]\" \/>\n<meta property=\"og:url\" content=\"https:\/\/decomat.com\/es\/hogar\/bricolaje\/\" \/>\n<meta property=\"og:site_name\" content=\"decomat\" \/>\n<meta property=\"article:modified_time\" content=\"2017-08-16T16:43:24+00:00\" \/>\n<meta name=\"twitter:card\" content=\"summary_large_image\" \/>\n<meta name=\"twitter:label1\" content=\"Est. reading time\" \/>\n\t<meta name=\"twitter:data1\" content=\"1 minute\" \/>\n<script type=\"application\/ld+json\" class=\"yoast-schema-graph\">{\"@context\":\"https:\\\/\\\/schema.org\",\"@graph\":[{\"@type\":\"WebPage\",\"@id\":\"https:\\\/\\\/decomat.com\\\/es\\\/hogar\\\/bricolaje\\\/\",\"url\":\"https:\\\/\\\/decomat.com\\\/es\\\/hogar\\\/bricolaje\\\/\",\"name\":\"Bricolatge - decomat\",\"isPartOf\":{\"@id\":\"https:\\\/\\\/decomat.com\\\/ca\\\/#website\"},\"datePublished\":\"2012-09-30T18:41:34+00:00\",\"dateModified\":\"2017-08-16T16:43:24+00:00\",\"breadcrumb\":{\"@id\":\"https:\\\/\\\/decomat.com\\\/es\\\/hogar\\\/bricolaje\\\/#breadcrumb\"},\"inLanguage\":\"ca-ES\",\"potentialAction\":[{\"@type\":\"ReadAction\",\"target\":[\"https:\\\/\\\/decomat.com\\\/es\\\/hogar\\\/bricolaje\\\/\"]}]},{\"@type\":\"BreadcrumbList\",\"@id\":\"https:\\\/\\\/decomat.com\\\/es\\\/hogar\\\/bricolaje\\\/#breadcrumb\",\"itemListElement\":[{\"@type\":\"ListItem\",\"position\":1,\"name\":\"Portada\",\"item\":\"https:\\\/\\\/decomat.com\\\/ca\\\/\"},{\"@type\":\"ListItem\",\"position\":2,\"name\":\"Hogar\",\"item\":\"https:\\\/\\\/decomat.com\\\/es\\\/hogar\\\/\"},{\"@type\":\"ListItem\",\"position\":3,\"name\":\"Bricolaje\"}]},{\"@type\":\"WebSite\",\"@id\":\"https:\\\/\\\/decomat.com\\\/ca\\\/#website\",\"url\":\"https:\\\/\\\/decomat.com\\\/ca\\\/\",\"name\":\"decomat\",\"description\":\"Material decoraci\u00f3\",\"potentialAction\":[{\"@type\":\"SearchAction\",\"target\":{\"@type\":\"EntryPoint\",\"urlTemplate\":\"https:\\\/\\\/decomat.com\\\/ca\\\/?s={search_term_string}\"},\"query-input\":{\"@type\":\"PropertyValueSpecification\",\"valueRequired\":true,\"valueName\":\"search_term_string\"}}],\"inLanguage\":\"ca-ES\"}]}<\/script>\n<!-- \/ Yoast SEO plugin. -->","yoast_head_json":{"title":"Bricolatge - decomat","robots":{"index":"index","follow":"follow","max-snippet":"max-snippet:-1","max-image-preview":"max-image-preview:large","max-video-preview":"max-video-preview:-1"},"canonical":"https:\/\/decomat.com\/es\/hogar\/bricolaje\/","og_locale":"ca_ES","og_type":"article","og_title":"Bricolatge - decomat","og_description":"Bricolatge Fes-ho tu mateix. Aqu\u00ed trobar\u00e0s materials, trucs i consells de bricolatge que t&#8217;ajudaran a realitzar per t\u00fa mateix les reparacions i instal\u00b7lacions de la teva llar. Pots col\u00b7laborar aportant articles, dubtes, comentant, enviant aportacions sobre el teu bricolatge perqu\u00e8 altres usuaris puguin tamb\u00e9 aprofitar les teves experi\u00e8ncies. La teva experiencia \u00e9s de gran ajuda [&hellip;]","og_url":"https:\/\/decomat.com\/es\/hogar\/bricolaje\/","og_site_name":"decomat","article_modified_time":"2017-08-16T16:43:24+00:00","twitter_card":"summary_large_image","twitter_misc":{"Est. reading time":"1 minute"},"schema":{"@context":"https:\/\/schema.org","@graph":[{"@type":"WebPage","@id":"https:\/\/decomat.com\/es\/hogar\/bricolaje\/","url":"https:\/\/decomat.com\/es\/hogar\/bricolaje\/","name":"Bricolatge - decomat","isPartOf":{"@id":"https:\/\/decomat.com\/ca\/#website"},"datePublished":"2012-09-30T18:41:34+00:00","dateModified":"2017-08-16T16:43:24+00:00","breadcrumb":{"@id":"https:\/\/decomat.com\/es\/hogar\/bricolaje\/#breadcrumb"},"inLanguage":"ca-ES","potentialAction":[{"@type":"ReadAction","target":["https:\/\/decomat.com\/es\/hogar\/bricolaje\/"]}]},{"@type":"BreadcrumbList","@id":"https:\/\/decomat.com\/es\/hogar\/bricolaje\/#breadcrumb","itemListElement":[{"@type":"ListItem","position":1,"name":"Portada","item":"https:\/\/decomat.com\/ca\/"},{"@type":"ListItem","position":2,"name":"Hogar","item":"https:\/\/decomat.com\/es\/hogar\/"},{"@type":"ListItem","position":3,"name":"Bricolaje"}]},{"@type":"WebSite","@id":"https:\/\/decomat.com\/ca\/#website","url":"https:\/\/decomat.com\/ca\/","name":"decomat","description":"Material decoraci\u00f3","potentialAction":[{"@type":"SearchAction","target":{"@type":"EntryPoint","urlTemplate":"https:\/\/decomat.com\/ca\/?s={search_term_string}"},"query-input":{"@type":"PropertyValueSpecification","valueRequired":true,"valueName":"search_term_string"}}],"inLanguage":"ca-ES"}]}},"_links":{"self":[{"href":"https:\/\/decomat.com\/ca\/wp-json\/wp\/v2\/pages\/4092","targetHints":{"allow":["GET"]}}],"collection":[{"href":"https:\/\/decomat.com\/ca\/wp-json\/wp\/v2\/pages"}],"about":[{"href":"https:\/\/decomat.com\/ca\/wp-json\/wp\/v2\/types\/page"}],"author":[{"embeddable":true,"href":"https:\/\/decomat.com\/ca\/wp-json\/wp\/v2\/users\/8979"}],"replies":[{"embeddable":true,"href":"https:\/\/decomat.com\/ca\/wp-json\/wp\/v2\/comments?post=4092"}],"version-history":[{"count":9,"href":"https:\/\/decomat.com\/ca\/wp-json\/wp\/v2\/pages\/4092\/revisions"}],"predecessor-version":[{"id":7488,"href":"https:\/\/decomat.com\/ca\/wp-json\/wp\/v2\/pages\/4092\/revisions\/7488"}],"up":[{"embeddable":true,"href":"https:\/\/decomat.com\/ca\/wp-json\/wp\/v2\/pages\/715"}],"wp:attachment":[{"href":"https:\/\/decomat.com\/ca\/wp-json\/wp\/v2\/media?parent=4092"}],"curies":[{"name":"wp","href":"https:\/\/api.w.org\/{rel}","templated":true}]}}