{"id":4129,"date":"2012-10-01T17:33:22","date_gmt":"2012-10-01T15:33:22","guid":{"rendered":"http:\/\/www.decomat.com\/?page_id=4129"},"modified":"2017-08-16T18:53:59","modified_gmt":"2017-08-16T16:53:59","slug":"reformas-para-el-hogar","status":"publish","type":"page","link":"https:\/\/decomat.com\/ca\/hogar\/reformas-para-el-hogar\/","title":{"rendered":"Reformes per a la llar"},"content":{"rendered":"[vc_row][vc_column width=&#8221;1\/2&#8243;][vc_column_text]\n<h1>Reformes per a la llar<\/h1>\n<p>Som conscients dels inconvenients i preocupacions que provoca la contractaci\u00f3 de diverses empreses de rehabilitaci\u00f3 per a l&#8217;execuci\u00f3 de la reforma de la seva llar, per aix\u00f2&nbsp;som especialistes&nbsp;en <strong>reformes integrals i reformes per a la llar<\/strong>.<br \/>\nLa implicaci\u00f3 amb un \u00fanic interlocutor per a l&#8217;execuci\u00f3 de la <strong>rehabilitaci\u00f3&nbsp;<\/strong>evita problemes de coordinaci\u00f3 i sobrecostos innecessaris.<\/p>\n<p>Comptem amb un equip de&nbsp;professionals: interioristes, arquitectes, paletes, lampistes, pintors, fusters, etc &#8230; per realitzar amb \u00e8xit la <strong>reforma del seu pis, local, casa<\/strong>.<\/p>\n<p><a href=\"https:\/\/www.decomat.com\/wp-content\/uploads\/2012\/10\/abansidespresreforma.jpg\"><img loading=\"lazy\" decoding=\"async\" class=\"alignnone size-medium wp-image-6735\" src=\"https:\/\/www.decomat.com\/wp-content\/uploads\/2012\/10\/abansidespresreforma-221x300.jpg\" alt=\"\" width=\"221\" height=\"300\" srcset=\"https:\/\/decomat.com\/wp-content\/uploads\/2012\/10\/abansidespresreforma-221x300.jpg 221w, https:\/\/decomat.com\/wp-content\/uploads\/2012\/10\/abansidespresreforma-192x260.jpg 192w, https:\/\/decomat.com\/wp-content\/uploads\/2012\/10\/abansidespresreforma-566x768.jpg 566w, https:\/\/decomat.com\/wp-content\/uploads\/2012\/10\/abansidespresreforma-305x414.jpg 305w, https:\/\/decomat.com\/wp-content\/uploads\/2012\/10\/abansidespresreforma-414x561.jpg 414w, https:\/\/decomat.com\/wp-content\/uploads\/2012\/10\/abansidespresreforma.jpg 750w\" sizes=\"auto, (max-width: 221px) 100vw, 221px\" \/><\/a>&nbsp; &nbsp; &nbsp;&nbsp;<a href=\"https:\/\/www.decomat.com\/wp-content\/uploads\/2012\/10\/interior-design-1.png\"><img loading=\"lazy\" decoding=\"async\" class=\"alignnone size-medium wp-image-6736\" src=\"https:\/\/www.decomat.com\/wp-content\/uploads\/2012\/10\/interior-design-1-272x300.png\" alt=\"\" width=\"272\" height=\"300\" srcset=\"https:\/\/decomat.com\/wp-content\/uploads\/2012\/10\/interior-design-1-272x300.png 272w, https:\/\/decomat.com\/wp-content\/uploads\/2012\/10\/interior-design-1-235x260.png 235w, https:\/\/decomat.com\/wp-content\/uploads\/2012\/10\/interior-design-1.png 305w\" sizes=\"auto, (max-width: 272px) 100vw, 272px\" \/><\/a><\/p>\n<p><a href=\"https:\/\/www.decomat.com\/contacto\/\">Contacti<\/a> amb nosaltres \/ empleni formulari lateral i demani un pressupost detallat sense comprom\u00eds.<\/p>\n<p>&nbsp;<\/p>\n<p>&nbsp;<\/p>\n<p><a href=\"https:\/\/www.decomat.com\/wp-content\/uploads\/2012\/10\/reformallar-1.jpg\"><img loading=\"lazy\" decoding=\"async\" class=\"wp-image-6742 aligncenter\" src=\"https:\/\/www.decomat.com\/wp-content\/uploads\/2012\/10\/reformallar-1-200x300.jpg\" alt=\"\" width=\"343\" height=\"514\" srcset=\"https:\/\/decomat.com\/wp-content\/uploads\/2012\/10\/reformallar-1-200x300.jpg 200w, https:\/\/decomat.com\/wp-content\/uploads\/2012\/10\/reformallar-1-682x1024.jpg 682w, https:\/\/decomat.com\/wp-content\/uploads\/2012\/10\/reformallar-1.jpg 733w, https:\/\/decomat.com\/wp-content\/uploads\/2012\/10\/reformallar-1-173x260.jpg 173w, https:\/\/decomat.com\/wp-content\/uploads\/2012\/10\/reformallar-1-512x768.jpg 512w, https:\/\/decomat.com\/wp-content\/uploads\/2012\/10\/reformallar-1-276x414.jpg 276w, https:\/\/decomat.com\/wp-content\/uploads\/2012\/10\/reformallar-1-414x621.jpg 414w\" sizes=\"auto, (max-width: 343px) 100vw, 343px\" \/><\/a>&nbsp; &nbsp; &nbsp; &nbsp; &nbsp; &nbsp; &nbsp;&nbsp;<\/p>\n<p>&nbsp;<\/p>\n<p>&nbsp;[\/vc_column_text][\/vc_column][vc_column width=&#8221;1\/2&#8243;][vc_column_text]&nbsp;DEMANI&#8217;NS PRESSUPOST PER A LA SEVA REFORMA[\/vc_column_text]\n<div class=\"wpcf7 no-js\" id=\"wpcf7-f762-o1\" lang=\"en-US\" dir=\"ltr\" data-wpcf7-id=\"762\">\n<div class=\"screen-reader-response\"><p role=\"status\" aria-live=\"polite\" aria-atomic=\"true\"><\/p> <ul><\/ul><\/div>\n<form action=\"\/ca\/wp-json\/wp\/v2\/pages\/4129#wpcf7-f762-o1\" method=\"post\" class=\"wpcf7-form init\" aria-label=\"Contact form\" novalidate=\"novalidate\" data-status=\"init\">\n<fieldset class=\"hidden-fields-container\"><input type=\"hidden\" name=\"_wpcf7\" value=\"762\" \/><input type=\"hidden\" name=\"_wpcf7_version\" value=\"6.1.5\" \/><input type=\"hidden\" name=\"_wpcf7_locale\" value=\"en_US\" \/><input type=\"hidden\" name=\"_wpcf7_unit_tag\" value=\"wpcf7-f762-o1\" \/><input type=\"hidden\" name=\"_wpcf7_container_post\" value=\"0\" \/><input type=\"hidden\" name=\"_wpcf7_posted_data_hash\" value=\"\" \/><input type=\"hidden\" name=\"_wpcf7_recaptcha_response\" value=\"\" \/>\n<\/fieldset>\n<p>El teu nom (requerit)\n<\/p>\n<p><span class=\"wpcf7-form-control-wrap\" data-name=\"your-name\"><input size=\"40\" maxlength=\"400\" class=\"wpcf7-form-control wpcf7-text wpcf7-validates-as-required\" aria-required=\"true\" aria-invalid=\"false\" value=\"\" type=\"text\" name=\"your-name\" \/><\/span>\n<\/p>\n<p>El teu mail (requerit)\n<\/p>\n<p><span class=\"wpcf7-form-control-wrap\" data-name=\"your-email\"><input size=\"40\" maxlength=\"400\" class=\"wpcf7-form-control wpcf7-email wpcf7-validates-as-required wpcf7-text wpcf7-validates-as-email\" aria-required=\"true\" aria-invalid=\"false\" value=\"\" type=\"email\" name=\"your-email\" \/><\/span>\n<\/p>\n<p>Assumpte\n<\/p>\n<p><span class=\"wpcf7-form-control-wrap\" data-name=\"your-subject\"><input size=\"40\" maxlength=\"400\" class=\"wpcf7-form-control wpcf7-text\" aria-invalid=\"false\" value=\"\" type=\"text\" name=\"your-subject\" \/><\/span>\n<\/p>\n<p>El Teu Missatge\n<\/p>\n<p><span class=\"wpcf7-form-control-wrap\" data-name=\"your-message\"><textarea cols=\"40\" rows=\"10\" maxlength=\"2000\" class=\"wpcf7-form-control wpcf7-textarea\" aria-invalid=\"false\" name=\"your-message\"><\/textarea><\/span>\n<\/p>\n<p><input class=\"wpcf7-form-control wpcf7-submit has-spinner\" type=\"submit\" value=\"Enviar\" \/>\n<\/p><p style=\"display: none !important;\" class=\"akismet-fields-container\" data-prefix=\"_wpcf7_ak_\"><label>&#916;<textarea name=\"_wpcf7_ak_hp_textarea\" cols=\"45\" rows=\"8\" maxlength=\"100\"><\/textarea><\/label><input type=\"hidden\" id=\"ak_js_1\" name=\"_wpcf7_ak_js\" value=\"110\"\/><script>document.getElementById( \"ak_js_1\" ).setAttribute( \"value\", ( new Date() ).getTime() );<\/script><\/p><div class=\"wpcf7-response-output\" aria-hidden=\"true\"><\/div>\n<\/form>\n<\/div>\n[vc_column_text]\n<p style=\"text-align: center;\">&nbsp; &nbsp; &nbsp; &nbsp; &nbsp; &nbsp; &nbsp; &nbsp; &nbsp; &nbsp; &nbsp; &nbsp; &nbsp; &nbsp; &nbsp; &nbsp; &nbsp;&nbsp;<img loading=\"lazy\" decoding=\"async\" class=\"alignnone size-medium wp-image-6737\" src=\"https:\/\/www.decomat.com\/wp-content\/uploads\/2012\/10\/interior-design-2-272x300.png\" alt=\"\" width=\"272\" height=\"300\" srcset=\"https:\/\/decomat.com\/wp-content\/uploads\/2012\/10\/interior-design-2-272x300.png 272w, https:\/\/decomat.com\/wp-content\/uploads\/2012\/10\/interior-design-2-235x260.png 235w, https:\/\/decomat.com\/wp-content\/uploads\/2012\/10\/interior-design-2.png 305w\" sizes=\"auto, (max-width: 272px) 100vw, 272px\" \/><\/p>\n<p>&nbsp;<\/p>\n<p>&nbsp;<\/p>\n<p>Portem a terme els nostres <strong>projectes de reforma<\/strong> sota un exhaustiu control, un assessorament continu i una eficient coordinaci\u00f3 dels industrials en l&#8217;execuci\u00f3 de l&#8217;obra que garanteixen el compliment dels pressupostos i terminis de lliurament pactats.<\/p>\n<p>&nbsp;[\/vc_column_text][\/vc_column][\/vc_row]","protected":false},"excerpt":{"rendered":"<p>[vc_row][vc_column width=&#8221;1\/2&#8243;][vc_column_text] Reformes per a la llar Som conscients dels inconvenients i preocupacions que provoca la contractaci\u00f3 de diverses empreses de rehabilitaci\u00f3 per a l&#8217;execuci\u00f3 de la reforma de la seva llar, per aix\u00f2&nbsp;som especialistes&nbsp;en reformes integrals i reformes per a la llar. La implicaci\u00f3 amb un \u00fanic interlocutor per a l&#8217;execuci\u00f3 de la rehabilitaci\u00f3&nbsp;evita [&hellip;]<\/p>\n","protected":false},"author":8979,"featured_media":0,"parent":715,"menu_order":2,"comment_status":"open","ping_status":"closed","template":"","meta":{"_monsterinsights_skip_tracking":false,"_monsterinsights_sitenote_active":false,"_monsterinsights_sitenote_note":"","_monsterinsights_sitenote_category":0,"ngg_post_thumbnail":0,"footnotes":""},"class_list":["post-4129","page","type-page","status-publish","hentry"],"yoast_head":"<!-- This site is optimized with the Yoast SEO plugin v27.3 - https:\/\/yoast.com\/product\/yoast-seo-wordpress\/ -->\n<title>Reformes per a la llar - decomat<\/title>\n<meta name=\"robots\" content=\"index, follow, max-snippet:-1, max-image-preview:large, max-video-preview:-1\" \/>\n<link rel=\"canonical\" href=\"https:\/\/decomat.com\/es\/hogar\/reformas-para-el-hogar\/\" \/>\n<meta property=\"og:locale\" content=\"ca_ES\" \/>\n<meta property=\"og:type\" content=\"article\" \/>\n<meta property=\"og:title\" content=\"Reformes per a la llar - decomat\" \/>\n<meta property=\"og:description\" content=\"[vc_row][vc_column width=&#8221;1\/2&#8243;][vc_column_text] Reformes per a la llar Som conscients dels inconvenients i preocupacions que provoca la contractaci\u00f3 de diverses empreses de rehabilitaci\u00f3 per a l&#8217;execuci\u00f3 de la reforma de la seva llar, per aix\u00f2&nbsp;som especialistes&nbsp;en reformes integrals i reformes per a la llar. La implicaci\u00f3 amb un \u00fanic interlocutor per a l&#8217;execuci\u00f3 de la rehabilitaci\u00f3&nbsp;evita [&hellip;]\" \/>\n<meta property=\"og:url\" content=\"https:\/\/decomat.com\/es\/hogar\/reformas-para-el-hogar\/\" \/>\n<meta property=\"og:site_name\" content=\"decomat\" \/>\n<meta property=\"article:modified_time\" content=\"2017-08-16T16:53:59+00:00\" \/>\n<meta property=\"og:image\" content=\"https:\/\/decomat.com\/wp-content\/uploads\/2012\/10\/abansidespresreforma.jpg\" \/>\n\t<meta property=\"og:image:width\" content=\"750\" \/>\n\t<meta property=\"og:image:height\" content=\"1017\" \/>\n\t<meta property=\"og:image:type\" content=\"image\/jpeg\" \/>\n<meta name=\"twitter:card\" content=\"summary_large_image\" \/>\n<meta name=\"twitter:label1\" content=\"Est. reading time\" \/>\n\t<meta name=\"twitter:data1\" content=\"2 minutes\" \/>\n<script type=\"application\/ld+json\" class=\"yoast-schema-graph\">{\"@context\":\"https:\\\/\\\/schema.org\",\"@graph\":[{\"@type\":\"WebPage\",\"@id\":\"https:\\\/\\\/decomat.com\\\/es\\\/hogar\\\/reformas-para-el-hogar\\\/\",\"url\":\"https:\\\/\\\/decomat.com\\\/es\\\/hogar\\\/reformas-para-el-hogar\\\/\",\"name\":\"Reformes per a la llar - decomat\",\"isPartOf\":{\"@id\":\"https:\\\/\\\/decomat.com\\\/ca\\\/#website\"},\"primaryImageOfPage\":{\"@id\":\"https:\\\/\\\/decomat.com\\\/es\\\/hogar\\\/reformas-para-el-hogar\\\/#primaryimage\"},\"image\":{\"@id\":\"https:\\\/\\\/decomat.com\\\/es\\\/hogar\\\/reformas-para-el-hogar\\\/#primaryimage\"},\"thumbnailUrl\":\"https:\\\/\\\/www.decomat.com\\\/wp-content\\\/uploads\\\/2012\\\/10\\\/abansidespresreforma-221x300.jpg\",\"datePublished\":\"2012-10-01T15:33:22+00:00\",\"dateModified\":\"2017-08-16T16:53:59+00:00\",\"breadcrumb\":{\"@id\":\"https:\\\/\\\/decomat.com\\\/es\\\/hogar\\\/reformas-para-el-hogar\\\/#breadcrumb\"},\"inLanguage\":\"ca-ES\",\"potentialAction\":[{\"@type\":\"ReadAction\",\"target\":[\"https:\\\/\\\/decomat.com\\\/es\\\/hogar\\\/reformas-para-el-hogar\\\/\"]}]},{\"@type\":\"ImageObject\",\"inLanguage\":\"ca-ES\",\"@id\":\"https:\\\/\\\/decomat.com\\\/es\\\/hogar\\\/reformas-para-el-hogar\\\/#primaryimage\",\"url\":\"https:\\\/\\\/www.decomat.com\\\/wp-content\\\/uploads\\\/2012\\\/10\\\/abansidespresreforma-221x300.jpg\",\"contentUrl\":\"https:\\\/\\\/www.decomat.com\\\/wp-content\\\/uploads\\\/2012\\\/10\\\/abansidespresreforma-221x300.jpg\"},{\"@type\":\"BreadcrumbList\",\"@id\":\"https:\\\/\\\/decomat.com\\\/es\\\/hogar\\\/reformas-para-el-hogar\\\/#breadcrumb\",\"itemListElement\":[{\"@type\":\"ListItem\",\"position\":1,\"name\":\"Portada\",\"item\":\"https:\\\/\\\/decomat.com\\\/ca\\\/\"},{\"@type\":\"ListItem\",\"position\":2,\"name\":\"Hogar\",\"item\":\"https:\\\/\\\/decomat.com\\\/es\\\/hogar\\\/\"},{\"@type\":\"ListItem\",\"position\":3,\"name\":\"Reformas para el hogar\"}]},{\"@type\":\"WebSite\",\"@id\":\"https:\\\/\\\/decomat.com\\\/ca\\\/#website\",\"url\":\"https:\\\/\\\/decomat.com\\\/ca\\\/\",\"name\":\"decomat\",\"description\":\"Material decoraci\u00f3\",\"potentialAction\":[{\"@type\":\"SearchAction\",\"target\":{\"@type\":\"EntryPoint\",\"urlTemplate\":\"https:\\\/\\\/decomat.com\\\/ca\\\/?s={search_term_string}\"},\"query-input\":{\"@type\":\"PropertyValueSpecification\",\"valueRequired\":true,\"valueName\":\"search_term_string\"}}],\"inLanguage\":\"ca-ES\"}]}<\/script>\n<!-- \/ Yoast SEO plugin. -->","yoast_head_json":{"title":"Reformes per a la llar - decomat","robots":{"index":"index","follow":"follow","max-snippet":"max-snippet:-1","max-image-preview":"max-image-preview:large","max-video-preview":"max-video-preview:-1"},"canonical":"https:\/\/decomat.com\/es\/hogar\/reformas-para-el-hogar\/","og_locale":"ca_ES","og_type":"article","og_title":"Reformes per a la llar - decomat","og_description":"[vc_row][vc_column width=&#8221;1\/2&#8243;][vc_column_text] Reformes per a la llar Som conscients dels inconvenients i preocupacions que provoca la contractaci\u00f3 de diverses empreses de rehabilitaci\u00f3 per a l&#8217;execuci\u00f3 de la reforma de la seva llar, per aix\u00f2&nbsp;som especialistes&nbsp;en reformes integrals i reformes per a la llar. La implicaci\u00f3 amb un \u00fanic interlocutor per a l&#8217;execuci\u00f3 de la rehabilitaci\u00f3&nbsp;evita [&hellip;]","og_url":"https:\/\/decomat.com\/es\/hogar\/reformas-para-el-hogar\/","og_site_name":"decomat","article_modified_time":"2017-08-16T16:53:59+00:00","og_image":[{"width":750,"height":1017,"url":"https:\/\/decomat.com\/wp-content\/uploads\/2012\/10\/abansidespresreforma.jpg","type":"image\/jpeg"}],"twitter_card":"summary_large_image","twitter_misc":{"Est. reading time":"2 minutes"},"schema":{"@context":"https:\/\/schema.org","@graph":[{"@type":"WebPage","@id":"https:\/\/decomat.com\/es\/hogar\/reformas-para-el-hogar\/","url":"https:\/\/decomat.com\/es\/hogar\/reformas-para-el-hogar\/","name":"Reformes per a la llar - decomat","isPartOf":{"@id":"https:\/\/decomat.com\/ca\/#website"},"primaryImageOfPage":{"@id":"https:\/\/decomat.com\/es\/hogar\/reformas-para-el-hogar\/#primaryimage"},"image":{"@id":"https:\/\/decomat.com\/es\/hogar\/reformas-para-el-hogar\/#primaryimage"},"thumbnailUrl":"https:\/\/www.decomat.com\/wp-content\/uploads\/2012\/10\/abansidespresreforma-221x300.jpg","datePublished":"2012-10-01T15:33:22+00:00","dateModified":"2017-08-16T16:53:59+00:00","breadcrumb":{"@id":"https:\/\/decomat.com\/es\/hogar\/reformas-para-el-hogar\/#breadcrumb"},"inLanguage":"ca-ES","potentialAction":[{"@type":"ReadAction","target":["https:\/\/decomat.com\/es\/hogar\/reformas-para-el-hogar\/"]}]},{"@type":"ImageObject","inLanguage":"ca-ES","@id":"https:\/\/decomat.com\/es\/hogar\/reformas-para-el-hogar\/#primaryimage","url":"https:\/\/www.decomat.com\/wp-content\/uploads\/2012\/10\/abansidespresreforma-221x300.jpg","contentUrl":"https:\/\/www.decomat.com\/wp-content\/uploads\/2012\/10\/abansidespresreforma-221x300.jpg"},{"@type":"BreadcrumbList","@id":"https:\/\/decomat.com\/es\/hogar\/reformas-para-el-hogar\/#breadcrumb","itemListElement":[{"@type":"ListItem","position":1,"name":"Portada","item":"https:\/\/decomat.com\/ca\/"},{"@type":"ListItem","position":2,"name":"Hogar","item":"https:\/\/decomat.com\/es\/hogar\/"},{"@type":"ListItem","position":3,"name":"Reformas para el hogar"}]},{"@type":"WebSite","@id":"https:\/\/decomat.com\/ca\/#website","url":"https:\/\/decomat.com\/ca\/","name":"decomat","description":"Material decoraci\u00f3","potentialAction":[{"@type":"SearchAction","target":{"@type":"EntryPoint","urlTemplate":"https:\/\/decomat.com\/ca\/?s={search_term_string}"},"query-input":{"@type":"PropertyValueSpecification","valueRequired":true,"valueName":"search_term_string"}}],"inLanguage":"ca-ES"}]}},"_links":{"self":[{"href":"https:\/\/decomat.com\/ca\/wp-json\/wp\/v2\/pages\/4129","targetHints":{"allow":["GET"]}}],"collection":[{"href":"https:\/\/decomat.com\/ca\/wp-json\/wp\/v2\/pages"}],"about":[{"href":"https:\/\/decomat.com\/ca\/wp-json\/wp\/v2\/types\/page"}],"author":[{"embeddable":true,"href":"https:\/\/decomat.com\/ca\/wp-json\/wp\/v2\/users\/8979"}],"replies":[{"embeddable":true,"href":"https:\/\/decomat.com\/ca\/wp-json\/wp\/v2\/comments?post=4129"}],"version-history":[{"count":23,"href":"https:\/\/decomat.com\/ca\/wp-json\/wp\/v2\/pages\/4129\/revisions"}],"predecessor-version":[{"id":6751,"href":"https:\/\/decomat.com\/ca\/wp-json\/wp\/v2\/pages\/4129\/revisions\/6751"}],"up":[{"embeddable":true,"href":"https:\/\/decomat.com\/ca\/wp-json\/wp\/v2\/pages\/715"}],"wp:attachment":[{"href":"https:\/\/decomat.com\/ca\/wp-json\/wp\/v2\/media?parent=4129"}],"curies":[{"name":"wp","href":"https:\/\/api.w.org\/{rel}","templated":true}]}}