{"id":4131,"date":"2012-10-01T17:36:37","date_gmt":"2012-10-01T15:36:37","guid":{"rendered":"http:\/\/www.decomat.com\/?page_id=4131"},"modified":"2014-06-28T12:36:22","modified_gmt":"2014-06-28T10:36:22","slug":"proyectos-interiorismo-para-el-hogar","status":"publish","type":"page","link":"https:\/\/decomat.com\/ca\/hogar\/proyectos-interiorismo-para-el-hogar\/","title":{"rendered":"Projectes interiorisme per a la llar"},"content":{"rendered":"<p><\/p>\n<h1>Projectes interiorisme per a la llar<\/h1>\n<p>Elaborem projectes integrals d&#8217;interiorisme per a la llar.<\/p>\n<p>El punt de partida \u00e9s un assesorament per analitzar les necessitats i inquietuds de cada client i donar resposta est\u00e8tica i de disseny al seu projecte.<\/p>\n<p>Per trobar la soluci\u00f3 m\u00e9s adequada i adaptar-la a les necessitats de projecte interiorisme per a la llar, assesorem en:<\/p>\n<ul>\n<li>opcions d&#8217;estil (\u00faltimes novetats i tend\u00e8ncies: Feng Shui, Zen, Minimalisme, etc&#8230;) que permetin un habitatge saludable i una distribuci\u00f3 i arquitectura interior adecuades.<\/li>\n<li>\u00a0il\u00b7luminaci\u00f3 dels espais a decorar (efectuant un estudi d&#8217;il\u00b7luminaci\u00f3 que incorpora fonts de llum, intensitat, i temperatura de color que juntament amb la dom\u00f2tica ens ajudar\u00e0 a aconseguir l&#8217;ambient m\u00e9s encertat)<\/li>\n<li>funcionalitat.<\/li>\n<\/ul>\n<p>Aquesta fussi\u00f3 del disseny i il\u00b7luminaci\u00f3 amb la funcionalitat, \u00e9s la clau que garanteix l&#8217;\u00e8xit de tots els nostres projectes d&#8217;interiorisme per a la llar.<\/p>\n<p>Amb aquesta intenci\u00f3 oferim servei de:<\/p>\n<ul>\n<li>assesorament en interiorisme (definici\u00f3 del projecte)<\/li>\n<li>elaboraci\u00f3 de projecte d&#8217;interiorisme, desnevolupant-lo t\u00e8cnicament mitjan\u00e7ant pl\u00e0nols, mem\u00f2ries i pressupostos<\/li>\n<li>valorem les diferents idees i solucions<\/li>\n<li>direcci\u00f3 d&#8217;obra<\/li>\n<\/ul>\n<p><\/p>","protected":false},"excerpt":{"rendered":"<p>Projectes interiorisme per a la llar Elaborem projectes integrals d&#8217;interiorisme per a la llar. El punt de partida \u00e9s un assesorament per analitzar les necessitats i inquietuds de cada client i donar resposta est\u00e8tica i de disseny al seu projecte. Per trobar la soluci\u00f3 m\u00e9s adequada i adaptar-la a les necessitats de projecte interiorisme per [&hellip;]<\/p>\n","protected":false},"author":8979,"featured_media":0,"parent":715,"menu_order":2,"comment_status":"open","ping_status":"closed","template":"","meta":{"_monsterinsights_skip_tracking":false,"_monsterinsights_sitenote_active":false,"_monsterinsights_sitenote_note":"","_monsterinsights_sitenote_category":0,"ngg_post_thumbnail":0,"footnotes":""},"class_list":["post-4131","page","type-page","status-publish","hentry"],"yoast_head":"<!-- This site is optimized with the Yoast SEO plugin v27.4 - https:\/\/yoast.com\/product\/yoast-seo-wordpress\/ -->\n<title>Projectes interiorisme per a la llar - decomat<\/title>\n<meta name=\"robots\" content=\"index, follow, max-snippet:-1, max-image-preview:large, max-video-preview:-1\" \/>\n<link rel=\"canonical\" href=\"https:\/\/decomat.com\/es\/hogar\/proyectos-interiorismo-para-el-hogar\/\" \/>\n<meta property=\"og:locale\" content=\"ca_ES\" \/>\n<meta property=\"og:type\" content=\"article\" \/>\n<meta property=\"og:title\" content=\"Projectes interiorisme per a la llar - decomat\" \/>\n<meta property=\"og:description\" content=\"Projectes interiorisme per a la llar Elaborem projectes integrals d&#8217;interiorisme per a la llar. El punt de partida \u00e9s un assesorament per analitzar les necessitats i inquietuds de cada client i donar resposta est\u00e8tica i de disseny al seu projecte. Per trobar la soluci\u00f3 m\u00e9s adequada i adaptar-la a les necessitats de projecte interiorisme per [&hellip;]\" \/>\n<meta property=\"og:url\" content=\"https:\/\/decomat.com\/es\/hogar\/proyectos-interiorismo-para-el-hogar\/\" \/>\n<meta property=\"og:site_name\" content=\"decomat\" \/>\n<meta property=\"article:modified_time\" content=\"2014-06-28T10:36:22+00:00\" \/>\n<meta name=\"twitter:card\" content=\"summary_large_image\" \/>\n<meta name=\"twitter:label1\" content=\"Est. reading time\" \/>\n\t<meta name=\"twitter:data1\" content=\"2 minutes\" \/>\n<script type=\"application\/ld+json\" class=\"yoast-schema-graph\">{\"@context\":\"https:\\\/\\\/schema.org\",\"@graph\":[{\"@type\":\"WebPage\",\"@id\":\"https:\\\/\\\/decomat.com\\\/es\\\/hogar\\\/proyectos-interiorismo-para-el-hogar\\\/\",\"url\":\"https:\\\/\\\/decomat.com\\\/es\\\/hogar\\\/proyectos-interiorismo-para-el-hogar\\\/\",\"name\":\"Projectes interiorisme per a la llar - decomat\",\"isPartOf\":{\"@id\":\"https:\\\/\\\/decomat.com\\\/ca\\\/#website\"},\"datePublished\":\"2012-10-01T15:36:37+00:00\",\"dateModified\":\"2014-06-28T10:36:22+00:00\",\"breadcrumb\":{\"@id\":\"https:\\\/\\\/decomat.com\\\/es\\\/hogar\\\/proyectos-interiorismo-para-el-hogar\\\/#breadcrumb\"},\"inLanguage\":\"ca-ES\",\"potentialAction\":[{\"@type\":\"ReadAction\",\"target\":[\"https:\\\/\\\/decomat.com\\\/es\\\/hogar\\\/proyectos-interiorismo-para-el-hogar\\\/\"]}]},{\"@type\":\"BreadcrumbList\",\"@id\":\"https:\\\/\\\/decomat.com\\\/es\\\/hogar\\\/proyectos-interiorismo-para-el-hogar\\\/#breadcrumb\",\"itemListElement\":[{\"@type\":\"ListItem\",\"position\":1,\"name\":\"Portada\",\"item\":\"https:\\\/\\\/decomat.com\\\/ca\\\/\"},{\"@type\":\"ListItem\",\"position\":2,\"name\":\"Hogar\",\"item\":\"https:\\\/\\\/decomat.com\\\/es\\\/hogar\\\/\"},{\"@type\":\"ListItem\",\"position\":3,\"name\":\"Proyectos interiorismo para el hogar\"}]},{\"@type\":\"WebSite\",\"@id\":\"https:\\\/\\\/decomat.com\\\/ca\\\/#website\",\"url\":\"https:\\\/\\\/decomat.com\\\/ca\\\/\",\"name\":\"decomat\",\"description\":\"Material decoraci\u00f3\",\"potentialAction\":[{\"@type\":\"SearchAction\",\"target\":{\"@type\":\"EntryPoint\",\"urlTemplate\":\"https:\\\/\\\/decomat.com\\\/ca\\\/?s={search_term_string}\"},\"query-input\":{\"@type\":\"PropertyValueSpecification\",\"valueRequired\":true,\"valueName\":\"search_term_string\"}}],\"inLanguage\":\"ca-ES\"}]}<\/script>\n<!-- \/ Yoast SEO plugin. -->","yoast_head_json":{"title":"Projectes interiorisme per a la llar - decomat","robots":{"index":"index","follow":"follow","max-snippet":"max-snippet:-1","max-image-preview":"max-image-preview:large","max-video-preview":"max-video-preview:-1"},"canonical":"https:\/\/decomat.com\/es\/hogar\/proyectos-interiorismo-para-el-hogar\/","og_locale":"ca_ES","og_type":"article","og_title":"Projectes interiorisme per a la llar - decomat","og_description":"Projectes interiorisme per a la llar Elaborem projectes integrals d&#8217;interiorisme per a la llar. El punt de partida \u00e9s un assesorament per analitzar les necessitats i inquietuds de cada client i donar resposta est\u00e8tica i de disseny al seu projecte. Per trobar la soluci\u00f3 m\u00e9s adequada i adaptar-la a les necessitats de projecte interiorisme per [&hellip;]","og_url":"https:\/\/decomat.com\/es\/hogar\/proyectos-interiorismo-para-el-hogar\/","og_site_name":"decomat","article_modified_time":"2014-06-28T10:36:22+00:00","twitter_card":"summary_large_image","twitter_misc":{"Est. reading time":"2 minutes"},"schema":{"@context":"https:\/\/schema.org","@graph":[{"@type":"WebPage","@id":"https:\/\/decomat.com\/es\/hogar\/proyectos-interiorismo-para-el-hogar\/","url":"https:\/\/decomat.com\/es\/hogar\/proyectos-interiorismo-para-el-hogar\/","name":"Projectes interiorisme per a la llar - decomat","isPartOf":{"@id":"https:\/\/decomat.com\/ca\/#website"},"datePublished":"2012-10-01T15:36:37+00:00","dateModified":"2014-06-28T10:36:22+00:00","breadcrumb":{"@id":"https:\/\/decomat.com\/es\/hogar\/proyectos-interiorismo-para-el-hogar\/#breadcrumb"},"inLanguage":"ca-ES","potentialAction":[{"@type":"ReadAction","target":["https:\/\/decomat.com\/es\/hogar\/proyectos-interiorismo-para-el-hogar\/"]}]},{"@type":"BreadcrumbList","@id":"https:\/\/decomat.com\/es\/hogar\/proyectos-interiorismo-para-el-hogar\/#breadcrumb","itemListElement":[{"@type":"ListItem","position":1,"name":"Portada","item":"https:\/\/decomat.com\/ca\/"},{"@type":"ListItem","position":2,"name":"Hogar","item":"https:\/\/decomat.com\/es\/hogar\/"},{"@type":"ListItem","position":3,"name":"Proyectos interiorismo para el hogar"}]},{"@type":"WebSite","@id":"https:\/\/decomat.com\/ca\/#website","url":"https:\/\/decomat.com\/ca\/","name":"decomat","description":"Material decoraci\u00f3","potentialAction":[{"@type":"SearchAction","target":{"@type":"EntryPoint","urlTemplate":"https:\/\/decomat.com\/ca\/?s={search_term_string}"},"query-input":{"@type":"PropertyValueSpecification","valueRequired":true,"valueName":"search_term_string"}}],"inLanguage":"ca-ES"}]}},"_links":{"self":[{"href":"https:\/\/decomat.com\/ca\/wp-json\/wp\/v2\/pages\/4131","targetHints":{"allow":["GET"]}}],"collection":[{"href":"https:\/\/decomat.com\/ca\/wp-json\/wp\/v2\/pages"}],"about":[{"href":"https:\/\/decomat.com\/ca\/wp-json\/wp\/v2\/types\/page"}],"author":[{"embeddable":true,"href":"https:\/\/decomat.com\/ca\/wp-json\/wp\/v2\/users\/8979"}],"replies":[{"embeddable":true,"href":"https:\/\/decomat.com\/ca\/wp-json\/wp\/v2\/comments?post=4131"}],"version-history":[{"count":15,"href":"https:\/\/decomat.com\/ca\/wp-json\/wp\/v2\/pages\/4131\/revisions"}],"predecessor-version":[{"id":5713,"href":"https:\/\/decomat.com\/ca\/wp-json\/wp\/v2\/pages\/4131\/revisions\/5713"}],"up":[{"embeddable":true,"href":"https:\/\/decomat.com\/ca\/wp-json\/wp\/v2\/pages\/715"}],"wp:attachment":[{"href":"https:\/\/decomat.com\/ca\/wp-json\/wp\/v2\/media?parent=4131"}],"curies":[{"name":"wp","href":"https:\/\/api.w.org\/{rel}","templated":true}]}}