{"id":4134,"date":"2012-10-01T17:40:20","date_gmt":"2012-10-01T15:40:20","guid":{"rendered":"http:\/\/www.decomat.com\/?page_id=4134"},"modified":"2017-08-16T18:45:53","modified_gmt":"2017-08-16T16:45:53","slug":"reformas-cocina-y-bano-para-el-hogar","status":"publish","type":"page","link":"https:\/\/decomat.com\/ca\/hogar\/reformas-cocina-y-bano-para-el-hogar\/","title":{"rendered":"Reformes cuina i bany per a la llar"},"content":{"rendered":"<h1>Reformes cuina i bany per a la llar<\/h1>\n<p>La <strong>reforma cuina i bany per a la llar,<\/strong> \u00e9s el resultat de l&#8217;an\u00e0lisi de les seves necessitats i del disseny, amb l&#8217;aportaci\u00f3 t\u00e8cnica i est\u00e8tica del nostre equip d&#8217;especialistes en interiorisme i reformes de banys i cuines, del seu projecte per al seu bany o cuina.<\/p>\n<p>Un cop disposem del projecte per les reformes cuina i\/o bany per a la llar, li valorem tots els <strong>materials<\/strong> necessaris per a la seva realitzaci\u00f3&nbsp; (rajoles, pintura, revestiments, paviments, mobiliari de cuina,&nbsp;taules cuina, complements de cuina, cadires cuina, mobiliari de bany, &nbsp;aixetes,&nbsp; complements bany, sanitaris,&nbsp; mampares de bany,&nbsp;&nbsp; fusteria pr\u00f2pia,&nbsp; mobles a mida en general) i li entreguem un pressupost detallat de: paleta, lampista, electricista, fuster, montatge de mobiliari de&nbsp;bany o&nbsp; cuina i instal\u00b7lador de mampares de bany.<\/p>\n<p>Reformes cuines i banys a Barcelona, Reformas integrals i Rehabilitaci\u00f3 pisos aix\u00ed com Pressupost reformes Barcelona, Badalona, Castelldefels, Cornella, El Prat, Esplugues, Gava, Granollers, L\u00b4Hospitalet, Martorell, Mataro, Sabadell, Sant Adria del Besos, Sant Boi, Sant Cugat, Sant Feliu, Sant Joan Despi, Santa Coloma de Gramanet, Sitges, Teia, Terrassa, Sant Just Desvern","protected":false},"excerpt":{"rendered":"<p>Reformes cuina i bany per a la llar La reforma cuina i bany per a la llar, \u00e9s el resultat de l&#8217;an\u00e0lisi de les seves necessitats i del disseny, amb l&#8217;aportaci\u00f3 t\u00e8cnica i est\u00e8tica del nostre equip d&#8217;especialistes en interiorisme i reformes de banys i cuines, del seu projecte per al seu bany o cuina. [&hellip;]<\/p>\n","protected":false},"author":8979,"featured_media":0,"parent":715,"menu_order":2,"comment_status":"open","ping_status":"closed","template":"","meta":{"_monsterinsights_skip_tracking":false,"_monsterinsights_sitenote_active":false,"_monsterinsights_sitenote_note":"","_monsterinsights_sitenote_category":0,"ngg_post_thumbnail":0,"footnotes":""},"class_list":["post-4134","page","type-page","status-publish","hentry"],"yoast_head":"<!-- This site is optimized with the Yoast SEO plugin v27.3 - https:\/\/yoast.com\/product\/yoast-seo-wordpress\/ -->\n<title>Reformes cuina i bany per a la llar - decomat<\/title>\n<meta name=\"robots\" content=\"index, follow, max-snippet:-1, max-image-preview:large, max-video-preview:-1\" \/>\n<link rel=\"canonical\" href=\"https:\/\/decomat.com\/es\/hogar\/reformas-cocina-y-bano-para-el-hogar\/\" \/>\n<meta property=\"og:locale\" content=\"ca_ES\" \/>\n<meta property=\"og:type\" content=\"article\" \/>\n<meta property=\"og:title\" content=\"Reformes cuina i bany per a la llar - decomat\" \/>\n<meta property=\"og:description\" content=\"Reformes cuina i bany per a la llar La reforma cuina i bany per a la llar, \u00e9s el resultat de l&#8217;an\u00e0lisi de les seves necessitats i del disseny, amb l&#8217;aportaci\u00f3 t\u00e8cnica i est\u00e8tica del nostre equip d&#8217;especialistes en interiorisme i reformes de banys i cuines, del seu projecte per al seu bany o cuina. [&hellip;]\" \/>\n<meta property=\"og:url\" content=\"https:\/\/decomat.com\/es\/hogar\/reformas-cocina-y-bano-para-el-hogar\/\" \/>\n<meta property=\"og:site_name\" content=\"decomat\" \/>\n<meta property=\"article:modified_time\" content=\"2017-08-16T16:45:53+00:00\" \/>\n<meta property=\"og:image\" content=\"https:\/\/www.decomat.com\/wp-content\/uploads\/2012\/10\/live62847_008-300x63.jpg\" \/>\n<meta name=\"twitter:card\" content=\"summary_large_image\" \/>\n<meta name=\"twitter:label1\" content=\"Est. reading time\" \/>\n\t<meta name=\"twitter:data1\" content=\"2 minutes\" \/>\n<script type=\"application\/ld+json\" class=\"yoast-schema-graph\">{\"@context\":\"https:\\\/\\\/schema.org\",\"@graph\":[{\"@type\":\"WebPage\",\"@id\":\"https:\\\/\\\/decomat.com\\\/es\\\/hogar\\\/reformas-cocina-y-bano-para-el-hogar\\\/\",\"url\":\"https:\\\/\\\/decomat.com\\\/es\\\/hogar\\\/reformas-cocina-y-bano-para-el-hogar\\\/\",\"name\":\"Reformes cuina i bany per a la llar - decomat\",\"isPartOf\":{\"@id\":\"https:\\\/\\\/decomat.com\\\/ca\\\/#website\"},\"primaryImageOfPage\":{\"@id\":\"https:\\\/\\\/decomat.com\\\/es\\\/hogar\\\/reformas-cocina-y-bano-para-el-hogar\\\/#primaryimage\"},\"image\":{\"@id\":\"https:\\\/\\\/decomat.com\\\/es\\\/hogar\\\/reformas-cocina-y-bano-para-el-hogar\\\/#primaryimage\"},\"thumbnailUrl\":\"https:\\\/\\\/www.decomat.com\\\/wp-content\\\/uploads\\\/2012\\\/10\\\/live62847_008-300x63.jpg\",\"datePublished\":\"2012-10-01T15:40:20+00:00\",\"dateModified\":\"2017-08-16T16:45:53+00:00\",\"breadcrumb\":{\"@id\":\"https:\\\/\\\/decomat.com\\\/es\\\/hogar\\\/reformas-cocina-y-bano-para-el-hogar\\\/#breadcrumb\"},\"inLanguage\":\"ca-ES\",\"potentialAction\":[{\"@type\":\"ReadAction\",\"target\":[\"https:\\\/\\\/decomat.com\\\/es\\\/hogar\\\/reformas-cocina-y-bano-para-el-hogar\\\/\"]}]},{\"@type\":\"ImageObject\",\"inLanguage\":\"ca-ES\",\"@id\":\"https:\\\/\\\/decomat.com\\\/es\\\/hogar\\\/reformas-cocina-y-bano-para-el-hogar\\\/#primaryimage\",\"url\":\"https:\\\/\\\/www.decomat.com\\\/wp-content\\\/uploads\\\/2012\\\/10\\\/live62847_008-300x63.jpg\",\"contentUrl\":\"https:\\\/\\\/www.decomat.com\\\/wp-content\\\/uploads\\\/2012\\\/10\\\/live62847_008-300x63.jpg\"},{\"@type\":\"BreadcrumbList\",\"@id\":\"https:\\\/\\\/decomat.com\\\/es\\\/hogar\\\/reformas-cocina-y-bano-para-el-hogar\\\/#breadcrumb\",\"itemListElement\":[{\"@type\":\"ListItem\",\"position\":1,\"name\":\"Portada\",\"item\":\"https:\\\/\\\/decomat.com\\\/ca\\\/\"},{\"@type\":\"ListItem\",\"position\":2,\"name\":\"Hogar\",\"item\":\"https:\\\/\\\/decomat.com\\\/es\\\/hogar\\\/\"},{\"@type\":\"ListItem\",\"position\":3,\"name\":\"Reformas cocina y ba\u00f1o para el hogar\"}]},{\"@type\":\"WebSite\",\"@id\":\"https:\\\/\\\/decomat.com\\\/ca\\\/#website\",\"url\":\"https:\\\/\\\/decomat.com\\\/ca\\\/\",\"name\":\"decomat\",\"description\":\"Material decoraci\u00f3\",\"potentialAction\":[{\"@type\":\"SearchAction\",\"target\":{\"@type\":\"EntryPoint\",\"urlTemplate\":\"https:\\\/\\\/decomat.com\\\/ca\\\/?s={search_term_string}\"},\"query-input\":{\"@type\":\"PropertyValueSpecification\",\"valueRequired\":true,\"valueName\":\"search_term_string\"}}],\"inLanguage\":\"ca-ES\"}]}<\/script>\n<!-- \/ Yoast SEO plugin. -->","yoast_head_json":{"title":"Reformes cuina i bany per a la llar - decomat","robots":{"index":"index","follow":"follow","max-snippet":"max-snippet:-1","max-image-preview":"max-image-preview:large","max-video-preview":"max-video-preview:-1"},"canonical":"https:\/\/decomat.com\/es\/hogar\/reformas-cocina-y-bano-para-el-hogar\/","og_locale":"ca_ES","og_type":"article","og_title":"Reformes cuina i bany per a la llar - decomat","og_description":"Reformes cuina i bany per a la llar La reforma cuina i bany per a la llar, \u00e9s el resultat de l&#8217;an\u00e0lisi de les seves necessitats i del disseny, amb l&#8217;aportaci\u00f3 t\u00e8cnica i est\u00e8tica del nostre equip d&#8217;especialistes en interiorisme i reformes de banys i cuines, del seu projecte per al seu bany o cuina. [&hellip;]","og_url":"https:\/\/decomat.com\/es\/hogar\/reformas-cocina-y-bano-para-el-hogar\/","og_site_name":"decomat","article_modified_time":"2017-08-16T16:45:53+00:00","og_image":[{"url":"https:\/\/www.decomat.com\/wp-content\/uploads\/2012\/10\/live62847_008-300x63.jpg","type":"","width":"","height":""}],"twitter_card":"summary_large_image","twitter_misc":{"Est. reading time":"2 minutes"},"schema":{"@context":"https:\/\/schema.org","@graph":[{"@type":"WebPage","@id":"https:\/\/decomat.com\/es\/hogar\/reformas-cocina-y-bano-para-el-hogar\/","url":"https:\/\/decomat.com\/es\/hogar\/reformas-cocina-y-bano-para-el-hogar\/","name":"Reformes cuina i bany per a la llar - decomat","isPartOf":{"@id":"https:\/\/decomat.com\/ca\/#website"},"primaryImageOfPage":{"@id":"https:\/\/decomat.com\/es\/hogar\/reformas-cocina-y-bano-para-el-hogar\/#primaryimage"},"image":{"@id":"https:\/\/decomat.com\/es\/hogar\/reformas-cocina-y-bano-para-el-hogar\/#primaryimage"},"thumbnailUrl":"https:\/\/www.decomat.com\/wp-content\/uploads\/2012\/10\/live62847_008-300x63.jpg","datePublished":"2012-10-01T15:40:20+00:00","dateModified":"2017-08-16T16:45:53+00:00","breadcrumb":{"@id":"https:\/\/decomat.com\/es\/hogar\/reformas-cocina-y-bano-para-el-hogar\/#breadcrumb"},"inLanguage":"ca-ES","potentialAction":[{"@type":"ReadAction","target":["https:\/\/decomat.com\/es\/hogar\/reformas-cocina-y-bano-para-el-hogar\/"]}]},{"@type":"ImageObject","inLanguage":"ca-ES","@id":"https:\/\/decomat.com\/es\/hogar\/reformas-cocina-y-bano-para-el-hogar\/#primaryimage","url":"https:\/\/www.decomat.com\/wp-content\/uploads\/2012\/10\/live62847_008-300x63.jpg","contentUrl":"https:\/\/www.decomat.com\/wp-content\/uploads\/2012\/10\/live62847_008-300x63.jpg"},{"@type":"BreadcrumbList","@id":"https:\/\/decomat.com\/es\/hogar\/reformas-cocina-y-bano-para-el-hogar\/#breadcrumb","itemListElement":[{"@type":"ListItem","position":1,"name":"Portada","item":"https:\/\/decomat.com\/ca\/"},{"@type":"ListItem","position":2,"name":"Hogar","item":"https:\/\/decomat.com\/es\/hogar\/"},{"@type":"ListItem","position":3,"name":"Reformas cocina y ba\u00f1o para el hogar"}]},{"@type":"WebSite","@id":"https:\/\/decomat.com\/ca\/#website","url":"https:\/\/decomat.com\/ca\/","name":"decomat","description":"Material decoraci\u00f3","potentialAction":[{"@type":"SearchAction","target":{"@type":"EntryPoint","urlTemplate":"https:\/\/decomat.com\/ca\/?s={search_term_string}"},"query-input":{"@type":"PropertyValueSpecification","valueRequired":true,"valueName":"search_term_string"}}],"inLanguage":"ca-ES"}]}},"_links":{"self":[{"href":"https:\/\/decomat.com\/ca\/wp-json\/wp\/v2\/pages\/4134","targetHints":{"allow":["GET"]}}],"collection":[{"href":"https:\/\/decomat.com\/ca\/wp-json\/wp\/v2\/pages"}],"about":[{"href":"https:\/\/decomat.com\/ca\/wp-json\/wp\/v2\/types\/page"}],"author":[{"embeddable":true,"href":"https:\/\/decomat.com\/ca\/wp-json\/wp\/v2\/users\/8979"}],"replies":[{"embeddable":true,"href":"https:\/\/decomat.com\/ca\/wp-json\/wp\/v2\/comments?post=4134"}],"version-history":[{"count":13,"href":"https:\/\/decomat.com\/ca\/wp-json\/wp\/v2\/pages\/4134\/revisions"}],"predecessor-version":[{"id":6781,"href":"https:\/\/decomat.com\/ca\/wp-json\/wp\/v2\/pages\/4134\/revisions\/6781"}],"up":[{"embeddable":true,"href":"https:\/\/decomat.com\/ca\/wp-json\/wp\/v2\/pages\/715"}],"wp:attachment":[{"href":"https:\/\/decomat.com\/ca\/wp-json\/wp\/v2\/media?parent=4134"}],"curies":[{"name":"wp","href":"https:\/\/api.w.org\/{rel}","templated":true}]}}