{"id":4359,"date":"2012-10-11T11:35:26","date_gmt":"2012-10-11T09:35:26","guid":{"rendered":"http:\/\/www.decomat.com\/?page_id=4359"},"modified":"2012-11-20T17:49:56","modified_gmt":"2012-11-20T15:49:56","slug":"pvc-para-suelos","status":"publish","type":"page","link":"https:\/\/decomat.com\/ca\/materiales\/pavimento-suelo\/pvc-para-suelos\/","title":{"rendered":"Pvc per a terra"},"content":{"rendered":"<p><\/p>\n<h1>Pvc per a terra<\/h1>\n<h2>Aplicacions:<\/h2>\n<p>El Pvc per a terra es pot aplicar tant a la llar (passadisos, entrades, habitacions, despatxos, habitacions, sales de jocs, cuines, cuartos de bany)\u00a0com en edificis per a col\u00b7lectivitats (hotels, hosteleria,\u00a0sanitat, hospitals, salut, resid\u00e8ncies, educaci\u00f3, retail, comer\u00e7, oficines, ind\u00fastria, pistes superf\u00edcies\u00a0esportives, etc)<\/p>\n<h2><\/h2>\n<h2>\u00a0Ventatges:<\/h2>\n<ul>\n<li>Acabats d&#8217;alta qualitat<\/li>\n<li>M\u00ednim manteniment al llarg de tot el seu us<\/li>\n<li>Registent a les petjades<\/li>\n<li>Extremadament durador<\/li>\n<li>Apto per a us amb cadires amb rodes tipus W, EN 12529<\/li>\n<li>Antiest\u00e0tic (protecci\u00f3 &lt; 2 kV)<\/li>\n<li>Opcions conductivas (Gammas conductivas i ESD)<\/li>\n<li>Estabilitat del color<\/li>\n<li>Rgsistent a solucions \u00e0cides i c\u00e0ustiques (apte per laboratoris)<\/li>\n<li>Reducci\u00f3 dels sorolls ocasionats per cops<\/li>\n<li>Ign\u00edfug (Bfl-s1) i d&#8217;auto-extinci\u00f3<\/li>\n<li>Antilliscant (R 9\/R 10 depenent del producte)<\/li>\n<li>Apte per a instalacions amb terres radiants<\/li>\n<\/ul>\n<h2><\/h2>\n<h2>Presentaci\u00f3, formats, gruixos:<\/h2>\n<h3>Vinil en lames:<\/h3>\n<p>Sistema d&#8217;instal\u00b7laci\u00f3 similar a la t\u00e8cnica del terra de parquet sint\u00e8tic\u00a0laminat. Aquest format \u00e9s de f\u00e0cil instal\u00b7laci\u00f3 i no requereix de coles.<\/p>\n<h3>Vinil en llosetes:<\/h3>\n<p>30,5 x 30,5<\/p>\n<p>60,8 x 60,8<\/p>\n<h3>Vinil en rotlle:<\/h3>\n<p>Rotlles de 150, 183 i 200 cm ample.<\/p>\n<p>&nbsp;<\/p>\n<p>&nbsp;<\/p>\n<h2>Composisci\u00f3:<\/h2>\n<p>El <strong>PVC (policlorur de vinil) per a terra<\/strong> est\u00e0 compost per clor (derivat de la sal comuna) en un 57% i etil\u00e8 (derivat del petroli) en un 43%. Aquest compost es denomina diclor et\u00e0, que a altes temperatures es converteix en gas clorur de vinil (CVM).<br \/>\nDespr\u00e9s, per mitj\u00e0 d\u2019una reacci\u00f3 qu\u00edmica coneguda com polimeritzaci\u00f3, el CVM es converteix en un pols blanca, fi i qu\u00edmicament inert: la resina de PVC.<\/p>\n<p>Entre tots els pl\u00e0stics, la seva densitat \u00e9s la m\u00e9s gran: 1330g\/cm3. El seu poder cal\u00f2ric \u00e9s redu\u00eft i \u00e9s molt resistent a l\u2019atac d\u2019\u00e0cids i bases, per\u00f2 \u00e9s inestable a la calor i les radiacions\u00a0ultraviolades, per la qual cosa necessita additius.<\/p>\n<p>&nbsp;<\/p>\n<h2>Marques fabricants:<\/h2>\n<p>paviment de vinil Tarkett sommer, Gerfloor, DLW Armstrong,<\/p>","protected":false},"excerpt":{"rendered":"<p>Pvc per a terra Aplicacions: El Pvc per a terra es pot aplicar tant a la llar (passadisos, entrades, habitacions, despatxos, habitacions, sales de jocs, cuines, cuartos de bany)\u00a0com en edificis per a col\u00b7lectivitats (hotels, hosteleria,\u00a0sanitat, hospitals, salut, resid\u00e8ncies, educaci\u00f3, retail, comer\u00e7, oficines, ind\u00fastria, pistes superf\u00edcies\u00a0esportives, etc) \u00a0Ventatges: Acabats d&#8217;alta qualitat M\u00ednim manteniment al llarg [&hellip;]<\/p>\n","protected":false},"author":8979,"featured_media":0,"parent":1280,"menu_order":0,"comment_status":"open","ping_status":"closed","template":"page-PageTemplate16.php","meta":{"_monsterinsights_skip_tracking":false,"_monsterinsights_sitenote_active":false,"_monsterinsights_sitenote_note":"","_monsterinsights_sitenote_category":0,"ngg_post_thumbnail":0,"footnotes":""},"class_list":["post-4359","page","type-page","status-publish","hentry"],"yoast_head":"<!-- This site is optimized with the Yoast SEO plugin v27.4 - https:\/\/yoast.com\/product\/yoast-seo-wordpress\/ -->\n<title>Pvc per a terra - decomat<\/title>\n<meta name=\"robots\" content=\"index, follow, max-snippet:-1, max-image-preview:large, max-video-preview:-1\" \/>\n<link rel=\"canonical\" href=\"https:\/\/decomat.com\/en\/materiales\/pavimento-suelo\/pvc-para-suelos\/\" \/>\n<meta property=\"og:locale\" content=\"ca_ES\" \/>\n<meta property=\"og:type\" content=\"article\" \/>\n<meta property=\"og:title\" content=\"Pvc per a terra - decomat\" \/>\n<meta property=\"og:description\" content=\"Pvc per a terra Aplicacions: El Pvc per a terra es pot aplicar tant a la llar (passadisos, entrades, habitacions, despatxos, habitacions, sales de jocs, cuines, cuartos de bany)\u00a0com en edificis per a col\u00b7lectivitats (hotels, hosteleria,\u00a0sanitat, hospitals, salut, resid\u00e8ncies, educaci\u00f3, retail, comer\u00e7, oficines, ind\u00fastria, pistes superf\u00edcies\u00a0esportives, etc) \u00a0Ventatges: Acabats d&#8217;alta qualitat M\u00ednim manteniment al llarg [&hellip;]\" \/>\n<meta property=\"og:url\" content=\"https:\/\/decomat.com\/en\/materiales\/pavimento-suelo\/pvc-para-suelos\/\" \/>\n<meta property=\"og:site_name\" content=\"decomat\" \/>\n<meta property=\"article:modified_time\" content=\"2012-11-20T15:49:56+00:00\" \/>\n<meta name=\"twitter:card\" content=\"summary_large_image\" \/>\n<meta name=\"twitter:label1\" content=\"Est. reading time\" \/>\n\t<meta name=\"twitter:data1\" content=\"2 minutes\" \/>\n<script type=\"application\/ld+json\" class=\"yoast-schema-graph\">{\"@context\":\"https:\\\/\\\/schema.org\",\"@graph\":[{\"@type\":\"WebPage\",\"@id\":\"https:\\\/\\\/decomat.com\\\/en\\\/materiales\\\/pavimento-suelo\\\/pvc-para-suelos\\\/\",\"url\":\"https:\\\/\\\/decomat.com\\\/en\\\/materiales\\\/pavimento-suelo\\\/pvc-para-suelos\\\/\",\"name\":\"Pvc per a terra - decomat\",\"isPartOf\":{\"@id\":\"https:\\\/\\\/decomat.com\\\/ca\\\/#website\"},\"datePublished\":\"2012-10-11T09:35:26+00:00\",\"dateModified\":\"2012-11-20T15:49:56+00:00\",\"breadcrumb\":{\"@id\":\"https:\\\/\\\/decomat.com\\\/en\\\/materiales\\\/pavimento-suelo\\\/pvc-para-suelos\\\/#breadcrumb\"},\"inLanguage\":\"ca-ES\",\"potentialAction\":[{\"@type\":\"ReadAction\",\"target\":[\"https:\\\/\\\/decomat.com\\\/en\\\/materiales\\\/pavimento-suelo\\\/pvc-para-suelos\\\/\"]}]},{\"@type\":\"BreadcrumbList\",\"@id\":\"https:\\\/\\\/decomat.com\\\/en\\\/materiales\\\/pavimento-suelo\\\/pvc-para-suelos\\\/#breadcrumb\",\"itemListElement\":[{\"@type\":\"ListItem\",\"position\":1,\"name\":\"Portada\",\"item\":\"https:\\\/\\\/decomat.com\\\/ca\\\/\"},{\"@type\":\"ListItem\",\"position\":2,\"name\":\"Materials\",\"item\":\"https:\\\/\\\/decomat.com\\\/ca\\\/materiales\\\/\"},{\"@type\":\"ListItem\",\"position\":3,\"name\":\"Paviment \\\/ Terra\",\"item\":\"https:\\\/\\\/decomat.com\\\/ca\\\/materiales\\\/pavimento-suelo\\\/\"},{\"@type\":\"ListItem\",\"position\":4,\"name\":\"Pvc for soils\"}]},{\"@type\":\"WebSite\",\"@id\":\"https:\\\/\\\/decomat.com\\\/ca\\\/#website\",\"url\":\"https:\\\/\\\/decomat.com\\\/ca\\\/\",\"name\":\"decomat\",\"description\":\"Material decoraci\u00f3\",\"potentialAction\":[{\"@type\":\"SearchAction\",\"target\":{\"@type\":\"EntryPoint\",\"urlTemplate\":\"https:\\\/\\\/decomat.com\\\/ca\\\/?s={search_term_string}\"},\"query-input\":{\"@type\":\"PropertyValueSpecification\",\"valueRequired\":true,\"valueName\":\"search_term_string\"}}],\"inLanguage\":\"ca-ES\"}]}<\/script>\n<!-- \/ Yoast SEO plugin. -->","yoast_head_json":{"title":"Pvc per a terra - decomat","robots":{"index":"index","follow":"follow","max-snippet":"max-snippet:-1","max-image-preview":"max-image-preview:large","max-video-preview":"max-video-preview:-1"},"canonical":"https:\/\/decomat.com\/en\/materiales\/pavimento-suelo\/pvc-para-suelos\/","og_locale":"ca_ES","og_type":"article","og_title":"Pvc per a terra - decomat","og_description":"Pvc per a terra Aplicacions: El Pvc per a terra es pot aplicar tant a la llar (passadisos, entrades, habitacions, despatxos, habitacions, sales de jocs, cuines, cuartos de bany)\u00a0com en edificis per a col\u00b7lectivitats (hotels, hosteleria,\u00a0sanitat, hospitals, salut, resid\u00e8ncies, educaci\u00f3, retail, comer\u00e7, oficines, ind\u00fastria, pistes superf\u00edcies\u00a0esportives, etc) \u00a0Ventatges: Acabats d&#8217;alta qualitat M\u00ednim manteniment al llarg [&hellip;]","og_url":"https:\/\/decomat.com\/en\/materiales\/pavimento-suelo\/pvc-para-suelos\/","og_site_name":"decomat","article_modified_time":"2012-11-20T15:49:56+00:00","twitter_card":"summary_large_image","twitter_misc":{"Est. reading time":"2 minutes"},"schema":{"@context":"https:\/\/schema.org","@graph":[{"@type":"WebPage","@id":"https:\/\/decomat.com\/en\/materiales\/pavimento-suelo\/pvc-para-suelos\/","url":"https:\/\/decomat.com\/en\/materiales\/pavimento-suelo\/pvc-para-suelos\/","name":"Pvc per a terra - decomat","isPartOf":{"@id":"https:\/\/decomat.com\/ca\/#website"},"datePublished":"2012-10-11T09:35:26+00:00","dateModified":"2012-11-20T15:49:56+00:00","breadcrumb":{"@id":"https:\/\/decomat.com\/en\/materiales\/pavimento-suelo\/pvc-para-suelos\/#breadcrumb"},"inLanguage":"ca-ES","potentialAction":[{"@type":"ReadAction","target":["https:\/\/decomat.com\/en\/materiales\/pavimento-suelo\/pvc-para-suelos\/"]}]},{"@type":"BreadcrumbList","@id":"https:\/\/decomat.com\/en\/materiales\/pavimento-suelo\/pvc-para-suelos\/#breadcrumb","itemListElement":[{"@type":"ListItem","position":1,"name":"Portada","item":"https:\/\/decomat.com\/ca\/"},{"@type":"ListItem","position":2,"name":"Materials","item":"https:\/\/decomat.com\/ca\/materiales\/"},{"@type":"ListItem","position":3,"name":"Paviment \/ Terra","item":"https:\/\/decomat.com\/ca\/materiales\/pavimento-suelo\/"},{"@type":"ListItem","position":4,"name":"Pvc for soils"}]},{"@type":"WebSite","@id":"https:\/\/decomat.com\/ca\/#website","url":"https:\/\/decomat.com\/ca\/","name":"decomat","description":"Material decoraci\u00f3","potentialAction":[{"@type":"SearchAction","target":{"@type":"EntryPoint","urlTemplate":"https:\/\/decomat.com\/ca\/?s={search_term_string}"},"query-input":{"@type":"PropertyValueSpecification","valueRequired":true,"valueName":"search_term_string"}}],"inLanguage":"ca-ES"}]}},"_links":{"self":[{"href":"https:\/\/decomat.com\/ca\/wp-json\/wp\/v2\/pages\/4359","targetHints":{"allow":["GET"]}}],"collection":[{"href":"https:\/\/decomat.com\/ca\/wp-json\/wp\/v2\/pages"}],"about":[{"href":"https:\/\/decomat.com\/ca\/wp-json\/wp\/v2\/types\/page"}],"author":[{"embeddable":true,"href":"https:\/\/decomat.com\/ca\/wp-json\/wp\/v2\/users\/8979"}],"replies":[{"embeddable":true,"href":"https:\/\/decomat.com\/ca\/wp-json\/wp\/v2\/comments?post=4359"}],"version-history":[{"count":13,"href":"https:\/\/decomat.com\/ca\/wp-json\/wp\/v2\/pages\/4359\/revisions"}],"predecessor-version":[{"id":4985,"href":"https:\/\/decomat.com\/ca\/wp-json\/wp\/v2\/pages\/4359\/revisions\/4985"}],"up":[{"embeddable":true,"href":"https:\/\/decomat.com\/ca\/wp-json\/wp\/v2\/pages\/1280"}],"wp:attachment":[{"href":"https:\/\/decomat.com\/ca\/wp-json\/wp\/v2\/media?parent=4359"}],"curies":[{"name":"wp","href":"https:\/\/api.w.org\/{rel}","templated":true}]}}