{"id":4361,"date":"2012-10-11T11:39:07","date_gmt":"2012-10-11T09:39:07","guid":{"rendered":"http:\/\/www.decomat.com\/?page_id=4361"},"modified":"2012-11-23T18:49:05","modified_gmt":"2012-11-23T16:49:05","slug":"suelos-tecnicos-elevados","status":"publish","type":"page","link":"https:\/\/decomat.com\/ca\/materiales\/pavimento-suelo\/suelos-tecnicos-elevados\/","title":{"rendered":"Terres t\u00e8cnics elevats"},"content":{"rendered":"<p><\/p>\n<h1>Terres t\u00e8cnics elevats<\/h1>\n<p align=\"justify\">Subministre i instal\u00b7laci\u00f3 de paviments terra tecnic elevat.<\/p>\n<p align=\"justify\">\n<h2>Aplicaci\u00f3 en oficines dels terres t\u00e8cnics elevats registrables:<\/h2>\n<p align=\"justify\"><span>Els terres t\u00e8cnics elevats i registrables (per passar-hi tota mena de cablejat) acostumen a utilitzar-se en edificis d&#8217;oficines, ja que faciliten el cablejat inicial de les instal\u00b7lacions (tant el\u00e8ctriques com de climatitzaci\u00f3, aigua, etc) als diferents lloc de treball, aix\u00ed com les posteriors modificacions, redistribucions, millores, reparacions i manteniment en la distribuci\u00f3 d&#8217;aquests o la creaci\u00f3 de nous llocs de treball sense necessitat de realitzar elevades despeses en obres.<\/span><\/p>\n<p align=\"justify\">Aquest tipus de s\u00f2ls t\u00e8cnics elevats registrables tamb\u00e9 permeten unificar al\u00e7ades entre s\u00f2ls d&#8217;obres a diferents cotes.<\/p>\n<p>El terra s&#8217;instal\u00b7la elevat col\u00b7locant les plaques sobre pedestals que poden entramar-se, o no, amb travessers (segons l&#8217;al\u00e7\u00e0ria).<\/p>\n<p>&nbsp;<\/p>\n<h2>Avantatages del terre t\u00e8cnic elevat registrable:<\/h2>\n<p>A banda de les esmentades anteriorment de facilitat d&#8217;acc\u00e8s al cablejat de les instal.lacions en qualsevol moment. Tamb\u00e9 podem destar-ne d&#8217;altres com:<\/p>\n<div id=\"part331485\">\n<ul>\n<li><strong>La solidessa:<\/strong> les rajoles disposen d&#8217;una rigidesa, que les fa capaces de suportar en qualsevol zona de la rajola c\u00e0rregues pesades, tant din\u00e0miques com est\u00e0tiques.<\/li>\n<li><strong>L&#8217;estabilitat lateral:<\/strong> una de les principals avantatges d&#8217;aquests terra t\u00e8cnic elevat i registrable \u00e9s el seu &#8216;posicionament positiu&#8217; que, mitjan\u00e7ant unes puntes d&#8217;ancoratge existents en els pedestals garanteix la posici\u00f3 de la base i impedeix despla\u00e7aments laterals de la mateixa, fins i tot en el cas que la fila contigua de rajoles hagi estat totalment desmuntada.<\/li>\n<li><strong>L&#8217;a\u00efllament ac\u00fastic:<\/strong> la densitat dels materials utilitzats, el pes de les rajoles i l&#8217;adecuat ajust ament entre els seus components fan que la utilitzaci\u00f3 d&#8217;aquest terra t\u00e8cnic elevat registrable sigui tan silenciosa com un s\u00f2l d&#8217;obra.<\/li>\n<li><strong>L&#8217;estabilitat dimensional:<\/strong> les rajoles s\u00f3n intercanviables en qualsevol circumst\u00e0ncia ja que els materials emprats s\u00f3n estables i permeten substituir unes peces per altres.<\/li>\n<li><strong>La varietat de producte:<\/strong> amb tres tipus de rajoles (unifix, freelay i stringered) i cadascuna d&#8217;elles pot fabricar, al seu torn, en tres nivells de regist\u00e8ncia (medium, heavy i extra-heavy).<\/li>\n<\/ul>\n<\/div>\n<h2><\/h2>\n<h2>Tipus d&#8217;acabats en els revestiments de terres t\u00e8cnics elevats registrables:<\/h2>\n<p>Els materials amb els que es revesteixen les plaques o plafons d&#8217;aglomerat de fusta i el sulfat de calci, poden ser parquets sint\u00e8tics, estratificats, lin\u00f2leums, moquetes, parquets de fusta, pvc, cer\u00e0mics i met\u00e0l\u00b7lics, amb propietats antiest\u00e0tiques, ign\u00edfugues, etc<\/p>\n<div id=\"part331484\">\n<p>&nbsp;<\/p>\n<\/div>\n<p><\/p>","protected":false},"excerpt":{"rendered":"<p>Terres t\u00e8cnics elevats Subministre i instal\u00b7laci\u00f3 de paviments terra tecnic elevat. Aplicaci\u00f3 en oficines dels terres t\u00e8cnics elevats registrables: Els terres t\u00e8cnics elevats i registrables (per passar-hi tota mena de cablejat) acostumen a utilitzar-se en edificis d&#8217;oficines, ja que faciliten el cablejat inicial de les instal\u00b7lacions (tant el\u00e8ctriques com de climatitzaci\u00f3, aigua, etc) als diferents [&hellip;]<\/p>\n","protected":false},"author":8979,"featured_media":0,"parent":1280,"menu_order":0,"comment_status":"open","ping_status":"closed","template":"","meta":{"_monsterinsights_skip_tracking":false,"_monsterinsights_sitenote_active":false,"_monsterinsights_sitenote_note":"","_monsterinsights_sitenote_category":0,"ngg_post_thumbnail":0,"footnotes":""},"class_list":["post-4361","page","type-page","status-publish","hentry"],"yoast_head":"<!-- This site is optimized with the Yoast SEO plugin v27.4 - https:\/\/yoast.com\/product\/yoast-seo-wordpress\/ -->\n<title>Terres t\u00e8cnics elevats - decomat<\/title>\n<meta name=\"robots\" content=\"index, follow, max-snippet:-1, max-image-preview:large, max-video-preview:-1\" \/>\n<link rel=\"canonical\" href=\"https:\/\/decomat.com\/ca\/materiales\/pavimento-suelo\/suelos-tecnicos-elevados\/\" \/>\n<meta property=\"og:locale\" content=\"ca_ES\" \/>\n<meta property=\"og:type\" content=\"article\" \/>\n<meta property=\"og:title\" content=\"Terres t\u00e8cnics elevats - decomat\" \/>\n<meta property=\"og:description\" content=\"Terres t\u00e8cnics elevats Subministre i instal\u00b7laci\u00f3 de paviments terra tecnic elevat. Aplicaci\u00f3 en oficines dels terres t\u00e8cnics elevats registrables: Els terres t\u00e8cnics elevats i registrables (per passar-hi tota mena de cablejat) acostumen a utilitzar-se en edificis d&#8217;oficines, ja que faciliten el cablejat inicial de les instal\u00b7lacions (tant el\u00e8ctriques com de climatitzaci\u00f3, aigua, etc) als diferents [&hellip;]\" \/>\n<meta property=\"og:url\" content=\"https:\/\/decomat.com\/ca\/materiales\/pavimento-suelo\/suelos-tecnicos-elevados\/\" \/>\n<meta property=\"og:site_name\" content=\"decomat\" \/>\n<meta property=\"article:modified_time\" content=\"2012-11-23T16:49:05+00:00\" \/>\n<meta name=\"twitter:card\" content=\"summary_large_image\" \/>\n<meta name=\"twitter:label1\" content=\"Est. reading time\" \/>\n\t<meta name=\"twitter:data1\" content=\"2 minutes\" \/>\n<script type=\"application\/ld+json\" class=\"yoast-schema-graph\">{\"@context\":\"https:\\\/\\\/schema.org\",\"@graph\":[{\"@type\":\"WebPage\",\"@id\":\"https:\\\/\\\/decomat.com\\\/ca\\\/materiales\\\/pavimento-suelo\\\/suelos-tecnicos-elevados\\\/\",\"url\":\"https:\\\/\\\/decomat.com\\\/ca\\\/materiales\\\/pavimento-suelo\\\/suelos-tecnicos-elevados\\\/\",\"name\":\"Terres t\u00e8cnics elevats - decomat\",\"isPartOf\":{\"@id\":\"https:\\\/\\\/decomat.com\\\/ca\\\/#website\"},\"datePublished\":\"2012-10-11T09:39:07+00:00\",\"dateModified\":\"2012-11-23T16:49:05+00:00\",\"breadcrumb\":{\"@id\":\"https:\\\/\\\/decomat.com\\\/ca\\\/materiales\\\/pavimento-suelo\\\/suelos-tecnicos-elevados\\\/#breadcrumb\"},\"inLanguage\":\"ca-ES\",\"potentialAction\":[{\"@type\":\"ReadAction\",\"target\":[\"https:\\\/\\\/decomat.com\\\/ca\\\/materiales\\\/pavimento-suelo\\\/suelos-tecnicos-elevados\\\/\"]}]},{\"@type\":\"BreadcrumbList\",\"@id\":\"https:\\\/\\\/decomat.com\\\/ca\\\/materiales\\\/pavimento-suelo\\\/suelos-tecnicos-elevados\\\/#breadcrumb\",\"itemListElement\":[{\"@type\":\"ListItem\",\"position\":1,\"name\":\"Portada\",\"item\":\"https:\\\/\\\/decomat.com\\\/ca\\\/\"},{\"@type\":\"ListItem\",\"position\":2,\"name\":\"Materials\",\"item\":\"https:\\\/\\\/decomat.com\\\/ca\\\/materiales\\\/\"},{\"@type\":\"ListItem\",\"position\":3,\"name\":\"Paviment \\\/ Terra\",\"item\":\"https:\\\/\\\/decomat.com\\\/ca\\\/materiales\\\/pavimento-suelo\\\/\"},{\"@type\":\"ListItem\",\"position\":4,\"name\":\"Terres t\u00e8cnics elevats\"}]},{\"@type\":\"WebSite\",\"@id\":\"https:\\\/\\\/decomat.com\\\/ca\\\/#website\",\"url\":\"https:\\\/\\\/decomat.com\\\/ca\\\/\",\"name\":\"decomat\",\"description\":\"Material decoraci\u00f3\",\"potentialAction\":[{\"@type\":\"SearchAction\",\"target\":{\"@type\":\"EntryPoint\",\"urlTemplate\":\"https:\\\/\\\/decomat.com\\\/ca\\\/?s={search_term_string}\"},\"query-input\":{\"@type\":\"PropertyValueSpecification\",\"valueRequired\":true,\"valueName\":\"search_term_string\"}}],\"inLanguage\":\"ca-ES\"}]}<\/script>\n<!-- \/ Yoast SEO plugin. -->","yoast_head_json":{"title":"Terres t\u00e8cnics elevats - decomat","robots":{"index":"index","follow":"follow","max-snippet":"max-snippet:-1","max-image-preview":"max-image-preview:large","max-video-preview":"max-video-preview:-1"},"canonical":"https:\/\/decomat.com\/ca\/materiales\/pavimento-suelo\/suelos-tecnicos-elevados\/","og_locale":"ca_ES","og_type":"article","og_title":"Terres t\u00e8cnics elevats - decomat","og_description":"Terres t\u00e8cnics elevats Subministre i instal\u00b7laci\u00f3 de paviments terra tecnic elevat. Aplicaci\u00f3 en oficines dels terres t\u00e8cnics elevats registrables: Els terres t\u00e8cnics elevats i registrables (per passar-hi tota mena de cablejat) acostumen a utilitzar-se en edificis d&#8217;oficines, ja que faciliten el cablejat inicial de les instal\u00b7lacions (tant el\u00e8ctriques com de climatitzaci\u00f3, aigua, etc) als diferents [&hellip;]","og_url":"https:\/\/decomat.com\/ca\/materiales\/pavimento-suelo\/suelos-tecnicos-elevados\/","og_site_name":"decomat","article_modified_time":"2012-11-23T16:49:05+00:00","twitter_card":"summary_large_image","twitter_misc":{"Est. reading time":"2 minutes"},"schema":{"@context":"https:\/\/schema.org","@graph":[{"@type":"WebPage","@id":"https:\/\/decomat.com\/ca\/materiales\/pavimento-suelo\/suelos-tecnicos-elevados\/","url":"https:\/\/decomat.com\/ca\/materiales\/pavimento-suelo\/suelos-tecnicos-elevados\/","name":"Terres t\u00e8cnics elevats - decomat","isPartOf":{"@id":"https:\/\/decomat.com\/ca\/#website"},"datePublished":"2012-10-11T09:39:07+00:00","dateModified":"2012-11-23T16:49:05+00:00","breadcrumb":{"@id":"https:\/\/decomat.com\/ca\/materiales\/pavimento-suelo\/suelos-tecnicos-elevados\/#breadcrumb"},"inLanguage":"ca-ES","potentialAction":[{"@type":"ReadAction","target":["https:\/\/decomat.com\/ca\/materiales\/pavimento-suelo\/suelos-tecnicos-elevados\/"]}]},{"@type":"BreadcrumbList","@id":"https:\/\/decomat.com\/ca\/materiales\/pavimento-suelo\/suelos-tecnicos-elevados\/#breadcrumb","itemListElement":[{"@type":"ListItem","position":1,"name":"Portada","item":"https:\/\/decomat.com\/ca\/"},{"@type":"ListItem","position":2,"name":"Materials","item":"https:\/\/decomat.com\/ca\/materiales\/"},{"@type":"ListItem","position":3,"name":"Paviment \/ Terra","item":"https:\/\/decomat.com\/ca\/materiales\/pavimento-suelo\/"},{"@type":"ListItem","position":4,"name":"Terres t\u00e8cnics elevats"}]},{"@type":"WebSite","@id":"https:\/\/decomat.com\/ca\/#website","url":"https:\/\/decomat.com\/ca\/","name":"decomat","description":"Material decoraci\u00f3","potentialAction":[{"@type":"SearchAction","target":{"@type":"EntryPoint","urlTemplate":"https:\/\/decomat.com\/ca\/?s={search_term_string}"},"query-input":{"@type":"PropertyValueSpecification","valueRequired":true,"valueName":"search_term_string"}}],"inLanguage":"ca-ES"}]}},"_links":{"self":[{"href":"https:\/\/decomat.com\/ca\/wp-json\/wp\/v2\/pages\/4361","targetHints":{"allow":["GET"]}}],"collection":[{"href":"https:\/\/decomat.com\/ca\/wp-json\/wp\/v2\/pages"}],"about":[{"href":"https:\/\/decomat.com\/ca\/wp-json\/wp\/v2\/types\/page"}],"author":[{"embeddable":true,"href":"https:\/\/decomat.com\/ca\/wp-json\/wp\/v2\/users\/8979"}],"replies":[{"embeddable":true,"href":"https:\/\/decomat.com\/ca\/wp-json\/wp\/v2\/comments?post=4361"}],"version-history":[{"count":6,"href":"https:\/\/decomat.com\/ca\/wp-json\/wp\/v2\/pages\/4361\/revisions"}],"predecessor-version":[{"id":5038,"href":"https:\/\/decomat.com\/ca\/wp-json\/wp\/v2\/pages\/4361\/revisions\/5038"}],"up":[{"embeddable":true,"href":"https:\/\/decomat.com\/ca\/wp-json\/wp\/v2\/pages\/1280"}],"wp:attachment":[{"href":"https:\/\/decomat.com\/ca\/wp-json\/wp\/v2\/media?parent=4361"}],"curies":[{"name":"wp","href":"https:\/\/api.w.org\/{rel}","templated":true}]}}