{"id":4415,"date":"2012-10-13T23:17:58","date_gmt":"2012-10-13T21:17:58","guid":{"rendered":"http:\/\/www.decomat.com\/?page_id=4415"},"modified":"2014-07-01T00:15:26","modified_gmt":"2014-06-30T22:15:26","slug":"ascensor","status":"publish","type":"page","link":"https:\/\/decomat.com\/ca\/materiales\/ascensor\/","title":{"rendered":"Ascensor"},"content":{"rendered":"<p><\/p>\n<h1>Ascensor<\/h1>\n<p>\u00c0mplia gamma d\u2019ascensors, tant \u00a0per a comunitat de ve\u00efns com per a cases unifamiliars.<\/p>\n<p>Dissenyem i subministrem ascensors complerts.<\/p>\n<p>En cas que la seva escala no disposi d\u2019ascensor, li podem instal\u00b7lar de nou ascensors en el forat del seu edifici aprofitant al m\u00e0xim l\u2019espai disponible de l&#8217;ascensor. Tamb\u00e9 realitzem modernitzacions, decoraci\u00f3 interior i substitucions d\u2019ascensors existents.<\/p>\n<p>Ascensors el\u00e8ctrics, hidr\u00e0ulics, salvaescales, etc que estan constru\u00efts i dissenyats conforme a les normes ISO 9001. Cal destacar els ascensors sense quarto de m\u00e0quines, pensats per satisfer les necessitats d\u2019estalvi d\u2019espai i energia.<\/p>\n<p>Realitzem estudis d\u2019implantaci\u00f3 i\/o viabilitat de la Instal\u00b7laci\u00f3 d\u2019ascensors.<\/p>\n<p>Dels diferents components d\u2019un ascensor podem destacar:<\/p>\n<h2>Cabina ascensor:<\/h2>\n<p>La cabina \u00e9s la part on s&#8217;hi encabeix tot all\u00f2 que cal transportar \u00a0(objectes, animals, persones, etc)<\/p>\n<p>En els sistemes de transport vertical o ascensors la principal caracter\u00edstica est\u00e8tica i funcional de la cabina ve definida pel panell de comanament amb diferents tipus de botoneres o pulsadors. El revestiment de les parets i sostres, paviments del terra, passamans, miralls i portes de cabina, permeten diferents alternatives que acaben donant senzillesa i eleg\u00e0ncia al conjunt de la cabina de l\u2019ascensor i proporcionen al passatger un ambient relaxat, c\u00f2mode i segur.<\/p>\n<h2>Motor:<\/h2>\n<p>El motor de l&#8217;ascensor  \u00e9s l&#8217;encarregat de fer la for\u00e7a suficient per despla\u00e7ar la cabina.<br \/>\nSi no hi ha c\u00e0rrega gaireb\u00e9 no ha de fer for\u00e7a ja que hi ha el contrap\u00e9s que s&#8217;encarrega de que la for\u00e7a sigui menor per\u00f2 igualment hi actuen les forces de fricci\u00f3 i in\u00e8rcia. En el cas de que l&#8217;ascensor vagi carregat, el motor es l&#8217;encarregat de que pugi i baixi ja que el contrap\u00e9s ja no \u00e9s suficient.<br \/>\n&nbsp;<\/p>\n<h2>L&#8217;estructura<\/h2>\n<p>:<br \/>\n\u00c9s l&#8217;encarregada de subjectar l&#8217;ascensor.<\/p>\n<h2>La corda<\/h2>\n<p>Aquesta \u00e9s l&#8217;encarregada de subjectar l&#8217;ascensor a l&#8217;aire i ha de ser suficientment resistent com per aguantar el pes de la cabina i el del contrap\u00e9s. Hi ha molts tipus de cordes per\u00f2 les m\u00e9s utilitzades s\u00f3n les de ferro.<br \/>\nActualment ja hi ha ascensors m\u00e9s moderns, hidr\u00e0ulics que funcionen sense corda ja que a sota la cabina t\u00e9 un sistema hidr\u00e0ulic que aguanta el seu pes.<\/p>\n<h2>comanaments<\/h2>\n<p>S\u00f3n els que et permeten transmetre a l&#8217;ordinador el pis al qual es vol anar. Hi ha de molts tipus, des d&#8217;ascensors de seguretat que van amb claus fins a ascensor que s\u00f3n t\u00e0ctils.<\/p>\n<h2>Politja ascensor:<\/h2>\n<p>El mecanisme de la politja, canvia la direcci\u00f3 en la for\u00e7a que fa el contrap\u00e8s.<\/p>\n<h2>Contrap\u00e8s ascensor:<\/h2>\n<p>Pesa una mica m\u00e9s que l\u2019ascensor per tal de compensar el pes dels passatgers.<\/p>\n<h2>Esmorte\u00efdors ascensor:<\/h2>\n<p>Els esmoret\u00efdors ajuden a frenar la caiguda de la cabina en el cas poc problable que falles el cable.<\/p>","protected":false},"excerpt":{"rendered":"<p>Ascensor \u00c0mplia gamma d\u2019ascensors, tant \u00a0per a comunitat de ve\u00efns com per a cases unifamiliars. Dissenyem i subministrem ascensors complerts. En cas que la seva escala no disposi d\u2019ascensor, li podem instal\u00b7lar de nou ascensors en el forat del seu edifici aprofitant al m\u00e0xim l\u2019espai disponible de l&#8217;ascensor. Tamb\u00e9 realitzem modernitzacions, decoraci\u00f3 interior i substitucions [&hellip;]<\/p>\n","protected":false},"author":8979,"featured_media":0,"parent":709,"menu_order":14,"comment_status":"open","ping_status":"closed","template":"","meta":{"_monsterinsights_skip_tracking":false,"_monsterinsights_sitenote_active":false,"_monsterinsights_sitenote_note":"","_monsterinsights_sitenote_category":0,"ngg_post_thumbnail":0,"footnotes":""},"class_list":["post-4415","page","type-page","status-publish","hentry"],"yoast_head":"<!-- This site is optimized with the Yoast SEO plugin v27.4 - https:\/\/yoast.com\/product\/yoast-seo-wordpress\/ -->\n<title>Ascensor - decomat<\/title>\n<meta name=\"robots\" content=\"index, follow, max-snippet:-1, max-image-preview:large, max-video-preview:-1\" \/>\n<link rel=\"canonical\" href=\"https:\/\/decomat.com\/en\/materiales\/ascensor\/\" \/>\n<meta property=\"og:locale\" content=\"ca_ES\" \/>\n<meta property=\"og:type\" content=\"article\" \/>\n<meta property=\"og:title\" content=\"Ascensor - decomat\" \/>\n<meta property=\"og:description\" content=\"Ascensor \u00c0mplia gamma d\u2019ascensors, tant \u00a0per a comunitat de ve\u00efns com per a cases unifamiliars. Dissenyem i subministrem ascensors complerts. En cas que la seva escala no disposi d\u2019ascensor, li podem instal\u00b7lar de nou ascensors en el forat del seu edifici aprofitant al m\u00e0xim l\u2019espai disponible de l&#8217;ascensor. Tamb\u00e9 realitzem modernitzacions, decoraci\u00f3 interior i substitucions [&hellip;]\" \/>\n<meta property=\"og:url\" content=\"https:\/\/decomat.com\/en\/materiales\/ascensor\/\" \/>\n<meta property=\"og:site_name\" content=\"decomat\" \/>\n<meta property=\"article:modified_time\" content=\"2014-06-30T22:15:26+00:00\" \/>\n<meta name=\"twitter:card\" content=\"summary_large_image\" \/>\n<meta name=\"twitter:label1\" content=\"Est. reading time\" \/>\n\t<meta name=\"twitter:data1\" content=\"5 minutes\" \/>\n<script type=\"application\/ld+json\" class=\"yoast-schema-graph\">{\"@context\":\"https:\\\/\\\/schema.org\",\"@graph\":[{\"@type\":\"WebPage\",\"@id\":\"https:\\\/\\\/decomat.com\\\/en\\\/materiales\\\/ascensor\\\/\",\"url\":\"https:\\\/\\\/decomat.com\\\/en\\\/materiales\\\/ascensor\\\/\",\"name\":\"Ascensor - decomat\",\"isPartOf\":{\"@id\":\"https:\\\/\\\/decomat.com\\\/ca\\\/#website\"},\"datePublished\":\"2012-10-13T21:17:58+00:00\",\"dateModified\":\"2014-06-30T22:15:26+00:00\",\"breadcrumb\":{\"@id\":\"https:\\\/\\\/decomat.com\\\/en\\\/materiales\\\/ascensor\\\/#breadcrumb\"},\"inLanguage\":\"ca-ES\",\"potentialAction\":[{\"@type\":\"ReadAction\",\"target\":[\"https:\\\/\\\/decomat.com\\\/en\\\/materiales\\\/ascensor\\\/\"]}]},{\"@type\":\"BreadcrumbList\",\"@id\":\"https:\\\/\\\/decomat.com\\\/en\\\/materiales\\\/ascensor\\\/#breadcrumb\",\"itemListElement\":[{\"@type\":\"ListItem\",\"position\":1,\"name\":\"Portada\",\"item\":\"https:\\\/\\\/decomat.com\\\/ca\\\/\"},{\"@type\":\"ListItem\",\"position\":2,\"name\":\"Materials\",\"item\":\"https:\\\/\\\/decomat.com\\\/ca\\\/materiales\\\/\"},{\"@type\":\"ListItem\",\"position\":3,\"name\":\"Lift \\\/ elevator\"}]},{\"@type\":\"WebSite\",\"@id\":\"https:\\\/\\\/decomat.com\\\/ca\\\/#website\",\"url\":\"https:\\\/\\\/decomat.com\\\/ca\\\/\",\"name\":\"decomat\",\"description\":\"Material decoraci\u00f3\",\"potentialAction\":[{\"@type\":\"SearchAction\",\"target\":{\"@type\":\"EntryPoint\",\"urlTemplate\":\"https:\\\/\\\/decomat.com\\\/ca\\\/?s={search_term_string}\"},\"query-input\":{\"@type\":\"PropertyValueSpecification\",\"valueRequired\":true,\"valueName\":\"search_term_string\"}}],\"inLanguage\":\"ca-ES\"}]}<\/script>\n<!-- \/ Yoast SEO plugin. -->","yoast_head_json":{"title":"Ascensor - decomat","robots":{"index":"index","follow":"follow","max-snippet":"max-snippet:-1","max-image-preview":"max-image-preview:large","max-video-preview":"max-video-preview:-1"},"canonical":"https:\/\/decomat.com\/en\/materiales\/ascensor\/","og_locale":"ca_ES","og_type":"article","og_title":"Ascensor - decomat","og_description":"Ascensor \u00c0mplia gamma d\u2019ascensors, tant \u00a0per a comunitat de ve\u00efns com per a cases unifamiliars. Dissenyem i subministrem ascensors complerts. En cas que la seva escala no disposi d\u2019ascensor, li podem instal\u00b7lar de nou ascensors en el forat del seu edifici aprofitant al m\u00e0xim l\u2019espai disponible de l&#8217;ascensor. Tamb\u00e9 realitzem modernitzacions, decoraci\u00f3 interior i substitucions [&hellip;]","og_url":"https:\/\/decomat.com\/en\/materiales\/ascensor\/","og_site_name":"decomat","article_modified_time":"2014-06-30T22:15:26+00:00","twitter_card":"summary_large_image","twitter_misc":{"Est. reading time":"5 minutes"},"schema":{"@context":"https:\/\/schema.org","@graph":[{"@type":"WebPage","@id":"https:\/\/decomat.com\/en\/materiales\/ascensor\/","url":"https:\/\/decomat.com\/en\/materiales\/ascensor\/","name":"Ascensor - decomat","isPartOf":{"@id":"https:\/\/decomat.com\/ca\/#website"},"datePublished":"2012-10-13T21:17:58+00:00","dateModified":"2014-06-30T22:15:26+00:00","breadcrumb":{"@id":"https:\/\/decomat.com\/en\/materiales\/ascensor\/#breadcrumb"},"inLanguage":"ca-ES","potentialAction":[{"@type":"ReadAction","target":["https:\/\/decomat.com\/en\/materiales\/ascensor\/"]}]},{"@type":"BreadcrumbList","@id":"https:\/\/decomat.com\/en\/materiales\/ascensor\/#breadcrumb","itemListElement":[{"@type":"ListItem","position":1,"name":"Portada","item":"https:\/\/decomat.com\/ca\/"},{"@type":"ListItem","position":2,"name":"Materials","item":"https:\/\/decomat.com\/ca\/materiales\/"},{"@type":"ListItem","position":3,"name":"Lift \/ elevator"}]},{"@type":"WebSite","@id":"https:\/\/decomat.com\/ca\/#website","url":"https:\/\/decomat.com\/ca\/","name":"decomat","description":"Material decoraci\u00f3","potentialAction":[{"@type":"SearchAction","target":{"@type":"EntryPoint","urlTemplate":"https:\/\/decomat.com\/ca\/?s={search_term_string}"},"query-input":{"@type":"PropertyValueSpecification","valueRequired":true,"valueName":"search_term_string"}}],"inLanguage":"ca-ES"}]}},"_links":{"self":[{"href":"https:\/\/decomat.com\/ca\/wp-json\/wp\/v2\/pages\/4415","targetHints":{"allow":["GET"]}}],"collection":[{"href":"https:\/\/decomat.com\/ca\/wp-json\/wp\/v2\/pages"}],"about":[{"href":"https:\/\/decomat.com\/ca\/wp-json\/wp\/v2\/types\/page"}],"author":[{"embeddable":true,"href":"https:\/\/decomat.com\/ca\/wp-json\/wp\/v2\/users\/8979"}],"replies":[{"embeddable":true,"href":"https:\/\/decomat.com\/ca\/wp-json\/wp\/v2\/comments?post=4415"}],"version-history":[{"count":9,"href":"https:\/\/decomat.com\/ca\/wp-json\/wp\/v2\/pages\/4415\/revisions"}],"predecessor-version":[{"id":5762,"href":"https:\/\/decomat.com\/ca\/wp-json\/wp\/v2\/pages\/4415\/revisions\/5762"}],"up":[{"embeddable":true,"href":"https:\/\/decomat.com\/ca\/wp-json\/wp\/v2\/pages\/709"}],"wp:attachment":[{"href":"https:\/\/decomat.com\/ca\/wp-json\/wp\/v2\/media?parent=4415"}],"curies":[{"name":"wp","href":"https:\/\/api.w.org\/{rel}","templated":true}]}}