{"id":4489,"date":"2012-10-16T10:50:47","date_gmt":"2012-10-16T08:50:47","guid":{"rendered":"http:\/\/www.decomat.com\/?page_id=4489"},"modified":"2012-11-08T13:15:06","modified_gmt":"2012-11-08T11:15:06","slug":"accessorios-cortinas","status":"publish","type":"page","link":"https:\/\/decomat.com\/ca\/materiales\/cortina-toldo\/accessorios-cortinas\/","title":{"rendered":"Accessoris cortines"},"content":{"rendered":"<p><\/p>\n<h1>Accessoris cortines<\/h1>\n<p><strong>Accessoris cortines:<\/strong> Faldons per cortines, recollidors de cortines, motoritzaci\u00f3 de cortines, automatismes per cortina, comanaments a dist\u00e0ncia per cortina, maniveles articulades per cortines, cadenes cortines, cord\u00f3 cortines, cintes per cortina, pulsadors per cortines, dom\u00f2tica per cortines, accesoris per cortines guiades, soports especials per cortines (dimensions especials, escuadres refor\u00e7ades, cortines enrrotllables sobreposades dobles, soports per cortines en paral\u00b7lel&#8230;), contrapesos per cortina, politges per cortines, barres per manipulaci\u00f3 manual de cortines, etc<\/p>\n<p><strong>Sistemes per cortines:<\/strong> sistemes per cortines guiats a cord\u00f3 per cortines frunzides, sistemes\u00a0 guiats a cord\u00f3 per cortines multiples en mateixa guia frunzides, sistemes per cortines per grans ambients, sistemes de moviment vertical per mecanismes de cortines frunzides i tipus estor, sistema de cortina frunzida per ambients dom\u00e8stics o professionals adecuats per dutxes, sistema de cortines frunzides per separaci\u00f3 ambients dom\u00e8stics o professionals i adecuats per dutxes, sistemes per cortines enrrotllables, sistemes per cortines enrrotllables amb calaix, sistemes per cortines enrrotllables amb calaix i guies, &#8230;<\/p>","protected":false},"excerpt":{"rendered":"<p>Accessoris cortines Accessoris cortines: Faldons per cortines, recollidors de cortines, motoritzaci\u00f3 de cortines, automatismes per cortina, comanaments a dist\u00e0ncia per cortina, maniveles articulades per cortines, cadenes cortines, cord\u00f3 cortines, cintes per cortina, pulsadors per cortines, dom\u00f2tica per cortines, accesoris per cortines guiades, soports especials per cortines (dimensions especials, escuadres refor\u00e7ades, cortines enrrotllables sobreposades dobles, soports [&hellip;]<\/p>\n","protected":false},"author":8979,"featured_media":0,"parent":1000,"menu_order":0,"comment_status":"open","ping_status":"closed","template":"","meta":{"_monsterinsights_skip_tracking":false,"_monsterinsights_sitenote_active":false,"_monsterinsights_sitenote_note":"","_monsterinsights_sitenote_category":0,"ngg_post_thumbnail":0,"footnotes":""},"class_list":["post-4489","page","type-page","status-publish","hentry"],"yoast_head":"<!-- This site is optimized with the Yoast SEO plugin v27.3 - https:\/\/yoast.com\/product\/yoast-seo-wordpress\/ -->\n<title>Accessoris cortines - decomat<\/title>\n<meta name=\"robots\" content=\"index, follow, max-snippet:-1, max-image-preview:large, max-video-preview:-1\" \/>\n<link rel=\"canonical\" href=\"https:\/\/decomat.com\/ca\/materiales\/cortina-toldo\/accessorios-cortinas\/\" \/>\n<meta property=\"og:locale\" content=\"ca_ES\" \/>\n<meta property=\"og:type\" content=\"article\" \/>\n<meta property=\"og:title\" content=\"Accessoris cortines - decomat\" \/>\n<meta property=\"og:description\" content=\"Accessoris cortines Accessoris cortines: Faldons per cortines, recollidors de cortines, motoritzaci\u00f3 de cortines, automatismes per cortina, comanaments a dist\u00e0ncia per cortina, maniveles articulades per cortines, cadenes cortines, cord\u00f3 cortines, cintes per cortina, pulsadors per cortines, dom\u00f2tica per cortines, accesoris per cortines guiades, soports especials per cortines (dimensions especials, escuadres refor\u00e7ades, cortines enrrotllables sobreposades dobles, soports [&hellip;]\" \/>\n<meta property=\"og:url\" content=\"https:\/\/decomat.com\/ca\/materiales\/cortina-toldo\/accessorios-cortinas\/\" \/>\n<meta property=\"og:site_name\" content=\"decomat\" \/>\n<meta property=\"article:modified_time\" content=\"2012-11-08T11:15:06+00:00\" \/>\n<meta name=\"twitter:card\" content=\"summary_large_image\" \/>\n<meta name=\"twitter:label1\" content=\"Est. reading time\" \/>\n\t<meta name=\"twitter:data1\" content=\"1 minute\" \/>\n<script type=\"application\/ld+json\" class=\"yoast-schema-graph\">{\"@context\":\"https:\\\/\\\/schema.org\",\"@graph\":[{\"@type\":\"WebPage\",\"@id\":\"https:\\\/\\\/decomat.com\\\/ca\\\/materiales\\\/cortina-toldo\\\/accessorios-cortinas\\\/\",\"url\":\"https:\\\/\\\/decomat.com\\\/ca\\\/materiales\\\/cortina-toldo\\\/accessorios-cortinas\\\/\",\"name\":\"Accessoris cortines - decomat\",\"isPartOf\":{\"@id\":\"https:\\\/\\\/decomat.com\\\/ca\\\/#website\"},\"datePublished\":\"2012-10-16T08:50:47+00:00\",\"dateModified\":\"2012-11-08T11:15:06+00:00\",\"breadcrumb\":{\"@id\":\"https:\\\/\\\/decomat.com\\\/ca\\\/materiales\\\/cortina-toldo\\\/accessorios-cortinas\\\/#breadcrumb\"},\"inLanguage\":\"ca-ES\",\"potentialAction\":[{\"@type\":\"ReadAction\",\"target\":[\"https:\\\/\\\/decomat.com\\\/ca\\\/materiales\\\/cortina-toldo\\\/accessorios-cortinas\\\/\"]}]},{\"@type\":\"BreadcrumbList\",\"@id\":\"https:\\\/\\\/decomat.com\\\/ca\\\/materiales\\\/cortina-toldo\\\/accessorios-cortinas\\\/#breadcrumb\",\"itemListElement\":[{\"@type\":\"ListItem\",\"position\":1,\"name\":\"Portada\",\"item\":\"https:\\\/\\\/decomat.com\\\/ca\\\/\"},{\"@type\":\"ListItem\",\"position\":2,\"name\":\"Materials\",\"item\":\"https:\\\/\\\/decomat.com\\\/ca\\\/materiales\\\/\"},{\"@type\":\"ListItem\",\"position\":3,\"name\":\"Cortina \\\/ toldo\",\"item\":\"https:\\\/\\\/decomat.com\\\/es\\\/materiales\\\/cortina-toldo\\\/\"},{\"@type\":\"ListItem\",\"position\":4,\"name\":\"Accessoris cortines\"}]},{\"@type\":\"WebSite\",\"@id\":\"https:\\\/\\\/decomat.com\\\/ca\\\/#website\",\"url\":\"https:\\\/\\\/decomat.com\\\/ca\\\/\",\"name\":\"decomat\",\"description\":\"Material decoraci\u00f3\",\"potentialAction\":[{\"@type\":\"SearchAction\",\"target\":{\"@type\":\"EntryPoint\",\"urlTemplate\":\"https:\\\/\\\/decomat.com\\\/ca\\\/?s={search_term_string}\"},\"query-input\":{\"@type\":\"PropertyValueSpecification\",\"valueRequired\":true,\"valueName\":\"search_term_string\"}}],\"inLanguage\":\"ca-ES\"}]}<\/script>\n<!-- \/ Yoast SEO plugin. -->","yoast_head_json":{"title":"Accessoris cortines - decomat","robots":{"index":"index","follow":"follow","max-snippet":"max-snippet:-1","max-image-preview":"max-image-preview:large","max-video-preview":"max-video-preview:-1"},"canonical":"https:\/\/decomat.com\/ca\/materiales\/cortina-toldo\/accessorios-cortinas\/","og_locale":"ca_ES","og_type":"article","og_title":"Accessoris cortines - decomat","og_description":"Accessoris cortines Accessoris cortines: Faldons per cortines, recollidors de cortines, motoritzaci\u00f3 de cortines, automatismes per cortina, comanaments a dist\u00e0ncia per cortina, maniveles articulades per cortines, cadenes cortines, cord\u00f3 cortines, cintes per cortina, pulsadors per cortines, dom\u00f2tica per cortines, accesoris per cortines guiades, soports especials per cortines (dimensions especials, escuadres refor\u00e7ades, cortines enrrotllables sobreposades dobles, soports [&hellip;]","og_url":"https:\/\/decomat.com\/ca\/materiales\/cortina-toldo\/accessorios-cortinas\/","og_site_name":"decomat","article_modified_time":"2012-11-08T11:15:06+00:00","twitter_card":"summary_large_image","twitter_misc":{"Est. reading time":"1 minute"},"schema":{"@context":"https:\/\/schema.org","@graph":[{"@type":"WebPage","@id":"https:\/\/decomat.com\/ca\/materiales\/cortina-toldo\/accessorios-cortinas\/","url":"https:\/\/decomat.com\/ca\/materiales\/cortina-toldo\/accessorios-cortinas\/","name":"Accessoris cortines - decomat","isPartOf":{"@id":"https:\/\/decomat.com\/ca\/#website"},"datePublished":"2012-10-16T08:50:47+00:00","dateModified":"2012-11-08T11:15:06+00:00","breadcrumb":{"@id":"https:\/\/decomat.com\/ca\/materiales\/cortina-toldo\/accessorios-cortinas\/#breadcrumb"},"inLanguage":"ca-ES","potentialAction":[{"@type":"ReadAction","target":["https:\/\/decomat.com\/ca\/materiales\/cortina-toldo\/accessorios-cortinas\/"]}]},{"@type":"BreadcrumbList","@id":"https:\/\/decomat.com\/ca\/materiales\/cortina-toldo\/accessorios-cortinas\/#breadcrumb","itemListElement":[{"@type":"ListItem","position":1,"name":"Portada","item":"https:\/\/decomat.com\/ca\/"},{"@type":"ListItem","position":2,"name":"Materials","item":"https:\/\/decomat.com\/ca\/materiales\/"},{"@type":"ListItem","position":3,"name":"Cortina \/ toldo","item":"https:\/\/decomat.com\/es\/materiales\/cortina-toldo\/"},{"@type":"ListItem","position":4,"name":"Accessoris cortines"}]},{"@type":"WebSite","@id":"https:\/\/decomat.com\/ca\/#website","url":"https:\/\/decomat.com\/ca\/","name":"decomat","description":"Material decoraci\u00f3","potentialAction":[{"@type":"SearchAction","target":{"@type":"EntryPoint","urlTemplate":"https:\/\/decomat.com\/ca\/?s={search_term_string}"},"query-input":{"@type":"PropertyValueSpecification","valueRequired":true,"valueName":"search_term_string"}}],"inLanguage":"ca-ES"}]}},"_links":{"self":[{"href":"https:\/\/decomat.com\/ca\/wp-json\/wp\/v2\/pages\/4489","targetHints":{"allow":["GET"]}}],"collection":[{"href":"https:\/\/decomat.com\/ca\/wp-json\/wp\/v2\/pages"}],"about":[{"href":"https:\/\/decomat.com\/ca\/wp-json\/wp\/v2\/types\/page"}],"author":[{"embeddable":true,"href":"https:\/\/decomat.com\/ca\/wp-json\/wp\/v2\/users\/8979"}],"replies":[{"embeddable":true,"href":"https:\/\/decomat.com\/ca\/wp-json\/wp\/v2\/comments?post=4489"}],"version-history":[{"count":4,"href":"https:\/\/decomat.com\/ca\/wp-json\/wp\/v2\/pages\/4489\/revisions"}],"predecessor-version":[{"id":4870,"href":"https:\/\/decomat.com\/ca\/wp-json\/wp\/v2\/pages\/4489\/revisions\/4870"}],"up":[{"embeddable":true,"href":"https:\/\/decomat.com\/ca\/wp-json\/wp\/v2\/pages\/1000"}],"wp:attachment":[{"href":"https:\/\/decomat.com\/ca\/wp-json\/wp\/v2\/media?parent=4489"}],"curies":[{"name":"wp","href":"https:\/\/api.w.org\/{rel}","templated":true}]}}