{"id":4854,"date":"2012-11-06T13:50:56","date_gmt":"2012-11-06T11:50:56","guid":{"rendered":"http:\/\/www.decomat.com\/?page_id=4854"},"modified":"2017-04-08T18:54:25","modified_gmt":"2017-04-08T16:54:25","slug":"enchufes-para-cargar-coche-electrico-en-gestion-parking-comunitario","status":"publish","type":"page","link":"https:\/\/decomat.com\/ca\/comunidades\/enchufes-para-cargar-coche-electrico-en-gestion-parking-comunitario\/","title":{"rendered":"Endolls per carrega cotxe el\u00e8ctric en gesti\u00f3 p\u00e0rquing comunitari"},"content":{"rendered":"<h1>Endolls per carrega cotxe el\u00e8ctric en gesti\u00f3 p\u00e0rquing comunitari<\/h1>\n<p>El sector de la mobilitat i el transport amb vehicles el\u00e8ctrics, ha desenvolupat una soluci\u00f3 global de sistemes de rec\u00e0rrega de cotxes el\u00e8ctrics.<\/p>\n<p>El temps que els vehicles el\u00e8ctrics passen estacionats es pot aprofitar per a recarregar les seves bateries.<\/p>\n<p>Hi&nbsp;ha&nbsp;un ventall d&#8217;equips diferents per carregar el cotxe el\u00e8ctric, en funci\u00f3 de:<\/p>\n<p>1)&nbsp;llocs on hi ha&nbsp;l&#8217;aparcament:&nbsp;via&nbsp;p\u00fablica,&nbsp;p\u00e0rquings p\u00fablics,&nbsp;p\u00e0rquings privats comunitaris o<\/p>\n<p>p\u00e0rquings privats individuals.<\/p>\n<p>2) com \u00e9s el punt de rec\u00e0rrega:&nbsp;caixes, postes o estacions.<\/p>\n<p>3) quins usuaris l&#8217;acostumen a fer servir:&nbsp;privats o p\u00fablics.<\/p>\n<p>4)&nbsp;quants usuaris l&#8217;acostumen a fer servir:&nbsp;individual (unifamiliar, p\u00e0rquings privats individuals),<\/p>\n<p>multiusuari&nbsp;&nbsp;(grans superf\u00edcies, p\u00e0rquings privats comunitaris, &nbsp;p\u00e0rquins p\u00fablics, v\u00eda p\u00fablica,<\/p>\n<p>flotes).<\/p>\n<p>5) temps que tarda a carregar:&nbsp;r\u00e0pids o lents.<\/p>\n<p>5)&nbsp;com \u00e9s l&#8217;endoll, modes de sortida:&nbsp;monof\u00e0sics, trif\u00e0sics o voltatge.<\/p>\n<p>&nbsp;<\/p>\n<p>per a m\u00e9s informaci\u00f3 <a href=\"http:\/\/www.bioconstrumat.com\/ca\/productos-construccion-sostenibles\/energia-equipos-sostenibles\/enchufes-para-cargar-el-coche-electrico\/\">clicar aqu\u00ed<\/a>","protected":false},"excerpt":{"rendered":"<p>Endolls per carrega cotxe el\u00e8ctric en gesti\u00f3 p\u00e0rquing comunitari El sector de la mobilitat i el transport amb vehicles el\u00e8ctrics, ha desenvolupat una soluci\u00f3 global de sistemes de rec\u00e0rrega de cotxes el\u00e8ctrics. El temps que els vehicles el\u00e8ctrics passen estacionats es pot aprofitar per a recarregar les seves bateries. Hi&nbsp;ha&nbsp;un ventall d&#8217;equips diferents per carregar [&hellip;]<\/p>\n","protected":false},"author":8979,"featured_media":0,"parent":712,"menu_order":0,"comment_status":"open","ping_status":"closed","template":"","meta":{"_monsterinsights_skip_tracking":false,"_monsterinsights_sitenote_active":false,"_monsterinsights_sitenote_note":"","_monsterinsights_sitenote_category":0,"ngg_post_thumbnail":0,"footnotes":""},"class_list":["post-4854","page","type-page","status-publish","hentry"],"yoast_head":"<!-- This site is optimized with the Yoast SEO plugin v27.4 - https:\/\/yoast.com\/product\/yoast-seo-wordpress\/ -->\n<title>Endolls per carrega cotxe el\u00e8ctric en gesti\u00f3 p\u00e0rquing comunitari - decomat<\/title>\n<meta name=\"robots\" content=\"index, follow, max-snippet:-1, max-image-preview:large, max-video-preview:-1\" \/>\n<link rel=\"canonical\" href=\"https:\/\/decomat.com\/es\/comunidades\/enchufes-para-cargar-coche-electrico-en-gestion-parking-comunitario\/\" \/>\n<meta property=\"og:locale\" content=\"ca_ES\" \/>\n<meta property=\"og:type\" content=\"article\" \/>\n<meta property=\"og:title\" content=\"Endolls per carrega cotxe el\u00e8ctric en gesti\u00f3 p\u00e0rquing comunitari - decomat\" \/>\n<meta property=\"og:description\" content=\"Endolls per carrega cotxe el\u00e8ctric en gesti\u00f3 p\u00e0rquing comunitari El sector de la mobilitat i el transport amb vehicles el\u00e8ctrics, ha desenvolupat una soluci\u00f3 global de sistemes de rec\u00e0rrega de cotxes el\u00e8ctrics. El temps que els vehicles el\u00e8ctrics passen estacionats es pot aprofitar per a recarregar les seves bateries. Hi&nbsp;ha&nbsp;un ventall d&#8217;equips diferents per carregar [&hellip;]\" \/>\n<meta property=\"og:url\" content=\"https:\/\/decomat.com\/es\/comunidades\/enchufes-para-cargar-coche-electrico-en-gestion-parking-comunitario\/\" \/>\n<meta property=\"og:site_name\" content=\"decomat\" \/>\n<meta property=\"article:modified_time\" content=\"2017-04-08T16:54:25+00:00\" \/>\n<meta name=\"twitter:card\" content=\"summary_large_image\" \/>\n<meta name=\"twitter:label1\" content=\"Est. reading time\" \/>\n\t<meta name=\"twitter:data1\" content=\"2 minutes\" \/>\n<script type=\"application\/ld+json\" class=\"yoast-schema-graph\">{\"@context\":\"https:\\\/\\\/schema.org\",\"@graph\":[{\"@type\":\"WebPage\",\"@id\":\"https:\\\/\\\/decomat.com\\\/es\\\/comunidades\\\/enchufes-para-cargar-coche-electrico-en-gestion-parking-comunitario\\\/\",\"url\":\"https:\\\/\\\/decomat.com\\\/es\\\/comunidades\\\/enchufes-para-cargar-coche-electrico-en-gestion-parking-comunitario\\\/\",\"name\":\"Endolls per carrega cotxe el\u00e8ctric en gesti\u00f3 p\u00e0rquing comunitari - decomat\",\"isPartOf\":{\"@id\":\"https:\\\/\\\/decomat.com\\\/ca\\\/#website\"},\"datePublished\":\"2012-11-06T11:50:56+00:00\",\"dateModified\":\"2017-04-08T16:54:25+00:00\",\"breadcrumb\":{\"@id\":\"https:\\\/\\\/decomat.com\\\/es\\\/comunidades\\\/enchufes-para-cargar-coche-electrico-en-gestion-parking-comunitario\\\/#breadcrumb\"},\"inLanguage\":\"ca-ES\",\"potentialAction\":[{\"@type\":\"ReadAction\",\"target\":[\"https:\\\/\\\/decomat.com\\\/es\\\/comunidades\\\/enchufes-para-cargar-coche-electrico-en-gestion-parking-comunitario\\\/\"]}]},{\"@type\":\"BreadcrumbList\",\"@id\":\"https:\\\/\\\/decomat.com\\\/es\\\/comunidades\\\/enchufes-para-cargar-coche-electrico-en-gestion-parking-comunitario\\\/#breadcrumb\",\"itemListElement\":[{\"@type\":\"ListItem\",\"position\":1,\"name\":\"Portada\",\"item\":\"https:\\\/\\\/decomat.com\\\/ca\\\/\"},{\"@type\":\"ListItem\",\"position\":2,\"name\":\"Comunidades\",\"item\":\"https:\\\/\\\/decomat.com\\\/es\\\/comunidades\\\/\"},{\"@type\":\"ListItem\",\"position\":3,\"name\":\"Enchufes para carga coche el\u00e9ctrico en gesti\u00f3n parking comunitario\"}]},{\"@type\":\"WebSite\",\"@id\":\"https:\\\/\\\/decomat.com\\\/ca\\\/#website\",\"url\":\"https:\\\/\\\/decomat.com\\\/ca\\\/\",\"name\":\"decomat\",\"description\":\"Material decoraci\u00f3\",\"potentialAction\":[{\"@type\":\"SearchAction\",\"target\":{\"@type\":\"EntryPoint\",\"urlTemplate\":\"https:\\\/\\\/decomat.com\\\/ca\\\/?s={search_term_string}\"},\"query-input\":{\"@type\":\"PropertyValueSpecification\",\"valueRequired\":true,\"valueName\":\"search_term_string\"}}],\"inLanguage\":\"ca-ES\"}]}<\/script>\n<!-- \/ Yoast SEO plugin. -->","yoast_head_json":{"title":"Endolls per carrega cotxe el\u00e8ctric en gesti\u00f3 p\u00e0rquing comunitari - decomat","robots":{"index":"index","follow":"follow","max-snippet":"max-snippet:-1","max-image-preview":"max-image-preview:large","max-video-preview":"max-video-preview:-1"},"canonical":"https:\/\/decomat.com\/es\/comunidades\/enchufes-para-cargar-coche-electrico-en-gestion-parking-comunitario\/","og_locale":"ca_ES","og_type":"article","og_title":"Endolls per carrega cotxe el\u00e8ctric en gesti\u00f3 p\u00e0rquing comunitari - decomat","og_description":"Endolls per carrega cotxe el\u00e8ctric en gesti\u00f3 p\u00e0rquing comunitari El sector de la mobilitat i el transport amb vehicles el\u00e8ctrics, ha desenvolupat una soluci\u00f3 global de sistemes de rec\u00e0rrega de cotxes el\u00e8ctrics. El temps que els vehicles el\u00e8ctrics passen estacionats es pot aprofitar per a recarregar les seves bateries. Hi&nbsp;ha&nbsp;un ventall d&#8217;equips diferents per carregar [&hellip;]","og_url":"https:\/\/decomat.com\/es\/comunidades\/enchufes-para-cargar-coche-electrico-en-gestion-parking-comunitario\/","og_site_name":"decomat","article_modified_time":"2017-04-08T16:54:25+00:00","twitter_card":"summary_large_image","twitter_misc":{"Est. reading time":"2 minutes"},"schema":{"@context":"https:\/\/schema.org","@graph":[{"@type":"WebPage","@id":"https:\/\/decomat.com\/es\/comunidades\/enchufes-para-cargar-coche-electrico-en-gestion-parking-comunitario\/","url":"https:\/\/decomat.com\/es\/comunidades\/enchufes-para-cargar-coche-electrico-en-gestion-parking-comunitario\/","name":"Endolls per carrega cotxe el\u00e8ctric en gesti\u00f3 p\u00e0rquing comunitari - decomat","isPartOf":{"@id":"https:\/\/decomat.com\/ca\/#website"},"datePublished":"2012-11-06T11:50:56+00:00","dateModified":"2017-04-08T16:54:25+00:00","breadcrumb":{"@id":"https:\/\/decomat.com\/es\/comunidades\/enchufes-para-cargar-coche-electrico-en-gestion-parking-comunitario\/#breadcrumb"},"inLanguage":"ca-ES","potentialAction":[{"@type":"ReadAction","target":["https:\/\/decomat.com\/es\/comunidades\/enchufes-para-cargar-coche-electrico-en-gestion-parking-comunitario\/"]}]},{"@type":"BreadcrumbList","@id":"https:\/\/decomat.com\/es\/comunidades\/enchufes-para-cargar-coche-electrico-en-gestion-parking-comunitario\/#breadcrumb","itemListElement":[{"@type":"ListItem","position":1,"name":"Portada","item":"https:\/\/decomat.com\/ca\/"},{"@type":"ListItem","position":2,"name":"Comunidades","item":"https:\/\/decomat.com\/es\/comunidades\/"},{"@type":"ListItem","position":3,"name":"Enchufes para carga coche el\u00e9ctrico en gesti\u00f3n parking comunitario"}]},{"@type":"WebSite","@id":"https:\/\/decomat.com\/ca\/#website","url":"https:\/\/decomat.com\/ca\/","name":"decomat","description":"Material decoraci\u00f3","potentialAction":[{"@type":"SearchAction","target":{"@type":"EntryPoint","urlTemplate":"https:\/\/decomat.com\/ca\/?s={search_term_string}"},"query-input":{"@type":"PropertyValueSpecification","valueRequired":true,"valueName":"search_term_string"}}],"inLanguage":"ca-ES"}]}},"_links":{"self":[{"href":"https:\/\/decomat.com\/ca\/wp-json\/wp\/v2\/pages\/4854","targetHints":{"allow":["GET"]}}],"collection":[{"href":"https:\/\/decomat.com\/ca\/wp-json\/wp\/v2\/pages"}],"about":[{"href":"https:\/\/decomat.com\/ca\/wp-json\/wp\/v2\/types\/page"}],"author":[{"embeddable":true,"href":"https:\/\/decomat.com\/ca\/wp-json\/wp\/v2\/users\/8979"}],"replies":[{"embeddable":true,"href":"https:\/\/decomat.com\/ca\/wp-json\/wp\/v2\/comments?post=4854"}],"version-history":[{"count":8,"href":"https:\/\/decomat.com\/ca\/wp-json\/wp\/v2\/pages\/4854\/revisions"}],"predecessor-version":[{"id":6783,"href":"https:\/\/decomat.com\/ca\/wp-json\/wp\/v2\/pages\/4854\/revisions\/6783"}],"up":[{"embeddable":true,"href":"https:\/\/decomat.com\/ca\/wp-json\/wp\/v2\/pages\/712"}],"wp:attachment":[{"href":"https:\/\/decomat.com\/ca\/wp-json\/wp\/v2\/media?parent=4854"}],"curies":[{"name":"wp","href":"https:\/\/api.w.org\/{rel}","templated":true}]}}