{"id":5650,"date":"2014-06-16T12:07:39","date_gmt":"2014-06-16T10:07:39","guid":{"rendered":"http:\/\/www.decomat.com\/?page_id=5650"},"modified":"2016-09-19T15:55:28","modified_gmt":"2016-09-19T13:55:28","slug":"reparar-persiana","status":"publish","type":"page","link":"https:\/\/decomat.com\/ca\/ofertas\/reparar-persiana\/","title":{"rendered":"Reparar persiana"},"content":{"rendered":"<h1>Reparar persiana<\/h1>\n<p>Les persianes tendeixen a espatllar-se tant pel seu \u00fas continuat com per la regist\u00e8ncia dels \u00a0materials que la composen. Cal realitzar sovint un rep\u00e0s exhaustiu de la persiana per evitar reparar la persiana amb reparacions m\u00e9s costoses.<\/p>\n<p>On s&#8217;acostuma a espatllar m\u00e9s sovint i cal reparaci\u00f3 \u00e9s a la cinta, per\u00f2 tamb\u00e9 les lames o els soports acostumen a ser motius de reparaci\u00f3 d&#8217;una persiana.<\/p>\n<p>Recollidors de cinta de persiana, lames de recanvi, topalls de fi de recorregut persiana, cinta de persiana, eixos i soports de persiana.<\/p>\n<p>Reparem la seva persiana. Servei de <a href=\"https:\/\/www.decomat.com\/ca\/ofertas\/mantenimiento-y-reparacion-persianas-sabadell\/\" target=\"_blank\">reparaci\u00f3 de persianes.<\/a><\/p>\n<p>Contacti&#8217;ns per tal que li <a href=\"https:\/\/www.decomat.com\/ca\/ofertas\/persianas-sabadell\/persianes-en-sabadell\/\">reparem la seva persiana<\/a>.<\/p>\n<p>&nbsp;<\/p>\n<p>&nbsp;<\/p>\n<p>&nbsp;<\/p>\n<p>&nbsp;","protected":false},"excerpt":{"rendered":"<p>Reparar persiana Les persianes tendeixen a espatllar-se tant pel seu \u00fas continuat com per la regist\u00e8ncia dels \u00a0materials que la composen. Cal realitzar sovint un rep\u00e0s exhaustiu de la persiana per evitar reparar la persiana amb reparacions m\u00e9s costoses. On s&#8217;acostuma a espatllar m\u00e9s sovint i cal reparaci\u00f3 \u00e9s a la cinta, per\u00f2 tamb\u00e9 les [&hellip;]<\/p>\n","protected":false},"author":8979,"featured_media":0,"parent":746,"menu_order":0,"comment_status":"open","ping_status":"closed","template":"","meta":{"_monsterinsights_skip_tracking":false,"_monsterinsights_sitenote_active":false,"_monsterinsights_sitenote_note":"","_monsterinsights_sitenote_category":0,"ngg_post_thumbnail":0,"footnotes":""},"class_list":["post-5650","page","type-page","status-publish","hentry"],"yoast_head":"<!-- This site is optimized with the Yoast SEO plugin v27.4 - https:\/\/yoast.com\/product\/yoast-seo-wordpress\/ -->\n<title>Reparar persiana - decomat<\/title>\n<meta name=\"robots\" content=\"index, follow, max-snippet:-1, max-image-preview:large, max-video-preview:-1\" \/>\n<link rel=\"canonical\" href=\"https:\/\/decomat.com\/en\/ofertas\/reparar-persiana\/\" \/>\n<meta property=\"og:locale\" content=\"ca_ES\" \/>\n<meta property=\"og:type\" content=\"article\" \/>\n<meta property=\"og:title\" content=\"Reparar persiana - decomat\" \/>\n<meta property=\"og:description\" content=\"Reparar persiana Les persianes tendeixen a espatllar-se tant pel seu \u00fas continuat com per la regist\u00e8ncia dels \u00a0materials que la composen. Cal realitzar sovint un rep\u00e0s exhaustiu de la persiana per evitar reparar la persiana amb reparacions m\u00e9s costoses. On s&#8217;acostuma a espatllar m\u00e9s sovint i cal reparaci\u00f3 \u00e9s a la cinta, per\u00f2 tamb\u00e9 les [&hellip;]\" \/>\n<meta property=\"og:url\" content=\"https:\/\/decomat.com\/en\/ofertas\/reparar-persiana\/\" \/>\n<meta property=\"og:site_name\" content=\"decomat\" \/>\n<meta property=\"article:modified_time\" content=\"2016-09-19T13:55:28+00:00\" \/>\n<meta name=\"twitter:card\" content=\"summary_large_image\" \/>\n<meta name=\"twitter:label1\" content=\"Est. reading time\" \/>\n\t<meta name=\"twitter:data1\" content=\"1 minute\" \/>\n<script type=\"application\/ld+json\" class=\"yoast-schema-graph\">{\"@context\":\"https:\\\/\\\/schema.org\",\"@graph\":[{\"@type\":\"WebPage\",\"@id\":\"https:\\\/\\\/decomat.com\\\/en\\\/ofertas\\\/reparar-persiana\\\/\",\"url\":\"https:\\\/\\\/decomat.com\\\/en\\\/ofertas\\\/reparar-persiana\\\/\",\"name\":\"Reparar persiana - decomat\",\"isPartOf\":{\"@id\":\"https:\\\/\\\/decomat.com\\\/ca\\\/#website\"},\"datePublished\":\"2014-06-16T10:07:39+00:00\",\"dateModified\":\"2016-09-19T13:55:28+00:00\",\"breadcrumb\":{\"@id\":\"https:\\\/\\\/decomat.com\\\/en\\\/ofertas\\\/reparar-persiana\\\/#breadcrumb\"},\"inLanguage\":\"ca-ES\",\"potentialAction\":[{\"@type\":\"ReadAction\",\"target\":[\"https:\\\/\\\/decomat.com\\\/en\\\/ofertas\\\/reparar-persiana\\\/\"]}]},{\"@type\":\"BreadcrumbList\",\"@id\":\"https:\\\/\\\/decomat.com\\\/en\\\/ofertas\\\/reparar-persiana\\\/#breadcrumb\",\"itemListElement\":[{\"@type\":\"ListItem\",\"position\":1,\"name\":\"Portada\",\"item\":\"https:\\\/\\\/decomat.com\\\/ca\\\/\"},{\"@type\":\"ListItem\",\"position\":2,\"name\":\"Offers\",\"item\":\"https:\\\/\\\/decomat.com\\\/en\\\/ofertas\\\/\"},{\"@type\":\"ListItem\",\"position\":3,\"name\":\"Blind reparation\"}]},{\"@type\":\"WebSite\",\"@id\":\"https:\\\/\\\/decomat.com\\\/ca\\\/#website\",\"url\":\"https:\\\/\\\/decomat.com\\\/ca\\\/\",\"name\":\"decomat\",\"description\":\"Material decoraci\u00f3\",\"potentialAction\":[{\"@type\":\"SearchAction\",\"target\":{\"@type\":\"EntryPoint\",\"urlTemplate\":\"https:\\\/\\\/decomat.com\\\/ca\\\/?s={search_term_string}\"},\"query-input\":{\"@type\":\"PropertyValueSpecification\",\"valueRequired\":true,\"valueName\":\"search_term_string\"}}],\"inLanguage\":\"ca-ES\"}]}<\/script>\n<!-- \/ Yoast SEO plugin. -->","yoast_head_json":{"title":"Reparar persiana - decomat","robots":{"index":"index","follow":"follow","max-snippet":"max-snippet:-1","max-image-preview":"max-image-preview:large","max-video-preview":"max-video-preview:-1"},"canonical":"https:\/\/decomat.com\/en\/ofertas\/reparar-persiana\/","og_locale":"ca_ES","og_type":"article","og_title":"Reparar persiana - decomat","og_description":"Reparar persiana Les persianes tendeixen a espatllar-se tant pel seu \u00fas continuat com per la regist\u00e8ncia dels \u00a0materials que la composen. Cal realitzar sovint un rep\u00e0s exhaustiu de la persiana per evitar reparar la persiana amb reparacions m\u00e9s costoses. On s&#8217;acostuma a espatllar m\u00e9s sovint i cal reparaci\u00f3 \u00e9s a la cinta, per\u00f2 tamb\u00e9 les [&hellip;]","og_url":"https:\/\/decomat.com\/en\/ofertas\/reparar-persiana\/","og_site_name":"decomat","article_modified_time":"2016-09-19T13:55:28+00:00","twitter_card":"summary_large_image","twitter_misc":{"Est. reading time":"1 minute"},"schema":{"@context":"https:\/\/schema.org","@graph":[{"@type":"WebPage","@id":"https:\/\/decomat.com\/en\/ofertas\/reparar-persiana\/","url":"https:\/\/decomat.com\/en\/ofertas\/reparar-persiana\/","name":"Reparar persiana - decomat","isPartOf":{"@id":"https:\/\/decomat.com\/ca\/#website"},"datePublished":"2014-06-16T10:07:39+00:00","dateModified":"2016-09-19T13:55:28+00:00","breadcrumb":{"@id":"https:\/\/decomat.com\/en\/ofertas\/reparar-persiana\/#breadcrumb"},"inLanguage":"ca-ES","potentialAction":[{"@type":"ReadAction","target":["https:\/\/decomat.com\/en\/ofertas\/reparar-persiana\/"]}]},{"@type":"BreadcrumbList","@id":"https:\/\/decomat.com\/en\/ofertas\/reparar-persiana\/#breadcrumb","itemListElement":[{"@type":"ListItem","position":1,"name":"Portada","item":"https:\/\/decomat.com\/ca\/"},{"@type":"ListItem","position":2,"name":"Offers","item":"https:\/\/decomat.com\/en\/ofertas\/"},{"@type":"ListItem","position":3,"name":"Blind reparation"}]},{"@type":"WebSite","@id":"https:\/\/decomat.com\/ca\/#website","url":"https:\/\/decomat.com\/ca\/","name":"decomat","description":"Material decoraci\u00f3","potentialAction":[{"@type":"SearchAction","target":{"@type":"EntryPoint","urlTemplate":"https:\/\/decomat.com\/ca\/?s={search_term_string}"},"query-input":{"@type":"PropertyValueSpecification","valueRequired":true,"valueName":"search_term_string"}}],"inLanguage":"ca-ES"}]}},"_links":{"self":[{"href":"https:\/\/decomat.com\/ca\/wp-json\/wp\/v2\/pages\/5650","targetHints":{"allow":["GET"]}}],"collection":[{"href":"https:\/\/decomat.com\/ca\/wp-json\/wp\/v2\/pages"}],"about":[{"href":"https:\/\/decomat.com\/ca\/wp-json\/wp\/v2\/types\/page"}],"author":[{"embeddable":true,"href":"https:\/\/decomat.com\/ca\/wp-json\/wp\/v2\/users\/8979"}],"replies":[{"embeddable":true,"href":"https:\/\/decomat.com\/ca\/wp-json\/wp\/v2\/comments?post=5650"}],"version-history":[{"count":9,"href":"https:\/\/decomat.com\/ca\/wp-json\/wp\/v2\/pages\/5650\/revisions"}],"predecessor-version":[{"id":6165,"href":"https:\/\/decomat.com\/ca\/wp-json\/wp\/v2\/pages\/5650\/revisions\/6165"}],"up":[{"embeddable":true,"href":"https:\/\/decomat.com\/ca\/wp-json\/wp\/v2\/pages\/746"}],"wp:attachment":[{"href":"https:\/\/decomat.com\/ca\/wp-json\/wp\/v2\/media?parent=5650"}],"curies":[{"name":"wp","href":"https:\/\/api.w.org\/{rel}","templated":true}]}}