{"id":5860,"date":"2015-09-15T20:57:47","date_gmt":"2015-09-15T18:57:47","guid":{"rendered":"http:\/\/www.decomat.com\/?page_id=5860"},"modified":"2017-07-07T17:05:13","modified_gmt":"2017-07-07T15:05:13","slug":"el-vostre-proveidor-de-materials-de-decoracio-benvinguts-a-decomat","status":"publish","type":"page","link":"https:\/\/decomat.com\/ca\/","title":{"rendered":"Decomat el vostre prove\u00efdor de materials de decoraci\u00f3."},"content":{"rendered":"[vc_row][vc_column][vc_column_text]\n<h1>decomat<\/h1>\n<p>Contribu\u00efm a la satisfacci\u00f3 dels nostres clients amb gran varietat de materials de construcci\u00f3 y decoraci\u00f3[\/vc_column_text][\/vc_column][\/vc_row][vc_row][vc_column][mk_edge_slider swiper_bg=&#8221;#000000&#8243;][\/vc_column][\/vc_row][mk_page_section bg_color=&#8221;#adadad&#8221; bg_gradient=&#8221;vertical&#8221; video_color_mask=&#8221;#ededed&#8221; gr_end=&#8221;#939393&#8243; sidebar=&#8221;sidebar-1&#8243;][vc_column][vc_column_text]<strong><span style=\"color: white;\"><a href=\"https:\/\/www.decomat.com\/ca\/conocenos\/presentacion\/historia\/\" target=\"_blank\" rel=\"noopener noreferrer\">M\u00e9s de 65 anys<\/a> al servei dels nostres clients avalen la nostra professionalitat i defineixen el nostre comprom\u00eds amb el treball de qualitat.<\/span><\/strong>[\/vc_column_text][\/vc_column][\/mk_page_section][vc_row][vc_column][vc_column_text]\n<div class=\"one_fourth\">\n<h4>&nbsp;<a href=\"https:\/\/www.decomat.com\/wp-content\/uploads\/2015\/09\/pencil32.png\"><img loading=\"lazy\" decoding=\"async\" class=\"alignnone wp-image-6924\" src=\"https:\/\/www.decomat.com\/wp-content\/uploads\/2015\/09\/pencil32.png\" alt=\"\" width=\"22\" height=\"22\" srcset=\"https:\/\/decomat.com\/wp-content\/uploads\/2015\/09\/pencil32.png 32w, https:\/\/decomat.com\/wp-content\/uploads\/2015\/09\/pencil32-1024x1024.png 1024w\" sizes=\"auto, (max-width: 22px) 100vw, 22px\" \/><\/a>&nbsp; &nbsp; <strong>CERTIFICATS AMB LA NORMA UNE<\/strong><\/h4>\n<p>Tots els nostres serveis estan certificats segons els criteris de la normativa de qualitat UNE<br \/>\n&nbsp;<\/p>\n<p><strong><a href=\"https:\/\/www.decomat.com\/wp-content\/uploads\/2015\/09\/mouse32.png\"><img loading=\"lazy\" decoding=\"async\" class=\"alignnone wp-image-6925\" src=\"https:\/\/www.decomat.com\/wp-content\/uploads\/2015\/09\/mouse32.png\" alt=\"\" width=\"22\" height=\"22\"\/><\/a>&nbsp;&nbsp;CERTIFICATS AMB LA ISO 9001:2008<\/strong><\/p>\n<\/div>\n<div class=\"one_fourth\">\n<p><a href=\"https:\/\/www.decomat.com\/conocenos\/presentacion\/servicios-y-garantias\/?lang=ca\">Implica la millora cont\u00ednua de tots els nostres processos, dins un entorn competitiu i canviant, mantenint el nivell d&#8217;exig\u00e8ncia.<\/a><\/p>\n<p>&nbsp;<\/p>\n<\/div>\n<div class=\"one_fourth\">\n<h4><a href=\"https:\/\/www.decomat.com\/wp-content\/uploads\/2015\/09\/lightbulb32.png\"><img loading=\"lazy\" decoding=\"async\" class=\"alignnone wp-image-6926\" src=\"https:\/\/www.decomat.com\/wp-content\/uploads\/2015\/09\/lightbulb32.png\" alt=\"\" width=\"22\" height=\"22\"\/><\/a>&nbsp;<a href=\"http:\/\/www.domoti.com\" target=\"_blank\" rel=\"noopener\"><strong>DOM\u00d2TICA<\/strong><\/a><\/h4>\n<p>El nostre ampli ventall de solucions i la nostra experi\u00e8ncia en el disseny de solucions t\u00e8cniques li garanteixen un \u00fas plenament satisfactori i durable de &nbsp;&nbsp;<a href=\"https:\/\/www.decomat.com\/profesionales\/domotica\/\"> dispositius autom\u00e0tics sostenibles, tant dins l&#8217;entorn de la llar com de la comunitat de ve\u00efns.<\/a><\/p>\n<\/div>\n<div class=\"one_fourth last_column\">\n<h4>&nbsp;<\/h4>\n<h4><a href=\"https:\/\/www.decomat.com\/wp-content\/uploads\/2015\/09\/linedpapercheck32.png\"><img loading=\"lazy\" decoding=\"async\" class=\"alignnone wp-image-6927\" src=\"https:\/\/www.decomat.com\/wp-content\/uploads\/2015\/09\/linedpapercheck32.png\" alt=\"\" width=\"22\" height=\"22\"\/><\/a>&nbsp; &nbsp; <strong>VINE i CONEIX-NOS DE PROP!<\/strong><\/h4>\n<p><a href=\"https:\/\/www.decomat.com\/ca\/conocenos\/localizacion\/\">Pots venir a veure&#8217;ns a la nostra adre\u00e7a comercial, veure mostres dels nostres materials, textures i solucions o tamb\u00e9 pots contactar amb nosaltres amb el formulari.<\/a><\/p>\n<\/div>\n<p>&nbsp;[\/vc_column_text][\/vc_column][\/vc_row]","protected":false},"excerpt":{"rendered":"<p>[vc_row][vc_column][vc_column_text] decomat Contribu\u00efm a la satisfacci\u00f3 dels nostres clients amb gran varietat de materials de construcci\u00f3 y decoraci\u00f3[\/vc_column_text][\/vc_column][\/vc_row][vc_row][vc_column][mk_edge_slider swiper_bg=&#8221;#000000&#8243;][\/vc_column][\/vc_row][mk_page_section bg_color=&#8221;#adadad&#8221; bg_gradient=&#8221;vertical&#8221; video_color_mask=&#8221;#ededed&#8221; gr_end=&#8221;#939393&#8243; sidebar=&#8221;sidebar-1&#8243;][vc_column][vc_column_text]M\u00e9s de 65 anys al servei dels nostres clients avalen la nostra professionalitat i defineixen el nostre comprom\u00eds amb el treball de qualitat.[\/vc_column_text][\/vc_column][\/mk_page_section][vc_row][vc_column][vc_column_text] &nbsp;&nbsp; &nbsp; CERTIFICATS AMB LA NORMA UNE Tots els [&hellip;]<\/p>\n","protected":false},"author":8979,"featured_media":0,"parent":0,"menu_order":0,"comment_status":"closed","ping_status":"closed","template":"","meta":{"_monsterinsights_skip_tracking":false,"_monsterinsights_sitenote_active":false,"_monsterinsights_sitenote_note":"","_monsterinsights_sitenote_category":0,"ngg_post_thumbnail":0,"footnotes":""},"class_list":["post-5860","page","type-page","status-publish","hentry"],"yoast_head":"<!-- This site is optimized with the Yoast SEO plugin v27.3 - https:\/\/yoast.com\/product\/yoast-seo-wordpress\/ -->\n<title>Decomat el vostre prove\u00efdor de materials de decoraci\u00f3. - decomat<\/title>\n<meta name=\"robots\" content=\"index, follow, max-snippet:-1, max-image-preview:large, max-video-preview:-1\" \/>\n<link rel=\"canonical\" href=\"https:\/\/decomat.com\/ca\/\" \/>\n<meta property=\"og:locale\" content=\"ca_ES\" \/>\n<meta property=\"og:type\" content=\"article\" \/>\n<meta property=\"og:title\" content=\"Decomat el vostre prove\u00efdor de materials de decoraci\u00f3. - decomat\" \/>\n<meta property=\"og:description\" content=\"[vc_row][vc_column][vc_column_text] decomat Contribu\u00efm a la satisfacci\u00f3 dels nostres clients amb gran varietat de materials de construcci\u00f3 y decoraci\u00f3[\/vc_column_text][\/vc_column][\/vc_row][vc_row][vc_column][mk_edge_slider swiper_bg=&#8221;#000000&#8243;][\/vc_column][\/vc_row][mk_page_section bg_color=&#8221;#adadad&#8221; bg_gradient=&#8221;vertical&#8221; video_color_mask=&#8221;#ededed&#8221; gr_end=&#8221;#939393&#8243; sidebar=&#8221;sidebar-1&#8243;][vc_column][vc_column_text]M\u00e9s de 65 anys al servei dels nostres clients avalen la nostra professionalitat i defineixen el nostre comprom\u00eds amb el treball de qualitat.[\/vc_column_text][\/vc_column][\/mk_page_section][vc_row][vc_column][vc_column_text] &nbsp;&nbsp; &nbsp; CERTIFICATS AMB LA NORMA UNE Tots els [&hellip;]\" \/>\n<meta property=\"og:url\" content=\"https:\/\/decomat.com\/ca\/\" \/>\n<meta property=\"og:site_name\" content=\"decomat\" \/>\n<meta property=\"article:modified_time\" content=\"2017-07-07T15:05:13+00:00\" \/>\n<meta property=\"og:image\" content=\"https:\/\/decomat.com\/wp-content\/uploads\/2015\/09\/pencil32.png\" \/>\n\t<meta property=\"og:image:width\" content=\"32\" \/>\n\t<meta property=\"og:image:height\" content=\"32\" \/>\n\t<meta property=\"og:image:type\" content=\"image\/png\" \/>\n<meta name=\"twitter:card\" content=\"summary_large_image\" \/>\n<meta name=\"twitter:label1\" content=\"Est. reading time\" \/>\n\t<meta name=\"twitter:data1\" content=\"5 minutes\" \/>\n<script type=\"application\/ld+json\" class=\"yoast-schema-graph\">{\"@context\":\"https:\\\/\\\/schema.org\",\"@graph\":[{\"@type\":\"WebPage\",\"@id\":\"https:\\\/\\\/decomat.com\\\/ca\\\/\",\"url\":\"https:\\\/\\\/decomat.com\\\/ca\\\/\",\"name\":\"Decomat el vostre prove\u00efdor de materials de decoraci\u00f3. - decomat\",\"isPartOf\":{\"@id\":\"https:\\\/\\\/decomat.com\\\/ca\\\/#website\"},\"primaryImageOfPage\":{\"@id\":\"https:\\\/\\\/decomat.com\\\/ca\\\/#primaryimage\"},\"image\":{\"@id\":\"https:\\\/\\\/decomat.com\\\/ca\\\/#primaryimage\"},\"thumbnailUrl\":\"https:\\\/\\\/www.decomat.com\\\/wp-content\\\/uploads\\\/2015\\\/09\\\/pencil32.png\",\"datePublished\":\"2015-09-15T18:57:47+00:00\",\"dateModified\":\"2017-07-07T15:05:13+00:00\",\"breadcrumb\":{\"@id\":\"https:\\\/\\\/decomat.com\\\/ca\\\/#breadcrumb\"},\"inLanguage\":\"ca-ES\",\"potentialAction\":[{\"@type\":\"ReadAction\",\"target\":[\"https:\\\/\\\/decomat.com\\\/ca\\\/\"]}]},{\"@type\":\"ImageObject\",\"inLanguage\":\"ca-ES\",\"@id\":\"https:\\\/\\\/decomat.com\\\/ca\\\/#primaryimage\",\"url\":\"https:\\\/\\\/www.decomat.com\\\/wp-content\\\/uploads\\\/2015\\\/09\\\/pencil32.png\",\"contentUrl\":\"https:\\\/\\\/www.decomat.com\\\/wp-content\\\/uploads\\\/2015\\\/09\\\/pencil32.png\"},{\"@type\":\"BreadcrumbList\",\"@id\":\"https:\\\/\\\/decomat.com\\\/ca\\\/#breadcrumb\",\"itemListElement\":[{\"@type\":\"ListItem\",\"position\":1,\"name\":\"Portada\",\"item\":\"https:\\\/\\\/decomat.com\\\/ca\\\/\"},{\"@type\":\"ListItem\",\"position\":2,\"name\":\"Decomat el vostre prove\u00efdor de materials de decoraci\u00f3.\"}]},{\"@type\":\"WebSite\",\"@id\":\"https:\\\/\\\/decomat.com\\\/ca\\\/#website\",\"url\":\"https:\\\/\\\/decomat.com\\\/ca\\\/\",\"name\":\"decomat\",\"description\":\"Material decoraci\u00f3\",\"potentialAction\":[{\"@type\":\"SearchAction\",\"target\":{\"@type\":\"EntryPoint\",\"urlTemplate\":\"https:\\\/\\\/decomat.com\\\/ca\\\/?s={search_term_string}\"},\"query-input\":{\"@type\":\"PropertyValueSpecification\",\"valueRequired\":true,\"valueName\":\"search_term_string\"}}],\"inLanguage\":\"ca-ES\"}]}<\/script>\n<!-- \/ Yoast SEO plugin. -->","yoast_head_json":{"title":"Decomat el vostre prove\u00efdor de materials de decoraci\u00f3. - decomat","robots":{"index":"index","follow":"follow","max-snippet":"max-snippet:-1","max-image-preview":"max-image-preview:large","max-video-preview":"max-video-preview:-1"},"canonical":"https:\/\/decomat.com\/ca\/","og_locale":"ca_ES","og_type":"article","og_title":"Decomat el vostre prove\u00efdor de materials de decoraci\u00f3. - decomat","og_description":"[vc_row][vc_column][vc_column_text] decomat Contribu\u00efm a la satisfacci\u00f3 dels nostres clients amb gran varietat de materials de construcci\u00f3 y decoraci\u00f3[\/vc_column_text][\/vc_column][\/vc_row][vc_row][vc_column][mk_edge_slider swiper_bg=&#8221;#000000&#8243;][\/vc_column][\/vc_row][mk_page_section bg_color=&#8221;#adadad&#8221; bg_gradient=&#8221;vertical&#8221; video_color_mask=&#8221;#ededed&#8221; gr_end=&#8221;#939393&#8243; sidebar=&#8221;sidebar-1&#8243;][vc_column][vc_column_text]M\u00e9s de 65 anys al servei dels nostres clients avalen la nostra professionalitat i defineixen el nostre comprom\u00eds amb el treball de qualitat.[\/vc_column_text][\/vc_column][\/mk_page_section][vc_row][vc_column][vc_column_text] &nbsp;&nbsp; &nbsp; CERTIFICATS AMB LA NORMA UNE Tots els [&hellip;]","og_url":"https:\/\/decomat.com\/ca\/","og_site_name":"decomat","article_modified_time":"2017-07-07T15:05:13+00:00","og_image":[{"width":32,"height":32,"url":"https:\/\/decomat.com\/wp-content\/uploads\/2015\/09\/pencil32.png","type":"image\/png"}],"twitter_card":"summary_large_image","twitter_misc":{"Est. reading time":"5 minutes"},"schema":{"@context":"https:\/\/schema.org","@graph":[{"@type":"WebPage","@id":"https:\/\/decomat.com\/ca\/","url":"https:\/\/decomat.com\/ca\/","name":"Decomat el vostre prove\u00efdor de materials de decoraci\u00f3. - decomat","isPartOf":{"@id":"https:\/\/decomat.com\/ca\/#website"},"primaryImageOfPage":{"@id":"https:\/\/decomat.com\/ca\/#primaryimage"},"image":{"@id":"https:\/\/decomat.com\/ca\/#primaryimage"},"thumbnailUrl":"https:\/\/www.decomat.com\/wp-content\/uploads\/2015\/09\/pencil32.png","datePublished":"2015-09-15T18:57:47+00:00","dateModified":"2017-07-07T15:05:13+00:00","breadcrumb":{"@id":"https:\/\/decomat.com\/ca\/#breadcrumb"},"inLanguage":"ca-ES","potentialAction":[{"@type":"ReadAction","target":["https:\/\/decomat.com\/ca\/"]}]},{"@type":"ImageObject","inLanguage":"ca-ES","@id":"https:\/\/decomat.com\/ca\/#primaryimage","url":"https:\/\/www.decomat.com\/wp-content\/uploads\/2015\/09\/pencil32.png","contentUrl":"https:\/\/www.decomat.com\/wp-content\/uploads\/2015\/09\/pencil32.png"},{"@type":"BreadcrumbList","@id":"https:\/\/decomat.com\/ca\/#breadcrumb","itemListElement":[{"@type":"ListItem","position":1,"name":"Portada","item":"https:\/\/decomat.com\/ca\/"},{"@type":"ListItem","position":2,"name":"Decomat el vostre prove\u00efdor de materials de decoraci\u00f3."}]},{"@type":"WebSite","@id":"https:\/\/decomat.com\/ca\/#website","url":"https:\/\/decomat.com\/ca\/","name":"decomat","description":"Material decoraci\u00f3","potentialAction":[{"@type":"SearchAction","target":{"@type":"EntryPoint","urlTemplate":"https:\/\/decomat.com\/ca\/?s={search_term_string}"},"query-input":{"@type":"PropertyValueSpecification","valueRequired":true,"valueName":"search_term_string"}}],"inLanguage":"ca-ES"}]}},"_links":{"self":[{"href":"https:\/\/decomat.com\/ca\/wp-json\/wp\/v2\/pages\/5860","targetHints":{"allow":["GET"]}}],"collection":[{"href":"https:\/\/decomat.com\/ca\/wp-json\/wp\/v2\/pages"}],"about":[{"href":"https:\/\/decomat.com\/ca\/wp-json\/wp\/v2\/types\/page"}],"author":[{"embeddable":true,"href":"https:\/\/decomat.com\/ca\/wp-json\/wp\/v2\/users\/8979"}],"replies":[{"embeddable":true,"href":"https:\/\/decomat.com\/ca\/wp-json\/wp\/v2\/comments?post=5860"}],"version-history":[{"count":102,"href":"https:\/\/decomat.com\/ca\/wp-json\/wp\/v2\/pages\/5860\/revisions"}],"predecessor-version":[{"id":7471,"href":"https:\/\/decomat.com\/ca\/wp-json\/wp\/v2\/pages\/5860\/revisions\/7471"}],"wp:attachment":[{"href":"https:\/\/decomat.com\/ca\/wp-json\/wp\/v2\/media?parent=5860"}],"curies":[{"name":"wp","href":"https:\/\/api.w.org\/{rel}","templated":true}]}}