{"id":6044,"date":"2016-03-05T13:31:01","date_gmt":"2016-03-05T11:31:01","guid":{"rendered":"http:\/\/www.decomat.com\/?page_id=6044"},"modified":"2017-08-16T18:35:25","modified_gmt":"2017-08-16T16:35:25","slug":"certificado-de-eficiencia-energetica-edificios","status":"publish","type":"page","link":"https:\/\/decomat.com\/ca\/hogar\/certificado-de-eficiencia-energetica-edificios\/","title":{"rendered":"Certificat d&#8217;efici\u00e8ncia energ\u00e8tica d&#8217;edificis"},"content":{"rendered":"<strong>Certificat d&#8217;efici\u00e8ncia energ\u00e8tica d&#8217;edificis<\/strong><\/p>\n<p>Realitzem \u00a0la certificaci\u00f3 d&#8217;efici\u00e8ncia energ\u00e8tica d&#8217;edificis a Sabadell i tota la seva \u00e0rea metropolitana amb els certificats d\u2019efici\u00e8ncia energ\u00e8tica i c\u00e8dules d\u2019habitabilitat tant conjuntament com separadament pots complir amb la normativa vigent.(*)<\/p>\n<p>&nbsp;<\/p>\n<p>&nbsp;<\/p>\n<p><strong>Qu\u00e8 es mesura amb el certificat d&#8217;efici\u00e8ncia energ\u00e8tica?<\/strong><\/p>\n<p>El certificat energ\u00e8tic \u00a0mesura dos par\u00e0metres:<\/p>\n<ul>\n<li>les emissions de di\u00f2xid de carboni.<\/li>\n<li>el consum d\u2019energia prim\u00e0ria.<\/li>\n<\/ul>\n<p>Per tal de mesurar aquests par\u00e0metres es comprova:<\/p>\n<ul>\n<li>la forma d\u2019escalfar l\u2019aigua calenta<\/li>\n<li>la forma d&#8217;escalfar l\u2019habitatge<\/li>\n<li>com s\u2019ha edificat o de quina forma est\u00e0 la vivenda a\u00efllada respecte l\u2019exterior, ja siguin finestres o parets.<\/li>\n<li>com afecten les ombres de la resta d\u2019edificacions en l\u2019habitatge a certificar.<\/li>\n<\/ul>\n<p>&nbsp;<\/p>\n<p><strong>Quins pasos es realitzen per obtenir el certificat d&#8217;efici\u00e8ncia energ\u00e8tica?<\/strong><\/p>\n<p>Per tramitar un certificat d\u2019efici\u00e8ncia energ\u00e8tica a Sabadell:<\/p>\n<p>primer quedar\u00edem a una hora convinguda a l&#8217;habitatge a certificar per tal de fer la inspecci\u00f3 visual del mateix.<\/p>\n<p>posteriorment realitzem un informe amb els programes inform\u00e0tics homologats per enviar-lo a visar al col\u00b7legi d\u2019arquitectes<\/p>\n<p>un cop visat enviem l\u2019informe a l\u2019Institut Catal\u00e0 d\u2019Energia (ICAEN) la Generalitat de Catalunya per tal de que emeti el corresponent certificat d\u2019efici\u00e8ncia energ\u00e8tica. El qual li enviarem a vost\u00e8 en format pdf per email.<\/p>\n<p>&nbsp;<\/p>\n<p><strong>Perqu\u00e8 ens serveix el certificat d&#8217;efici\u00e8ncia energ\u00e8tica?<\/strong><\/p>\n<p>La certificaci\u00f3 energ\u00e8tica ens ser\u00e0 \u00fatil \u00a0quan ens venguin o lloguin un habitatge o local. La informaci\u00f3 aportada de la despesa en energia i la seva catalogaci\u00f3, ens permetr\u00e0 estalvis en el consum que a la llarga repercutiran en les factures de l\u2019electricitat o el gas, reduint la despesa en electricitat i de gas. Com els criteris s\u00f3n semblants a tot Europa, la comparaci\u00f3 tamb\u00e9 la podrem realitzar amb un habitatge de Sabadell respecte un de una altra ciutat Europea.<\/p>\n<p>Independentment de la qualificaci\u00f3 obtinguda per l\u2019habitatge o local a Sabadell o la resta de municipis ( Castellar del Vall\u00e8s, Cerdanyola del Vall\u00e8s, Barber\u00e0 del Vall\u00e8s, Sant Quirze del Vall\u00e8s, Poliny\u00e0,\u00a0Santa Perpetua de Mogoda, Sentmenat, Caldes de Montbu\u00ed, Terrassa, Badia del Vall\u00e8s, Sant Cugat del Vall\u00e8s, Rub\u00ed ) no comporta cap obligaci\u00f3 de realitzaci\u00f3 obres de reforma, sent el certificat una manera de comparaci\u00f3 de consums energ\u00e8tics del parc d\u2019habitatges i locals.<\/p>\n<p>&nbsp;<\/p>\n<p><strong>Normativa vigent certificat efici\u00e8ncia energ\u00e8tica:<\/strong>(*)<\/p>\n<p>El certificat d\u2019efici\u00e8ncia energ\u00e8tica a Sabadell com a la resta del territori \u00e9s obligatori per la transposici\u00f3 la Directiva de la Uni\u00f3 Europea 2002\/91\/CE,que en posterioritat, va ser modificada per la Directiva 2010\/31\/UE a l\u2019ordenament jur\u00eddic espanyol.<\/p>\n<p>En aquesta direcci\u00f3 el 5 d\u2019abril de 2013 el Govern central va publicar el \u201cPlan Estatal de Fomento del Alquiler de Viviendas, Rehabilitaci\u00f3n, Regeneraci\u00f3n y Renovaci\u00f3n Urbana (2013-2016)\u201d. Aix\u00ed mateix, el 13 d\u2019abril de 2013 es va publicar al BOE el Reial Decret 235\/2013 pel qual s&#8217;aprova el procediment b\u00e0sic per a la certificaci\u00f3 de l&#8217;efici\u00e8ncia energ\u00e8tica dels edificis.<\/p>\n<p>El Reial Decret fixa l&#8217;1 de juny de 2013 com a data a partir de la qual \u00e9s obligatori disposar del certificat energ\u00e8tic per als edificis d\u2019habitatges i d\u2019\u00fas terciari nous i per a les transaccions de compravenda o de lloguer d\u2019edificis ja existents i per a edificis p\u00fablics de m\u00e9s de 500 m2.","protected":false},"excerpt":{"rendered":"<p>Certificat d&#8217;efici\u00e8ncia energ\u00e8tica d&#8217;edificis Realitzem \u00a0la certificaci\u00f3 d&#8217;efici\u00e8ncia energ\u00e8tica d&#8217;edificis a Sabadell i tota la seva \u00e0rea metropolitana amb els certificats d\u2019efici\u00e8ncia energ\u00e8tica i c\u00e8dules d\u2019habitabilitat tant conjuntament com separadament pots complir amb la normativa vigent.(*) &nbsp; &nbsp; Qu\u00e8 es mesura amb el certificat d&#8217;efici\u00e8ncia energ\u00e8tica? El certificat energ\u00e8tic \u00a0mesura dos par\u00e0metres: les emissions de [&hellip;]<\/p>\n","protected":false},"author":8979,"featured_media":0,"parent":715,"menu_order":0,"comment_status":"closed","ping_status":"closed","template":"","meta":{"_monsterinsights_skip_tracking":false,"_monsterinsights_sitenote_active":false,"_monsterinsights_sitenote_note":"","_monsterinsights_sitenote_category":0,"ngg_post_thumbnail":0,"footnotes":""},"class_list":["post-6044","page","type-page","status-publish","hentry"],"yoast_head":"<!-- This site is optimized with the Yoast SEO plugin v27.3 - https:\/\/yoast.com\/product\/yoast-seo-wordpress\/ -->\n<title>Certificat d&#039;efici\u00e8ncia energ\u00e8tica d&#039;edificis - decomat<\/title>\n<meta name=\"robots\" content=\"index, follow, max-snippet:-1, max-image-preview:large, max-video-preview:-1\" \/>\n<link rel=\"canonical\" href=\"https:\/\/decomat.com\/es\/hogar\/certificado-de-eficiencia-energetica-edificios\/\" \/>\n<meta property=\"og:locale\" content=\"ca_ES\" \/>\n<meta property=\"og:type\" content=\"article\" \/>\n<meta property=\"og:title\" content=\"Certificat d&#039;efici\u00e8ncia energ\u00e8tica d&#039;edificis - decomat\" \/>\n<meta property=\"og:description\" content=\"Certificat d&#8217;efici\u00e8ncia energ\u00e8tica d&#8217;edificis Realitzem \u00a0la certificaci\u00f3 d&#8217;efici\u00e8ncia energ\u00e8tica d&#8217;edificis a Sabadell i tota la seva \u00e0rea metropolitana amb els certificats d\u2019efici\u00e8ncia energ\u00e8tica i c\u00e8dules d\u2019habitabilitat tant conjuntament com separadament pots complir amb la normativa vigent.(*) &nbsp; &nbsp; Qu\u00e8 es mesura amb el certificat d&#8217;efici\u00e8ncia energ\u00e8tica? El certificat energ\u00e8tic \u00a0mesura dos par\u00e0metres: les emissions de [&hellip;]\" \/>\n<meta property=\"og:url\" content=\"https:\/\/decomat.com\/es\/hogar\/certificado-de-eficiencia-energetica-edificios\/\" \/>\n<meta property=\"og:site_name\" content=\"decomat\" \/>\n<meta property=\"article:modified_time\" content=\"2017-08-16T16:35:25+00:00\" \/>\n<meta name=\"twitter:card\" content=\"summary_large_image\" \/>\n<meta name=\"twitter:label1\" content=\"Est. reading time\" \/>\n\t<meta name=\"twitter:data1\" content=\"6 minutes\" \/>\n<script type=\"application\/ld+json\" class=\"yoast-schema-graph\">{\"@context\":\"https:\\\/\\\/schema.org\",\"@graph\":[{\"@type\":\"WebPage\",\"@id\":\"https:\\\/\\\/decomat.com\\\/es\\\/hogar\\\/certificado-de-eficiencia-energetica-edificios\\\/\",\"url\":\"https:\\\/\\\/decomat.com\\\/es\\\/hogar\\\/certificado-de-eficiencia-energetica-edificios\\\/\",\"name\":\"Certificat d'efici\u00e8ncia energ\u00e8tica d'edificis - decomat\",\"isPartOf\":{\"@id\":\"https:\\\/\\\/decomat.com\\\/ca\\\/#website\"},\"datePublished\":\"2016-03-05T11:31:01+00:00\",\"dateModified\":\"2017-08-16T16:35:25+00:00\",\"breadcrumb\":{\"@id\":\"https:\\\/\\\/decomat.com\\\/es\\\/hogar\\\/certificado-de-eficiencia-energetica-edificios\\\/#breadcrumb\"},\"inLanguage\":\"ca-ES\",\"potentialAction\":[{\"@type\":\"ReadAction\",\"target\":[\"https:\\\/\\\/decomat.com\\\/es\\\/hogar\\\/certificado-de-eficiencia-energetica-edificios\\\/\"]}]},{\"@type\":\"BreadcrumbList\",\"@id\":\"https:\\\/\\\/decomat.com\\\/es\\\/hogar\\\/certificado-de-eficiencia-energetica-edificios\\\/#breadcrumb\",\"itemListElement\":[{\"@type\":\"ListItem\",\"position\":1,\"name\":\"Portada\",\"item\":\"https:\\\/\\\/decomat.com\\\/ca\\\/\"},{\"@type\":\"ListItem\",\"position\":2,\"name\":\"Hogar\",\"item\":\"https:\\\/\\\/decomat.com\\\/es\\\/hogar\\\/\"},{\"@type\":\"ListItem\",\"position\":3,\"name\":\"Certificado de eficiencia energ\u00e9tica de edificios\"}]},{\"@type\":\"WebSite\",\"@id\":\"https:\\\/\\\/decomat.com\\\/ca\\\/#website\",\"url\":\"https:\\\/\\\/decomat.com\\\/ca\\\/\",\"name\":\"decomat\",\"description\":\"Material decoraci\u00f3\",\"potentialAction\":[{\"@type\":\"SearchAction\",\"target\":{\"@type\":\"EntryPoint\",\"urlTemplate\":\"https:\\\/\\\/decomat.com\\\/ca\\\/?s={search_term_string}\"},\"query-input\":{\"@type\":\"PropertyValueSpecification\",\"valueRequired\":true,\"valueName\":\"search_term_string\"}}],\"inLanguage\":\"ca-ES\"}]}<\/script>\n<!-- \/ Yoast SEO plugin. -->","yoast_head_json":{"title":"Certificat d'efici\u00e8ncia energ\u00e8tica d'edificis - decomat","robots":{"index":"index","follow":"follow","max-snippet":"max-snippet:-1","max-image-preview":"max-image-preview:large","max-video-preview":"max-video-preview:-1"},"canonical":"https:\/\/decomat.com\/es\/hogar\/certificado-de-eficiencia-energetica-edificios\/","og_locale":"ca_ES","og_type":"article","og_title":"Certificat d'efici\u00e8ncia energ\u00e8tica d'edificis - decomat","og_description":"Certificat d&#8217;efici\u00e8ncia energ\u00e8tica d&#8217;edificis Realitzem \u00a0la certificaci\u00f3 d&#8217;efici\u00e8ncia energ\u00e8tica d&#8217;edificis a Sabadell i tota la seva \u00e0rea metropolitana amb els certificats d\u2019efici\u00e8ncia energ\u00e8tica i c\u00e8dules d\u2019habitabilitat tant conjuntament com separadament pots complir amb la normativa vigent.(*) &nbsp; &nbsp; Qu\u00e8 es mesura amb el certificat d&#8217;efici\u00e8ncia energ\u00e8tica? El certificat energ\u00e8tic \u00a0mesura dos par\u00e0metres: les emissions de [&hellip;]","og_url":"https:\/\/decomat.com\/es\/hogar\/certificado-de-eficiencia-energetica-edificios\/","og_site_name":"decomat","article_modified_time":"2017-08-16T16:35:25+00:00","twitter_card":"summary_large_image","twitter_misc":{"Est. reading time":"6 minutes"},"schema":{"@context":"https:\/\/schema.org","@graph":[{"@type":"WebPage","@id":"https:\/\/decomat.com\/es\/hogar\/certificado-de-eficiencia-energetica-edificios\/","url":"https:\/\/decomat.com\/es\/hogar\/certificado-de-eficiencia-energetica-edificios\/","name":"Certificat d'efici\u00e8ncia energ\u00e8tica d'edificis - decomat","isPartOf":{"@id":"https:\/\/decomat.com\/ca\/#website"},"datePublished":"2016-03-05T11:31:01+00:00","dateModified":"2017-08-16T16:35:25+00:00","breadcrumb":{"@id":"https:\/\/decomat.com\/es\/hogar\/certificado-de-eficiencia-energetica-edificios\/#breadcrumb"},"inLanguage":"ca-ES","potentialAction":[{"@type":"ReadAction","target":["https:\/\/decomat.com\/es\/hogar\/certificado-de-eficiencia-energetica-edificios\/"]}]},{"@type":"BreadcrumbList","@id":"https:\/\/decomat.com\/es\/hogar\/certificado-de-eficiencia-energetica-edificios\/#breadcrumb","itemListElement":[{"@type":"ListItem","position":1,"name":"Portada","item":"https:\/\/decomat.com\/ca\/"},{"@type":"ListItem","position":2,"name":"Hogar","item":"https:\/\/decomat.com\/es\/hogar\/"},{"@type":"ListItem","position":3,"name":"Certificado de eficiencia energ\u00e9tica de edificios"}]},{"@type":"WebSite","@id":"https:\/\/decomat.com\/ca\/#website","url":"https:\/\/decomat.com\/ca\/","name":"decomat","description":"Material decoraci\u00f3","potentialAction":[{"@type":"SearchAction","target":{"@type":"EntryPoint","urlTemplate":"https:\/\/decomat.com\/ca\/?s={search_term_string}"},"query-input":{"@type":"PropertyValueSpecification","valueRequired":true,"valueName":"search_term_string"}}],"inLanguage":"ca-ES"}]}},"_links":{"self":[{"href":"https:\/\/decomat.com\/ca\/wp-json\/wp\/v2\/pages\/6044","targetHints":{"allow":["GET"]}}],"collection":[{"href":"https:\/\/decomat.com\/ca\/wp-json\/wp\/v2\/pages"}],"about":[{"href":"https:\/\/decomat.com\/ca\/wp-json\/wp\/v2\/types\/page"}],"author":[{"embeddable":true,"href":"https:\/\/decomat.com\/ca\/wp-json\/wp\/v2\/users\/8979"}],"replies":[{"embeddable":true,"href":"https:\/\/decomat.com\/ca\/wp-json\/wp\/v2\/comments?post=6044"}],"version-history":[{"count":9,"href":"https:\/\/decomat.com\/ca\/wp-json\/wp\/v2\/pages\/6044\/revisions"}],"predecessor-version":[{"id":7484,"href":"https:\/\/decomat.com\/ca\/wp-json\/wp\/v2\/pages\/6044\/revisions\/7484"}],"up":[{"embeddable":true,"href":"https:\/\/decomat.com\/ca\/wp-json\/wp\/v2\/pages\/715"}],"wp:attachment":[{"href":"https:\/\/decomat.com\/ca\/wp-json\/wp\/v2\/media?parent=6044"}],"curies":[{"name":"wp","href":"https:\/\/api.w.org\/{rel}","templated":true}]}}