{"id":654,"date":"2012-04-04T16:25:16","date_gmt":"2012-04-04T16:25:16","guid":{"rendered":"http:\/\/www.decomat.com\/?page_id=654"},"modified":"2014-04-01T17:23:36","modified_gmt":"2014-04-01T15:23:36","slug":"aislante","status":"publish","type":"page","link":"https:\/\/decomat.com\/ca\/materiales\/aislante\/","title":{"rendered":"A\u00efllant"},"content":{"rendered":"<p><\/p>\n<h1>A\u00efllants<\/h1>\n<p>L&#8217;a\u00efllament \u00e9s b\u00e0sic per garantir un comfort independent de la temperatura i la humitat exterior.<\/p>\n<p>L&#8217;a\u00efllament compatibilitza alhora comfort, respecte pel medi ambient i estalvi.<\/p>\n<p>M\u00e9s enll\u00e0 del comfort, l&#8217;a\u00efllament ens pot reportar un important estalvi energ\u00e8tic que es far\u00e0 pal\u00e8s mensualment en la factura del gas i l&#8217;electricitat.<\/p>\n<p>Consulti ja la nostra llista de materials sostenibles per l&#8217;a\u00efllament de la seva llar o de la seva comunitat de ve\u00efns.<\/p>\n<p>&nbsp;<\/p>\n<h2>Funcions de l&#8217;a\u00efllament:<\/h2>\n<p style=\"padding-left: 30px;\">Amb quines finalitats s&#8217;utilitzen els materials a\u00efllants en la construcci\u00f3?<br \/>\nEls materials a\u00efllants s&#8217;utilitzen en construcci\u00f3 amb la finalitat de la protecci\u00f3 de la vivenda contra:<\/p>\n<p style=\"padding-left: 60px;\">&#8211; la humitat ( l&#8217;aigua)<br \/>\n&#8211; l&#8217;incendi (el foc)<br \/>\n&#8211; la calor i el fred (l&#8217;aire)<br \/>\n&#8211; el soroll<\/p>\n<p style=\"padding-left: 30px;\">Les funcions dels materiales a\u00efllants s\u00f3n, doncs, hidr\u00f2fugues, antit\u00e8rmiques, antis\u00f2niques i ign\u00edfugues.<\/p>\n<p>&nbsp;<\/p>\n<h2>Tipus d&#8217;a\u00efllament segons la seva funci\u00f3:<\/h2>\n<h3 style=\"padding-left: 30px;\">A\u00efllar <strong>t\u00e8rmicament<\/strong><\/h3>\n<p style=\"padding-left: 60px;\">Per un millor benestar i per millorar l&#8217;efici\u00e8ncia de la calefacci\u00f3 i refrigeraci\u00f3 i la reducci\u00f3 de les factures d&#8217;energia.<\/p>\n<p style=\"padding-left: 60px;\"><img loading=\"lazy\" decoding=\"async\" class=\"alignnone\" src=\"https:\/\/www.decomat.com\/imatges\/decomat\/materials\/aillament\/rockwool\/cat\/desertglacera.jpg\" alt=\"\" width=\"150\" height=\"117\" \/>\u00a0\u00a0\u00a0\u00a0\u00a0\u00a0\u00a0\u00a0 \u00a0 \u00a0 \u00a0 \u00a0 \u00a0 \u00a0 \u00a0 \u00a0 \u00a0 \u00a0 \u00a0\u00a0 <img loading=\"lazy\" decoding=\"async\" class=\"alignnone\" src=\"https:\/\/www.decomat.com\/imatges\/decomat\/materials\/aillament\/rockwool\/cat\/panellsaillament.jpeg\" alt=\"\" width=\"187\" height=\"115\" \/><\/p>\n<p style=\"padding-left: 60px;\">A\u00efllar t\u00e8rmicament\u00a0 contribueix a l&#8217;estalvi d energ\u00eda i redueix la contaminaci\u00f3, si aquesta energia\u00a0es produeix a partir de combustibles que per produir energia vessen a\u00a0l&#8217;atm\u00f2sfera gasos contaminants que deterioren la capa d&#8217;ozo.<\/p>\n<p style=\"padding-left: 60px;\">L&#8217;a\u00efllament eficient redueix l&#8217;emissi\u00f3 de di\u00f2xid de carboni (CO \u00b2) i di\u00f2xid de sofre en l&#8217;atmosfera per m\u00e9s de 50%, gasos responsables de l&#8217;efecte hivernacle i pluges \u00e0cides<\/p>\n<p style=\"padding-left: 60px;\">La llana de roca\u00a0volc\u00e0nica a\u00eflla efica\u00e7ment contra el fred i contra la calor. Gr\u00e0cies a la seva estructura\u00a0multidireccional, la llana de roca volc\u00e0nica cont\u00e8 aire sec al seu interior que\u00a0constitueix una barrera al fluxe de calor.Aix\u00f3 unit al baix nivell de\u00a0conductivitat t\u00e8rmica dels filaments minerals que la composen fan d aquest roducte una eina clau per assolir un excellent nivell de confort\u00a0t\u00e8rmic.<\/p>\n<h3 style=\"padding-left: 30px;\">A\u00efllar ac\u00fasticament:<\/h3>\n<p style=\"padding-left: 60px;\">Per a la protecci\u00f3 contra el soroll\u00a0absorbint els sons, la reducci\u00f3 de la seva propagaci\u00f3 per obtenir la protecci\u00f3 ac\u00fastica \u00f2ptima.<\/p>\n<p style=\"padding-left: 60px;\"><img loading=\"lazy\" decoding=\"async\" class=\"alignnone\" src=\"https:\/\/www.decomat.com\/\/imatges\/decomat\/materials\/aillament\/isover\/cat\/orella.jpg\" alt=\"\" width=\"144\" height=\"159\" \/>\u00a0\u00a0\u00a0\u00a0\u00a0\u00a0\u00a0\u00a0\u00a0\u00a0\u00a0 <img loading=\"lazy\" decoding=\"async\" class=\"alignnone\" src=\"https:\/\/www.decomat.com\/imatges\/decomat\/materials\/aillament\/illbruck\/cat\/plaquesespumaresinaacusticpiramideblanc.gif\" alt=\"\" width=\"152\" height=\"139\" \/><img loading=\"lazy\" decoding=\"async\" class=\"alignnone\" src=\"https:\/\/www.decomat.com\/imatges\/decomat\/materials\/aillament\/illbruck\/cat\/plaquesespumaresinaaillamentacusticnegre.gif\" alt=\"\" width=\"153\" height=\"135\" \/><\/p>\n<h3 style=\"padding-left: 30px;\">A\u00efllar del foc:<\/h3>\n<p style=\"padding-left: 60px;\">La protecci\u00f3 contra el foc<br \/>\nLes llanes minerals s\u00f3n incombustibles per la naturalesa hidrof\u00edlica cap, i no l&#8217;acci\u00f3 capil \u00b7 lar. Ells no emet fums t\u00f2xics.<\/p>\n<p style=\"padding-left: 60px;\"><img loading=\"lazy\" decoding=\"async\" class=\"alignnone\" src=\"https:\/\/www.decomat.com\/imatges\/decomat\/materials\/aillament\/isover\/cat\/cascbomber.jpg\" alt=\"\" width=\"161\" height=\"168\" \/><\/p>\n<p>&nbsp;<\/p>\n<p>&nbsp;<\/p>\n<p>&nbsp;<\/p>","protected":false},"excerpt":{"rendered":"<p>A\u00efllants L&#8217;a\u00efllament \u00e9s b\u00e0sic per garantir un comfort independent de la temperatura i la humitat exterior. L&#8217;a\u00efllament compatibilitza alhora comfort, respecte pel medi ambient i estalvi. M\u00e9s enll\u00e0 del comfort, l&#8217;a\u00efllament ens pot reportar un important estalvi energ\u00e8tic que es far\u00e0 pal\u00e8s mensualment en la factura del gas i l&#8217;electricitat. Consulti ja la nostra llista [&hellip;]<\/p>\n","protected":false},"author":8979,"featured_media":0,"parent":709,"menu_order":11,"comment_status":"open","ping_status":"closed","template":"","meta":{"_monsterinsights_skip_tracking":false,"_monsterinsights_sitenote_active":false,"_monsterinsights_sitenote_note":"","_monsterinsights_sitenote_category":0,"ngg_post_thumbnail":0,"footnotes":""},"class_list":["post-654","page","type-page","status-publish","hentry"],"yoast_head":"<!-- This site is optimized with the Yoast SEO plugin v27.4 - https:\/\/yoast.com\/product\/yoast-seo-wordpress\/ -->\n<title>A\u00efllant - decomat<\/title>\n<meta name=\"robots\" content=\"index, follow, max-snippet:-1, max-image-preview:large, max-video-preview:-1\" \/>\n<link rel=\"canonical\" href=\"https:\/\/decomat.com\/en\/materiales\/aislante\/\" \/>\n<meta property=\"og:locale\" content=\"ca_ES\" \/>\n<meta property=\"og:type\" content=\"article\" \/>\n<meta property=\"og:title\" content=\"A\u00efllant - decomat\" \/>\n<meta property=\"og:description\" content=\"A\u00efllants L&#8217;a\u00efllament \u00e9s b\u00e0sic per garantir un comfort independent de la temperatura i la humitat exterior. L&#8217;a\u00efllament compatibilitza alhora comfort, respecte pel medi ambient i estalvi. M\u00e9s enll\u00e0 del comfort, l&#8217;a\u00efllament ens pot reportar un important estalvi energ\u00e8tic que es far\u00e0 pal\u00e8s mensualment en la factura del gas i l&#8217;electricitat. Consulti ja la nostra llista [&hellip;]\" \/>\n<meta property=\"og:url\" content=\"https:\/\/decomat.com\/en\/materiales\/aislante\/\" \/>\n<meta property=\"og:site_name\" content=\"decomat\" \/>\n<meta property=\"article:modified_time\" content=\"2014-04-01T15:23:36+00:00\" \/>\n<meta property=\"og:image\" content=\"https:\/\/www.decomat.com\/imatges\/decomat\/materials\/aillament\/rockwool\/cat\/desertglacera.jpg\" \/>\n<meta name=\"twitter:card\" content=\"summary_large_image\" \/>\n<meta name=\"twitter:label1\" content=\"Est. reading time\" \/>\n\t<meta name=\"twitter:data1\" content=\"6 minutes\" \/>\n<script type=\"application\/ld+json\" class=\"yoast-schema-graph\">{\"@context\":\"https:\\\/\\\/schema.org\",\"@graph\":[{\"@type\":\"WebPage\",\"@id\":\"https:\\\/\\\/decomat.com\\\/en\\\/materiales\\\/aislante\\\/\",\"url\":\"https:\\\/\\\/decomat.com\\\/en\\\/materiales\\\/aislante\\\/\",\"name\":\"A\u00efllant - decomat\",\"isPartOf\":{\"@id\":\"https:\\\/\\\/decomat.com\\\/ca\\\/#website\"},\"primaryImageOfPage\":{\"@id\":\"https:\\\/\\\/decomat.com\\\/en\\\/materiales\\\/aislante\\\/#primaryimage\"},\"image\":{\"@id\":\"https:\\\/\\\/decomat.com\\\/en\\\/materiales\\\/aislante\\\/#primaryimage\"},\"thumbnailUrl\":\"https:\\\/\\\/www.decomat.com\\\/imatges\\\/decomat\\\/materials\\\/aillament\\\/rockwool\\\/cat\\\/desertglacera.jpg\",\"datePublished\":\"2012-04-04T16:25:16+00:00\",\"dateModified\":\"2014-04-01T15:23:36+00:00\",\"breadcrumb\":{\"@id\":\"https:\\\/\\\/decomat.com\\\/en\\\/materiales\\\/aislante\\\/#breadcrumb\"},\"inLanguage\":\"ca-ES\",\"potentialAction\":[{\"@type\":\"ReadAction\",\"target\":[\"https:\\\/\\\/decomat.com\\\/en\\\/materiales\\\/aislante\\\/\"]}]},{\"@type\":\"ImageObject\",\"inLanguage\":\"ca-ES\",\"@id\":\"https:\\\/\\\/decomat.com\\\/en\\\/materiales\\\/aislante\\\/#primaryimage\",\"url\":\"https:\\\/\\\/www.decomat.com\\\/imatges\\\/decomat\\\/materials\\\/aillament\\\/rockwool\\\/cat\\\/desertglacera.jpg\",\"contentUrl\":\"https:\\\/\\\/www.decomat.com\\\/imatges\\\/decomat\\\/materials\\\/aillament\\\/rockwool\\\/cat\\\/desertglacera.jpg\"},{\"@type\":\"BreadcrumbList\",\"@id\":\"https:\\\/\\\/decomat.com\\\/en\\\/materiales\\\/aislante\\\/#breadcrumb\",\"itemListElement\":[{\"@type\":\"ListItem\",\"position\":1,\"name\":\"Portada\",\"item\":\"https:\\\/\\\/decomat.com\\\/ca\\\/\"},{\"@type\":\"ListItem\",\"position\":2,\"name\":\"Materials\",\"item\":\"https:\\\/\\\/decomat.com\\\/ca\\\/materiales\\\/\"},{\"@type\":\"ListItem\",\"position\":3,\"name\":\"Isolator\"}]},{\"@type\":\"WebSite\",\"@id\":\"https:\\\/\\\/decomat.com\\\/ca\\\/#website\",\"url\":\"https:\\\/\\\/decomat.com\\\/ca\\\/\",\"name\":\"decomat\",\"description\":\"Material decoraci\u00f3\",\"potentialAction\":[{\"@type\":\"SearchAction\",\"target\":{\"@type\":\"EntryPoint\",\"urlTemplate\":\"https:\\\/\\\/decomat.com\\\/ca\\\/?s={search_term_string}\"},\"query-input\":{\"@type\":\"PropertyValueSpecification\",\"valueRequired\":true,\"valueName\":\"search_term_string\"}}],\"inLanguage\":\"ca-ES\"}]}<\/script>\n<!-- \/ Yoast SEO plugin. -->","yoast_head_json":{"title":"A\u00efllant - decomat","robots":{"index":"index","follow":"follow","max-snippet":"max-snippet:-1","max-image-preview":"max-image-preview:large","max-video-preview":"max-video-preview:-1"},"canonical":"https:\/\/decomat.com\/en\/materiales\/aislante\/","og_locale":"ca_ES","og_type":"article","og_title":"A\u00efllant - decomat","og_description":"A\u00efllants L&#8217;a\u00efllament \u00e9s b\u00e0sic per garantir un comfort independent de la temperatura i la humitat exterior. L&#8217;a\u00efllament compatibilitza alhora comfort, respecte pel medi ambient i estalvi. M\u00e9s enll\u00e0 del comfort, l&#8217;a\u00efllament ens pot reportar un important estalvi energ\u00e8tic que es far\u00e0 pal\u00e8s mensualment en la factura del gas i l&#8217;electricitat. Consulti ja la nostra llista [&hellip;]","og_url":"https:\/\/decomat.com\/en\/materiales\/aislante\/","og_site_name":"decomat","article_modified_time":"2014-04-01T15:23:36+00:00","og_image":[{"url":"https:\/\/www.decomat.com\/imatges\/decomat\/materials\/aillament\/rockwool\/cat\/desertglacera.jpg","type":"","width":"","height":""}],"twitter_card":"summary_large_image","twitter_misc":{"Est. reading time":"6 minutes"},"schema":{"@context":"https:\/\/schema.org","@graph":[{"@type":"WebPage","@id":"https:\/\/decomat.com\/en\/materiales\/aislante\/","url":"https:\/\/decomat.com\/en\/materiales\/aislante\/","name":"A\u00efllant - decomat","isPartOf":{"@id":"https:\/\/decomat.com\/ca\/#website"},"primaryImageOfPage":{"@id":"https:\/\/decomat.com\/en\/materiales\/aislante\/#primaryimage"},"image":{"@id":"https:\/\/decomat.com\/en\/materiales\/aislante\/#primaryimage"},"thumbnailUrl":"https:\/\/www.decomat.com\/imatges\/decomat\/materials\/aillament\/rockwool\/cat\/desertglacera.jpg","datePublished":"2012-04-04T16:25:16+00:00","dateModified":"2014-04-01T15:23:36+00:00","breadcrumb":{"@id":"https:\/\/decomat.com\/en\/materiales\/aislante\/#breadcrumb"},"inLanguage":"ca-ES","potentialAction":[{"@type":"ReadAction","target":["https:\/\/decomat.com\/en\/materiales\/aislante\/"]}]},{"@type":"ImageObject","inLanguage":"ca-ES","@id":"https:\/\/decomat.com\/en\/materiales\/aislante\/#primaryimage","url":"https:\/\/www.decomat.com\/imatges\/decomat\/materials\/aillament\/rockwool\/cat\/desertglacera.jpg","contentUrl":"https:\/\/www.decomat.com\/imatges\/decomat\/materials\/aillament\/rockwool\/cat\/desertglacera.jpg"},{"@type":"BreadcrumbList","@id":"https:\/\/decomat.com\/en\/materiales\/aislante\/#breadcrumb","itemListElement":[{"@type":"ListItem","position":1,"name":"Portada","item":"https:\/\/decomat.com\/ca\/"},{"@type":"ListItem","position":2,"name":"Materials","item":"https:\/\/decomat.com\/ca\/materiales\/"},{"@type":"ListItem","position":3,"name":"Isolator"}]},{"@type":"WebSite","@id":"https:\/\/decomat.com\/ca\/#website","url":"https:\/\/decomat.com\/ca\/","name":"decomat","description":"Material decoraci\u00f3","potentialAction":[{"@type":"SearchAction","target":{"@type":"EntryPoint","urlTemplate":"https:\/\/decomat.com\/ca\/?s={search_term_string}"},"query-input":{"@type":"PropertyValueSpecification","valueRequired":true,"valueName":"search_term_string"}}],"inLanguage":"ca-ES"}]}},"_links":{"self":[{"href":"https:\/\/decomat.com\/ca\/wp-json\/wp\/v2\/pages\/654","targetHints":{"allow":["GET"]}}],"collection":[{"href":"https:\/\/decomat.com\/ca\/wp-json\/wp\/v2\/pages"}],"about":[{"href":"https:\/\/decomat.com\/ca\/wp-json\/wp\/v2\/types\/page"}],"author":[{"embeddable":true,"href":"https:\/\/decomat.com\/ca\/wp-json\/wp\/v2\/users\/8979"}],"replies":[{"embeddable":true,"href":"https:\/\/decomat.com\/ca\/wp-json\/wp\/v2\/comments?post=654"}],"version-history":[{"count":21,"href":"https:\/\/decomat.com\/ca\/wp-json\/wp\/v2\/pages\/654\/revisions"}],"predecessor-version":[{"id":5527,"href":"https:\/\/decomat.com\/ca\/wp-json\/wp\/v2\/pages\/654\/revisions\/5527"}],"up":[{"embeddable":true,"href":"https:\/\/decomat.com\/ca\/wp-json\/wp\/v2\/pages\/709"}],"wp:attachment":[{"href":"https:\/\/decomat.com\/ca\/wp-json\/wp\/v2\/media?parent=654"}],"curies":[{"name":"wp","href":"https:\/\/api.w.org\/{rel}","templated":true}]}}