{"id":659,"date":"2012-04-04T16:27:41","date_gmt":"2012-04-04T16:27:41","guid":{"rendered":"http:\/\/www.decomat.com\/?page_id=659"},"modified":"2017-08-16T18:39:06","modified_gmt":"2017-08-16T16:39:06","slug":"cortinas-para-el-hogar","status":"publish","type":"page","link":"https:\/\/decomat.com\/ca\/hogar\/cortinas-para-el-hogar\/","title":{"rendered":"Cortines per a la llar"},"content":{"rendered":"<h1>Cortines per a la llar<\/h1>\n<p>Els hi oferim tot <strong>tipus de cortines<\/strong> per a les portes i finestres de la seva llar.\u00a0 <strong>Cortines<\/strong>\u00a0per a la llar que donen al seu espai l&#8217;eleg\u00e0ncia, lluminositat, comoditat i benestar necessaris.<\/p>\n<p>Estils de tela per adaptar-nos al qu\u00e8 el client necessita.\u00a0\u00a0 Treieu profit de la llum natural sense perdre la intimitat.<\/p>\n<p>La\u00a0<strong>cortina<\/strong>\u00a0per a la llar \u00e9s una pe\u00e7a m\u00f2vil, normalment de tela (poliester, lli, cot\u00f2, screen,&#8230;) i d&#8217;altres materials en el cas de la cortina (fusta, fibres naturals, pvc, alumini, etc).<\/p>\n<p>Aquesta\u00a0<strong>cortina<\/strong>\u00a0s&#8217;utilitzen per cobrir tancaments (portes i finestres).<\/p>\n<p>Les cortines es poden classificar per diferents criteris (mecanisme de la cortina, situaci\u00f3 de la cortina, funci\u00f3 de la cortina, marca del fabricant).<\/p>\n<p>La cortina\u00a0<strong>Bandalux<\/strong>, cortina\u00a0<strong>Mottura<\/strong>, cortina\u00a0<strong>Louverdrape<\/strong>, cortina\u00a0<strong>Hunter Douglas,\u00a0<\/strong>cortina<strong>\u00a0Gradulux<\/strong>, cortina<strong>\u00a0Cortinova<\/strong>, cortina\u00a0<strong>Krismar<\/strong>,\u00a0<strong>Acudam, Dyrco, Flexol, Vislumbra<\/strong>\u00a0fan refer\u00e8ncia a diversos fabricants de <strong>cortina t\u00e8cnica<\/strong>.<\/p>\n<h2>Tipus de cortines:<\/h2>\n<p>Trobareu diferents tipus de cortina per a la llar segons:<\/p>\n<h3 style=\"padding-left: 30px;\">Cortines segons<span style=\"text-decoration: underline;\"> <strong><a href=\"https:\/\/www.decomat.com\/materiales\/cortina-toldo\/tipos-de-cortinas\/cortinas-segun-mecanismo\/\">mecanisme<\/a><\/strong><\/span>:<\/h3>\n<p style=\"padding-left: 60px;\"><a href=\"https:\/\/www.decomat.com\/materiales\/cortina-toldo\/tipos-de-cortinas\/cortinas-segun-mecanismo\/cortina-enrrotllable\/\">Cortina enrotllable.<\/a><br \/>\n<a href=\"https:\/\/www.decomat.com\/materiales\/cortina-toldo\/tipos-de-cortinas\/cortinas-segun-mecanismo\/cortina-plisada\/\">Cortina plisada.<\/a><br \/>\n<a href=\"https:\/\/www.decomat.com\/materiales\/cortina-toldo\/tipos-de-cortinas\/cortinas-segun-mecanismo\/cortina-estor\/\">Cortines estor plegables amb o sense varetes<\/a><br \/>\n<a href=\"https:\/\/www.decomat.com\/materiales\/cortina-toldo\/tipos-de-cortinas\/cortinas-segun-mecanismo\/cortinas-de-lamas-verticales\/\">Cortina lames verticals<\/a><br \/>\n<a href=\"https:\/\/www.decomat.com\/materiales\/cortina-toldo\/tipos-de-cortinas\/cortinas-segun-mecanismo\/cortina-panel-japones\/\">Panell japon\u00e8s<\/a><br \/>\n<a href=\"https:\/\/www.decomat.com\/materiales\/cortina-toldo\/tipos-de-cortinas\/cortinas-segun-mecanismo\/cortinas-tradicionales-de-confeccion\/\">Cortines tradicionals<\/a><br \/>\n<a href=\"https:\/\/www.decomat.com\/materiales\/cortina-toldo\/tipos-de-cortinas\/cortinas-segun-mecanismo\/cortinajes\/\">Cortinatges<\/a><br \/>\n<a href=\"https:\/\/www.decomat.com\/materiales\/cortina-toldo\/tipos-de-cortinas\/cortinas-segun-mecanismo\/cortina-veneciana\/\">Cortines venecianes<\/a><\/p>\n<h3 style=\"padding-left: 30px;\">Cortines segons <a href=\"https:\/\/www.decomat.com\/materiales\/cortina-toldo\/tipos-de-cortinas\/cortinas-segun-funcion\/\">Funci\u00f3 <\/a>que voleu que realitzin les cortines:<\/h3>\n<p style=\"padding-left: 60px;\">* Controlar la llum:<\/p>\n<p style=\"padding-left: 60px;\">\u00a0 \u00a0 \u00a0 \u00a0 &#8211; Cortines per enfosquir (tela opaca)<br \/>\n&#8211; Cortines per deixar passar la llum (tela trasl\u00facida)<br \/>\n&#8211; Cortines per deixar passar la llum (tela transparent)<br \/>\n&#8211; Cortines per graduar la intensitat de la llum.(veneciana)<\/p>\n<p style=\"padding-left: 60px;\">* Controlar els insectes i mosquits:<\/p>\n<p style=\"padding-left: 60px;\">\u00a0 \u00a0 \u00a0 \u00a0 &#8211; Mosquitera.<\/p>\n<p style=\"padding-left: 60px;\">* Decorar<\/p>\n<h3 style=\"padding-left: 30px;\">Cortines segons <a href=\"https:\/\/www.decomat.com\/www.decomat.com\/materiales\/cortina-toldo\/tipos-de-cortinas\/segun-situacion\/cortinas-de-exterior\/\"> la situaci\u00f3 <\/a> de les cortines:<\/h3>\n<p style=\"padding-left: 60px;\">Cortina d&#8217;exterior<br \/>\nCortina d&#8217;interior<\/p>\n<h2><\/h2>\n<h3 style=\"padding-left: 30px;\"><\/h3>","protected":false},"excerpt":{"rendered":"<p>Cortines per a la llar Els hi oferim tot tipus de cortines per a les portes i finestres de la seva llar.\u00a0 Cortines\u00a0per a la llar que donen al seu espai l&#8217;eleg\u00e0ncia, lluminositat, comoditat i benestar necessaris. Estils de tela per adaptar-nos al qu\u00e8 el client necessita.\u00a0\u00a0 Treieu profit de la llum natural sense perdre [&hellip;]<\/p>\n","protected":false},"author":8979,"featured_media":0,"parent":715,"menu_order":0,"comment_status":"open","ping_status":"closed","template":"","meta":{"_monsterinsights_skip_tracking":false,"_monsterinsights_sitenote_active":false,"_monsterinsights_sitenote_note":"","_monsterinsights_sitenote_category":0,"ngg_post_thumbnail":0,"footnotes":""},"class_list":["post-659","page","type-page","status-publish","hentry"],"yoast_head":"<!-- This site is optimized with the Yoast SEO plugin v27.3 - https:\/\/yoast.com\/product\/yoast-seo-wordpress\/ -->\n<title>Cortines per a la llar - decomat<\/title>\n<meta name=\"robots\" content=\"index, follow, max-snippet:-1, max-image-preview:large, max-video-preview:-1\" \/>\n<link rel=\"canonical\" href=\"https:\/\/decomat.com\/es\/hogar\/cortinas-para-el-hogar\/\" \/>\n<meta property=\"og:locale\" content=\"ca_ES\" \/>\n<meta property=\"og:type\" content=\"article\" \/>\n<meta property=\"og:title\" content=\"Cortines per a la llar - decomat\" \/>\n<meta property=\"og:description\" content=\"Cortines per a la llar Els hi oferim tot tipus de cortines per a les portes i finestres de la seva llar.\u00a0 Cortines\u00a0per a la llar que donen al seu espai l&#8217;eleg\u00e0ncia, lluminositat, comoditat i benestar necessaris. Estils de tela per adaptar-nos al qu\u00e8 el client necessita.\u00a0\u00a0 Treieu profit de la llum natural sense perdre [&hellip;]\" \/>\n<meta property=\"og:url\" content=\"https:\/\/decomat.com\/es\/hogar\/cortinas-para-el-hogar\/\" \/>\n<meta property=\"og:site_name\" content=\"decomat\" \/>\n<meta property=\"article:modified_time\" content=\"2017-08-16T16:39:06+00:00\" \/>\n<meta name=\"twitter:card\" content=\"summary_large_image\" \/>\n<meta name=\"twitter:label1\" content=\"Est. reading time\" \/>\n\t<meta name=\"twitter:data1\" content=\"3 minutes\" \/>\n<script type=\"application\/ld+json\" class=\"yoast-schema-graph\">{\"@context\":\"https:\\\/\\\/schema.org\",\"@graph\":[{\"@type\":\"WebPage\",\"@id\":\"https:\\\/\\\/decomat.com\\\/es\\\/hogar\\\/cortinas-para-el-hogar\\\/\",\"url\":\"https:\\\/\\\/decomat.com\\\/es\\\/hogar\\\/cortinas-para-el-hogar\\\/\",\"name\":\"Cortines per a la llar - decomat\",\"isPartOf\":{\"@id\":\"https:\\\/\\\/decomat.com\\\/ca\\\/#website\"},\"datePublished\":\"2012-04-04T16:27:41+00:00\",\"dateModified\":\"2017-08-16T16:39:06+00:00\",\"breadcrumb\":{\"@id\":\"https:\\\/\\\/decomat.com\\\/es\\\/hogar\\\/cortinas-para-el-hogar\\\/#breadcrumb\"},\"inLanguage\":\"ca-ES\",\"potentialAction\":[{\"@type\":\"ReadAction\",\"target\":[\"https:\\\/\\\/decomat.com\\\/es\\\/hogar\\\/cortinas-para-el-hogar\\\/\"]}]},{\"@type\":\"BreadcrumbList\",\"@id\":\"https:\\\/\\\/decomat.com\\\/es\\\/hogar\\\/cortinas-para-el-hogar\\\/#breadcrumb\",\"itemListElement\":[{\"@type\":\"ListItem\",\"position\":1,\"name\":\"Portada\",\"item\":\"https:\\\/\\\/decomat.com\\\/ca\\\/\"},{\"@type\":\"ListItem\",\"position\":2,\"name\":\"Hogar\",\"item\":\"https:\\\/\\\/decomat.com\\\/es\\\/hogar\\\/\"},{\"@type\":\"ListItem\",\"position\":3,\"name\":\"Cortinas para el hogar\"}]},{\"@type\":\"WebSite\",\"@id\":\"https:\\\/\\\/decomat.com\\\/ca\\\/#website\",\"url\":\"https:\\\/\\\/decomat.com\\\/ca\\\/\",\"name\":\"decomat\",\"description\":\"Material decoraci\u00f3\",\"potentialAction\":[{\"@type\":\"SearchAction\",\"target\":{\"@type\":\"EntryPoint\",\"urlTemplate\":\"https:\\\/\\\/decomat.com\\\/ca\\\/?s={search_term_string}\"},\"query-input\":{\"@type\":\"PropertyValueSpecification\",\"valueRequired\":true,\"valueName\":\"search_term_string\"}}],\"inLanguage\":\"ca-ES\"}]}<\/script>\n<!-- \/ Yoast SEO plugin. -->","yoast_head_json":{"title":"Cortines per a la llar - decomat","robots":{"index":"index","follow":"follow","max-snippet":"max-snippet:-1","max-image-preview":"max-image-preview:large","max-video-preview":"max-video-preview:-1"},"canonical":"https:\/\/decomat.com\/es\/hogar\/cortinas-para-el-hogar\/","og_locale":"ca_ES","og_type":"article","og_title":"Cortines per a la llar - decomat","og_description":"Cortines per a la llar Els hi oferim tot tipus de cortines per a les portes i finestres de la seva llar.\u00a0 Cortines\u00a0per a la llar que donen al seu espai l&#8217;eleg\u00e0ncia, lluminositat, comoditat i benestar necessaris. Estils de tela per adaptar-nos al qu\u00e8 el client necessita.\u00a0\u00a0 Treieu profit de la llum natural sense perdre [&hellip;]","og_url":"https:\/\/decomat.com\/es\/hogar\/cortinas-para-el-hogar\/","og_site_name":"decomat","article_modified_time":"2017-08-16T16:39:06+00:00","twitter_card":"summary_large_image","twitter_misc":{"Est. reading time":"3 minutes"},"schema":{"@context":"https:\/\/schema.org","@graph":[{"@type":"WebPage","@id":"https:\/\/decomat.com\/es\/hogar\/cortinas-para-el-hogar\/","url":"https:\/\/decomat.com\/es\/hogar\/cortinas-para-el-hogar\/","name":"Cortines per a la llar - decomat","isPartOf":{"@id":"https:\/\/decomat.com\/ca\/#website"},"datePublished":"2012-04-04T16:27:41+00:00","dateModified":"2017-08-16T16:39:06+00:00","breadcrumb":{"@id":"https:\/\/decomat.com\/es\/hogar\/cortinas-para-el-hogar\/#breadcrumb"},"inLanguage":"ca-ES","potentialAction":[{"@type":"ReadAction","target":["https:\/\/decomat.com\/es\/hogar\/cortinas-para-el-hogar\/"]}]},{"@type":"BreadcrumbList","@id":"https:\/\/decomat.com\/es\/hogar\/cortinas-para-el-hogar\/#breadcrumb","itemListElement":[{"@type":"ListItem","position":1,"name":"Portada","item":"https:\/\/decomat.com\/ca\/"},{"@type":"ListItem","position":2,"name":"Hogar","item":"https:\/\/decomat.com\/es\/hogar\/"},{"@type":"ListItem","position":3,"name":"Cortinas para el hogar"}]},{"@type":"WebSite","@id":"https:\/\/decomat.com\/ca\/#website","url":"https:\/\/decomat.com\/ca\/","name":"decomat","description":"Material decoraci\u00f3","potentialAction":[{"@type":"SearchAction","target":{"@type":"EntryPoint","urlTemplate":"https:\/\/decomat.com\/ca\/?s={search_term_string}"},"query-input":{"@type":"PropertyValueSpecification","valueRequired":true,"valueName":"search_term_string"}}],"inLanguage":"ca-ES"}]}},"_links":{"self":[{"href":"https:\/\/decomat.com\/ca\/wp-json\/wp\/v2\/pages\/659","targetHints":{"allow":["GET"]}}],"collection":[{"href":"https:\/\/decomat.com\/ca\/wp-json\/wp\/v2\/pages"}],"about":[{"href":"https:\/\/decomat.com\/ca\/wp-json\/wp\/v2\/types\/page"}],"author":[{"embeddable":true,"href":"https:\/\/decomat.com\/ca\/wp-json\/wp\/v2\/users\/8979"}],"replies":[{"embeddable":true,"href":"https:\/\/decomat.com\/ca\/wp-json\/wp\/v2\/comments?post=659"}],"version-history":[{"count":46,"href":"https:\/\/decomat.com\/ca\/wp-json\/wp\/v2\/pages\/659\/revisions"}],"predecessor-version":[{"id":7486,"href":"https:\/\/decomat.com\/ca\/wp-json\/wp\/v2\/pages\/659\/revisions\/7486"}],"up":[{"embeddable":true,"href":"https:\/\/decomat.com\/ca\/wp-json\/wp\/v2\/pages\/715"}],"wp:attachment":[{"href":"https:\/\/decomat.com\/ca\/wp-json\/wp\/v2\/media?parent=659"}],"curies":[{"name":"wp","href":"https:\/\/api.w.org\/{rel}","templated":true}]}}