{"id":666,"date":"2012-04-04T16:53:45","date_gmt":"2012-04-04T16:53:45","guid":{"rendered":"http:\/\/www.decomat.com\/?page_id=666"},"modified":"2017-04-08T19:05:32","modified_gmt":"2017-04-08T17:05:32","slug":"domotica","status":"publish","type":"page","link":"https:\/\/decomat.com\/ca\/decoracion-para-profesionales\/domotica\/","title":{"rendered":"Dom\u00f2tica"},"content":{"rendered":"<h1>Dom\u00f2tica<\/h1>\n<p>La <strong>dom\u00f2tica<\/strong> s&#8217;aplica amb l&#8217;<strong>objectiu<\/strong> d&#8217;obtenir\u00a0benestar, seguretat i comunicacions. Tamb\u00e9 per\u00a0estalviar en consums tant d&#8217;energia (gas, electric, renovables&#8230;) com d&#8217;aigua.<\/p>\n<p>El <strong>resultat d&#8217;aplicar la\u00a0<\/strong><b>dom\u00f2tica<\/b>\u00a0 en habitatges \u00e9s que els edificis es converteixen en intel\u00b7ligents, ja que els aparells de la dom\u00f2tica permeten que decisions amb els objectius esmentats anteriorment s&#8217;apliquin autom\u00e0ticament gr\u00e0cies a la programaci\u00f3 dels aparells de <strong>dom\u00f2tica. <\/strong>Els\u00a0sistemes dom\u00f2tics es poden controlar remotament mitjan\u00e7ant tel\u00e8fon, PDA, pantalla t\u00e0ctil, internet, ordinador\u00a0o altres.<\/p>\n<p>La\u00a0<strong>dom\u00f2tica evoluciona cap<\/strong> a la integraci\u00f3 de tots els sistemes de control d&#8217;un edifici dom\u00f2tic en una \u00fanica xarxa de comanament, creant el que s&#8217;anomena habitatge o llar digital.<\/p>\n<p>En un <strong>exemple d&#8217;edifici dom\u00f2tic,<\/strong> durant l&#8217;hivern, les persianes podrien pujar durant el dia\u00a0i durant la nit\u00a0baixarien soles, els tendals\u00a0a la inversa a l&#8217;estiu, per aprofitar la llum i l&#8217;escalfor del sol durant el dia, ajudant a optimitzar el consum energ\u00e8tic de l&#8217;habitatge.<\/p>\n<p>Domintell \u00e9s un sistema dom\u00f2tic amb pulsadors compatibles amb els marcs de la gama Ligth i Axolute de bticino o amb d&#8217;altres fabricants com \u00a0la serie FD-Desing de Jung.<\/p>\n<p>Domintell \u00e9s compatible amb iPhone, iPad,\u00a0\u00a0Bang &amp; Olufsen i sistemes d&#8217;il\u00b7luminaci\u00f3 per leds mitjan\u00e7ant protocol DMX512.<\/p>\n<p><meta http-equiv=\"Refresh\" content=\"30;url=http:\/\/www.domoti.com\/ca\/\"\/>  <body><\/p>\n<p>\nAqu\u00ed hi trobar\u00e0 m\u00e9s informaci\u00f3 sobre dom\u00f2tica a la llar. En 30 segons enlla\u00e7ar\u00e0 a DOMOTI. En cas contrari, pulsi en el seg\u00fcent enlla\u00e7 <a href=\"http:\/\/www.domoti.com\/ca\/\"> www.domoti.com<\/a>\n<\/p>\n<p><\/body>","protected":false},"excerpt":{"rendered":"<p>Dom\u00f2tica La dom\u00f2tica s&#8217;aplica amb l&#8217;objectiu d&#8217;obtenir\u00a0benestar, seguretat i comunicacions. Tamb\u00e9 per\u00a0estalviar en consums tant d&#8217;energia (gas, electric, renovables&#8230;) com d&#8217;aigua. El resultat d&#8217;aplicar la\u00a0dom\u00f2tica\u00a0 en habitatges \u00e9s que els edificis es converteixen en intel\u00b7ligents, ja que els aparells de la dom\u00f2tica permeten que decisions amb els objectius esmentats anteriorment s&#8217;apliquin autom\u00e0ticament gr\u00e0cies a la [&hellip;]<\/p>\n","protected":false},"author":8979,"featured_media":0,"parent":780,"menu_order":0,"comment_status":"open","ping_status":"closed","template":"","meta":{"_monsterinsights_skip_tracking":false,"_monsterinsights_sitenote_active":false,"_monsterinsights_sitenote_note":"","_monsterinsights_sitenote_category":0,"ngg_post_thumbnail":0,"footnotes":""},"class_list":["post-666","page","type-page","status-publish","hentry"],"yoast_head":"<!-- This site is optimized with the Yoast SEO plugin v27.4 - https:\/\/yoast.com\/product\/yoast-seo-wordpress\/ -->\n<title>Dom\u00f2tica - decomat<\/title>\n<meta name=\"robots\" content=\"index, follow, max-snippet:-1, max-image-preview:large, max-video-preview:-1\" \/>\n<link rel=\"canonical\" href=\"https:\/\/decomat.com\/es\/decoracion-para-profesionales\/domotica\/\" \/>\n<meta property=\"og:locale\" content=\"ca_ES\" \/>\n<meta property=\"og:type\" content=\"article\" \/>\n<meta property=\"og:title\" content=\"Dom\u00f2tica - decomat\" \/>\n<meta property=\"og:description\" content=\"Dom\u00f2tica La dom\u00f2tica s&#8217;aplica amb l&#8217;objectiu d&#8217;obtenir\u00a0benestar, seguretat i comunicacions. Tamb\u00e9 per\u00a0estalviar en consums tant d&#8217;energia (gas, electric, renovables&#8230;) com d&#8217;aigua. El resultat d&#8217;aplicar la\u00a0dom\u00f2tica\u00a0 en habitatges \u00e9s que els edificis es converteixen en intel\u00b7ligents, ja que els aparells de la dom\u00f2tica permeten que decisions amb els objectius esmentats anteriorment s&#8217;apliquin autom\u00e0ticament gr\u00e0cies a la [&hellip;]\" \/>\n<meta property=\"og:url\" content=\"https:\/\/decomat.com\/es\/decoracion-para-profesionales\/domotica\/\" \/>\n<meta property=\"og:site_name\" content=\"decomat\" \/>\n<meta property=\"article:modified_time\" content=\"2017-04-08T17:05:32+00:00\" \/>\n<meta name=\"twitter:card\" content=\"summary_large_image\" \/>\n<meta name=\"twitter:label1\" content=\"Est. reading time\" \/>\n\t<meta name=\"twitter:data1\" content=\"3 minutes\" \/>\n<script type=\"application\/ld+json\" class=\"yoast-schema-graph\">{\"@context\":\"https:\\\/\\\/schema.org\",\"@graph\":[{\"@type\":\"WebPage\",\"@id\":\"https:\\\/\\\/decomat.com\\\/es\\\/decoracion-para-profesionales\\\/domotica\\\/\",\"url\":\"https:\\\/\\\/decomat.com\\\/es\\\/decoracion-para-profesionales\\\/domotica\\\/\",\"name\":\"Dom\u00f2tica - decomat\",\"isPartOf\":{\"@id\":\"https:\\\/\\\/decomat.com\\\/ca\\\/#website\"},\"datePublished\":\"2012-04-04T16:53:45+00:00\",\"dateModified\":\"2017-04-08T17:05:32+00:00\",\"breadcrumb\":{\"@id\":\"https:\\\/\\\/decomat.com\\\/es\\\/decoracion-para-profesionales\\\/domotica\\\/#breadcrumb\"},\"inLanguage\":\"ca-ES\",\"potentialAction\":[{\"@type\":\"ReadAction\",\"target\":[\"https:\\\/\\\/decomat.com\\\/es\\\/decoracion-para-profesionales\\\/domotica\\\/\"]}]},{\"@type\":\"BreadcrumbList\",\"@id\":\"https:\\\/\\\/decomat.com\\\/es\\\/decoracion-para-profesionales\\\/domotica\\\/#breadcrumb\",\"itemListElement\":[{\"@type\":\"ListItem\",\"position\":1,\"name\":\"Portada\",\"item\":\"https:\\\/\\\/decomat.com\\\/ca\\\/\"},{\"@type\":\"ListItem\",\"position\":2,\"name\":\"Professional\",\"item\":\"https:\\\/\\\/decomat.com\\\/ca\\\/decoracion-para-profesionales\\\/\"},{\"@type\":\"ListItem\",\"position\":3,\"name\":\"Dom\u00f3tica\"}]},{\"@type\":\"WebSite\",\"@id\":\"https:\\\/\\\/decomat.com\\\/ca\\\/#website\",\"url\":\"https:\\\/\\\/decomat.com\\\/ca\\\/\",\"name\":\"decomat\",\"description\":\"Material decoraci\u00f3\",\"potentialAction\":[{\"@type\":\"SearchAction\",\"target\":{\"@type\":\"EntryPoint\",\"urlTemplate\":\"https:\\\/\\\/decomat.com\\\/ca\\\/?s={search_term_string}\"},\"query-input\":{\"@type\":\"PropertyValueSpecification\",\"valueRequired\":true,\"valueName\":\"search_term_string\"}}],\"inLanguage\":\"ca-ES\"}]}<\/script>\n<!-- \/ Yoast SEO plugin. -->","yoast_head_json":{"title":"Dom\u00f2tica - decomat","robots":{"index":"index","follow":"follow","max-snippet":"max-snippet:-1","max-image-preview":"max-image-preview:large","max-video-preview":"max-video-preview:-1"},"canonical":"https:\/\/decomat.com\/es\/decoracion-para-profesionales\/domotica\/","og_locale":"ca_ES","og_type":"article","og_title":"Dom\u00f2tica - decomat","og_description":"Dom\u00f2tica La dom\u00f2tica s&#8217;aplica amb l&#8217;objectiu d&#8217;obtenir\u00a0benestar, seguretat i comunicacions. Tamb\u00e9 per\u00a0estalviar en consums tant d&#8217;energia (gas, electric, renovables&#8230;) com d&#8217;aigua. El resultat d&#8217;aplicar la\u00a0dom\u00f2tica\u00a0 en habitatges \u00e9s que els edificis es converteixen en intel\u00b7ligents, ja que els aparells de la dom\u00f2tica permeten que decisions amb els objectius esmentats anteriorment s&#8217;apliquin autom\u00e0ticament gr\u00e0cies a la [&hellip;]","og_url":"https:\/\/decomat.com\/es\/decoracion-para-profesionales\/domotica\/","og_site_name":"decomat","article_modified_time":"2017-04-08T17:05:32+00:00","twitter_card":"summary_large_image","twitter_misc":{"Est. reading time":"3 minutes"},"schema":{"@context":"https:\/\/schema.org","@graph":[{"@type":"WebPage","@id":"https:\/\/decomat.com\/es\/decoracion-para-profesionales\/domotica\/","url":"https:\/\/decomat.com\/es\/decoracion-para-profesionales\/domotica\/","name":"Dom\u00f2tica - decomat","isPartOf":{"@id":"https:\/\/decomat.com\/ca\/#website"},"datePublished":"2012-04-04T16:53:45+00:00","dateModified":"2017-04-08T17:05:32+00:00","breadcrumb":{"@id":"https:\/\/decomat.com\/es\/decoracion-para-profesionales\/domotica\/#breadcrumb"},"inLanguage":"ca-ES","potentialAction":[{"@type":"ReadAction","target":["https:\/\/decomat.com\/es\/decoracion-para-profesionales\/domotica\/"]}]},{"@type":"BreadcrumbList","@id":"https:\/\/decomat.com\/es\/decoracion-para-profesionales\/domotica\/#breadcrumb","itemListElement":[{"@type":"ListItem","position":1,"name":"Portada","item":"https:\/\/decomat.com\/ca\/"},{"@type":"ListItem","position":2,"name":"Professional","item":"https:\/\/decomat.com\/ca\/decoracion-para-profesionales\/"},{"@type":"ListItem","position":3,"name":"Dom\u00f3tica"}]},{"@type":"WebSite","@id":"https:\/\/decomat.com\/ca\/#website","url":"https:\/\/decomat.com\/ca\/","name":"decomat","description":"Material decoraci\u00f3","potentialAction":[{"@type":"SearchAction","target":{"@type":"EntryPoint","urlTemplate":"https:\/\/decomat.com\/ca\/?s={search_term_string}"},"query-input":{"@type":"PropertyValueSpecification","valueRequired":true,"valueName":"search_term_string"}}],"inLanguage":"ca-ES"}]}},"_links":{"self":[{"href":"https:\/\/decomat.com\/ca\/wp-json\/wp\/v2\/pages\/666","targetHints":{"allow":["GET"]}}],"collection":[{"href":"https:\/\/decomat.com\/ca\/wp-json\/wp\/v2\/pages"}],"about":[{"href":"https:\/\/decomat.com\/ca\/wp-json\/wp\/v2\/types\/page"}],"author":[{"embeddable":true,"href":"https:\/\/decomat.com\/ca\/wp-json\/wp\/v2\/users\/8979"}],"replies":[{"embeddable":true,"href":"https:\/\/decomat.com\/ca\/wp-json\/wp\/v2\/comments?post=666"}],"version-history":[{"count":21,"href":"https:\/\/decomat.com\/ca\/wp-json\/wp\/v2\/pages\/666\/revisions"}],"predecessor-version":[{"id":6790,"href":"https:\/\/decomat.com\/ca\/wp-json\/wp\/v2\/pages\/666\/revisions\/6790"}],"up":[{"embeddable":true,"href":"https:\/\/decomat.com\/ca\/wp-json\/wp\/v2\/pages\/780"}],"wp:attachment":[{"href":"https:\/\/decomat.com\/ca\/wp-json\/wp\/v2\/media?parent=666"}],"curies":[{"name":"wp","href":"https:\/\/api.w.org\/{rel}","templated":true}]}}