{"id":677,"date":"2012-04-04T16:55:36","date_gmt":"2012-04-04T16:55:36","guid":{"rendered":"http:\/\/www.decomat.com\/?page_id=677"},"modified":"2017-08-16T19:01:08","modified_gmt":"2017-08-16T17:01:08","slug":"ascensor-para-comunidad-de-vecinos","status":"publish","type":"page","link":"https:\/\/decomat.com\/ca\/comunidades\/ascensor-para-comunidad-de-vecinos\/","title":{"rendered":"Ascensor per a comunitat de ve\u00efns"},"content":{"rendered":"<h1>Ascensor per a comunitat de ve\u00efns<\/h1>\n<p>Disposem d&#8217;una \u00e0mplia gamma d&#8217;<strong>ascensor per a comunitat de ve\u00efns, <\/strong>dissenyem i subministrem ascensors complerts.<\/p>\n<p>En cas que la seva escala no disposi d&#8217;ascensor, li podem <strong>instal\u00b7lar de nou ascensors\u00a0<\/strong>en el forat de l&#8217;escala o un altre espai possible del seu edifici aprofitant al m\u00e0xim l&#8217;espai disponible. Tamb\u00e9 realitzem <strong>modernitzacions, decoraci\u00f3 interior\u00a0i substitucions d&#8217;ascensors existents<\/strong>.<\/p>\n<p><strong>Ascensors el\u00e8ctrics, hidr\u00e0ulics, salvaescales<\/strong>, etc que estan constru\u00efts i dissenyats conforme a les normes ISO 9001. Cal destacar els ascensors sense quarto de m\u00e0quines, pensats per satisfer les necessitats d&#8217;estalvi d&#8217;espai i energia.<\/p>\n<p>Realitzem estudis d\u2019implantaci\u00f3 i\/o viabilitat de la instal\u00b7laci\u00f3 d\u2019ascensors per a comunitats de ve\u00efns.<\/p>\n<p>Dels diferents components d&#8217;un ascensor podem destacar:<\/p>\n<h2>Cabina ascensor:<\/h2>\n<p>En els sistemes de transport vertical o ascensors la principal caracter\u00edstica est\u00e8tica i funcional de la cabina ve definida pel panell de comanament amb diferents tipus de botoneres o <strong>pulsadors<\/strong>. El <strong>revestiment de les parets i sostres, paviments del terra<\/strong>, <strong>passamans, miralls i portes de cabina<\/strong>, permeten diferents alternatives que acaben donant senzillesa i eleg\u00e0ncia al conjunt de la cabina de l&#8217;ascensor i proporcionen al passatger un ambient relaxat, c\u00f2mode i segur.<\/p>\n<h2>Motor ascensor:<\/h2>\n<p>Motors molt potents que serveixen per a compensar la fricci\u00f3, la inercia i qualsevol difer\u00e8ncia de pes entre l&#8217;ascensor i el contrap\u00e8s.<\/p>\n<h2>Politja ascensor:<\/h2>\n<p>El mecanisme de la politja, canvia la direcci\u00f3 en la for\u00e7a que fa el contrap\u00e8s.<\/p>\n<h2>Contrap\u00e8s ascensor:<\/h2>\n<p>Pesa una mica m\u00e9s que l&#8217;ascensor per tal de compensar el pes dels passatgers.<\/p>\n<h2>Esmorte\u00efdors ascensor:<\/h2>\n<p>Els esmoret\u00efdors ajuden a frenar la caiguda de la cabina en el cas poc problable que falles el cable.<\/p>\n<p>Els ascensors son un dels majors consumidors d&#8217;energia d&#8217;una comunitat, per tal de estalviar energia amb els ascensors podem seguir els seg\u00fcents consells:<\/p>\n<div>\n<div id=\"container-tabs\">\n<div id=\"tab-ascensores\">\n<div>\n<ul>\n<li>No cridar a varis ascensors a la vegada.<\/li>\n<li>Instalar ascensors amb mecanismes de maniobra selectiva, que activen la trucada de l&#8217;ascensor m\u00e9s proper al punt requerit.<\/li>\n<li>Utilitzar les escales si es tracta de pocs pisos.<\/li>\n<\/ul>\n<\/div>\n<\/div>\n<\/div>\n<\/div>","protected":false},"excerpt":{"rendered":"<p>Ascensor per a comunitat de ve\u00efns Disposem d&#8217;una \u00e0mplia gamma d&#8217;ascensor per a comunitat de ve\u00efns, dissenyem i subministrem ascensors complerts. En cas que la seva escala no disposi d&#8217;ascensor, li podem instal\u00b7lar de nou ascensors\u00a0en el forat de l&#8217;escala o un altre espai possible del seu edifici aprofitant al m\u00e0xim l&#8217;espai disponible. Tamb\u00e9 realitzem [&hellip;]<\/p>\n","protected":false},"author":8979,"featured_media":0,"parent":712,"menu_order":0,"comment_status":"open","ping_status":"closed","template":"","meta":{"_monsterinsights_skip_tracking":false,"_monsterinsights_sitenote_active":false,"_monsterinsights_sitenote_note":"","_monsterinsights_sitenote_category":0,"ngg_post_thumbnail":0,"footnotes":""},"class_list":["post-677","page","type-page","status-publish","hentry"],"yoast_head":"<!-- This site is optimized with the Yoast SEO plugin v27.4 - https:\/\/yoast.com\/product\/yoast-seo-wordpress\/ -->\n<title>Ascensor per a comunitat de ve\u00efns - decomat<\/title>\n<meta name=\"robots\" content=\"index, follow, max-snippet:-1, max-image-preview:large, max-video-preview:-1\" \/>\n<link rel=\"canonical\" href=\"https:\/\/decomat.com\/es\/comunidades\/ascensor-para-comunidad-de-vecinos\/\" \/>\n<meta property=\"og:locale\" content=\"ca_ES\" \/>\n<meta property=\"og:type\" content=\"article\" \/>\n<meta property=\"og:title\" content=\"Ascensor per a comunitat de ve\u00efns - decomat\" \/>\n<meta property=\"og:description\" content=\"Ascensor per a comunitat de ve\u00efns Disposem d&#8217;una \u00e0mplia gamma d&#8217;ascensor per a comunitat de ve\u00efns, dissenyem i subministrem ascensors complerts. En cas que la seva escala no disposi d&#8217;ascensor, li podem instal\u00b7lar de nou ascensors\u00a0en el forat de l&#8217;escala o un altre espai possible del seu edifici aprofitant al m\u00e0xim l&#8217;espai disponible. Tamb\u00e9 realitzem [&hellip;]\" \/>\n<meta property=\"og:url\" content=\"https:\/\/decomat.com\/es\/comunidades\/ascensor-para-comunidad-de-vecinos\/\" \/>\n<meta property=\"og:site_name\" content=\"decomat\" \/>\n<meta property=\"article:modified_time\" content=\"2017-08-16T17:01:08+00:00\" \/>\n<meta name=\"twitter:card\" content=\"summary_large_image\" \/>\n<meta name=\"twitter:label1\" content=\"Est. reading time\" \/>\n\t<meta name=\"twitter:data1\" content=\"4 minutes\" \/>\n<script type=\"application\/ld+json\" class=\"yoast-schema-graph\">{\"@context\":\"https:\\\/\\\/schema.org\",\"@graph\":[{\"@type\":\"WebPage\",\"@id\":\"https:\\\/\\\/decomat.com\\\/es\\\/comunidades\\\/ascensor-para-comunidad-de-vecinos\\\/\",\"url\":\"https:\\\/\\\/decomat.com\\\/es\\\/comunidades\\\/ascensor-para-comunidad-de-vecinos\\\/\",\"name\":\"Ascensor per a comunitat de ve\u00efns - decomat\",\"isPartOf\":{\"@id\":\"https:\\\/\\\/decomat.com\\\/ca\\\/#website\"},\"datePublished\":\"2012-04-04T16:55:36+00:00\",\"dateModified\":\"2017-08-16T17:01:08+00:00\",\"breadcrumb\":{\"@id\":\"https:\\\/\\\/decomat.com\\\/es\\\/comunidades\\\/ascensor-para-comunidad-de-vecinos\\\/#breadcrumb\"},\"inLanguage\":\"ca-ES\",\"potentialAction\":[{\"@type\":\"ReadAction\",\"target\":[\"https:\\\/\\\/decomat.com\\\/es\\\/comunidades\\\/ascensor-para-comunidad-de-vecinos\\\/\"]}]},{\"@type\":\"BreadcrumbList\",\"@id\":\"https:\\\/\\\/decomat.com\\\/es\\\/comunidades\\\/ascensor-para-comunidad-de-vecinos\\\/#breadcrumb\",\"itemListElement\":[{\"@type\":\"ListItem\",\"position\":1,\"name\":\"Portada\",\"item\":\"https:\\\/\\\/decomat.com\\\/ca\\\/\"},{\"@type\":\"ListItem\",\"position\":2,\"name\":\"Comunidades\",\"item\":\"https:\\\/\\\/decomat.com\\\/es\\\/comunidades\\\/\"},{\"@type\":\"ListItem\",\"position\":3,\"name\":\"Ascensor para comunidad de vecinos\"}]},{\"@type\":\"WebSite\",\"@id\":\"https:\\\/\\\/decomat.com\\\/ca\\\/#website\",\"url\":\"https:\\\/\\\/decomat.com\\\/ca\\\/\",\"name\":\"decomat\",\"description\":\"Material decoraci\u00f3\",\"potentialAction\":[{\"@type\":\"SearchAction\",\"target\":{\"@type\":\"EntryPoint\",\"urlTemplate\":\"https:\\\/\\\/decomat.com\\\/ca\\\/?s={search_term_string}\"},\"query-input\":{\"@type\":\"PropertyValueSpecification\",\"valueRequired\":true,\"valueName\":\"search_term_string\"}}],\"inLanguage\":\"ca-ES\"}]}<\/script>\n<!-- \/ Yoast SEO plugin. -->","yoast_head_json":{"title":"Ascensor per a comunitat de ve\u00efns - decomat","robots":{"index":"index","follow":"follow","max-snippet":"max-snippet:-1","max-image-preview":"max-image-preview:large","max-video-preview":"max-video-preview:-1"},"canonical":"https:\/\/decomat.com\/es\/comunidades\/ascensor-para-comunidad-de-vecinos\/","og_locale":"ca_ES","og_type":"article","og_title":"Ascensor per a comunitat de ve\u00efns - decomat","og_description":"Ascensor per a comunitat de ve\u00efns Disposem d&#8217;una \u00e0mplia gamma d&#8217;ascensor per a comunitat de ve\u00efns, dissenyem i subministrem ascensors complerts. En cas que la seva escala no disposi d&#8217;ascensor, li podem instal\u00b7lar de nou ascensors\u00a0en el forat de l&#8217;escala o un altre espai possible del seu edifici aprofitant al m\u00e0xim l&#8217;espai disponible. Tamb\u00e9 realitzem [&hellip;]","og_url":"https:\/\/decomat.com\/es\/comunidades\/ascensor-para-comunidad-de-vecinos\/","og_site_name":"decomat","article_modified_time":"2017-08-16T17:01:08+00:00","twitter_card":"summary_large_image","twitter_misc":{"Est. reading time":"4 minutes"},"schema":{"@context":"https:\/\/schema.org","@graph":[{"@type":"WebPage","@id":"https:\/\/decomat.com\/es\/comunidades\/ascensor-para-comunidad-de-vecinos\/","url":"https:\/\/decomat.com\/es\/comunidades\/ascensor-para-comunidad-de-vecinos\/","name":"Ascensor per a comunitat de ve\u00efns - decomat","isPartOf":{"@id":"https:\/\/decomat.com\/ca\/#website"},"datePublished":"2012-04-04T16:55:36+00:00","dateModified":"2017-08-16T17:01:08+00:00","breadcrumb":{"@id":"https:\/\/decomat.com\/es\/comunidades\/ascensor-para-comunidad-de-vecinos\/#breadcrumb"},"inLanguage":"ca-ES","potentialAction":[{"@type":"ReadAction","target":["https:\/\/decomat.com\/es\/comunidades\/ascensor-para-comunidad-de-vecinos\/"]}]},{"@type":"BreadcrumbList","@id":"https:\/\/decomat.com\/es\/comunidades\/ascensor-para-comunidad-de-vecinos\/#breadcrumb","itemListElement":[{"@type":"ListItem","position":1,"name":"Portada","item":"https:\/\/decomat.com\/ca\/"},{"@type":"ListItem","position":2,"name":"Comunidades","item":"https:\/\/decomat.com\/es\/comunidades\/"},{"@type":"ListItem","position":3,"name":"Ascensor para comunidad de vecinos"}]},{"@type":"WebSite","@id":"https:\/\/decomat.com\/ca\/#website","url":"https:\/\/decomat.com\/ca\/","name":"decomat","description":"Material decoraci\u00f3","potentialAction":[{"@type":"SearchAction","target":{"@type":"EntryPoint","urlTemplate":"https:\/\/decomat.com\/ca\/?s={search_term_string}"},"query-input":{"@type":"PropertyValueSpecification","valueRequired":true,"valueName":"search_term_string"}}],"inLanguage":"ca-ES"}]}},"_links":{"self":[{"href":"https:\/\/decomat.com\/ca\/wp-json\/wp\/v2\/pages\/677","targetHints":{"allow":["GET"]}}],"collection":[{"href":"https:\/\/decomat.com\/ca\/wp-json\/wp\/v2\/pages"}],"about":[{"href":"https:\/\/decomat.com\/ca\/wp-json\/wp\/v2\/types\/page"}],"author":[{"embeddable":true,"href":"https:\/\/decomat.com\/ca\/wp-json\/wp\/v2\/users\/8979"}],"replies":[{"embeddable":true,"href":"https:\/\/decomat.com\/ca\/wp-json\/wp\/v2\/comments?post=677"}],"version-history":[{"count":21,"href":"https:\/\/decomat.com\/ca\/wp-json\/wp\/v2\/pages\/677\/revisions"}],"predecessor-version":[{"id":7489,"href":"https:\/\/decomat.com\/ca\/wp-json\/wp\/v2\/pages\/677\/revisions\/7489"}],"up":[{"embeddable":true,"href":"https:\/\/decomat.com\/ca\/wp-json\/wp\/v2\/pages\/712"}],"wp:attachment":[{"href":"https:\/\/decomat.com\/ca\/wp-json\/wp\/v2\/media?parent=677"}],"curies":[{"name":"wp","href":"https:\/\/api.w.org\/{rel}","templated":true}]}}