{"id":715,"date":"2012-04-06T09:07:57","date_gmt":"2012-04-06T09:07:57","guid":{"rendered":"http:\/\/www.decomat.com\/?page_id=715"},"modified":"2017-08-16T18:33:55","modified_gmt":"2017-08-16T16:33:55","slug":"hogar","status":"publish","type":"page","link":"https:\/\/decomat.com\/ca\/hogar\/","title":{"rendered":"Llar"},"content":{"rendered":"[vc_row][vc_column][vc_column_text]\n<h1>Llar<\/h1>\n<p>&nbsp;<br \/>\n<a class=\"custom-frame alignleft frame-shadow\" style=\"display: inline !important;\" href=\"https:\/\/www.decomat.com\/wp-content\/uploads\/2012\/04\/header_photo_res_solar_couple.jpg\"><img loading=\"lazy\" decoding=\"async\" class=\"alignnone wp-image-6700 size-medium\" title=\"Llar\" src=\"https:\/\/www.decomat.com\/wp-content\/uploads\/2012\/04\/header_photo_res_solar_couple-300x105.jpg\" alt=\"llar parella\" width=\"300\" height=\"105\" srcset=\"https:\/\/decomat.com\/wp-content\/uploads\/2012\/04\/header_photo_res_solar_couple-300x105.jpg 300w, https:\/\/decomat.com\/wp-content\/uploads\/2012\/04\/header_photo_res_solar_couple-330x115.jpg 330w, https:\/\/decomat.com\/wp-content\/uploads\/2012\/04\/header_photo_res_solar_couple-414x145.jpg 414w, https:\/\/decomat.com\/wp-content\/uploads\/2012\/04\/header_photo_res_solar_couple.jpg 509w\" sizes=\"auto, (max-width: 300px) 100vw, 300px\" \/><\/a><br \/>\nLa llar s\u00f3n els espais interiors on es comparteix m\u00e9s temps amb les persones amb qui convivim, on descansem i on hi passem una part molt important del nostre dia a dia.<\/p>\n<p>Per aquest motiu els interiors de la nostra llar han de ser un espais dissenyats a la nostra mesura,&nbsp;que ens agradin, que mostrin la nostra personalitat, comodes, funcionals i que compleixin amb les nostres espectatives. Uns espais&nbsp;on la decoraci\u00f3, els materials, les textures, els estils, la il.luminaci\u00f3, la distribuci\u00f3, &#8230;.&nbsp;donin a la nostra llar all\u00f2 que desitjem.<\/p>\n<p>Aqu\u00ed podeu trobar les idees i l&#8217;assesorament per a tot all\u00f2 relacionat amb&nbsp;els espais a mida per decorar&nbsp;els interiors de la vostra llar amb disseny, bon gust i&nbsp;ordre.<\/p>\n<p><a href=\"https:\/\/www.decomat.com\/wp-content\/uploads\/2015\/11\/y55FKFG1pDYykKwwhheyrt976R1Xb7aqrDtrw97TAM8M9kaz2qHBFPBtbWYXpjESe.jpg\"><img loading=\"lazy\" decoding=\"async\" class=\"alignnone size-medium wp-image-6095\" src=\"https:\/\/www.decomat.com\/wp-content\/uploads\/2015\/11\/y55FKFG1pDYykKwwhheyrt976R1Xb7aqrDtrw97TAM8M9kaz2qHBFPBtbWYXpjESe-223x300.jpg\" alt=\"\" width=\"223\" height=\"300\" srcset=\"https:\/\/decomat.com\/wp-content\/uploads\/2015\/11\/y55FKFG1pDYykKwwhheyrt976R1Xb7aqrDtrw97TAM8M9kaz2qHBFPBtbWYXpjESe-223x300.jpg 223w, https:\/\/decomat.com\/wp-content\/uploads\/2015\/11\/y55FKFG1pDYykKwwhheyrt976R1Xb7aqrDtrw97TAM8M9kaz2qHBFPBtbWYXpjESe-768x1035.jpg 768w, https:\/\/decomat.com\/wp-content\/uploads\/2015\/11\/y55FKFG1pDYykKwwhheyrt976R1Xb7aqrDtrw97TAM8M9kaz2qHBFPBtbWYXpjESe-760x1024.jpg 760w, https:\/\/decomat.com\/wp-content\/uploads\/2015\/11\/y55FKFG1pDYykKwwhheyrt976R1Xb7aqrDtrw97TAM8M9kaz2qHBFPBtbWYXpjESe.jpg 1855w\" sizes=\"auto, (max-width: 223px) 100vw, 223px\" \/><\/a>[\/vc_column_text][\/vc_column][\/vc_row]","protected":false},"excerpt":{"rendered":"<p>[vc_row][vc_column][vc_column_text] Llar &nbsp; La llar s\u00f3n els espais interiors on es comparteix m\u00e9s temps amb les persones amb qui convivim, on descansem i on hi passem una part molt important del nostre dia a dia. Per aquest motiu els interiors de la nostra llar han de ser un espais dissenyats a la nostra mesura,&nbsp;que ens [&hellip;]<\/p>\n","protected":false},"author":8979,"featured_media":0,"parent":0,"menu_order":22,"comment_status":"open","ping_status":"closed","template":"","meta":{"_monsterinsights_skip_tracking":false,"_monsterinsights_sitenote_active":false,"_monsterinsights_sitenote_note":"","_monsterinsights_sitenote_category":0,"ngg_post_thumbnail":0,"footnotes":""},"class_list":["post-715","page","type-page","status-publish","hentry"],"yoast_head":"<!-- This site is optimized with the Yoast SEO plugin v27.3 - https:\/\/yoast.com\/product\/yoast-seo-wordpress\/ -->\n<title>Llar - decomat<\/title>\n<meta name=\"robots\" content=\"index, follow, max-snippet:-1, max-image-preview:large, max-video-preview:-1\" \/>\n<link rel=\"canonical\" href=\"https:\/\/decomat.com\/es\/hogar\/\" \/>\n<meta property=\"og:locale\" content=\"ca_ES\" \/>\n<meta property=\"og:type\" content=\"article\" \/>\n<meta property=\"og:title\" content=\"Llar - decomat\" \/>\n<meta property=\"og:description\" content=\"[vc_row][vc_column][vc_column_text] Llar &nbsp; La llar s\u00f3n els espais interiors on es comparteix m\u00e9s temps amb les persones amb qui convivim, on descansem i on hi passem una part molt important del nostre dia a dia. Per aquest motiu els interiors de la nostra llar han de ser un espais dissenyats a la nostra mesura,&nbsp;que ens [&hellip;]\" \/>\n<meta property=\"og:url\" content=\"https:\/\/decomat.com\/es\/hogar\/\" \/>\n<meta property=\"og:site_name\" content=\"decomat\" \/>\n<meta property=\"article:modified_time\" content=\"2017-08-16T16:33:55+00:00\" \/>\n<meta property=\"og:image\" content=\"https:\/\/decomat.com\/wp-content\/uploads\/2012\/04\/header_photo_res_solar_couple.jpg\" \/>\n\t<meta property=\"og:image:width\" content=\"509\" \/>\n\t<meta property=\"og:image:height\" content=\"178\" \/>\n\t<meta property=\"og:image:type\" content=\"image\/jpeg\" \/>\n<meta name=\"twitter:card\" content=\"summary_large_image\" \/>\n<meta name=\"twitter:label1\" content=\"Est. reading time\" \/>\n\t<meta name=\"twitter:data1\" content=\"3 minutes\" \/>\n<script type=\"application\/ld+json\" class=\"yoast-schema-graph\">{\"@context\":\"https:\\\/\\\/schema.org\",\"@graph\":[{\"@type\":\"WebPage\",\"@id\":\"https:\\\/\\\/decomat.com\\\/es\\\/hogar\\\/\",\"url\":\"https:\\\/\\\/decomat.com\\\/es\\\/hogar\\\/\",\"name\":\"Llar - decomat\",\"isPartOf\":{\"@id\":\"https:\\\/\\\/decomat.com\\\/ca\\\/#website\"},\"primaryImageOfPage\":{\"@id\":\"https:\\\/\\\/decomat.com\\\/es\\\/hogar\\\/#primaryimage\"},\"image\":{\"@id\":\"https:\\\/\\\/decomat.com\\\/es\\\/hogar\\\/#primaryimage\"},\"thumbnailUrl\":\"https:\\\/\\\/www.decomat.com\\\/wp-content\\\/uploads\\\/2012\\\/04\\\/header_photo_res_solar_couple-300x105.jpg\",\"datePublished\":\"2012-04-06T09:07:57+00:00\",\"dateModified\":\"2017-08-16T16:33:55+00:00\",\"breadcrumb\":{\"@id\":\"https:\\\/\\\/decomat.com\\\/es\\\/hogar\\\/#breadcrumb\"},\"inLanguage\":\"ca-ES\",\"potentialAction\":[{\"@type\":\"ReadAction\",\"target\":[\"https:\\\/\\\/decomat.com\\\/es\\\/hogar\\\/\"]}]},{\"@type\":\"ImageObject\",\"inLanguage\":\"ca-ES\",\"@id\":\"https:\\\/\\\/decomat.com\\\/es\\\/hogar\\\/#primaryimage\",\"url\":\"https:\\\/\\\/www.decomat.com\\\/wp-content\\\/uploads\\\/2012\\\/04\\\/header_photo_res_solar_couple-300x105.jpg\",\"contentUrl\":\"https:\\\/\\\/www.decomat.com\\\/wp-content\\\/uploads\\\/2012\\\/04\\\/header_photo_res_solar_couple-300x105.jpg\"},{\"@type\":\"BreadcrumbList\",\"@id\":\"https:\\\/\\\/decomat.com\\\/es\\\/hogar\\\/#breadcrumb\",\"itemListElement\":[{\"@type\":\"ListItem\",\"position\":1,\"name\":\"Portada\",\"item\":\"https:\\\/\\\/decomat.com\\\/ca\\\/\"},{\"@type\":\"ListItem\",\"position\":2,\"name\":\"Hogar\"}]},{\"@type\":\"WebSite\",\"@id\":\"https:\\\/\\\/decomat.com\\\/ca\\\/#website\",\"url\":\"https:\\\/\\\/decomat.com\\\/ca\\\/\",\"name\":\"decomat\",\"description\":\"Material decoraci\u00f3\",\"potentialAction\":[{\"@type\":\"SearchAction\",\"target\":{\"@type\":\"EntryPoint\",\"urlTemplate\":\"https:\\\/\\\/decomat.com\\\/ca\\\/?s={search_term_string}\"},\"query-input\":{\"@type\":\"PropertyValueSpecification\",\"valueRequired\":true,\"valueName\":\"search_term_string\"}}],\"inLanguage\":\"ca-ES\"}]}<\/script>\n<!-- \/ Yoast SEO plugin. -->","yoast_head_json":{"title":"Llar - decomat","robots":{"index":"index","follow":"follow","max-snippet":"max-snippet:-1","max-image-preview":"max-image-preview:large","max-video-preview":"max-video-preview:-1"},"canonical":"https:\/\/decomat.com\/es\/hogar\/","og_locale":"ca_ES","og_type":"article","og_title":"Llar - decomat","og_description":"[vc_row][vc_column][vc_column_text] Llar &nbsp; La llar s\u00f3n els espais interiors on es comparteix m\u00e9s temps amb les persones amb qui convivim, on descansem i on hi passem una part molt important del nostre dia a dia. Per aquest motiu els interiors de la nostra llar han de ser un espais dissenyats a la nostra mesura,&nbsp;que ens [&hellip;]","og_url":"https:\/\/decomat.com\/es\/hogar\/","og_site_name":"decomat","article_modified_time":"2017-08-16T16:33:55+00:00","og_image":[{"width":509,"height":178,"url":"https:\/\/decomat.com\/wp-content\/uploads\/2012\/04\/header_photo_res_solar_couple.jpg","type":"image\/jpeg"}],"twitter_card":"summary_large_image","twitter_misc":{"Est. reading time":"3 minutes"},"schema":{"@context":"https:\/\/schema.org","@graph":[{"@type":"WebPage","@id":"https:\/\/decomat.com\/es\/hogar\/","url":"https:\/\/decomat.com\/es\/hogar\/","name":"Llar - decomat","isPartOf":{"@id":"https:\/\/decomat.com\/ca\/#website"},"primaryImageOfPage":{"@id":"https:\/\/decomat.com\/es\/hogar\/#primaryimage"},"image":{"@id":"https:\/\/decomat.com\/es\/hogar\/#primaryimage"},"thumbnailUrl":"https:\/\/www.decomat.com\/wp-content\/uploads\/2012\/04\/header_photo_res_solar_couple-300x105.jpg","datePublished":"2012-04-06T09:07:57+00:00","dateModified":"2017-08-16T16:33:55+00:00","breadcrumb":{"@id":"https:\/\/decomat.com\/es\/hogar\/#breadcrumb"},"inLanguage":"ca-ES","potentialAction":[{"@type":"ReadAction","target":["https:\/\/decomat.com\/es\/hogar\/"]}]},{"@type":"ImageObject","inLanguage":"ca-ES","@id":"https:\/\/decomat.com\/es\/hogar\/#primaryimage","url":"https:\/\/www.decomat.com\/wp-content\/uploads\/2012\/04\/header_photo_res_solar_couple-300x105.jpg","contentUrl":"https:\/\/www.decomat.com\/wp-content\/uploads\/2012\/04\/header_photo_res_solar_couple-300x105.jpg"},{"@type":"BreadcrumbList","@id":"https:\/\/decomat.com\/es\/hogar\/#breadcrumb","itemListElement":[{"@type":"ListItem","position":1,"name":"Portada","item":"https:\/\/decomat.com\/ca\/"},{"@type":"ListItem","position":2,"name":"Hogar"}]},{"@type":"WebSite","@id":"https:\/\/decomat.com\/ca\/#website","url":"https:\/\/decomat.com\/ca\/","name":"decomat","description":"Material decoraci\u00f3","potentialAction":[{"@type":"SearchAction","target":{"@type":"EntryPoint","urlTemplate":"https:\/\/decomat.com\/ca\/?s={search_term_string}"},"query-input":{"@type":"PropertyValueSpecification","valueRequired":true,"valueName":"search_term_string"}}],"inLanguage":"ca-ES"}]}},"_links":{"self":[{"href":"https:\/\/decomat.com\/ca\/wp-json\/wp\/v2\/pages\/715","targetHints":{"allow":["GET"]}}],"collection":[{"href":"https:\/\/decomat.com\/ca\/wp-json\/wp\/v2\/pages"}],"about":[{"href":"https:\/\/decomat.com\/ca\/wp-json\/wp\/v2\/types\/page"}],"author":[{"embeddable":true,"href":"https:\/\/decomat.com\/ca\/wp-json\/wp\/v2\/users\/8979"}],"replies":[{"embeddable":true,"href":"https:\/\/decomat.com\/ca\/wp-json\/wp\/v2\/comments?post=715"}],"version-history":[{"count":14,"href":"https:\/\/decomat.com\/ca\/wp-json\/wp\/v2\/pages\/715\/revisions"}],"predecessor-version":[{"id":6703,"href":"https:\/\/decomat.com\/ca\/wp-json\/wp\/v2\/pages\/715\/revisions\/6703"}],"wp:attachment":[{"href":"https:\/\/decomat.com\/ca\/wp-json\/wp\/v2\/media?parent=715"}],"curies":[{"name":"wp","href":"https:\/\/api.w.org\/{rel}","templated":true}]}}